{"id":1679,"date":"2020-10-25T00:32:28","date_gmt":"2020-10-25T00:32:28","guid":{"rendered":"https:\/\/www.medsconsulting.com\/es\/?post_type=product&#038;p=1679"},"modified":"2024-03-10T04:50:10","modified_gmt":"2024-03-10T04:50:10","slug":"compre-parches-fentanilo","status":"publish","type":"product","link":"https:\/\/www.medsconsulting.com\/es\/product\/dolor-y-alivio\/compre-parches-fentanilo\/","title":{"rendered":"Compre Parches Fentanilo"},"content":{"rendered":"<h1>Compre Parches Fentanilo<\/h1>\n<p>Compre parches fentanilo en l\u00ednea sin receta. El parche de fentan<a href=\"https:\/\/www.medsconsulting.com\/es\/product\/otros\/comprar-efedrina-hcl-polvo\/\">il<\/a>o de 100 mcg (tambi\u00e9n conocido como fentanilo) es un potente analg\u00e9sico opioide sint\u00e9tico con un inicio r\u00e1pido y una acci\u00f3n de corta duraci\u00f3n. Es un fuerte agonista de los receptores opioides \u03bc. Se estima que el fentanilo es 50-100 veces m\u00e1s potente que la morfina. Nuestro env\u00edo es 100% seguro y confiable y ofrecemos productos de la mejor calidad a los mejores precios. Haga su pedido con nosotros ahora para disfrutar de un flujo y suministro constantes de este producto. Adem\u00e1s, nuestra farmacia en l\u00ednea est\u00e1 disponible las 24 horas del d\u00eda, los 7 d\u00edas de la semana para sus pedidos.Compre Parches Fentanilo.<\/p>\n<p>&nbsp;<\/p>\n<h2>\u00bfQu\u00e9 son los parches de fentanilo?<\/h2>\n<p>El parche de fentanilo de 100 mcg fue fabricado por primera vez por Paul Janssen en 1960, tras el inicio m\u00e9dico de la petidina (tambi\u00e9n conocida como meperidina, comercializada como Demerol) varios a\u00f1os antes. Janssen desarroll\u00f3 el fentanilo analizando an\u00e1logos del f\u00e1rmaco petidina relacionado estructuralmente para determinar la actividad opioide. El uso generalizado de fentanilo desencaden\u00f3 la producci\u00f3n de citrato de fen<a href=\"https:\/\/www.euthanasiagroup.com\/product\/buy-nembutal-online\/buy-nembutal-pills\/\" target=\"_blank\" rel=\"noopener\">t<\/a>anilo que entr\u00f3 en uso m\u00e9dico como anest\u00e9sico general bajo el nombre comercial \u00abSublimaze\u00bb en la d\u00e9cada de 1960. Debido a esto, se desarrollaron e introdujeron en la pr\u00e1ctica m\u00e9dica muchos otros an\u00e1logos del fentanilo, incluidos sufentanilo, alfentanilo, remifentanilo y lofentanilo.Compre Parches Fentanilo.<\/p>\n<p>&nbsp;<\/p>\n<h3>C\u00f3mo Usar Fentanilo?<\/h3>\n<p>El fentanilo tambi\u00e9n se usa como droga recreativa, y este uso ha provocado miles de muertes por sobredosis cada a\u00f1o en los \u00faltimos a\u00f1os. Por tanto, tambi\u00e9n se han producido muertes por uso m\u00e9dico inadecuado. El fentanilo tiene un \u00edndice terap\u00e9utico relativamente amplio (270) que lo convierte en un anest\u00e9sico quir\u00fargico muy seguro cuando se controla cuidadosamente. Sin embargo, su potencia extrema requiere mediciones cuidadosas de fentanilo altamente diluido en soluci\u00f3n; tratar de medir con precisi\u00f3n una dosis de polvo de fentanilo puro no es pr\u00e1ctico sin equipo cient\u00edfico avanzado, ya que una dosis efectiva y una dosis letal de polvo de fentanilo colocadas una al lado de la otra ser\u00eda dif\u00edcil o imposible de diferenciar a simple vista<\/p>\n<p>Pastillas de fentanilo, polvo, parches, l\u00edquido, todo disponible, ordene ahora en l\u00ednea con nosotros.Compre Parches Fentanilo.<\/p>\n","protected":false},"excerpt":{"rendered":"<p>El parche de fentanilo de 100 mcg (tambi\u00e9n conocido como fentanilo) es un analg\u00e9sico opioide sint\u00e9tico potente de acci\u00f3n r\u00e1pida y de corta duraci\u00f3n. Es un fuerte agonista de los receptores opioides \u03bc. Se estima que el fentanilo es entre 50 y 100 veces m\u00e1s potente que la morfina.<\/p>\n","protected":false},"featured_media":1688,"comment_status":"open","ping_status":"closed","template":"","meta":[],"product_cat":[242],"product_tag":[828,799,772,804,1204,1141,1167,1146,1212,1182,779,1186,813,1177,1178,805,1181,808,1147,1183,778,810,1139,771,1175,803,1160,790,1200,824,1196,1180,807,787,1163,793,815,785,788,786,1134,1124,1128,1133,1132,796,1207,834,1215,1222,1185,1217,1223,1221,1156,1213,1135,1157,1188,1155,1195,823,1126,812,753,1166,1158,1151,1184,820,1171,1208,835,800,794,789,1148,1143,1211,1174,1144,1201,774,775,1169,768,801,826,1198,1219,1191,1161,1179,1162,1218,1220,1165,1173,262,791,1129,818,806,792,795,1168,798,1206,833,1194,1150,822,780,1210,837,1154,784,1136,1203,1140,1176,1172,1164,1159,1170,1138,770,773,769,819,817,829,831,797,777,1123,1127,1125,809,838,781,816,811,1142,1137,1190,1202,1214,1216,1199,827,1197,825,1189,776,832,1145,1205,1153,1187,783,814,1193,830,821,1209,836,1152,782,1149,802,1192,1131,1130],"class_list":{"0":"post-1679","1":"product","2":"type-product","3":"status-publish","4":"has-post-thumbnail","6":"product_brand-pain-relief","7":"product_cat-dolor-y-alivio","8":"product_tag-como-funcionan-los-parches-de-fentanilo-dosis-disponibles-de-parche-de-fentanilo","9":"product_tag-donde-es-el-mejor-lugar-para-colocar-un-parche-de-fentanilo-costo-del-parche-de-fentanilo","10":"product_tag-que-es-un-parche-de-fentanilo-parche-de-fentanilo-12-mcg","11":"product_tag-que-son-los-parches-de-fentanilo-analgesico-de-fentanilo","12":"product_tag-adesivo-de-alto-fentanil","13":"product_tag-adesivo-de-fentanil-12-mcg","14":"product_tag-adesivo-transdermico-de-fentanil","15":"product_tag-adesivos-de-fentanil","16":"product_tag-adesivos-de-fentanil-a-venda","17":"product_tag-adesivos-de-fentanil-para-venda-online","18":"product_tag-aerosol-nasal-de-fentanilo","19":"product_tag-ampolas-de-fentanil-para-venda-online","20":"product_tag-ampollas-de-fentanilo-para-la-venta-en-linea","21":"product_tag-analgesico-com-fentanil","22":"product_tag-analgesico-fentanil","23":"product_tag-analgesico-fentanilo","24":"product_tag-analgesicos-de-fentanil","25":"product_tag-analgesicos-de-fentanilo","26":"product_tag-citrato-de-fentanil","27":"product_tag-citrato-de-fentanil-para-venda-online","28":"product_tag-citrato-de-fentanilo","29":"product_tag-citrato-de-fentanilo-para-la-venta-en-linea","30":"product_tag-colocacao-de-adesivos-de-fentanil","31":"product_tag-colocacion-de-parches-de-fentanilo","32":"product_tag-como-aplicar-adesivos-de-fentanil","33":"product_tag-como-aplicar-los-parches-de-fentanilo","34":"product_tag-como-comprar-fentanil-online","35":"product_tag-como-comprar-fentanilo-en-linea","36":"product_tag-como-funcionam-os-adesivos-de-fentanil","37":"product_tag-como-obtener-parches-de-fentanilo-comprar-piruleta-de-fentanilo-en-linea","38":"product_tag-como-obter-adesivos-de-fentanil-comprar-pirulito-de-fentanil-online","39":"product_tag-comprar-acetilfentanil","40":"product_tag-comprar-acetilfentanilo","41":"product_tag-comprar-ampollas-de-fentanilo-en-linea","42":"product_tag-comprar-fentanil","43":"product_tag-comprar-fentanilo","44":"product_tag-comprar-fentanilo-asequible","45":"product_tag-comprar-fentanilo-en-linea","46":"product_tag-comprar-fentanilo-en-polvo-en-linea","47":"product_tag-comprar-parches-de-fentanilo-en-linea","48":"product_tag-comprar-parches-de-fentanilo-lisboa","49":"product_tag-comprar-parches-de-fentanilo-online-espana","50":"product_tag-comprar-parches-de-fentanilo-portugal","51":"product_tag-comprar-parches-fentanilo-barcelona","52":"product_tag-comprar-parches-fentanilo-madrid","53":"product_tag-comprar-pastillas-de-fentanilo-baratas-en-linea","54":"product_tag-comprar-po-de-fentanil","55":"product_tag-comprar-polvo-de-fentanilo","56":"product_tag-compre-adesivos-de-fentanil-baratos-nos-eua","57":"product_tag-compre-adesivos-de-fentanil-barcelona","58":"product_tag-compre-adesivos-de-fentanil-de-alta-qualidade-online","59":"product_tag-compre-adesivos-de-fentanil-em-portugal","60":"product_tag-compre-adesivos-de-fentanil-lisboa","61":"product_tag-compre-adesivos-de-fentanil-madrid","62":"product_tag-compre-adesivos-de-fentanil-online","63":"product_tag-compre-adesivos-de-fentanil-online-na-espanha","64":"product_tag-compre-adesivos-para-alivio-da-dor-com-fentanil-a-precos-mais-baratos-online","65":"product_tag-compre-ampolas-de-fentanil-online","66":"product_tag-compre-fentanil-acessivel","67":"product_tag-compre-fentanil-online","68":"product_tag-compre-fentanil-para-o-alivio-da-dor-online","69":"product_tag-compre-fentanilo-para-aliviar-el-dolor-en-linea","70":"product_tag-compre-parches-de-fentanilo-baratos-en-ee-uu","71":"product_tag-compre-parches-de-fentanilo-de-alta-calidad-en-linea","72":"product_tag-compre-parches-de-fentanilo-para-aliviar-el-dolor-en-linea-precio-barato","73":"product_tag-compre-pilulas-de-fentanil-baratas-online","74":"product_tag-compre-po-de-fentanil-online","75":"product_tag-comprimidos-de-fentanil","76":"product_tag-comprimidos-de-fentanil-a-venda-online","77":"product_tag-costo-del-parche-de-fentanilo","78":"product_tag-custo-do-patch-de-fentanil","79":"product_tag-diferentes-tipos-de-adesivos-de-fentanil","80":"product_tag-diferentes-tipos-de-parches-de-fentanilo","81":"product_tag-donde-aplicar-el-parche-de-fentanilo","82":"product_tag-donde-comprar-fentanilo","83":"product_tag-donde-comprar-fentanilo-en-linea","84":"product_tag-dosagem-de-adesivos-de-fentanil","85":"product_tag-dosagem-de-fentanil","86":"product_tag-dosagem-de-fentanil-nos-adesivos-para-dor","87":"product_tag-dosagens-de-adesivos-de-fentanil","88":"product_tag-doses-de-adesivos-de-fentanil","89":"product_tag-doses-disponiveis-de-adesivo-de-fentanil","90":"product_tag-dosis-de-fentanilo","91":"product_tag-dosis-de-parches-de-fentanilo","92":"product_tag-drogas-fentanil","93":"product_tag-el-fentanilo-restaura-el-valor-de-la-calle","94":"product_tag-el-fentanilo-restaura-fuerzas","95":"product_tag-farmacia-en-linea-del-parche-de-fentanilo","96":"product_tag-farmacia-online-de-adesivos-de-fentanil","97":"product_tag-fentanil-a-venda-no-mexico","98":"product_tag-fentanil-liquido","99":"product_tag-fentanil-online","100":"product_tag-fentanil-oral","101":"product_tag-fentanil-para-venda","102":"product_tag-fentanil-para-venda-em-portugal","103":"product_tag-fentanil-para-venda-no-brasil","104":"product_tag-fentanil-para-venda-online","105":"product_tag-fentanil-restaura-forcas","106":"product_tag-fentanilo","107":"product_tag-fentanilo-en-linea","108":"product_tag-fentanilo-en-venta-portugal","109":"product_tag-fentanilo-liquido","110":"product_tag-fentanilo-oral","111":"product_tag-fentanilo-para-la-venta","112":"product_tag-fentanilo-para-la-venta-en-linea","113":"product_tag-furanil-fentanil","114":"product_tag-furanil-fentanilo","115":"product_tag-inalador-de-fentanil","116":"product_tag-inhalador-de-fentanilo","117":"product_tag-injecao-de-citrato-de-fentanil","118":"product_tag-injecao-de-fentanil","119":"product_tag-inyeccion-de-citrato-de-fentanilo","120":"product_tag-inyeccion-de-fentanilo","121":"product_tag-marcas-de-adesivos-de-fentanil","122":"product_tag-marcas-de-parches-de-fentanilo","123":"product_tag-medicamentos-de-fentanil","124":"product_tag-medicamentos-de-fentanilo","125":"product_tag-o-fentanil-restaura-o-valor-da-rua","126":"product_tag-o-que-e-fentanil","127":"product_tag-o-que-e-um-adesivo-de-fentanil","128":"product_tag-o-que-sao-adesivos-de-fentanil","129":"product_tag-onde-aplicar-o-adesivo-de-fentanil","130":"product_tag-onde-comprar-fentanil","131":"product_tag-onde-comprar-fentanil-online","132":"product_tag-onde-e-o-melhor-lugar-para-colocar-um-adesivo-de-fentanil","133":"product_tag-para-que-e-usado-o-fentanil","134":"product_tag-para-que-se-usa-el-fentanilo","135":"product_tag-parche-de-fentanilo","136":"product_tag-parche-de-fentanilo-25-mcg","137":"product_tag-parche-de-fentanilo-25-mcg-valor-de-la-calle","138":"product_tag-parche-de-fentanilo-50-mcg","139":"product_tag-parche-de-fentanilo-75-mcg","140":"product_tag-parche-de-fentanilo-alto","141":"product_tag-parche-transdermico-de-fentanilo","142":"product_tag-parches-de-fentanilo","143":"product_tag-parches-de-fentanilo-a-la-venta","144":"product_tag-parches-de-fentanilo-a-la-venta-en-ee-uu","145":"product_tag-parches-de-fentanilo-en-venta-espana","146":"product_tag-parches-de-fentanilo-para-la-venta-en-linea","147":"product_tag-parches-para-el-dolor-dosis-de-fentanilo","148":"product_tag-pastillas-de-fentanilo","149":"product_tag-pastillas-de-fentanilo-baratas-para-la-venta-en-linea","150":"product_tag-pastillas-de-fentanilo-para-la-venta-en-linea","151":"product_tag-patch-de-fentanil","152":"product_tag-patch-de-fentanil-25-mcg","153":"product_tag-patch-de-fentanil-50-mcg","154":"product_tag-patch-de-fentanil-75-mcg","155":"product_tag-patches-de-fentanil-para-venda-na-espanha","156":"product_tag-patches-de-fentanil-para-venda-nos-eua","157":"product_tag-pedido-de-fentanil-pelo-correio","158":"product_tag-pedido-por-correo-de-fentanilo","159":"product_tag-pedir-po-de-fentanil","160":"product_tag-pedir-polvo-de-fentanilo","161":"product_tag-pilulas-de-fentanil-baratas-a-venda-online","162":"product_tag-piruleta-de-fentanilo","163":"product_tag-piruleta-de-fentanilo-para-la-venta","164":"product_tag-pirulito-de-fentanil","165":"product_tag-pirulito-de-fentanil-a-venda","166":"product_tag-po-de-fentanil","167":"product_tag-po-de-fentanil-de-alta-qualidade-para-venda-online","168":"product_tag-polvo-de-fentanilo","169":"product_tag-polvo-de-fentanilo-de-alta-calidad-para-la-venta-en-linea","170":"product_tag-quao-forte-e-o-fentanil","171":"product_tag-que-es-el-fentanilo","172":"product_tag-que-tan-fuerte-es-el-fentanilo","173":"product_tag-sandoz-fentanil","174":"product_tag-sandoz-fentanilo","175":"product_tag-sistema-transdermico-de-fentanil","176":"product_tag-sistema-transdermico-de-fentanilo","177":"product_tag-spray-nasal-de-fentanil","178":"product_tag-tabletas-de-fentanilo","179":"product_tag-valor-de-rua-de-25-mcg-do-patch-de-fentanil","180":"product_tag-venta-de-fentanilo-brasil","181":"product_tag-venta-de-fentanilo-en-mexico","183":"first","184":"instock","185":"sale","186":"featured","187":"shipping-taxable","188":"purchasable","189":"product-type-variable","190":"has-default-attributes"},"_links":{"self":[{"href":"https:\/\/www.medsconsulting.com\/es\/wp-json\/wp\/v2\/product\/1679","targetHints":{"allow":["GET"]}}],"collection":[{"href":"https:\/\/www.medsconsulting.com\/es\/wp-json\/wp\/v2\/product"}],"about":[{"href":"https:\/\/www.medsconsulting.com\/es\/wp-json\/wp\/v2\/types\/product"}],"replies":[{"embeddable":true,"href":"https:\/\/www.medsconsulting.com\/es\/wp-json\/wp\/v2\/comments?post=1679"}],"wp:featuredmedia":[{"embeddable":true,"href":"https:\/\/www.medsconsulting.com\/es\/wp-json\/wp\/v2\/media\/1688"}],"wp:attachment":[{"href":"https:\/\/www.medsconsulting.com\/es\/wp-json\/wp\/v2\/media?parent=1679"}],"wp:term":[{"taxonomy":"product_cat","embeddable":true,"href":"https:\/\/www.medsconsulting.com\/es\/wp-json\/wp\/v2\/product_cat?post=1679"},{"taxonomy":"product_tag","embeddable":true,"href":"https:\/\/www.medsconsulting.com\/es\/wp-json\/wp\/v2\/product_tag?post=1679"}],"curies":[{"name":"wp","href":"https:\/\/api.w.org\/{rel}","templated":true}]}}