{"id":1669,"date":"2020-10-24T23:58:36","date_gmt":"2020-10-24T23:58:36","guid":{"rendered":"https:\/\/www.medsconsulting.com\/es\/?post_type=product&#038;p=1669"},"modified":"2021-09-25T09:15:32","modified_gmt":"2021-09-25T09:15:32","slug":"polvo-de-fentanilo","status":"publish","type":"product","link":"https:\/\/www.medsconsulting.com\/es\/product\/dolor-y-alivio\/polvo-de-fentanilo\/","title":{"rendered":"Comprar Fentanilo Polvo"},"content":{"rendered":"<h2>Comprar Fentanilo Polvo<\/h2>\n<p>Comprar Fentanilo Polvo, tambi\u00e9n escrito como fentanilo, es un opioide que se usa como analg\u00e9sico y junto con otros medicamentos para la anestesia. El fentanilo tambi\u00e9n se usa como droga recreativa, a menudo mezclado con hero\u00edna o coca\u00edna. Polvo de fentanilo. Polvo de fentanilo de alta calidad a la venta en l\u00ednea. Compre polvo de fentanilo en l\u00ednea. Compre fentanilo en polvo sin receta.<\/p>\n<p>Adem\u00e1s, tiene un inicio r\u00e1pido y sus efectos generalmente duran menos de dos horas. M\u00e9dicamente, el fentanilo se usa por inyecci\u00f3n, como parche en la piel, como aerosol nasal o en la boca.<\/p>\n<p>Adem\u00e1s, el polvo de fentanilo es un potente analg\u00e9sico opioide sint\u00e9tico que es similar a la morfina pero es de 50 a 100 veces m\u00e1s potente. Es un medicamento recetado de la lista II y generalmente se usa para tratar a pacientes con dolor intenso o para controlar el dolor despu\u00e9s de la cirug\u00eda.<\/p>\n<p>Nuevamente, a veces se usa para tratar a pacientes con dolor cr\u00f3nico que son f\u00edsicamente tolerantes a otros opioides. M\u00e1s a\u00fan, en su forma de prescripci\u00f3n, el fentanilo se conoce con nombres como Actiq, Duragesic y Sublimaze. Aqu\u00ed puede encontrar f\u00e1cilmente fentanilo en polvo para la venta en l\u00ednea.<\/p>\n<h2>C\u00f3mo usar fentanilo<\/h2>\n<p>Primero, cuando es recetado por un m\u00e9dico, el fentanilo a menudo se administra mediante inyecci\u00f3n, parche transd\u00e9rmico o en pastillas. Sin embargo, los an\u00e1logos de fentanilo y fentanilo asociados con sobredosis recientes se producen en laboratorios clandestinos. Este fentanilo no farmac\u00e9utico se vende en las siguientes formas:<\/p>\n<ul>\n<li>como un polvo;<\/li>\n<li>con pinchos en papel secante;<\/li>\n<li>mezclado con hero\u00edna o sustituida por ella;<\/li>\n<li>o como tabletas que imitan a otros opioides menos potentes.<\/li>\n<\/ul>\n<p>Las personas pueden tragar, inhalar o inyectar fentanilo, o pueden ponerse papel secante en la boca para que el fentanilo se absorba a trav\u00e9s de la membrana mucosa.<\/p>\n<h2>Efectos del fentanilo en el cerebro<\/h2>\n<p>En primer lugar, como la hero\u00edna, la morfina y otras drogas opioides, el fentanilo act\u00faa uni\u00e9ndose a los receptores opioides del cuerpo, que se encuentran en \u00e1reas del cerebro que controlan el dolor y las emociones. Cuando los medicamentos opioides se unen a estos receptores, pueden aumentar los niveles de dopamina en las \u00e1reas de recompensa del cerebro, produciendo un estado de euforia y relajaci\u00f3n.<\/p>\n<p>Los efectos del fenta<a href=\"https:\/\/www.medsconsulting.com\/product\/others\/ephedrine-hcl-powder\/\">nilo<\/a> se asemejan a los de la hero\u00edna e incluyen euforia, somnolencia, n\u00e1useas, confusi\u00f3n, estre\u00f1imiento, sedaci\u00f3n, tolerancia, adicci\u00f3n, depresi\u00f3n y paro respiratorio, inconsciencia, coma y muerte. Compre polvo de fentanilo en l\u00ednea. Compre fentanilo en polvo sin receta.<\/p>\n<h2>\u00bfPuede el uso de fentanilo provocar adicci\u00f3n?<\/h2>\n<p>Si. El fentani<a href=\"https:\/\/www.euthanasiagroup.com\/product\/buy-nembutal-online\/buy-phenobarbital-luminal\/\" target=\"_blank\" rel=\"noopener\">lo<\/a> es adictivo debido a su potencia. Una persona que toma fentanilo recetado seg\u00fan las instrucciones puede experimentar dependencia, que se caracteriza por s\u00edntomas de abstinencia cuando se suspende el medicamento.<\/p>\n<h2>C\u00f3mo tratar la adicci\u00f3n al fentanilo en polvo<\/h2>\n<p>Medicamentos: la buprenorfina y la metadona act\u00faan uni\u00e9ndose a los mismos receptores de opioides en el cerebro que el fentanilo, lo que reduce los antojos y los s\u00edntomas de abstinencia. Otro medicamento, la naltrexona, bloquea los receptores de opioides y evita que el fentanilo tenga efecto. Las personas pueden discutir las opciones de tratamiento con sus proveedores de salud.<\/p>\n<p>Asesoramiento: las terapias conductuales para la adicci\u00f3n a los opioides como el fentanilo pueden ayudar a las personas a modificar sus actitudes y comportamientos relacionados con el consumo de drogas, aumentar sus habilidades para una vida saludable y ayudarles a seguir con sus medicamentos. Algunos ejemplos incluyen:<\/p>\n<ul>\n<li>Terapia cognitivo-conductual, que ayuda a modificar las expectativas y los comportamientos del paciente en cuanto al uso de drogas, y a controlar eficazmente los desencadenantes y el estr\u00e9s.<\/li>\n<li>Gesti\u00f3n de contingencias, que utiliza un sistema basado en vales que otorga a los pacientes \u201cpuntos\u201d en funci\u00f3n de las pruebas de drogas negativas. Pueden usar los puntos para ganar art\u00edculos que fomenten una vida saludable.<\/li>\n<li>Entrevista motivacional, que es un estilo de asesoramiento centrado en el paciente que aborda los sentimientos encontrados del paciente para cambiar.<\/li>\n<\/ul>\n<p>&nbsp;<\/p>\n<p>Por \u00faltimo, estos enfoques de tratamiento conductual han demostrado su eficacia, especialmente cuando se utilizan junto con medicamentos. Polvo de fentanilo de la mejor calidad para la venta en l\u00ednea.<\/p>\n","protected":false},"excerpt":{"rendered":"<p>El fentanilo es un poderoso analg\u00e9sico opioide sint\u00e9tico que es similar a la morfina pero es de 50 a 100 veces m\u00e1s potente.1,2 Es un medicamento recetado de tipo II, 3 y generalmente se usa para tratar a pacientes con dolor severo o para controlar el dolor despu\u00e9s de la cirug\u00eda. .<\/p>\n","protected":false},"featured_media":1678,"comment_status":"open","ping_status":"closed","template":"","meta":[],"product_cat":[242],"product_tag":[828,799,772,804,779,813,805,808,778,810,771,803,790,824,807,787,793,815,785,1008,1009,788,1006,1010,1007,786,1004,796,834,1012,1011,823,812,1005,820,835,800,794,789,774,775,801,826,262,791,818,806,792,795,798,833,822,780,837,784,770,773,769,819,817,829,831,797,777,809,838,781,816,811,827,825,776,832,783,814,1014,1013,830,821,836,782,802],"class_list":{"0":"post-1669","1":"product","2":"type-product","3":"status-publish","4":"has-post-thumbnail","6":"product_brand-actiq","7":"product_brand-others","8":"product_brand-pain-relief","9":"product_cat-dolor-y-alivio","10":"product_tag-como-funcionan-los-parches-de-fentanilo-dosis-disponibles-de-parche-de-fentanilo","11":"product_tag-donde-es-el-mejor-lugar-para-colocar-un-parche-de-fentanilo-costo-del-parche-de-fentanilo","12":"product_tag-que-es-un-parche-de-fentanilo-parche-de-fentanilo-12-mcg","13":"product_tag-que-son-los-parches-de-fentanilo-analgesico-de-fentanilo","14":"product_tag-aerosol-nasal-de-fentanilo","15":"product_tag-ampollas-de-fentanilo-para-la-venta-en-linea","16":"product_tag-analgesico-fentanilo","17":"product_tag-analgesicos-de-fentanilo","18":"product_tag-citrato-de-fentanilo","19":"product_tag-citrato-de-fentanilo-para-la-venta-en-linea","20":"product_tag-colocacion-de-parches-de-fentanilo","21":"product_tag-como-aplicar-los-parches-de-fentanilo","22":"product_tag-como-comprar-fentanilo-en-linea","23":"product_tag-como-obtener-parches-de-fentanilo-comprar-piruleta-de-fentanilo-en-linea","24":"product_tag-comprar-acetilfentanilo","25":"product_tag-comprar-ampollas-de-fentanilo-en-linea","26":"product_tag-comprar-fentanilo","27":"product_tag-comprar-fentanilo-asequible","28":"product_tag-comprar-fentanilo-en-linea","29":"product_tag-comprar-fentanilo-en-polvo-alemania","30":"product_tag-comprar-fentanilo-en-polvo-ee-uu","31":"product_tag-comprar-fentanilo-en-polvo-en-linea","32":"product_tag-comprar-fentanilo-en-polvo-espana","33":"product_tag-comprar-fentanilo-en-polvo-mexico","34":"product_tag-comprar-fentanilo-en-polvo-portugal","35":"product_tag-comprar-parches-de-fentanilo-en-linea","36":"product_tag-comprar-parches-de-fentanilo-para-aliviar-el-dolor-en-linea-precio-barato-el-fentanilo-restaura-el-valor-de-la-calle","37":"product_tag-comprar-pastillas-de-fentanilo-baratas-en-linea","38":"product_tag-comprar-polvo-de-fentanilo","39":"product_tag-compre-fentanilo-en-polvo-hoy","40":"product_tag-compre-fentanilo-en-polvo-reino-unido","41":"product_tag-compre-fentanilo-para-aliviar-el-dolor-en-linea","42":"product_tag-compre-parches-de-fentanilo-de-alta-calidad-en-linea","43":"product_tag-compre-polvo-de-fentanilo-en-linea","44":"product_tag-costo-del-parche-de-fentanilo","45":"product_tag-diferentes-tipos-de-parches-de-fentanilo","46":"product_tag-donde-aplicar-el-parche-de-fentanilo","47":"product_tag-donde-comprar-fentanilo","48":"product_tag-donde-comprar-fentanilo-en-linea","49":"product_tag-dosis-de-fentanilo","50":"product_tag-dosis-de-parches-de-fentanilo","51":"product_tag-el-fentanilo-restaura-fuerzas","52":"product_tag-farmacia-en-linea-del-parche-de-fentanilo","53":"product_tag-fentanilo","54":"product_tag-fentanilo-en-linea","55":"product_tag-fentanilo-liquido","56":"product_tag-fentanilo-oral","57":"product_tag-fentanilo-para-la-venta","58":"product_tag-fentanilo-para-la-venta-en-linea","59":"product_tag-furanil-fentanilo","60":"product_tag-inhalador-de-fentanilo","61":"product_tag-inyeccion-de-citrato-de-fentanilo","62":"product_tag-inyeccion-de-fentanilo","63":"product_tag-marcas-de-parches-de-fentanilo","64":"product_tag-medicamentos-de-fentanilo","65":"product_tag-para-que-se-usa-el-fentanilo","66":"product_tag-parche-de-fentanilo","67":"product_tag-parche-de-fentanilo-25-mcg","68":"product_tag-parche-de-fentanilo-25-mcg-valor-de-la-calle","69":"product_tag-parche-de-fentanilo-50-mcg","70":"product_tag-parche-de-fentanilo-75-mcg","71":"product_tag-parche-de-fentanilo-alto","72":"product_tag-parche-transdermico-de-fentanilo","73":"product_tag-parches-de-fentanilo","74":"product_tag-parches-de-fentanilo-para-la-venta-en-linea","75":"product_tag-parches-para-el-dolor-dosis-de-fentanilo","76":"product_tag-pastillas-de-fentanilo","77":"product_tag-pastillas-de-fentanilo-baratas-para-la-venta-en-linea","78":"product_tag-pastillas-de-fentanilo-para-la-venta-en-linea","79":"product_tag-pedido-por-correo-de-fentanilo","80":"product_tag-pedir-polvo-de-fentanilo","81":"product_tag-piruleta-de-fentanilo","82":"product_tag-piruleta-de-fentanilo-para-la-venta","83":"product_tag-polvo-de-fentanilo","84":"product_tag-polvo-de-fentanilo-de-alta-calidad-para-la-venta-en-linea","85":"product_tag-polvo-de-fentanilo-en-venta-espana","86":"product_tag-polvo-de-fentanilo-para-la-venta","87":"product_tag-que-es-el-fentanilo","88":"product_tag-que-tan-fuerte-es-el-fentanilo","89":"product_tag-sandoz-fentanilo","90":"product_tag-sistema-transdermico-de-fentanilo","91":"product_tag-tabletas-de-fentanilo","93":"first","94":"instock","95":"sale","96":"featured","97":"shipping-taxable","98":"purchasable","99":"product-type-variable","100":"has-default-attributes"},"_links":{"self":[{"href":"https:\/\/www.medsconsulting.com\/es\/wp-json\/wp\/v2\/product\/1669","targetHints":{"allow":["GET"]}}],"collection":[{"href":"https:\/\/www.medsconsulting.com\/es\/wp-json\/wp\/v2\/product"}],"about":[{"href":"https:\/\/www.medsconsulting.com\/es\/wp-json\/wp\/v2\/types\/product"}],"replies":[{"embeddable":true,"href":"https:\/\/www.medsconsulting.com\/es\/wp-json\/wp\/v2\/comments?post=1669"}],"wp:featuredmedia":[{"embeddable":true,"href":"https:\/\/www.medsconsulting.com\/es\/wp-json\/wp\/v2\/media\/1678"}],"wp:attachment":[{"href":"https:\/\/www.medsconsulting.com\/es\/wp-json\/wp\/v2\/media?parent=1669"}],"wp:term":[{"taxonomy":"product_cat","embeddable":true,"href":"https:\/\/www.medsconsulting.com\/es\/wp-json\/wp\/v2\/product_cat?post=1669"},{"taxonomy":"product_tag","embeddable":true,"href":"https:\/\/www.medsconsulting.com\/es\/wp-json\/wp\/v2\/product_tag?post=1669"}],"curies":[{"name":"wp","href":"https:\/\/api.w.org\/{rel}","templated":true}]}}