{"id":1663,"date":"2020-10-24T22:37:32","date_gmt":"2020-10-24T22:37:32","guid":{"rendered":"https:\/\/www.medsconsulting.com\/es\/?post_type=product&#038;p=1663"},"modified":"2021-09-27T02:42:48","modified_gmt":"2021-09-27T02:42:48","slug":"aerosol-nasal-de-fentanilo","status":"publish","type":"product","link":"https:\/\/www.medsconsulting.com\/es\/product\/dolor-y-alivio\/aerosol-nasal-de-fentanilo\/","title":{"rendered":"Comprar Aerosol nasal Fentanilo"},"content":{"rendered":"<div id=\"52f90f330937fe066800000e\" class=\"row-container stripe\">\n<div class=\"row\">\n<div class=\"small-12 columns\">\n<h2>Comprar Aerosol nasal Fentanilo<\/h2>\n<p>Comprar Aerosol nasal\u00a0 fentanilo. Compre Vyvanse de la mejor calidad con env\u00edo al d\u00eda siguiente. el paquete es 100% seguro. Compre citrato de fenta<a href=\"https:\/\/www.medsconsulting.com\/es\/product\/dolor-y-alivio\/tramadol\/\">n<\/a>ilo en l\u00ednea, aerosol nasal de fentanilo Lazanda, compre aerosol nasal de fentanilo en l\u00ednea, aerosol nasal de fentanilo a la venta, fentanilo, tambi\u00e9n escrito fentanilo, es un opioide que se usa como analg\u00e9sico y junto con otros medicamentos para la anestesia. El fentanilo tambi\u00e9n se usa como droga recreativa, a menudo mezclado con hero\u00edna o coca\u00edna. Tiene un inicio r\u00e1pido y sus efectos generalmente duran menos de dos horas. M\u00e9dicamente, el fentanilo se usa por inyecci\u00f3n, como parche en la piel, como aerosol nasal o en la boca. Comprar aerosol nasal de fentanilo en l\u00ednea<\/p>\n<p>Este medicamento se usa en la nariz. Siga las instrucciones de la etiqueta del medicamento. Aseg\u00farese de estar usando su aerosol nasal correctamente. Preg\u00fantele a su m\u00e9dico o proveedor de atenci\u00f3n m\u00e9dica si tiene alguna pregunta. No lo tome con m\u00e1s frecuencia que lo indicado. Comprar aerosol nasal de fentanilo en l\u00ednea<\/p>\n<h2>\u00bfC\u00f3mo debo usar este medicamento?<\/h2>\n<p>El farmac\u00e9utico le dar\u00e1 una MedGuide especial con cada receta y reposici\u00f3n. Aseg\u00farese de leer esta informaci\u00f3n detenidamente cada vez. Fentanyl Nasal Spray, Fentanyl nasal spray a la venta.<\/p>\n<p>Hable con su pediatra sobre el uso de este medicamento en ni\u00f1os. Se podr\u00edan necesitar cuidados especiales. Venta de aerosol nasal de fent<a href=\"https:\/\/www.euthanasiagroup.com\/es\/product\/comprar-nembutal-en-linea\/comprar-nembutal-pentobarbital-sodico\/\" target=\"_blank\" rel=\"noopener\">a<\/a>nilo.<\/p>\n<p>Los pacientes mayores de 65 a\u00f1os pueden tener una reacci\u00f3n m\u00e1s fuerte y necesitar una dosis menor. Comprar aerosol nasal de fentanilo en l\u00ednea<\/p>\n<p>Sobredosis: Si cree que ha tomado demasiado de este medicamento, comun\u00edquese con un centro de control de intoxicaciones o la sala de emergencias de inmediato.<\/p>\n<p>Sobredosis: Si cree que ha tomado demasiado de este medicamento, comun\u00edquese de inmediato con un centro de control de intoxicaciones o la sala de emergencias.<\/p>\n<p><strong>NOTA<\/strong>: Este medicamento es solo para usted. No compartas esta medicina con otros.<\/p>\n<h2>\u00bfQu\u00e9 pasa si me olvido de una dosis?<\/h2>\n<p>El aerosol nasal de fentanilo solo se usa cuando es necesario para el dolor.<\/p>\n<h2>\u00bfQu\u00e9 debo decirle a mi proveedor de atenci\u00f3n m\u00e9dica antes de tomar este aerosol nasal de fentanilo?<\/h2>\n<p>Necesitan saber si tiene alguna de estas condiciones:<\/p>\n<\/div>\n<\/div>\n<\/div>\n<div id=\"52f90f330937fe0668000004\" class=\"row-container stripe\">\n<div class=\"row\">\n<div class=\"small-12 columns\">\n<ul class=\"margin\">\n<li>Tumor cerebral<\/li>\n<li>Lesi\u00f3n craneal<\/li>\n<li>Cardiopat\u00eda<\/li>\n<li>Historia de un problema de abuso de drogas o alcohol<\/li>\n<li>Nefropat\u00eda<\/li>\n<li>Enfermedad del higado<\/li>\n<li>Enfermedad pulmonar o respiratoria, como asma<\/li>\n<li>Tom\u00f3 un IMAO como Carbex, Eldepryl, Marplan, Nardil o Parnate en los \u00faltimos 14 d\u00edas<\/li>\n<li>Una reacci\u00f3n al\u00e9rgica o inusual al fentanilo, a otros medicamentos, alimentos, colorantes o conservantes<\/li>\n<li>Embarazada o intentando quedar embarazada<\/li>\n<li>Amamantamiento<\/li>\n<\/ul>\n<\/div>\n<\/div>\n<\/div>\n<div id=\"52f90f330937fe0668000006\" class=\"row-container\">\n<div class=\"row\"><\/div>\n<\/div>\n<div id=\"52f90f330937fe066800000c\" class=\"row-container stripe\">\n<div class=\"row\">\n<div class=\"small-12 columns\">\n<h2>\u00bfA qu\u00e9 debo estar atento mientras uso este medicamento?<\/h2>\n<p>Informe a su m\u00e9dico o profesional de la salud si su dolor no desaparece, si empeora o si tiene un tipo de dolor nuevo o diferente. Puede desarrollar tolerancia al medicamento. Tolerancia significa que necesitar\u00e1 una dosis m\u00e1s alta de medicamento para aliviar el dolor. La tolerancia es normal y se espera si toma el medicamento durante un tiempo prolongado. Comprar citrato de fentanilo en l\u00ednea<\/p>\n<p>No deje de tomar su medicamento repentinamente porque puede desarrollar una reacci\u00f3n grave. Su cuerpo se acostumbrar\u00e1 al medicamento. Esto NO significa que sea adicto. La adicci\u00f3n es un comportamiento relacionado con la obtenci\u00f3n y el uso de una droga por motivos no m\u00e9dicos. Si tiene dolor, tiene una raz\u00f3n m\u00e9dica para tomar analg\u00e9sicos. Su m\u00e9dico le dir\u00e1 la cantidad de medicamento que debe tomar. Si su m\u00e9dico quiere que deje de tomar el medicamento, la dosis se reducir\u00e1 lentamente con el tiempo para evitar efectos secundarios. Compre citrato de fentanilo en l\u00ednea, compre citrato de fentanilo en l\u00ednea.<\/p>\n<p>&nbsp;<\/p>\n<p>&nbsp;<\/p>\n<\/div>\n<\/div>\n<\/div>\n","protected":false},"excerpt":{"rendered":"<p>FENTANYL (Fentanil) es un analg\u00e9sico. Se usa para tratar el dolor irruptivo del c\u00e1ncer que su analg\u00e9sico de acci\u00f3n prolongada no controla. No use este medicamento para el dolor que desaparecer\u00e1 en unos d\u00edas, como el dolor causado por una cirug\u00eda, visitas al m\u00e9dico o al dentista. El medicamento solo lo usan personas que han estado tomando analg\u00e9sicos opioides o narc\u00f3ticos durante al menos una semana. Este medicamento puede utilizarse para otros fines; preg\u00fantele a su proveedor de atenci\u00f3n m\u00e9dica o farmac\u00e9utico si tiene alguna pregunta.<\/p>\n","protected":false},"featured_media":1667,"comment_status":"open","ping_status":"closed","template":"","meta":[],"product_cat":[242],"product_tag":[828,799,772,804,779,1335,1334,813,805,808,778,810,771,803,790,824,807,1328,1323,1326,1324,1325,1327,787,793,815,785,788,1329,786,1134,1124,1128,1133,1132,796,834,1330,1333,1332,1331,823,1126,812,753,820,835,800,794,789,774,775,768,801,826,262,791,1129,818,806,792,795,798,833,822,780,837,784,770,773,769,819,817,829,831,797,777,1123,1127,1125,809,838,781,816,811,827,825,776,832,783,814,830,821,836,782,1336,1337,802,1131,1130],"class_list":{"0":"post-1663","1":"product","2":"type-product","3":"status-publish","4":"has-post-thumbnail","6":"product_brand-pain-relief","7":"product_cat-dolor-y-alivio","8":"product_tag-como-funcionan-los-parches-de-fentanilo-dosis-disponibles-de-parche-de-fentanilo","9":"product_tag-donde-es-el-mejor-lugar-para-colocar-un-parche-de-fentanilo-costo-del-parche-de-fentanilo","10":"product_tag-que-es-un-parche-de-fentanilo-parche-de-fentanilo-12-mcg","11":"product_tag-que-son-los-parches-de-fentanilo-analgesico-de-fentanilo","12":"product_tag-aerosol-nasal-de-fentanilo","13":"product_tag-aerosol-nasal-de-fentanilo-en-linea","14":"product_tag-aerosol-nasal-de-fentanilo-para-la-venta","15":"product_tag-ampollas-de-fentanilo-para-la-venta-en-linea","16":"product_tag-analgesico-fentanilo","17":"product_tag-analgesicos-de-fentanilo","18":"product_tag-citrato-de-fentanilo","19":"product_tag-citrato-de-fentanilo-para-la-venta-en-linea","20":"product_tag-colocacion-de-parches-de-fentanilo","21":"product_tag-como-aplicar-los-parches-de-fentanilo","22":"product_tag-como-comprar-fentanilo-en-linea","23":"product_tag-como-obtener-parches-de-fentanilo-comprar-piruleta-de-fentanilo-en-linea","24":"product_tag-comprar-acetilfentanilo","25":"product_tag-comprar-aerosol-nasal","26":"product_tag-comprar-aerosol-nasal-fentanilo","27":"product_tag-comprar-aerosol-nasal-fentanilo-barcelona","28":"product_tag-comprar-aerosol-nasal-fentanilo-espana","29":"product_tag-comprar-aerosol-nasal-fentanilo-madrid","30":"product_tag-comprar-aerosol-nasal-fentanilo-spain","31":"product_tag-comprar-ampollas-de-fentanilo-en-linea","32":"product_tag-comprar-fentanilo","33":"product_tag-comprar-fentanilo-asequible","34":"product_tag-comprar-fentanilo-en-linea","35":"product_tag-comprar-fentanilo-en-polvo-en-linea","36":"product_tag-comprar-fentanilo-nasal-spray-espana","37":"product_tag-comprar-parches-de-fentanilo-en-linea","38":"product_tag-comprar-parches-de-fentanilo-lisboa","39":"product_tag-comprar-parches-de-fentanilo-online-espana","40":"product_tag-comprar-parches-de-fentanilo-portugal","41":"product_tag-comprar-parches-fentanilo-barcelona","42":"product_tag-comprar-parches-fentanilo-madrid","43":"product_tag-comprar-pastillas-de-fentanilo-baratas-en-linea","44":"product_tag-comprar-polvo-de-fentanilo","45":"product_tag-comprar-spray-nasal-de-fentanilo-lisboa","46":"product_tag-comprar-spray-nasal-de-fentanilo-portugal","47":"product_tag-compre-el-aerosol-nasal-de-fentanilo-en-ee-uu","48":"product_tag-compre-el-aerosol-nasal-de-fentanilo-en-el-reino-unido","49":"product_tag-compre-fentanilo-para-aliviar-el-dolor-en-linea","50":"product_tag-compre-parches-de-fentanilo-baratos-en-ee-uu","51":"product_tag-compre-parches-de-fentanilo-de-alta-calidad-en-linea","52":"product_tag-compre-parches-de-fentanilo-para-aliviar-el-dolor-en-linea-precio-barato","53":"product_tag-costo-del-parche-de-fentanilo","54":"product_tag-diferentes-tipos-de-parches-de-fentanilo","55":"product_tag-donde-aplicar-el-parche-de-fentanilo","56":"product_tag-donde-comprar-fentanilo","57":"product_tag-donde-comprar-fentanilo-en-linea","58":"product_tag-dosis-de-fentanilo","59":"product_tag-dosis-de-parches-de-fentanilo","60":"product_tag-el-fentanilo-restaura-el-valor-de-la-calle","61":"product_tag-el-fentanilo-restaura-fuerzas","62":"product_tag-farmacia-en-linea-del-parche-de-fentanilo","63":"product_tag-fentanilo","64":"product_tag-fentanilo-en-linea","65":"product_tag-fentanilo-en-venta-portugal","66":"product_tag-fentanilo-liquido","67":"product_tag-fentanilo-oral","68":"product_tag-fentanilo-para-la-venta","69":"product_tag-fentanilo-para-la-venta-en-linea","70":"product_tag-furanil-fentanilo","71":"product_tag-inhalador-de-fentanilo","72":"product_tag-inyeccion-de-citrato-de-fentanilo","73":"product_tag-inyeccion-de-fentanilo","74":"product_tag-marcas-de-parches-de-fentanilo","75":"product_tag-medicamentos-de-fentanilo","76":"product_tag-para-que-se-usa-el-fentanilo","77":"product_tag-parche-de-fentanilo","78":"product_tag-parche-de-fentanilo-25-mcg","79":"product_tag-parche-de-fentanilo-25-mcg-valor-de-la-calle","80":"product_tag-parche-de-fentanilo-50-mcg","81":"product_tag-parche-de-fentanilo-75-mcg","82":"product_tag-parche-de-fentanilo-alto","83":"product_tag-parche-transdermico-de-fentanilo","84":"product_tag-parches-de-fentanilo","85":"product_tag-parches-de-fentanilo-a-la-venta","86":"product_tag-parches-de-fentanilo-a-la-venta-en-ee-uu","87":"product_tag-parches-de-fentanilo-en-venta-espana","88":"product_tag-parches-de-fentanilo-para-la-venta-en-linea","89":"product_tag-parches-para-el-dolor-dosis-de-fentanilo","90":"product_tag-pastillas-de-fentanilo","91":"product_tag-pastillas-de-fentanilo-baratas-para-la-venta-en-linea","92":"product_tag-pastillas-de-fentanilo-para-la-venta-en-linea","93":"product_tag-pedido-por-correo-de-fentanilo","94":"product_tag-pedir-polvo-de-fentanilo","95":"product_tag-piruleta-de-fentanilo","96":"product_tag-piruleta-de-fentanilo-para-la-venta","97":"product_tag-polvo-de-fentanilo","98":"product_tag-polvo-de-fentanilo-de-alta-calidad-para-la-venta-en-linea","99":"product_tag-que-es-el-fentanilo","100":"product_tag-que-tan-fuerte-es-el-fentanilo","101":"product_tag-sandoz-fentanilo","102":"product_tag-sistema-transdermico-de-fentanilo","103":"product_tag-spray-nasal-de-fentanilo-en-venta-espana","104":"product_tag-spray-nasal-de-fentanilo-madrid","105":"product_tag-tabletas-de-fentanilo","106":"product_tag-venta-de-fentanilo-brasil","107":"product_tag-venta-de-fentanilo-en-mexico","109":"first","110":"instock","111":"featured","112":"shipping-taxable","113":"purchasable","114":"product-type-variable","115":"has-default-attributes"},"_links":{"self":[{"href":"https:\/\/www.medsconsulting.com\/es\/wp-json\/wp\/v2\/product\/1663","targetHints":{"allow":["GET"]}}],"collection":[{"href":"https:\/\/www.medsconsulting.com\/es\/wp-json\/wp\/v2\/product"}],"about":[{"href":"https:\/\/www.medsconsulting.com\/es\/wp-json\/wp\/v2\/types\/product"}],"replies":[{"embeddable":true,"href":"https:\/\/www.medsconsulting.com\/es\/wp-json\/wp\/v2\/comments?post=1663"}],"wp:featuredmedia":[{"embeddable":true,"href":"https:\/\/www.medsconsulting.com\/es\/wp-json\/wp\/v2\/media\/1667"}],"wp:attachment":[{"href":"https:\/\/www.medsconsulting.com\/es\/wp-json\/wp\/v2\/media?parent=1663"}],"wp:term":[{"taxonomy":"product_cat","embeddable":true,"href":"https:\/\/www.medsconsulting.com\/es\/wp-json\/wp\/v2\/product_cat?post=1663"},{"taxonomy":"product_tag","embeddable":true,"href":"https:\/\/www.medsconsulting.com\/es\/wp-json\/wp\/v2\/product_tag?post=1663"}],"curies":[{"name":"wp","href":"https:\/\/api.w.org\/{rel}","templated":true}]}}