{"id":1634,"date":"2020-10-24T21:53:19","date_gmt":"2020-10-24T21:53:19","guid":{"rendered":"https:\/\/www.medsconsulting.com\/es\/?post_type=product&#038;p=1634"},"modified":"2021-09-16T22:01:53","modified_gmt":"2021-09-16T22:01:53","slug":"piruleta-de-fentanilo","status":"publish","type":"product","link":"https:\/\/www.medsconsulting.com\/es\/product\/dolor-y-alivio\/piruleta-de-fentanilo\/","title":{"rendered":"Piruleta de fentanilo"},"content":{"rendered":"<h2>Comprar piruleta de fentanilo<\/h2>\n<p>Comprar piruleta de fe<a href=\"https:\/\/www.medsconsulting.com\/nl\/?s=fentanyl\">nta<\/a>nilo Actiq es producida por Cephalon y, al igual que con otras formas del f\u00e1rmaco fentanilo, es aproximadamente 81 veces m\u00e1s fuerte que la morfina. Compre fentanilo en l\u00ednea. Piruleta de fentanilo a la venta. Compre fentanilo sin receta. Piruleta Actiq (fen<a href=\"https:\/\/www.euthanasiagroup.com\/product\/buy-nembutal-online\/buy-nembutal-tablets\/\" target=\"_blank\" rel=\"noopener\">tani<\/a>lo). Compre Lollipop de fentanilo.<\/p>\n<p>El fentanilo, tambi\u00e9n escrito como fentanilo, es un opioide que se usa como analg\u00e9sico y junto con otros medicamentos para la anestesia. El fentanilo tambi\u00e9n se usa como droga recreativa, a menudo mezclado con hero\u00edna o coca\u00edna.<\/p>\n<p>Adem\u00e1s, debido a su potencia y alto potencial de adicci\u00f3n, las piruletas de fentanilo est\u00e1n clasificadas como drogas de \u201cLista II\u201d por la Administraci\u00f3n de Alimentos y Medicamentos. Compre Lollipop de fentanilo.<\/p>\n<h2>En la mayor\u00eda de los casos, Fentanyl Lollipop se prescribe para:<\/h2>\n<ul type=\"disc\">\n<li>Fentanyl Lollipop es para pacientes con tolerancia a los opioides u otros analg\u00e9sicos (los pacientes t\u00edpicos ya tomar\u00e1n al menos 60 mg de morfina por d\u00eda y \/ o 50 g \/ h de fentanilo)<\/li>\n<li>Se usa para tratar el dolor irruptivo del c\u00e1ncer<\/li>\n<li>Por \u00faltimo, trate otros dolores cr\u00f3nicos severos no malignos (que pueden estar asociados con lesiones \u00f3seas, migra\u00f1as severas, etc.). Compre fentanilo en l\u00ednea.<\/li>\n<\/ul>\n<h2>Dosis de piruleta de fentanilo<\/h2>\n<p>En primer lugar, las piruletas de fentanilo Actiq vienen en seis dosis, cada una de las cuales se diferencia por una caja de color \u00fanico y un mango de pl\u00e1stico. Compre Lollipop de fentanilo (200-1600mcg) en l\u00ednea. Compre Lollipop de fentanilo.<\/p>\n<p>La dosis de piruleta de fentanilo incluye:<\/p>\n<ul type=\"disc\">\n<li>200 microgramos (mcg) en gris<\/li>\n<li>400 mcg en azul<\/li>\n<li>600 mcg en naranja<\/li>\n<li>800 mcg en morado<\/li>\n<li>1200 mcg en verde<\/li>\n<li>1600 mcg en burdeos prescribiremos la dosis adecuada de piruleta de fentanilo en funci\u00f3n de:<\/li>\n<\/ul>\n<p>&nbsp;<\/p>\n<ul type=\"disc\">\n<li>Primero, la condici\u00f3n de un paciente&nbsp;<\/li>\n<li>Adem\u00e1s, la gravedad de la afecci\u00f3n.<\/li>\n<li>Y el historial m\u00e9dico de un paciente<\/li>\n<li>Por \u00faltimo, su conocida tolerancia a los analg\u00e9sicos.<\/li>\n<\/ul>\n<div id=\"body_content_body\" class=\"article\">\n<h3><\/h3>\n<h2>Abuso de piruletas de fentanilo<\/h2>\n<p>Para empezar, al igual que con otras formas de este medicamento, las piruletas de fentanilo son altamente adictivas y se informa que tienen efectos similares a los de la hero\u00edna. Adem\u00e1s, antes de ordenar Fentanyl Lollipop en l\u00ednea, es bueno tener en cuenta que su abuso es peligroso, ya que las sobredosis pueden ser mortales. Compre Lollipop de fentanilo.<\/p>\n<p>Adem\u00e1s, los s\u00edntomas de sobredosis de piruletas de fentanilo incluyen piel fr\u00eda y h\u00fameda, mareos, fatiga extrema, desmayos, respiraci\u00f3n lenta, pupilas peque\u00f1as (puntiagudas).<\/p>\n<p>Nuevamente, cualquier adicto al fentanilo, as\u00ed como aquellos que experimenten una sobredosis de fentanilo, deben buscar atenci\u00f3n m\u00e9dica de emergencia para salvar sus vidas. Compre Lollipop de fentanilo. Piruleta de fentanilo a la venta.<\/p>\n<h2>Efectos secundarios de la piruleta de fentanilo<\/h2>\n<p>En primer lugar, se sabe que las piruletas de fentanilo Actiq causan una variedad de efectos secundarios leves a graves. Adem\u00e1s, los efectos secundarios leves y que ocurren con m\u00e1s frecuencia incluyen n\u00e1useas y estre\u00f1imiento; las reacciones m\u00e1s graves y potencialmente mortales a las piruletas de fentanilo pueden incluir:<\/p>\n<\/div>\n<ul type=\"disc\">\n<li>Para empezar, la adicci\u00f3n (un historial de adicci\u00f3n a las drogas o al alcohol puede hacer que las personas intenten drogarse con el parche analg\u00e9sico de fentanilo, ya que, seg\u00fan los informes, este medicamento tiene efectos similares a la hero\u00edna).<\/li>\n<li>Adem\u00e1s, da\u00f1o hep\u00e1tico.<\/li>\n<li>Nuevamente, depresi\u00f3n respiratoria (no inhalar suficiente ox\u00edgeno).<\/li>\n<li>Adem\u00e1s, reacci\u00f3n al\u00e9rgica grave.<\/li>\n<li>Por \u00faltimo, muerte.<\/li>\n<\/ul>\n<p>&nbsp;<\/p>\n<p>Adem\u00e1s, los siguientes s\u00edntomas pueden indicar que los pacientes est\u00e1n desarrollando efectos secundarios graves del fentanilo:<\/p>\n<ul type=\"disc\">\n<li>dolor abdominal<\/li>\n<li>dificultad para respirar<\/li>\n<li>dependencia del fentanilo<\/li>\n<li>moretones con facilidad<\/li>\n<li>hinchaz\u00f3n facial o lingual (lengua)<\/li>\n<li>fatiga<\/li>\n<li>urticaria y \/ o erupci\u00f3n cut\u00e1nea<\/li>\n<li>ictericia<\/li>\n<li>p\u00e9rdida de apetito.<\/li>\n<\/ul>\n<p>&nbsp;<\/p>\n<p>&nbsp;<\/p>\n<p>Therefore, patients should seek emergency medical care if they start developing any of the above symptoms of fentanyl lollipop reactions. Buy Fentanyl Lollipop. Actiq (Fentanyl) Lollipop. Buy Fentanyl without a prescription. Buy Fentanyl Online.<\/p>\n<h2>Demandas de fentanilo<\/h2>\n<p>En primer lugar, cualquier persona lesionada despu\u00e9s de usar el medicamento piruleta de fentanilo, as\u00ed como las familias de los pacientes fallecidos de fentanilo, deben reunirse con un abogado con experiencia en lesiones personales para evaluar su reclamo, y tambi\u00e9n para obtener m\u00e1s informaci\u00f3n sobre el proceso de ganar una demanda por fentanilo. Nuevamente, para decidir si quieren presentar un caso individual o unirse a una demanda colectiva. Piruleta de fentanilo a la venta. Compre fentanilo en l\u00ednea.<\/p>\n<p>Por \u00faltimo, para alentar a los posibles demandantes a conocer m\u00e1s sobre sus derechos legales, los abogados de fentanilo ofrecen estas consultas de forma gratuita. Piruleta Actiq (fentanilo). Compre fentanilo sin receta. Piruleta de fentanilo a la venta. Compre fentanilo en l\u00ednea.<\/p>\n","protected":false},"excerpt":{"rendered":"<p>Conocida por la marca Actiq, la piruleta de fentanilo es un medicamento opioide que combina fentanilo y citrato para proporcionar un potente alivio del dolor a trav\u00e9s de las membranas mucosas de la boca.<\/p>\n","protected":false},"featured_media":0,"comment_status":"open","ping_status":"closed","template":"","meta":[],"product_cat":[242],"product_tag":[828,799,772,804,779,813,805,808,778,810,771,803,790,824,807,787,793,815,785,788,766,767,764,758,757,759,760,763,761,765,755,786,796,762,834,823,756,754,812,753,820,835,800,794,789,774,775,768,801,826,262,791,818,806,792,795,798,833,822,780,837,784,770,773,769,819,817,829,831,797,777,809,838,781,816,811,827,825,776,832,783,814,830,821,836,782,802],"class_list":{"0":"post-1634","1":"product","2":"type-product","3":"status-publish","5":"product_brand-actiq","6":"product_brand-pain-relief","7":"product_cat-dolor-y-alivio","8":"product_tag-como-funcionan-los-parches-de-fentanilo-dosis-disponibles-de-parche-de-fentanilo","9":"product_tag-donde-es-el-mejor-lugar-para-colocar-un-parche-de-fentanilo-costo-del-parche-de-fentanilo","10":"product_tag-que-es-un-parche-de-fentanilo-parche-de-fentanilo-12-mcg","11":"product_tag-que-son-los-parches-de-fentanilo-analgesico-de-fentanilo","12":"product_tag-aerosol-nasal-de-fentanilo","13":"product_tag-ampollas-de-fentanilo-para-la-venta-en-linea","14":"product_tag-analgesico-fentanilo","15":"product_tag-analgesicos-de-fentanilo","16":"product_tag-citrato-de-fentanilo","17":"product_tag-citrato-de-fentanilo-para-la-venta-en-linea","18":"product_tag-colocacion-de-parches-de-fentanilo","19":"product_tag-como-aplicar-los-parches-de-fentanilo","20":"product_tag-como-comprar-fentanilo-en-linea","21":"product_tag-como-obtener-parches-de-fentanilo-comprar-piruleta-de-fentanilo-en-linea","22":"product_tag-comprar-acetilfentanilo","23":"product_tag-comprar-ampollas-de-fentanilo-en-linea","24":"product_tag-comprar-fentanilo","25":"product_tag-comprar-fentanilo-asequible","26":"product_tag-comprar-fentanilo-en-linea","27":"product_tag-comprar-fentanilo-en-polvo-en-linea","28":"product_tag-comprar-fentanyl-lollipop-australia","29":"product_tag-comprar-fentanyl-lollipop-barato-en-linea","30":"product_tag-comprar-fentanyl-lollipop-dinamarca","31":"product_tag-comprar-fentanyl-lollipop-espana","32":"product_tag-comprar-fentanyl-lollipop-france","33":"product_tag-comprar-fentanyl-lollipop-germany","34":"product_tag-comprar-fentanyl-lollipop-netherlands","35":"product_tag-comprar-fentanyl-lollipop-norway","36":"product_tag-comprar-fentanyl-lollipop-suecia","37":"product_tag-comprar-fentanyl-lollipop-uk","38":"product_tag-comprar-fentanyl-lollipop-usa","39":"product_tag-comprar-parches-de-fentanilo-en-linea","40":"product_tag-comprar-pastillas-de-fentanilo-baratas-en-linea","41":"product_tag-comprar-piruleta-de-fentanilo-italia","42":"product_tag-comprar-polvo-de-fentanilo","43":"product_tag-compre-fentanilo-para-aliviar-el-dolor-en-linea","44":"product_tag-compre-fentanyl-lollipop-canada","45":"product_tag-compre-fentanyl-lollipop-en-linea","46":"product_tag-compre-parches-de-fentanilo-de-alta-calidad-en-linea","47":"product_tag-compre-parches-de-fentanilo-para-aliviar-el-dolor-en-linea-precio-barato","48":"product_tag-costo-del-parche-de-fentanilo","49":"product_tag-diferentes-tipos-de-parches-de-fentanilo","50":"product_tag-donde-aplicar-el-parche-de-fentanilo","51":"product_tag-donde-comprar-fentanilo","52":"product_tag-donde-comprar-fentanilo-en-linea","53":"product_tag-dosis-de-fentanilo","54":"product_tag-dosis-de-parches-de-fentanilo","55":"product_tag-el-fentanilo-restaura-el-valor-de-la-calle","56":"product_tag-el-fentanilo-restaura-fuerzas","57":"product_tag-farmacia-en-linea-del-parche-de-fentanilo","58":"product_tag-fentanilo","59":"product_tag-fentanilo-en-linea","60":"product_tag-fentanilo-liquido","61":"product_tag-fentanilo-oral","62":"product_tag-fentanilo-para-la-venta","63":"product_tag-fentanilo-para-la-venta-en-linea","64":"product_tag-furanil-fentanilo","65":"product_tag-inhalador-de-fentanilo","66":"product_tag-inyeccion-de-citrato-de-fentanilo","67":"product_tag-inyeccion-de-fentanilo","68":"product_tag-marcas-de-parches-de-fentanilo","69":"product_tag-medicamentos-de-fentanilo","70":"product_tag-para-que-se-usa-el-fentanilo","71":"product_tag-parche-de-fentanilo","72":"product_tag-parche-de-fentanilo-25-mcg","73":"product_tag-parche-de-fentanilo-25-mcg-valor-de-la-calle","74":"product_tag-parche-de-fentanilo-50-mcg","75":"product_tag-parche-de-fentanilo-75-mcg","76":"product_tag-parche-de-fentanilo-alto","77":"product_tag-parche-transdermico-de-fentanilo","78":"product_tag-parches-de-fentanilo","79":"product_tag-parches-de-fentanilo-para-la-venta-en-linea","80":"product_tag-parches-para-el-dolor-dosis-de-fentanilo","81":"product_tag-pastillas-de-fentanilo","82":"product_tag-pastillas-de-fentanilo-baratas-para-la-venta-en-linea","83":"product_tag-pastillas-de-fentanilo-para-la-venta-en-linea","84":"product_tag-pedido-por-correo-de-fentanilo","85":"product_tag-pedir-polvo-de-fentanilo","86":"product_tag-piruleta-de-fentanilo","87":"product_tag-piruleta-de-fentanilo-para-la-venta","88":"product_tag-polvo-de-fentanilo","89":"product_tag-polvo-de-fentanilo-de-alta-calidad-para-la-venta-en-linea","90":"product_tag-que-es-el-fentanilo","91":"product_tag-que-tan-fuerte-es-el-fentanilo","92":"product_tag-sandoz-fentanilo","93":"product_tag-sistema-transdermico-de-fentanilo","94":"product_tag-tabletas-de-fentanilo","96":"first","97":"instock","98":"sale","99":"featured","100":"shipping-taxable","101":"purchasable","102":"product-type-variable","103":"has-default-attributes"},"_links":{"self":[{"href":"https:\/\/www.medsconsulting.com\/es\/wp-json\/wp\/v2\/product\/1634","targetHints":{"allow":["GET"]}}],"collection":[{"href":"https:\/\/www.medsconsulting.com\/es\/wp-json\/wp\/v2\/product"}],"about":[{"href":"https:\/\/www.medsconsulting.com\/es\/wp-json\/wp\/v2\/types\/product"}],"replies":[{"embeddable":true,"href":"https:\/\/www.medsconsulting.com\/es\/wp-json\/wp\/v2\/comments?post=1634"}],"wp:attachment":[{"href":"https:\/\/www.medsconsulting.com\/es\/wp-json\/wp\/v2\/media?parent=1634"}],"wp:term":[{"taxonomy":"product_cat","embeddable":true,"href":"https:\/\/www.medsconsulting.com\/es\/wp-json\/wp\/v2\/product_cat?post=1634"},{"taxonomy":"product_tag","embeddable":true,"href":"https:\/\/www.medsconsulting.com\/es\/wp-json\/wp\/v2\/product_tag?post=1634"}],"curies":[{"name":"wp","href":"https:\/\/api.w.org\/{rel}","templated":true}]}}