{"id":1618,"date":"2020-10-24T19:17:49","date_gmt":"2020-10-24T19:17:49","guid":{"rendered":"https:\/\/www.medsconsulting.com\/es\/?post_type=product&#038;p=1618"},"modified":"2023-07-30T08:03:40","modified_gmt":"2023-07-30T08:03:40","slug":"comprar-tramadol-en-linea","status":"publish","type":"product","link":"https:\/\/www.medsconsulting.com\/es\/product\/dolor-y-alivio\/comprar-tramadol-en-linea\/","title":{"rendered":"Comprar Tramadol en l\u00ednea"},"content":{"rendered":"<h1>Comprar Tramadol en l\u00ednea<\/h1>\n<p>Comprar Tramadol en l\u00ednea sin receta. El env\u00edo es 100% seguro y garantizado y estamos aqu\u00ed las 24 horas del d\u00eda, los 7 d\u00edas de la semana para atenderlo. Tramadol Tramadol (Ultram) para venda &#8211; Comprar Tramad<a href=\"https:\/\/www.euthanasiagroup.com\/es\/product\/comprar-nembutal-en-linea\/pildoras-nembutales\/\" target=\"_blank\" rel=\"noopener\">o<\/a>l (Ultram) online sem receita. Compre Tramadol (<a href=\"https:\/\/www.medsconsulting.com\/es\/product\/dolor-y-alivio\/tramadol\/\">Ultram<\/a>) en l\u00ednea. Este es un medicamento opi\u00f3ide que se utiliz\u00f3 como analg\u00e9sico, Tramadol como muitos outros opi\u00e1ceos \u00e9 extra\u00eddo da papoila opi\u00e1cea que ocorre naturalmente. N\u00e3o \u00e9 extra\u00eddo directamente da papoila, \u00e9 antes extra\u00eddo atrav\u00e9s da s\u00edntese de diferentes compostos que est\u00e3o presentes na papoila opi\u00e1cea. O benef\u00edcio dos opi\u00e1ceos \u00e9 que s\u00e3o analg\u00e9sicos muito mais fortes em compara\u00e7\u00e3o com outros medicamentos e os seus efeitos duram muito mais tempo.Comprar Tramadol en l\u00ednea.<\/p>\n<p>&nbsp;<\/p>\n<p>&nbsp;<\/p>\n<h2>Como funciona o Tramadol? (Comprar Tramadol en l\u00ednea)<\/h2>\n<p>Compre Tramadol (Ultram) en l\u00ednea. A vantagem da sua utiliza\u00e7\u00e3o \u00e9 que os seus efeitos duram muito mais tempo em compara\u00e7\u00e3o com muitos outros analg\u00e9sicos. Como resultado de la absorci\u00f3n lenta, contin\u00faa funcionando durante las horas y seus efeitos podem durar at\u00e9 12 horas para algumas pessoas. O Tramadol funciona b\u00e1sicamente no c\u00e9rebro, onde desliga os receptores de dor que induzem a sens\u00e7\u00e3o de dor. Comprar Tramadol en l\u00ednea.<\/p>\n<p>&nbsp;<\/p>\n<h3>Usos do Tramadol<\/h3>\n<p>Ajuda a conter estas dores por um per\u00edodo de tempo mais longo sem qualquer medicamento extra.<\/p>\n<p>Dosagem de It<br \/>\nUn dosem do mesmo varia muito. N\u00e3o existe uma dosem exacta para a mesma. A maioria das pessoas tomam-na uma vez e depois disso esperam at\u00e9 que os efeitos da medica\u00e7\u00e3o passem e uma vez que os efeitos da medica\u00e7\u00e3o se tenham desgastado, as pessoas tomam a second dose nessa altura.<\/p>\n<h4>Precau\u00e7\u00f5es relacionadas com a mesma<\/h4>\n<p>Al\u00e9m disso, a sua combina\u00e7\u00e3o com o \u00e1lcool pode ser realmente prejudicial para a sa\u00fade. Uma mulher gr\u00e1vida e a amamentar deve evit\u00e1-lo porque pode dificultar o crescimento dos seus filhos. Comprar Tramadol en l\u00ednea.<\/p>\n<p><strong>Poss\u00edveis Efeitos Secund\u00e1rios<\/strong><\/p>\n<p>Tambi\u00e9n, s\u00e3o medicamentos realmente fortes e ao tom\u00e1-los deve tentar-se manter uma dieta saud\u00e1vel. Por isso, tentar semper tom\u00e1-los na quantidade certa e na altura certa.<\/p>\n<p>Finalmente, ordene ahora con la mejor farmacia.<\/p>\n<p>Comprar metadona online, Comprar Oxycontin sem receita m\u00e9dica, Comprar Panadol Ultra comprimidos, Comprar Suboxone 8mg online, Comprar analg\u00e9sicos online, Comprar medicamentos online baratos, Comprar medicamentos online sem receita m\u00e9dica, Comprar metadona 10mg online, Comprar comprimidos de percocet online,<\/p>\n","protected":false},"excerpt":{"rendered":"<p>Tramadol es uno de los analg\u00e9sicos m\u00e1s potentes que se deriva de ingredientes naturales. El tramadol se extrae b\u00e1sicamente de la adormidera. Tiene muchas cualidades de la adormidera y una de ellas es la fuerza con la que se protege del dolor.<\/p>\n","protected":false},"featured_media":0,"comment_status":"open","ping_status":"closed","template":"","meta":[],"product_cat":[242],"product_tag":[1242,1286,1309,1267,1228,1232,1306,1229,1230,1231,1224,1225,1226,1262,1227,1265,1273,1275,1310,1292,1255,1279,1276,1280,1299,1277,1278,1269,1281,1268,1248,1233,1234,1282,1237,1238,1314,1236,1320,1235,1317,1240,1239,1284,1321,1283,1319,1318,1322,1316,1288,1313,1249,1266,1274,1271,1251,1287,1253,1241,1294,1298,1297,1293,1312,1308,1315,1295,1272,1250,1291,1259,1244,1258,1245,1289,1261,1305,1270,1311,1290,1296,1247,1257,1243,1301,1302,1263,1260,1304,1264,1307,1246,1252,1254,1256,1300,1303,1285],"class_list":{"0":"post-1618","1":"product","2":"type-product","3":"status-publish","5":"product_brand-pain-relief","6":"product_cat-dolor-y-alivio","7":"product_tag-como-comprar-tramadol-barato-en-linea","8":"product_tag-como-comprar-tramadol-barato-online","9":"product_tag-como-comprar-tramadol-comprimido-online","10":"product_tag-como-comprar-tramadol-tableta-en-linea","11":"product_tag-comprar-analgesicos-online","12":"product_tag-comprar-comprimidos-de-percocet-online","13":"product_tag-comprar-comprimidos-de-tramadol-no-reino-unido","14":"product_tag-comprar-medicamentos-online-baratos","15":"product_tag-comprar-medicamentos-online-sem-receita-medica","16":"product_tag-comprar-metadona-10mg-online","17":"product_tag-comprar-metadona-online","18":"product_tag-comprar-oxycontin-sem-receita-medica","19":"product_tag-comprar-panadol-ultra-comprimidos","20":"product_tag-comprar-pastillas-de-tramadol-reino-unido","21":"product_tag-comprar-suboxone-8mg-online","22":"product_tag-comprar-tramadol","23":"product_tag-comprar-tramadol-barato-para-uso-de-fabrica","24":"product_tag-comprar-tramadol-belgica","25":"product_tag-comprar-tramadol-comprimido-barato-online","26":"product_tag-comprar-tramadol-comprimido-online","27":"product_tag-comprar-tramadol-en-linea","28":"product_tag-comprar-tramadol-espana","29":"product_tag-comprar-tramadol-holanda","30":"product_tag-comprar-tramadol-lisboa","31":"product_tag-comprar-tramadol-online","32":"product_tag-comprar-tramadol-online-espana","33":"product_tag-comprar-tramadol-online-madrid","34":"product_tag-comprar-tramadol-pildoras-en-linea","35":"product_tag-comprar-tramadol-portugal","36":"product_tag-comprar-tramadol-tableta-barata-en-linea","37":"product_tag-comprar-tramadol-tableta-en-linea","38":"product_tag-compre-tramadol","39":"product_tag-compre-tramadol-30-mg","40":"product_tag-compre-tramadol-30mg","41":"product_tag-compre-tramadol-austria","42":"product_tag-compre-tramadol-barato","43":"product_tag-compre-tramadol-barato-para-uso-de-fabrica","44":"product_tag-compre-tramadol-en-linea","45":"product_tag-compre-tramadol-espanha","46":"product_tag-compre-tramadol-generico","47":"product_tag-compre-tramadol-holanda","48":"product_tag-compre-tramadol-legitimo","49":"product_tag-compre-tramadol-legitimo-en-linea","50":"product_tag-compre-tramadol-legitimo-online","51":"product_tag-compre-tramadol-lisboa","52":"product_tag-compre-tramadol-online","53":"product_tag-compre-tramadol-online-madrid","54":"product_tag-compre-tramadol-online-na-espanha","55":"product_tag-compre-tramadol-portugal","56":"product_tag-compre-tramadolbelgium","57":"product_tag-comprimidos-de-tramadol-a-venda","58":"product_tag-comprimidos-de-tramadol-para-venda-online","59":"product_tag-donde-comprar-tramadol","60":"product_tag-donde-comprar-tramadol-en-linea-ee-uu","61":"product_tag-donde-comprar-tramadol-para-uso-personal","62":"product_tag-donde-comprar-tramadol-tableta-barata-en-linea","63":"product_tag-donde-puedo-comprar-tramadol-tableta","64":"product_tag-droga-tramadol-a-venda","65":"product_tag-el-mejor-lugar-para-comprar-tramadol-en-linea","66":"product_tag-en-linea-para-la-venta","67":"product_tag-encomendar-tramadol","68":"product_tag-fornecedores-de-tramadol","69":"product_tag-melhor-lugar-para-comprar-tramadol-online","70":"product_tag-onde-comprar-tramadol","71":"product_tag-onde-comprar-tramadol-comprimido-barato-online","72":"product_tag-onde-comprar-tramadol-online-eua","73":"product_tag-onde-comprar-tramadol-para-uso-pessoal","74":"product_tag-onde-posso-comprar-tramadol-comprimido","75":"product_tag-pastillas-de-tramadol-para-la-venta-en-linea","76":"product_tag-pedir-tramadol","77":"product_tag-qualidade-tramadol-a-venda","78":"product_tag-tabletas-de-tramadol","79":"product_tag-tabletas-de-tramadol-a-la-venta","80":"product_tag-tienda-en-linea-de-tramadol","81":"product_tag-tramadol-a-la-venta","82":"product_tag-tramadol-a-venda","83":"product_tag-tramadol-al-por-mayor","84":"product_tag-tramadol-atacado","85":"product_tag-tramadol-comprar-en-linea","86":"product_tag-tramadol-comprar-online","87":"product_tag-tramadol-comprimidos-a-venda","88":"product_tag-tramadol-comprimidos-onde-comprar","89":"product_tag-tramadol-de-calidad-a-la-venta","90":"product_tag-tramadol-en-linea","91":"product_tag-tramadol-en-venta","92":"product_tag-tramadol-online","93":"product_tag-tramadol-online-store","94":"product_tag-tramadol-para-comprar","95":"product_tag-tramadol-para-comprar-en-linea","96":"product_tag-tramadol-para-comprar-online","97":"product_tag-tramadol-para-la-venta","98":"product_tag-tramadol-para-vender","99":"product_tag-tramadol-pastillas-a-la-venta","100":"product_tag-tramadol-pildoras-donde-comprar","101":"product_tag-tramadol-proveedores","102":"product_tag-tramadol-puro-en-linea","103":"product_tag-tramadol-puro-online","104":"product_tag-tramadoltablets","105":"product_tag-venda-online","107":"first","108":"instock","109":"shipping-taxable","110":"purchasable","111":"product-type-variable","112":"has-default-attributes"},"_links":{"self":[{"href":"https:\/\/www.medsconsulting.com\/es\/wp-json\/wp\/v2\/product\/1618","targetHints":{"allow":["GET"]}}],"collection":[{"href":"https:\/\/www.medsconsulting.com\/es\/wp-json\/wp\/v2\/product"}],"about":[{"href":"https:\/\/www.medsconsulting.com\/es\/wp-json\/wp\/v2\/types\/product"}],"replies":[{"embeddable":true,"href":"https:\/\/www.medsconsulting.com\/es\/wp-json\/wp\/v2\/comments?post=1618"}],"wp:attachment":[{"href":"https:\/\/www.medsconsulting.com\/es\/wp-json\/wp\/v2\/media?parent=1618"}],"wp:term":[{"taxonomy":"product_cat","embeddable":true,"href":"https:\/\/www.medsconsulting.com\/es\/wp-json\/wp\/v2\/product_cat?post=1618"},{"taxonomy":"product_tag","embeddable":true,"href":"https:\/\/www.medsconsulting.com\/es\/wp-json\/wp\/v2\/product_tag?post=1618"}],"curies":[{"name":"wp","href":"https:\/\/api.w.org\/{rel}","templated":true}]}}