{"id":1572,"date":"2020-10-24T01:39:42","date_gmt":"2020-10-24T01:39:42","guid":{"rendered":"https:\/\/www.medsconsulting.com\/es\/?post_type=product&#038;p=1572"},"modified":"2025-12-24T23:34:09","modified_gmt":"2025-12-24T23:34:09","slug":"comprar-cristales-de-mdma","status":"publish","type":"product","link":"https:\/\/www.medsconsulting.com\/es\/product\/otros\/comprar-cristales-de-mdma\/","title":{"rendered":"Comprar Cristales de MDMA"},"content":{"rendered":"<h2>Comprar Cristales de MDMA<\/h2>\n<p>Comprar cristal de MDMA en l\u00ednea. el env\u00edo es 100% seguro y garantizado con una entrega oportuna por parte de expertos. En 1912, la MDMA fue obtenida por primera vez por una empresa alemana y se supon\u00eda que deb\u00eda usarse como un medio para suprimir el apetito. Desde la d\u00e9cada de 1980, cuando la MDMA lleg\u00f3 a los j\u00f3venes, se hizo popular en todo el mundo gracias a sus propiedades como aumento de la energ\u00eda, deseo sexual, mejora del estado de \u00e1nimo y amor por el mundo.<\/p>\n<p>&nbsp;<\/p>\n<h2>\u00bfQu\u00e9 es la MDMA?<\/h2>\n<p>Crystal MDMA es metilendioximetanfetamina cristalizada, un nombre qu\u00edmico alternativo: 3,4-metilendioximetanfetamina. uno de los f\u00e1rmacos m\u00e1s eficaces para la estimulaci\u00f3n <a href=\"https:\/\/www.medsconsulting.com\/es\/product-category\/salud-de-los-hombres\/\">sexual<\/a>. Productos qu\u00edmicos sobre la base de mikstoterapevticheskoj MDE derivado nueva sustancia que es mucho m\u00e1s fuerte que MDA y MDMA mikstochetka.<\/p>\n<p>Es a partir de MD<a href=\"https:\/\/www.medsconsulting.com\/es\/product\/otros\/comprar-mefedrona-4mmc-en-linea\/\">M<\/a>A que se produce el \u00e9xtasis favorito de todos, por lo que si desea un placer puro y completo de tomar \u00e9xtasis, estos cristales de MDMA se ajustar\u00e1n mejor que nunca.\u00a0comprar cristales de mdma.<\/p>\n<p>&nbsp;<\/p>\n<pre>Comprar MDMA<\/pre>\n<p>Los primeros estudios cient\u00edficos de MDMA se llevaron a cabo en 1912, pero sus propiedades farmacol\u00f3gicas no se estudiaron antes de 1974. El cristal de MDMA es la droga psicoactiva m\u00e1s grande del mundo con doble efecto. Su influencia en la percepci\u00f3n, el sentido de autoconciencia, las emociones y el entorno circundante es profunda cuando se consume en un entorno apropiado con un uso responsable. comprar cristales de mdma.<\/p>\n<p>cristales de mdma en venta,<\/p>\n<p>la composici\u00f3n de las pastillas,<\/p>\n<p>mdma en venta comprar cristales,<\/p>\n<p>en venta comprar cristales mdma,<\/p>\n<p>comprar cristales de mdma,<\/p>\n<p>&nbsp;<\/p>\n<h3>COMPRAR MDMA CRISTAL<\/h3>\n<p>COMPRE MDMA CYSTAL, MDMA CRYSTAL ES LA FORMA CRISTALINA DE 3,4-METYLENDIOXI-N-METILAMPHETAMINA, ADEM\u00c1S DE UNA FORMA M\u00c1S PURA DE \u00c9XTASIS. EN RELACI\u00d3N CON LAS DIFERENCIAS FISIOL\u00d3GICAS, TAMBI\u00c9N LA ABSORCI\u00d3N DE CRISTALES EN EL SISTEMA DIGESTIVO ES ALTA. EN COMPARACI\u00d3N CON LAS <a href=\"https:\/\/www.medsconsulting.com\/es\/product\/otros\/comprar-mdma-en-linea\/\">PASTILLAS<\/a> DE MDMA O EL POLVO EN SUSTANCIAS A-PVP. La MDMA (METIL ENEDIOXI METANFETAMINA).<\/p>\n<pre>Comprar Cristales MDMA en Espa\u00f1a<\/pre>\n<p>&nbsp;<\/p>\n<p>COM\u00daNMENTE LLAMADA \u00c9XTASIS O MOLLY, ES UNA DROGA PSICOACTIVA UTILIZADA COMO DROGA RECREATIVA. LOS EFECTOS DESEADOS INCLUYEN<br \/>\nSENSACIONES ALTERADAS, AUMENTO DE ENERG\u00cdA, EMPAT\u00cdA Y PLACER. SI MEMA SE TOMA POR V\u00cdA ORAL, LOS EFECTOS COMIENZAN EN 30-45 MINUTOS Y DURAN 3-6 HORAS. comprar cristales de mdma<\/p>\n<p>&nbsp;<\/p>\n<p>&nbsp;<\/p>\n<p>&nbsp;<\/p>\n<p>&nbsp;<\/p>\n<p>&nbsp;<\/p>\n","protected":false},"excerpt":{"rendered":"<p>En 1912, la MDMA fue obtenida por primera vez por una empresa alemana y se supon\u00eda que deb\u00eda usarse como un medio para suprimir el apetito.<\/p>\n","protected":false},"featured_media":0,"comment_status":"open","ping_status":"closed","template":"","meta":[],"product_cat":[15],"product_tag":[1928,1929,1932,2193,1425,1931,1933,1935,1937,1934,1930,1936,1938,1399,2189,2192,2190,224,2191],"class_list":{"0":"post-1572","1":"product","2":"type-product","3":"status-publish","5":"product_brand-others","6":"product_cat-otros","7":"product_tag-comprar-cristal-de-mdma","8":"product_tag-comprar-cristal-mdma","9":"product_tag-comprar-cristal-mdma-portugal","10":"product_tag-comprar-cristales-de-mdma","11":"product_tag-comprar-mdma","12":"product_tag-comprar-mdma-espana","13":"product_tag-comprar-mdma-mexico","14":"product_tag-compre-cristal-mdma","15":"product_tag-compre-crystal-mdma-portugal","16":"product_tag-compre-mdma","17":"product_tag-compre-mdma-en-linea","18":"product_tag-compre-mdma-espanha","19":"product_tag-compre-mdma-mexico","20":"product_tag-compre-mdma-online","21":"product_tag-cristales-de-mdma-en-venta","22":"product_tag-en-venta-comprar-cristales-mdma","23":"product_tag-la-composicion-de-las-pastillas","24":"product_tag-mdma","25":"product_tag-mdma-en-venta-comprar-cristales","27":"first","28":"instock","29":"featured","30":"shipping-taxable","31":"purchasable","32":"product-type-variable","33":"has-default-attributes"},"_links":{"self":[{"href":"https:\/\/www.medsconsulting.com\/es\/wp-json\/wp\/v2\/product\/1572","targetHints":{"allow":["GET"]}}],"collection":[{"href":"https:\/\/www.medsconsulting.com\/es\/wp-json\/wp\/v2\/product"}],"about":[{"href":"https:\/\/www.medsconsulting.com\/es\/wp-json\/wp\/v2\/types\/product"}],"replies":[{"embeddable":true,"href":"https:\/\/www.medsconsulting.com\/es\/wp-json\/wp\/v2\/comments?post=1572"}],"wp:attachment":[{"href":"https:\/\/www.medsconsulting.com\/es\/wp-json\/wp\/v2\/media?parent=1572"}],"wp:term":[{"taxonomy":"product_cat","embeddable":true,"href":"https:\/\/www.medsconsulting.com\/es\/wp-json\/wp\/v2\/product_cat?post=1572"},{"taxonomy":"product_tag","embeddable":true,"href":"https:\/\/www.medsconsulting.com\/es\/wp-json\/wp\/v2\/product_tag?post=1572"}],"curies":[{"name":"wp","href":"https:\/\/api.w.org\/{rel}","templated":true}]}}