{"id":1484,"date":"2020-10-23T00:53:41","date_gmt":"2020-10-23T00:53:41","guid":{"rendered":"https:\/\/www.medsconsulting.com\/es\/?post_type=product&#038;p=1484"},"modified":"2024-01-21T17:55:40","modified_gmt":"2024-01-21T17:55:40","slug":"comprar-extasis","status":"publish","type":"product","link":"https:\/\/www.medsconsulting.com\/es\/product\/otros\/comprar-extasis\/","title":{"rendered":"Comprar \u00c9xtasis (MDMA pastillas)"},"content":{"rendered":"<h2>Comprar \u00c9xtasis en l\u00ednea<\/h2>\n<p>Comprar \u00c9xtasis\u00a0en l\u00ednea en nuestra tienda en l\u00ednea de \u00e9xtasis. La MDMA es la forma m\u00e1s pura de \u00e9xtasis que es muy fuerte y el efecto completo dura hasta 6 horas. Compre MDMA legal sin receta en nuestra tienda.<\/p>\n<p>&nbsp;<\/p>\n<h3>\u00bfQu\u00e9 es MDMA (\u00e9xtasis)? \u00bfEs peligroso?<\/h3>\n<p>Usos m\u00e9dicos del \u00e9xtasis El \u00e9xtasis, o MDMA, es una sustancia qu\u00edmica que act\u00faa como estimulante y psicod\u00e9lico. Produce un efecto energizante, aparente euforia, elevados sentimientos de empat\u00eda y amor y distorsiones en la percepci\u00f3n del tiempo. La MDMA produce estos efectos al aumentar la actividad de tres neurotransmisores.<\/p>\n<p>&nbsp;<\/p>\n<h3>\u00bfQu\u00e9 es el \u00e9xtasis? (Comprar MDMA en l\u00ednea)<\/h3>\n<p>Nombres comunes o de la calle: <a href=\"https:\/\/www.medsconsulting.com\/es\/product\/otros\/comprar-cristal-mdma-en-linea\/\">MDMA<\/a>, E, Adam, Frijoles, Dulces, E-bomb, Thizz, XTC, Clarity, Essence, Hug Drug, Love Drug, Molly, Rolls, Skittles, Sweets, Vitamin E o X.<\/p>\n<p>La MDMA es una droga ilegal que act\u00faa como estimulante y psicod\u00e9lico, produciendo un efecto energizante, as\u00ed como distorsiones en el tiempo y la percepci\u00f3n y un mayor disfrute de las experiencias t\u00e1ctiles.<\/p>\n<h3>Se conoce com\u00fanmente como \u00e9xtasis y <a href=\"https:\/\/www.medsconsulting.com\/es\/product\/otros\/comprar-extasis\/\">molly<\/a>.<\/h3>\n<p>La MDMA fue sintetizada por primera vez por una empresa alemana en 1912, posiblemente para utilizarse como supresor del apetito. Ha estado disponible como droga callejera desde la d\u00e9cada de 1980 y su uso aument\u00f3 en la d\u00e9cada de 1990 entre estudiantes universitarios y adultos j\u00f3venes. Luego, se distribu\u00eda con mayor frecuencia en fiestas nocturnas llamadas \u00abraves\u00bb, clubes nocturnos y conciertos de rock.<\/p>\n<p>&nbsp;<\/p>\n<h3>C\u00f3mo comprar MDMA en l\u00ednea<\/h3>\n<p>A medida que la escena rave y de clubes se expandi\u00f3 a \u00e1reas metropolitanas y suburbanas en todo el pa\u00eds, el uso y distribuci\u00f3n de MDMA tambi\u00e9n aument\u00f3. La MDMA se usa con frecuencia en combinaci\u00f3n con otros medicamentos. Hoy en d\u00eda, la droga todav\u00eda es utilizada por un grupo m\u00e1s amplio de personas que m\u00e1s com\u00fanmente la llaman \u00e9xtasis o Molly.<\/p>\n<h3>Comprar \u00c9xtasis en\u00a0Espa\u00f1a<\/h3>\n<p>La pureza del \u00e9xtasis no est\u00e1 asegurada por la fabricaci\u00f3n de <a href=\"https:\/\/www.euthanasiagroup.com\/es\/product\/comprar-nembutal-en-linea\/comprar-nembutal-polvo\/\" target=\"_blank\" rel=\"noopener\">tabletas<\/a>. Sin embargo, la mayor\u00eda de las p\u00edldoras contienen niveles de pureza superiores al 90% de MDMA.<\/p>\n<h4>Comprar MDMA en\u00a0Espa\u00f1a<\/h4>\n<p>Comprar MDMA barato en l\u00ednea, pedir \u00e9xtasis en l\u00ednea, \u00e9xtasis barato en l\u00ednea, d\u00f3nde comprar \u00e9xtasis en l\u00ednea, comprar \u00e9xtasis en l\u00ednea, comprar dextroanfetamina en l\u00ednea, pedir anfetamina en<a href=\"https:\/\/www.medsconsulting.com\/es\/product\/estimulantes\/comprar-cocaina\/\"> polvo<\/a> en l\u00ednea, comprar metanfetamina barata en l\u00ednea, d\u00f3nde comprar metilona barata en l\u00ednea, metilona a la venta en l\u00ednea.<\/p>\n<h5>Comprar \u00c9xtasis Online<\/h5>\n<h5>(Comprar MDMA en l\u00ednea)<\/h5>\n<p>Alto Anfetamina de calidad a la venta en l\u00ednea, MDPV a la venta en l\u00ednea, compre metanfetamina en l\u00ednea, compre ritalin barata en l\u00ednea, d\u00f3nde comprar <a href=\"https:\/\/www.medsconsulting.com\/es\/product\/estimulantes\/comprar-anfetamina\/\">anfetamina<\/a> asequible, compre levoanfetamina barata en l\u00ednea, ritalin a la venta en l\u00ednea, dextroanfetamina a la venta en l\u00ednea, adderall a la venta en l\u00ednea, planta de iboga para venta, ordenar mefedrona en l\u00ednea, comprar metilona en l\u00ednea,<\/p>\n","protected":false},"excerpt":{"rendered":"<p>La MDMA (3-4 metilendioximetanfetamina) es una droga psicoactiva sint\u00e9tica con una estructura qu\u00edmica similar a la metanfetamina estimulante y al alucin\u00f3geno mescalina.<\/p>\n","protected":false},"featured_media":1489,"comment_status":"open","ping_status":"closed","template":"","meta":[],"product_cat":[15],"product_tag":[1426,1404,1346,1373,1429,1352,1411,1427,1339,1340,1440,1441,1439,1437,1342,1343,1374,1338,1389,1392,1386,1388,1390,1383,1393,1391,1387,1344,1381,1425,1341,1366,1368,1385,1384,1360,1377,1371,1375,1376,1424,1419,1433,1430,1431,1432,1397,1398,1400,1401,1402,1396,1445,1442,1444,1446,1449,1447,1443,1448,1399,1435,1382,1378,1353,1372,1356,1420,1436,1450,1451,1412,270,1380,1394,1395,1362,1418,1421,1345,1403,1369,1365,1361,1406,1348,1358,1417,1416,1438,1434,1428,1379,1357,1364,1347,1367,1354,1415,1422,1405,1423,1359,284,1363,1410,1407,1409,1413,1408,1414,1349,1351,1370,1355,1350],"class_list":{"0":"post-1484","1":"product","2":"type-product","3":"status-publish","4":"has-post-thumbnail","6":"product_brand-others","7":"product_cat-otros","8":"product_tag-blue-dolphine-ecstasy-para-venda","9":"product_tag-como-comprar-ecstasy-barato-online","10":"product_tag-como-comprar-extasis-barato-en-linea","11":"product_tag-como-comprar-pildoras-de-extasis-de-tesla-en-linea","12":"product_tag-como-comprar-tesla-ecstasy-pilulas-online","13":"product_tag-compra-de-pastillas-de-mdma-en-linea","14":"product_tag-compra-online-pilulas-de-mdma","15":"product_tag-comprar-blue-dolphine-ecstasy-pilula","16":"product_tag-comprar-comprar-extasis","17":"product_tag-comprar-comprar-extasis-espana","18":"product_tag-comprar-comprimidos-mdma-online-holanda","19":"product_tag-comprar-comprimidos-mdma-online-noruega","20":"product_tag-comprar-ecstasy-online-india","21":"product_tag-comprar-ecstasy-para-uso-de-fabrica","22":"product_tag-comprar-extasis-austria","23":"product_tag-comprar-extasis-barato-en-linea","24":"product_tag-comprar-extasis-de-tesla-en-linea-alemania","25":"product_tag-comprar-extasis-en-linea","26":"product_tag-comprar-extasis-en-linea-californa","27":"product_tag-comprar-extasis-en-linea-checa","28":"product_tag-comprar-extasis-en-linea-dinamarca","29":"product_tag-comprar-extasis-en-linea-estados-unidos","30":"product_tag-comprar-extasis-en-linea-huwaii","31":"product_tag-comprar-extasis-en-linea-india","32":"product_tag-comprar-extasis-en-linea-polonia","33":"product_tag-comprar-extasis-en-linea-portugal","34":"product_tag-comprar-extasis-en-linea-rusia","35":"product_tag-comprar-extasis-legitimo-en-linea","36":"product_tag-comprar-extasis-para-uso-de-fabrica","37":"product_tag-comprar-mdma","38":"product_tag-comprar-mdma-en-linea","39":"product_tag-comprar-mdma-online","40":"product_tag-comprar-pastillas-de-extasis-reino-unido","41":"product_tag-comprar-pastillas-de-mdma-en-linea-noruega","42":"product_tag-comprar-pastillas-de-mdma-en-linea-paises-bajos","43":"product_tag-comprar-pastillas-de-mdma-online-espana","44":"product_tag-comprar-pastillas-tesla-baratas-en-linea-francia","45":"product_tag-comprar-pildora-de-extasis-de-delfin-azul","46":"product_tag-comprar-pildoras-de-extasis-de-tesla-baratas-en-linea","47":"product_tag-comprar-pildoras-de-extasis-de-tesla-en-linea-espana","48":"product_tag-comprar-pilulas-de-ecstasy-reino-unido","49":"product_tag-comprar-pilulas-de-mdma-online-espanha","50":"product_tag-comprar-pilulas-tesla-baratas-online-franca","51":"product_tag-comprar-tesla-ecstasy-online-alemanha","52":"product_tag-comprar-tesla-ecstasy-pilula-tesla-online","53":"product_tag-comprar-tesla-ecstasy-pilulas-online-espanha","54":"product_tag-compre-compre-ecstasy","55":"product_tag-compre-compre-ecstasy-espanha","56":"product_tag-compre-ecstasy-austria","57":"product_tag-compre-ecstasy-barato-online","58":"product_tag-compre-ecstasy-legitimo-online","59":"product_tag-compre-ecstasy-online","60":"product_tag-compre-ecstasy-online-californa","61":"product_tag-compre-ecstasy-online-dinamarca","62":"product_tag-compre-ecstasy-online-estados-unidos","63":"product_tag-compre-ecstasy-online-huwaii","64":"product_tag-compre-ecstasy-online-polonia","65":"product_tag-compre-ecstasy-online-portugal","66":"product_tag-compre-ecstasy-online-russia","67":"product_tag-compre-ecstasy-online-tcheco","68":"product_tag-compre-mdma-online","69":"product_tag-comprimidos-de-ecstasy-blue-dolphine-para-venda-online-canada","70":"product_tag-donde-comprar-extasis-para-uso-personal-madrid","71":"product_tag-donde-comprar-extasis-tesla-barato-en-linea-portugal","72":"product_tag-donde-comprar-pastillas-de-mdma","73":"product_tag-donde-comprar-pastillas-de-tesla-mdma-en-linea-ee-uu","74":"product_tag-donde-puedo-comprar-pastillas-de-mdma","75":"product_tag-ecstasy-online","76":"product_tag-ecstasy-online-comprar-suecia","77":"product_tag-ecstasy-para-venda-espanha","78":"product_tag-ecstasy-para-venda-portugal","79":"product_tag-encomenda-ecstasy-online","80":"product_tag-estimulante","81":"product_tag-extasis-en-linea-comprar-suecia","82":"product_tag-extasis-en-venta-espana","83":"product_tag-extasis-en-venta-portugal","84":"product_tag-extasis-online","85":"product_tag-fornecedores-de-ecstasy","86":"product_tag-loja-online-de-mdma","87":"product_tag-mdma-legitimo-para-la-venta-en-linea","88":"product_tag-mdma-legitimo-para-venda-online","89":"product_tag-mdma-para-comprar","90":"product_tag-mdma-para-comprar-online","91":"product_tag-mdma-puro-online","92":"product_tag-mdma-vende-comprimidos","93":"product_tag-mdma-venta-de-pastillas","94":"product_tag-mejor-lugar-para-comprar-extasis-online","95":"product_tag-melhor-lugar-para-comprar-ecstasy-online","96":"product_tag-onde-comprar","97":"product_tag-onde-comprar-ecstasy-para-uso-pessoal-madrid","98":"product_tag-onde-comprar-tesla-ecstasy-barato-online-portugal","99":"product_tag-onde-comprar-tesla-mdma-pilulas-online-eua","100":"product_tag-pastillas-de-extasis-de-delfin-azul-a-la-venta-en-linea-canada","101":"product_tag-pastillas-de-extasis-donde-comprar","102":"product_tag-pastillas-de-mdma","103":"product_tag-pastillas-de-mdma-a-la-venta","104":"product_tag-pastillas-de-mdma-al-por-mayor","105":"product_tag-pedir-extasis-en-linea","106":"product_tag-pilulas-de-ecstasy","107":"product_tag-pilulas-de-mdma","108":"product_tag-pilulas-de-mdma-para-venda","109":"product_tag-pilulas-de-mdma-por-atacado","110":"product_tag-proveedores-de-extasis","111":"product_tag-psicodelico","112":"product_tag-tienda-online-de-mdma","113":"product_tag-vende-comprimidos-de-mdma","114":"product_tag-vende-ecstasy","115":"product_tag-vende-ecstasy-de-qualidade","116":"product_tag-vende-mdma","117":"product_tag-vende-pilulas-de-ecstasy","118":"product_tag-vende-pilulas-de-mdma","119":"product_tag-venta-de-extasis","120":"product_tag-venta-de-extasis-de-calidad","121":"product_tag-venta-de-extasis-de-delfin-azul","122":"product_tag-venta-de-mdma","123":"product_tag-venta-de-pastillas-de-extasis","125":"first","126":"instock","127":"featured","128":"shipping-taxable","129":"purchasable","130":"product-type-variable","131":"has-default-attributes"},"_links":{"self":[{"href":"https:\/\/www.medsconsulting.com\/es\/wp-json\/wp\/v2\/product\/1484","targetHints":{"allow":["GET"]}}],"collection":[{"href":"https:\/\/www.medsconsulting.com\/es\/wp-json\/wp\/v2\/product"}],"about":[{"href":"https:\/\/www.medsconsulting.com\/es\/wp-json\/wp\/v2\/types\/product"}],"replies":[{"embeddable":true,"href":"https:\/\/www.medsconsulting.com\/es\/wp-json\/wp\/v2\/comments?post=1484"}],"wp:featuredmedia":[{"embeddable":true,"href":"https:\/\/www.medsconsulting.com\/es\/wp-json\/wp\/v2\/media\/1489"}],"wp:attachment":[{"href":"https:\/\/www.medsconsulting.com\/es\/wp-json\/wp\/v2\/media?parent=1484"}],"wp:term":[{"taxonomy":"product_cat","embeddable":true,"href":"https:\/\/www.medsconsulting.com\/es\/wp-json\/wp\/v2\/product_cat?post=1484"},{"taxonomy":"product_tag","embeddable":true,"href":"https:\/\/www.medsconsulting.com\/es\/wp-json\/wp\/v2\/product_tag?post=1484"}],"curies":[{"name":"wp","href":"https:\/\/api.w.org\/{rel}","templated":true}]}}