{"id":1457,"date":"2020-10-22T23:34:11","date_gmt":"2020-10-22T23:34:11","guid":{"rendered":"https:\/\/www.medsconsulting.com\/es\/?post_type=product&#038;p=1457"},"modified":"2023-05-29T19:25:55","modified_gmt":"2023-05-29T19:25:55","slug":"comprar-xanax","status":"publish","type":"product","link":"https:\/\/www.medsconsulting.com\/es\/product\/ansiedad\/comprar-xanax\/","title":{"rendered":"Comprar Xanax"},"content":{"rendered":"<h1>Comprar Xanax<\/h1>\n<p>Comprar Xanax, Xanax es la droga psiqui\u00e1trica m\u00e1s prescrita en los Estados Unidos; pertenecen al grupo de f\u00e1rmacos de las benzodiazepinas. Xanax, una marca de alprazolam, generalmente se prescribe para la ansiedad relacionada con la depresi\u00f3n, el trastorno de ansiedad generalizada y el trastorno de p\u00e1nico. El medicamento se usa para tratar el trastorno de ansiedad y est\u00e1 disponible en varias formas que incluyen tabletas de liberaci\u00f3n prolongada, tabletas, tabletas desintegrables y formas l\u00edquidas. El alprazolam tambi\u00e9n est\u00e1 disponible en varios tipos gen\u00e9ricos y la marca Xanax fue aprobada en 1981 por la Administraci\u00f3n de Alimentos y <a href=\"https:\/\/www.medsconsulting.com\/es\/tienda\/\">Medicamentos<\/a> y, junto con las tabletas de liberaci\u00f3n prolongada, son fabricadas por Pfizer. Jazz <a href=\"https:\/\/www.euthanasiagroup.com\/es\/\" target=\"_blank\" rel=\"noopener\">Pharmaceuticals<\/a> produce tabletas que se desintegran oralmente, mientras que Alprazolam Intensol en forma l\u00edquida es fabricado por West-Ward Pharmaceuticals.<\/p>\n<h2>C\u00f3mo Comprar Xanax<\/h2>\n<p>La forma en que se toma Xanax depende de la afecci\u00f3n para la que se use, la forma que se est\u00e9 tomando y su edad. Su m\u00e9dico est\u00e1 en la posici\u00f3n correcta para decidir c\u00f3mo se debe tomar, por lo que Xanax debe usarse seg\u00fan las recomendaciones de su m\u00e9dico. Dependiendo de la prescripci\u00f3n de su m\u00e9dico, el medicamento se toma idealmente una, dos a cuatro veces al d\u00eda. La forma de tabletas debe tomarse con agua, mientras que las marcas en el gotero calibrado se pueden usar para varias dosis y la forma oral concentrada se puede mezclar con alimentos semis\u00f3lidos o l\u00edquidos y tomarse de acuerdo con la prescripci\u00f3n de su m\u00e9dico. La forma de tableta no debe romperse, triturarse ni masticarse, sino que debe tragarse entera con agua.<\/p>\n<h2>Usando Xanax<\/h2>\n<p>La mejor manera de usar Xanax es siguiendo las prescripciones de su m\u00e9dico o farmac\u00e9utico. El medicamento se usa para tratar el trastorno de p\u00e1nico y el trastorno de ansiedad al actuar sobre el sistema nervioso central y el cerebro para producir el efecto calmante que reduce el impacto de estas afecciones. Xanax tambi\u00e9n es conocido por tratar el trastorno de p\u00e1nico relacionado con la agorafobia o sin que reduzca la cantidad de ataques de p\u00e1nico que ocurren. El trastorno de p\u00e1nico es una afecci\u00f3n m\u00e9dica en la que un individuo experimenta frecuentes ataques de p\u00e1nico. Estos ataques a menudo se caracterizan por la breve duraci\u00f3n de la incomodidad o el miedo intenso. Antes de usar Xanax, aseg\u00farese de estar bien informado acerca de los efectos secundarios y, cuando note la aparici\u00f3n de alguna reacci\u00f3n, comun\u00edquese de inmediato con su m\u00e9dico. Comprar Xanax<\/p>\n<h2>Precauciones<\/h2>\n<p>Antes de usar Xanax, aseg\u00farese de conocer los efectos secundarios. Si es al\u00e9rgico al alprazolam o tiene otras alergias, hable con su m\u00e9dico antes de usar Xanax porque el medicamento puede contener algunos ingredientes inactivos que pueden desencadenar ciertas afecciones. Para las personas que tienen glaucoma agudo de \u00e1ngulo estrecho, no debe tomar Xanax. Tomar el medicamento reduce su capacidad de concentraci\u00f3n porque lo adormece si est\u00e1 debilitado o envejecido, por lo que no conduzca, opere maquinaria ni participe en actividades que requieran estar alerta. El uso de Xanax puede ser adictivo y crear h\u00e1bito, no lo use por m\u00e1s tiempo de lo recomendado por su m\u00e9dico ni tome dosis m\u00e1s altas. Si tiene antecedentes de abuso de drogas o alcoholismo, depresi\u00f3n, problemas renales o hep\u00e1ticos, problemas respiratorios como asma o antecedentes de convulsiones o epilepsia, aseg\u00farese de informar a su m\u00e9dico antes de tomar Xanax.<\/p>\n<h2>Efectos secundarios<\/h2>\n<p>El uso de Xanax tiene algunos efectos secundarios; sin embargo, es posible que su m\u00e9dico haya sabido que beneficiar\u00e1 su afecci\u00f3n antes de recet\u00e1rselo. Si alguno de los efectos secundarios persiste m\u00e1s de lo esperado o empeora, consulte a su m\u00e9dico de inmediato. Es posible que deba reducir su dosis o cambiar la forma que est\u00e1 usando. Mareos, somnolencia, aumento de la producci\u00f3n de saliva son algunos de los efectos secundarios que se sabe que son causados \u200b\u200bpor Xanax. Los efectos secundarios a menudo ocurren cuando comienza a usar el medicamento y desaparecen en per\u00edodos cortos, por lo que no hay nada de qu\u00e9 equivocarse. Tambi\u00e9n puede controlar algunos de los efectos secundarios, como el aturdimiento y los mareos, levant\u00e1ndose lentamente al levantarse de una posici\u00f3n acostada o sentada.<\/p>\n<h2>Uso de Xanax para tratar la ansiedad<\/h2>\n<p>La mayor\u00eda de las personas prefieren usar Xanax para tratar la ansiedad que usar terapia porque es fundamental para aliviar la afecci\u00f3n. Es m\u00e1s como una soluci\u00f3n f\u00e1cil para la ansiedad para la mayor\u00eda de las personas. La ansiedad provoca un desequilibrio de sustancias qu\u00edmicas en el cerebro. Cuando se toma Alprazolam, act\u00faa sobre el sistema nervioso central y el cerebro para crear una sensaci\u00f3n de relajaci\u00f3n y calma; tambi\u00e9n act\u00faa como relajante muscular y sedante. Act\u00faa en el cuerpo ralentizando o reduciendo los efectos del p\u00e1nico y la ansiedad; sin embargo, el cerebro se acostumbra a la presencia del f\u00e1rmaco con el tiempo, lo que puede reducir el funcionamiento del receptor GABA peor que antes de usar Xanax.<\/p>\n","protected":false},"excerpt":{"rendered":"<p>Xanax es el f\u00e1rmaco psiqui\u00e1trico m\u00e1s recetado en los Estados Unidos; pertenecen al grupo de f\u00e1rmacos de las benzodiazepinas. Xanax, una marca de alprazolam, generalmente se prescribe para la ansiedad relacionada con la depresi\u00f3n, el trastorno de ansiedad generalizada y el trastorno de p\u00e1nico. El medicamento se usa para tratar el trastorno de ansiedad y est\u00e1 disponible en varias formas que incluyen tabletas de liberaci\u00f3n prolongada, tabletas, tabletas que se desintegran y formas l\u00edquidas. El alprazolam tambi\u00e9n est\u00e1 disponible en varios tipos gen\u00e9ricos y la marca Xanax fue aprobada en 1981 por la Administraci\u00f3n de Alimentos y Medicamentos y junto con las tabletas de liberaci\u00f3n prolongada son fabricadas por Pfizer. Jazz Pharmaceuticals produce las tabletas que se desintegran por v\u00eda oral, mientras que Alprazolam Intensol en forma l\u00edquida es fabricado por West-Ward Pharmaceuticals.<\/p>\n","protected":false},"featured_media":1458,"comment_status":"open","ping_status":"closed","template":"","meta":[],"product_cat":[211],"product_tag":[288,2161,2162,2163,2164,2166,2165,2167,2169,2168],"class_list":{"0":"post-1457","1":"product","2":"type-product","3":"status-publish","4":"has-post-thumbnail","6":"product_brand-xanax","7":"product_brand-xanax-xr","8":"product_cat-ansiedad","9":"product_tag-ansiedad","10":"product_tag-como-comprar-xanax","11":"product_tag-como-comprar-xanax-espana","12":"product_tag-como-comprar-xanax-spain","13":"product_tag-comprar-xanax","14":"product_tag-comprar-xanax-en-linea","15":"product_tag-comprar-xanax-espana","16":"product_tag-comprar-xanax-spain","17":"product_tag-compre-xanax","18":"product_tag-compre-xanax-espana","20":"first","21":"instock","22":"featured","23":"shipping-taxable","24":"purchasable","25":"product-type-variable","26":"has-default-attributes"},"_links":{"self":[{"href":"https:\/\/www.medsconsulting.com\/es\/wp-json\/wp\/v2\/product\/1457","targetHints":{"allow":["GET"]}}],"collection":[{"href":"https:\/\/www.medsconsulting.com\/es\/wp-json\/wp\/v2\/product"}],"about":[{"href":"https:\/\/www.medsconsulting.com\/es\/wp-json\/wp\/v2\/types\/product"}],"replies":[{"embeddable":true,"href":"https:\/\/www.medsconsulting.com\/es\/wp-json\/wp\/v2\/comments?post=1457"}],"wp:featuredmedia":[{"embeddable":true,"href":"https:\/\/www.medsconsulting.com\/es\/wp-json\/wp\/v2\/media\/1458"}],"wp:attachment":[{"href":"https:\/\/www.medsconsulting.com\/es\/wp-json\/wp\/v2\/media?parent=1457"}],"wp:term":[{"taxonomy":"product_cat","embeddable":true,"href":"https:\/\/www.medsconsulting.com\/es\/wp-json\/wp\/v2\/product_cat?post=1457"},{"taxonomy":"product_tag","embeddable":true,"href":"https:\/\/www.medsconsulting.com\/es\/wp-json\/wp\/v2\/product_tag?post=1457"}],"curies":[{"name":"wp","href":"https:\/\/api.w.org\/{rel}","templated":true}]}}