{"id":1424,"date":"2020-10-22T21:56:56","date_gmt":"2020-10-22T21:56:56","guid":{"rendered":"https:\/\/www.medsconsulting.com\/es\/?post_type=product&#038;p=1424"},"modified":"2022-12-06T15:07:09","modified_gmt":"2022-12-06T15:07:09","slug":"viagra-generico","status":"publish","type":"product","link":"https:\/\/www.medsconsulting.com\/es\/product\/salud-de-la-mujer\/viagra-generico\/","title":{"rendered":"Viagra Femenino Gen\u00e9rico"},"content":{"rendered":"<h2>Descripci\u00f3n<br \/>\nViagra femenino gen\u00e9rico a la venta<\/h2>\n<p>No hubo nada para el aumento del impulso sexual femenino en el mercado farmac\u00e9utico hace 10 a\u00f1os. Hay muchas investigaciones cient\u00edficas que confirman que las mujeres tambi\u00e9n padecen trastornos sexuales. Pero este problema se ha considerado solo en los \u00faltimos a\u00f1os.<\/p>\n<p>En 2015, Female Viagra apareci\u00f3 en el mercado. Fue desarrollado por los mejores farmac\u00e9uticos indios que mejoraron la f\u00f3rmula de Sildenafil y la ajustaron para las mujeres. Este medicamento fue aprobado por la FDA en el tercer intento. Los intentos de implementar Female Viagra en el mercado fueron en 2010, pero el medicamento tuvo muchos efectos secundarios, por lo que la FDA no permiti\u00f3 vender el medicamento dentro del territorio de los EE. UU. Al mejorar la f\u00f3rmula y aumentar el nivel de seguridad farmacol\u00f3gica, los fabricantes de Female Viagra obtuvieron un permiso e hicieron felices a todas las mujeres del mundo.<\/p>\n<p>Todas las mujeres pueden comprar Viagra Femenino con receta en las farmacias de la ciudad. Todas las farmacias tienen este medicamento al igual que el Viagra masculino. Pero hay un problema: no todas las mujeres quieren visitar a un m\u00e9dico y hablar sobre sus problemas sexuales. Sin embargo, hay una salida.<\/p>\n<h2>Viagra femenino sin receta en l\u00ednea<\/h2>\n<p>No tener receta no es un problema. Hoy existe la oportunidad de comprar Viagra Femenino en l\u00ednea sin tener que ir al m\u00e9dico. No hagas filas, no pierdas el tiempo. Todo lo que necesita hacer es ir al sitio web y ordenar Viagra Femenino Gen\u00e9rico.<br \/>\nNota bene! Cuantas m\u00e1s pastillas de Viagra Femenino compre online, m\u00e1s dinero ahorrar\u00e1. Una f\u00f3rmula simple funciona bien. El paquete con Viagra Femenino sin receta se entregar\u00e1 directamente en su casa, la entrega tardar\u00e1 varios d\u00edas. Vale la pena esperar.<\/p>\n<h2>Alguna informaci\u00f3n sobre Female Viagra<\/h2>\n<p>Female Viagra ha sido desarrollado para el tratamiento del trastorno hipoactivo del deseo sexual. A las mujeres con bajo impulso sexual y una total ausencia de inter\u00e9s por el sexo se les diagnostica este trastorno. Las mujeres que tienen un desequilibrio qu\u00edmico en el cerebro a menudo tienen este diagn\u00f3stico.<\/p>\n<p>Female Viagra es capaz de eliminar este desequilibrio y devolver un fuerte impulso sexual. No confunda el Viagra femenino y el Viagra masculino. Estos medicamentos son completamente diferentes.<\/p>\n<p>Female Viagra es un potente estimulador sexual cuya acci\u00f3n se centra en la recuperaci\u00f3n del deseo sexual. Los procesos fisiol\u00f3gicos de una mujer se modifican ligeramente en el marco de la activaci\u00f3n de los centros cerebrales responsables del impulso sexual.<\/p>\n<p>Solo una pastilla de Female Viagra ayuda a la mujer a ponerse cachonda, mejora la circulaci\u00f3n sangu\u00ednea en los genitales, aumenta la producci\u00f3n de lubricante y se reducen las sensaciones dolorosas. Adem\u00e1s, todos los receptores se vuelven sensibles en los genitales. Incluso si olvid\u00f3 lo que es el orgasmo, lo tendr\u00e1 despu\u00e9s de usar la p\u00edldora.<\/p>\n<p>\u00a1Cada mujer que ha probado Female Viagra ha tenido todo el poder! Usted toma Female Viagra cada vez que quiera tener una relaci\u00f3n sexual intensa, y seguramente obtendr\u00e1 el m\u00e1ximo efecto.<\/p>\n<h2>Recomendaciones de uso<\/h2>\n<p>En caso de trastorno hipoactivo intenso del impulso sexual, se recomienda tomar Viagra femenino todos los d\u00edas durante varios meses. Este esquema de tratamiento ayuda a restaurar m\u00e1s r\u00e1pidamente el deseo sexual y reducir la necesidad de las p\u00edldoras.<br \/>\nSi una mujer solo quiere aumentar las sensaciones durante las relaciones sexuales, es necesario tomar Viagra Femenino antes de la relaci\u00f3n sexual.<br \/>\n&#8211; Las p\u00edldoras femeninas de Viagra se toman una hora antes de tener relaciones sexuales<br \/>\n&#8211; La mejor manera de tomar Female Viagra es con el est\u00f3mago vac\u00edo y suficiente agua.<br \/>\n&#8211; Una pastilla contiene la dosis m\u00e1xima de los ingredientes activos &#8211; 100 mg<br \/>\n&#8211; Una pastilla de Female Viagra 100 mg es suficiente para garantizar la energ\u00eda y el deseo sexual durante 4-6 horas.<\/p>\n<p>Viagra femenino se puede tomar todos los d\u00edas. Este medicamento no tiene efectos secundarios en el cuerpo y no causa adicci\u00f3n. Pero es muy importante seguir la dosis y tomar una pastilla al d\u00eda. Si toma m\u00e1s p\u00edldoras, se producir\u00e1n los efectos secundarios.<\/p>\n<h2>Disfunci\u00f3n sexual femenina<\/h2>\n<p>La disfunci\u00f3n sexual femenina es una condici\u00f3n patol\u00f3gica muy com\u00fan que pertenece a la variedad de los trastornos de la libido (impulso sexual), y tambi\u00e9n trastornos de la excitaci\u00f3n, orgasmo, dolor relacionado con la actividad sexual, etc.<br \/>\nTodos estos s\u00edntomas provocan un gran malestar en la mujer por lo que aparece la frigidez femenina, se pierde el inter\u00e9s por la intimidad e incluso se desarrolla como resultado el disgusto por el sexo.<br \/>\nLa disfunci\u00f3n sexual femenina, a diferencia de la marcada, puede ser completamente sin ning\u00fan s\u00edntoma para la pareja sexual, y solo la mujer sentir\u00e1 dolor durante las relaciones sexuales, sin excitaci\u00f3n sexual y baja libido. Desafortunadamente, el problema de la disfunci\u00f3n sexual femenina rara vez se considera en la medicina debido a esa raz\u00f3n.<br \/>\nSi la disfunci\u00f3n er\u00e9ctil de los hombres no permite tener relaciones sexuales, la disfunci\u00f3n sexual femenina no impide la actividad sexual pero provoca una gran incomodidad e incluso dolor.<\/p>\n<p>Razones<br \/>\nGrandes b\u00fasquedas m\u00e9dicas han demostrado que la disfunci\u00f3n sexual femenina tiene una forma psic\u00f3gena en el 80% de los casos.<br \/>\nOrgasmo di<\/p>\n<p>La tristeza y la libido baja est\u00e1n relacionadas con la supresi\u00f3n emocional de la mujer. Las causas de la baja excitaci\u00f3n pueden ser enfermedades mentales, patolog\u00eda endocrina, desequilibrio sexual de la pareja, abuso de alcohol y drogas, fatiga, estr\u00e9s, depresi\u00f3n, por lo que se sufre el sistema nervioso central.<br \/>\nEn raras ocasiones, alrededor del 20% de los casos de disfunci\u00f3n sexual femenina incluyen trastornos hormonales y diferentes enfermedades cr\u00f3nicas \/ agudas: trastornos neurol\u00f3gicos y endocrinos, trastornos de los vasos, tumores de la corteza suprarrenal, ovarios y cerebro.<\/p>\n<p><strong>Tratamiento<\/strong>:<br \/>\nEn el caso de la raz\u00f3n hormonal \/ f\u00edsica de las disfunciones sexuales femeninas, el tratamiento se reduce al uso de medicamentos para restaurar el nivel de estr\u00f3genos \/ testosterona y reducir los s\u00edntomas de la enfermedad. En este caso, el tratamiento permite restaurar por completo la salud sexual de la mujer y mejorar la intimidad.<br \/>\nPero a menudo, las mujeres necesitan un tratamiento m\u00e1s complejo porque las razones de la disfunci\u00f3n sexual son los trastornos psicol\u00f3gicos. Se necesita la terapia con medicamentos y la ayuda del sex\u00f3logo \/ psic\u00f3logo.<br \/>\nEs necesario averiguar por qu\u00e9 a la mujer le desagrada la intimidad, qu\u00e9 le impide relajarse \/ excitarse. El placer propio juega un papel importante en la terapia de las disfunciones sexuales femeninas, un m\u00e9todo para comprender si se puede alcanzar el orgasmo y la relajaci\u00f3n.<br \/>\nPara mejorar la libido y aumentar la excitaci\u00f3n sexual, los m\u00e9dicos tambi\u00e9n pueden recetar Female Viagra. Con la ayuda de este f\u00e1rmaco, la mujer puede sentir la din\u00e1mica positiva de los s\u00edntomas de la disfunci\u00f3n sexual y disfrutar de la intimidad. Despu\u00e9s del uso prolongado de Female Viagra, la sensibilidad del cuerpo femenino mejora a la estimulaci\u00f3n sexual y se trata la disfunci\u00f3n sexual.<\/p>\n","protected":false},"excerpt":{"rendered":"<p><strong>CITRATO DE SILDENAFILO<\/strong><\/p>\n<p><img loading=\"lazy\" decoding=\"async\" class=\"alignnone size-full wp-image-1433\" src=\"https:\/\/www.medsconsulting.com\/es\/wp-content\/uploads\/sites\/3\/2020\/10\/female-viagra.gif\" alt=\"Generic Female Viagra\" width=\"80\" height=\"65\" \/><\/p>\n<p>Un mill\u00f3n de mujeres en todo el mundo sufren de angustia sexual debido al bajo impulso sexual. La causa principal es la falta de confianza en uno mismo y la circulaci\u00f3n sangu\u00ednea restringida en los genitales. pero hay una soluci\u00f3n. Female Viagra ha sido especialmente desarrollado para mujeres con bajo deseo sexual con el fin de restaurar el desequilibrio en el cuerpo y lograr un pico de excitaci\u00f3n sexual.Female Viagra is available on the internet. Buying it on meds consulting site you will have a discount of up to 50%.<\/p>\n","protected":false},"featured_media":1434,"comment_status":"open","ping_status":"closed","template":"","meta":[],"product_cat":[147],"product_tag":[291,289,290,206],"class_list":{"0":"post-1424","1":"product","2":"type-product","3":"status-publish","4":"has-post-thumbnail","6":"product_brand-sildenafil-citrate","7":"product_cat-salud-de-la-mujer","8":"product_tag-femenino","9":"product_tag-mujeres","10":"product_tag-salud-de-la-mujer","11":"product_tag-viagra","13":"first","14":"instock","15":"shipping-taxable","16":"purchasable","17":"product-type-variable"},"_links":{"self":[{"href":"https:\/\/www.medsconsulting.com\/es\/wp-json\/wp\/v2\/product\/1424","targetHints":{"allow":["GET"]}}],"collection":[{"href":"https:\/\/www.medsconsulting.com\/es\/wp-json\/wp\/v2\/product"}],"about":[{"href":"https:\/\/www.medsconsulting.com\/es\/wp-json\/wp\/v2\/types\/product"}],"replies":[{"embeddable":true,"href":"https:\/\/www.medsconsulting.com\/es\/wp-json\/wp\/v2\/comments?post=1424"}],"wp:featuredmedia":[{"embeddable":true,"href":"https:\/\/www.medsconsulting.com\/es\/wp-json\/wp\/v2\/media\/1434"}],"wp:attachment":[{"href":"https:\/\/www.medsconsulting.com\/es\/wp-json\/wp\/v2\/media?parent=1424"}],"wp:term":[{"taxonomy":"product_cat","embeddable":true,"href":"https:\/\/www.medsconsulting.com\/es\/wp-json\/wp\/v2\/product_cat?post=1424"},{"taxonomy":"product_tag","embeddable":true,"href":"https:\/\/www.medsconsulting.com\/es\/wp-json\/wp\/v2\/product_tag?post=1424"}],"curies":[{"name":"wp","href":"https:\/\/api.w.org\/{rel}","templated":true}]}}