{"id":1397,"date":"2020-10-22T19:32:31","date_gmt":"2020-10-22T19:32:31","guid":{"rendered":"https:\/\/www.medsconsulting.com\/es\/?post_type=product&#038;p=1397"},"modified":"2020-10-30T12:41:00","modified_gmt":"2020-10-30T12:41:00","slug":"generico-priligy","status":"publish","type":"product","link":"https:\/\/www.medsconsulting.com\/es\/product\/salud-de-los-hombres\/generico-priligy\/","title":{"rendered":"Priligy gen\u00e9rico"},"content":{"rendered":"<h2>Descripci\u00f3n<br \/>\nPriligy sin receta en l\u00ednea<\/h2>\n<p>Los hombres de 16 a 65 a\u00f1os est\u00e1n sujetos a la eyaculaci\u00f3n precoz. En caso de alta excitaci\u00f3n sexual o raras relaciones sexuales, la eyaculaci\u00f3n precoz no es una patolog\u00eda y no deber\u00eda molestar al hombre. Un grado de excitaci\u00f3n sexual se reduce despu\u00e9s de 1-2 eyaculaciones, las terminaciones nerviosas del pene se vuelven menos sensibles y se regula la duraci\u00f3n de las relaciones sexuales.<br \/>\nSi la eyaculaci\u00f3n precoz no tiene causas objetivas y la duraci\u00f3n de la relaci\u00f3n sexual toma menos de 2-3 minutos, preste atenci\u00f3n.<\/p>\n<p>\u00abLa eyaculaci\u00f3n precoz es tratable\u00bb A pesar de la opini\u00f3n com\u00fan de que es imposible tratar la eyaculaci\u00f3n precoz, la medicina moderna ofrece cada vez m\u00e1s m\u00e9todos para prevenir y tratar este trastorno. Uno de los f\u00e1rmacos m\u00e1s disponibles y eficaces para el tratamiento de este trastorno sexual es Priligy.<\/p>\n<p>Priligy es el \u00fanico f\u00e1rmaco en el mercado farmac\u00e9utico de EE. UU. Que aumenta la duraci\u00f3n de las relaciones sexuales y est\u00e1 aprobado por la FDA. Ahora Priligy est\u00e1 a la venta no solo en las farmacias de la ciudad, sino tambi\u00e9n en Internet. Como los principios activos del f\u00e1rmaco tienen un efecto antidepresivo, las ventas de Priligy est\u00e1n controladas. Por eso, todo hombre debe tener una receta para comprar este medicamento. Las farmacias de Internet brindan la oportunidad de evitar este procedimiento costoso e inconveniente y simplemente comprar Priligy sin receta. Es legal y se puede usar cualquier cantidad de p\u00edldoras.<\/p>\n<h2>Informaci\u00f3n Adicional<br \/>\nDura m\u00e1s en la cama &#8211; Tratamiento de la eyaculaci\u00f3n precoz<\/h2>\n<p>La eyaculaci\u00f3n precoz es uno de los trastornos m\u00e1s comunes de la funci\u00f3n reproductiva masculina. La eyaculaci\u00f3n precoz es un trastorno cuando la eyaculaci\u00f3n se produce ya sea antes de la relaci\u00f3n sexual o inmediatamente despu\u00e9s del inicio de la misma (despu\u00e9s de varios roces).<br \/>\nPara durar m\u00e1s en la cama, la terapia m\u00e9dica o psicol\u00f3gica ayudar\u00e1 dependiendo de la forma de la eyaculaci\u00f3n precoz. Hay dos causas de la patolog\u00eda sexual: psicol\u00f3gica y fisiol\u00f3gica. En la mayor\u00eda de los casos, la eyaculaci\u00f3n precoz es un s\u00edntoma del trauma o trastorno psicol\u00f3gico. Es m\u00e1s dif\u00edcil descubrir este problema que el fisiol\u00f3gico, pero es real hacerlo.<br \/>\nLas causas fisiol\u00f3gicas de la aparici\u00f3n de la eyaculaci\u00f3n precoz son dos: aumento de la sensibilidad de la cabeza del pene y enfermedad cr\u00f3nica del sistema urinario del hombre. Durante estos trastornos hay un aumento de la sensibilidad de las terminaciones nerviosas de la cabeza del pene por lo que la sensibilidad durante la intimidad es mayor y se necesita poco tiempo para alcanzar el orgasmo.<br \/>\nDurante la terapia medicinal de la eyaculaci\u00f3n precoz duran m\u00e1s p\u00edldoras.<br \/>\nEn el caso de la forma psicol\u00f3gica de la eyaculaci\u00f3n precoz, existe un sobreesfuerzo en el segmento particular de la corteza cerebral debido a que el orgasmo ocurre m\u00e1s r\u00e1pido. No es un trastorno psicol\u00f3gico, sino una patolog\u00eda que se caracteriza por el aumento de la actividad de las distintas partes del cerebro.<br \/>\nSi el motivo de la eyaculaci\u00f3n precoz es psicol\u00f3gico, se necesita la consulta de un psic\u00f3logo sex\u00f3logo para el tratamiento. De esta manera, puede aumentar la duraci\u00f3n de las relaciones sexuales sin medicamentos especiales. Sin embargo, el m\u00e9dico puede recetarle pastillas sedantes u otros productos m\u00e9dicos que mejorar\u00e1n su condici\u00f3n psicol\u00f3gica y eliminar\u00e1n la tensi\u00f3n.<br \/>\nEn ambos casos es posible tomar Dapoxetine (Priligy). La dapoxetina es un remedio innovador para el tratamiento de la eyaculaci\u00f3n precoz. Una peculiaridad de esta droga es que te permitir\u00e1 durar m\u00e1s tiempo en la cama independientemente de la causa de la patolog\u00eda sexual. En caso de la enfermedad psicol\u00f3gica este f\u00e1rmaco te ayudar\u00e1 a calmarte, relajarte, eliminar\u00e1 el miedo ante las fallas en la cama y mejorar\u00e1 tu salud sexual. Seg\u00fan su estructura, la dapoxetina es similar a los antidepresivos y, por lo tanto, tiene el mismo efecto y restaura f\u00e1cilmente la condici\u00f3n psicol\u00f3gica del paciente.<br \/>\nSi la causa es fisiol\u00f3gica, Priligy tambi\u00e9n ayudar\u00e1 eficazmente al hombre a durar m\u00e1s en la cama. Reduce la sensibilidad de los centros nerviosos en la cabeza del pene y la eyaculaci\u00f3n se produce en un largo per\u00edodo de tiempo.A pesar de que la sensibilidad de las terminaciones nerviosas en la cabeza se reduce, no influye en las sensaciones durante la intimidad. y el hombre podr\u00e1 tener una relaci\u00f3n sexual completa y obtener una satisfacci\u00f3n.En cualquier caso, Dapoxetina no es una panacea para la eyaculaci\u00f3n precoz, y adem\u00e1s del uso de este medicamento es necesario acudir al m\u00e9dico y hacerse un examen en para descubrir la causa de la patolog\u00eda y deshacerse de ella para siempre.<\/p>\n","protected":false},"excerpt":{"rendered":"<h2>DAPOXETINA<\/h2>\n<p><strong>Priligy sin receta en l\u00ednea<\/strong><\/p>\n<p>Los hombres de 16 a 65 a\u00f1os est\u00e1n sujetos a la eyaculaci\u00f3n precoz. En caso de alta excitaci\u00f3n sexual o raras relaciones sexuales, la eyaculaci\u00f3n precoz no es una patolog\u00eda y no deber\u00eda molestar al hombre. Un grado de excitaci\u00f3n sexual se reduce despu\u00e9s de 1-2 eyaculaciones, las terminaciones nerviosas del pene se vuelven menos sensibles y se regula la duraci\u00f3n de las relaciones sexuales.<br \/>\nSi la eyaculaci\u00f3n precoz no tiene causas objetivas y la duraci\u00f3n de la relaci\u00f3n sexual toma menos de 2-3 minutos, preste atenci\u00f3n.<\/p>\n<p>\u00abLa eyaculaci\u00f3n precoz es tratable\u00bb A pesar de la opini\u00f3n com\u00fan de que es imposible tratar la eyaculaci\u00f3n precoz, la medicina moderna ofrece cada vez m\u00e1s m\u00e9todos para prevenir y tratar este trastorno. Uno de los f\u00e1rmacos m\u00e1s disponibles y eficaces para el tratamiento de este trastorno sexual es Priligy.<\/p>\n<p>Priligy es el \u00fanico f\u00e1rmaco en el mercado farmac\u00e9utico de EE. UU. Que aumenta la duraci\u00f3n de las relaciones sexuales y est\u00e1 aprobado por la FDA. Ahora Priligy est\u00e1 a la venta no solo en las farmacias de la ciudad, sino tambi\u00e9n en Internet. Como los principios activos del f\u00e1rmaco tienen un efecto antidepresivo, las ventas de Priligy est\u00e1n controladas. Por eso, todo hombre debe tener una receta para comprar este medicamento. Las farmacias de Internet brindan la oportunidad de evitar este procedimiento costoso e inconveniente y simplemente comprar Priligy sin receta. Es legal y se puede usar cualquier cantidad de p\u00edldoras.<\/p>\n<p>Comprar Priligy puede ser m\u00e1s f\u00e1cil de lo que cree. Descubra sensaciones completamente nuevas en la vida sexual y tenga confianza en su fuerza.<br \/>\nLa eyaculaci\u00f3n precoz es un problema resoluble. Incluso si tiene este problema durante muchos a\u00f1os, es hora de comprar Priligy en l\u00ednea y deshacerse de la eyaculaci\u00f3n precoz.<\/p>\n","protected":false},"featured_media":1419,"comment_status":"open","ping_status":"closed","template":"","meta":[],"product_cat":[146],"product_tag":[292,294,295,293,298,299,300,296,301,312,313,314,319,326,315,316,317,318,320,321,322,323,324,325,327,328,329,330,331,302,306,303,305,307,308,309,310,169,297,311,304],"class_list":{"0":"post-1397","1":"product","2":"type-product","3":"status-publish","4":"has-post-thumbnail","6":"product_brand-dapoxetine","7":"product_cat-salud-de-los-hombres","8":"product_tag-compre-dapoxetina-en-linea","9":"product_tag-compre-priligy-en-linea","10":"product_tag-compre-priligy-en-linea-paypal-mastercard","11":"product_tag-compre-priligy-generico-farmacia-en-linea","12":"product_tag-dapoxetina-30-mg","13":"product_tag-dapoxetina-60-mg","14":"product_tag-dapoxetina-90-mg","15":"product_tag-dapoxetina-barata","16":"product_tag-dapoxetina-generica","17":"product_tag-donde-comprar-priligy-en-adelaide","18":"product_tag-donde-comprar-priligy-en-australia","19":"product_tag-donde-comprar-priligy-en-bangkok","20":"product_tag-donde-comprar-priligy-en-corea","21":"product_tag-donde-comprar-priligy-en-filipinas","22":"product_tag-donde-comprar-priligy-en-hk-hong-kong","23":"product_tag-donde-comprar-priligy-en-indonesia","24":"product_tag-donde-comprar-priligy-en-jakarta","25":"product_tag-donde-comprar-priligy-en-japon","26":"product_tag-donde-comprar-priligy-en-kuala-lumpur","27":"product_tag-donde-comprar-priligy-en-malasia","28":"product_tag-donde-comprar-priligy-en-malbourne","29":"product_tag-donde-comprar-priligy-en-manila","30":"product_tag-donde-comprar-priligy-en-nueva-zelanda","31":"product_tag-donde-comprar-priligy-en-perth","32":"product_tag-donde-comprar-priligy-en-seul","33":"product_tag-donde-comprar-priligy-en-singapur","34":"product_tag-donde-comprar-priligy-en-sydney","35":"product_tag-donde-comprar-priligy-en-tailandia","36":"product_tag-donde-comprar-priligy-en-tokio","37":"product_tag-dure-mas-tiempo-en-la-cama","38":"product_tag-eyaculacion-precoz","39":"product_tag-hombres","40":"product_tag-orden-priligy-en-linea","41":"product_tag-priligy-30-mg","42":"product_tag-priligy-60-mg","43":"product_tag-priligy-90-mg","44":"product_tag-priligy-a-la-venta-en-linea","45":"product_tag-priligy-aletrnatives","46":"product_tag-priligy-barata","47":"product_tag-priligy-pastillas-a-la-venta","48":"product_tag-salud-masculina","50":"first","51":"instock","52":"shipping-taxable","53":"purchasable","54":"product-type-variable"},"_links":{"self":[{"href":"https:\/\/www.medsconsulting.com\/es\/wp-json\/wp\/v2\/product\/1397","targetHints":{"allow":["GET"]}}],"collection":[{"href":"https:\/\/www.medsconsulting.com\/es\/wp-json\/wp\/v2\/product"}],"about":[{"href":"https:\/\/www.medsconsulting.com\/es\/wp-json\/wp\/v2\/types\/product"}],"replies":[{"embeddable":true,"href":"https:\/\/www.medsconsulting.com\/es\/wp-json\/wp\/v2\/comments?post=1397"}],"wp:featuredmedia":[{"embeddable":true,"href":"https:\/\/www.medsconsulting.com\/es\/wp-json\/wp\/v2\/media\/1419"}],"wp:attachment":[{"href":"https:\/\/www.medsconsulting.com\/es\/wp-json\/wp\/v2\/media?parent=1397"}],"wp:term":[{"taxonomy":"product_cat","embeddable":true,"href":"https:\/\/www.medsconsulting.com\/es\/wp-json\/wp\/v2\/product_cat?post=1397"},{"taxonomy":"product_tag","embeddable":true,"href":"https:\/\/www.medsconsulting.com\/es\/wp-json\/wp\/v2\/product_tag?post=1397"}],"curies":[{"name":"wp","href":"https:\/\/api.w.org\/{rel}","templated":true}]}}