{"id":1388,"date":"2020-10-22T14:57:53","date_gmt":"2020-10-22T14:57:53","guid":{"rendered":"https:\/\/www.medsconsulting.com\/es\/?post_type=product&#038;p=1388"},"modified":"2020-10-30T12:47:04","modified_gmt":"2020-10-30T12:47:04","slug":"generico-proscar","status":"publish","type":"product","link":"https:\/\/www.medsconsulting.com\/es\/product\/salud-de-los-hombres\/generico-proscar\/","title":{"rendered":"Proscar gen\u00e9rico"},"content":{"rendered":"<h2>Descripci\u00f3n<\/h2>\n<h3>Uso de Proscar<\/h3>\n<p>&#8211; Proscar se libera en tabletas para uso oral.<br \/>\n&#8211; La dosis inicial es de 5 mg una vez al d\u00eda.<br \/>\n&#8211; Si no hay resultados significativos, la dosis puede aumentarse bajo la supervisi\u00f3n del m\u00e9dico especialista durante un breve per\u00edodo de tiempo.<br \/>\n&#8211; Es posible tomar comprimidos en cualquier momento del d\u00eda independientemente del consumo de alimentos.<br \/>\n&#8211; Los hombres de edad avanzada y \/ o las enfermedades graves del ri\u00f1\u00f3n no requieren el ajuste de la dosis diaria.<br \/>\n&#8211; El tratamiento debe durar hasta la completa mejor\u00eda del s\u00edntoma de la enfermedad.<\/p>\n<p>Proscar &#8211; mecanismo de acci\u00f3n<\/p>\n<p>Proscar proporciona acci\u00f3n antitumoral. Penetrando en la sangre del hombre, provoca el aumento del nivel de testosterona y al mismo tiempo bloquea las enzimas que convierten la testosterona en dihidrotestosterona.<\/p>\n<p>Proscar reduce la concentraci\u00f3n de dihidrotestosterona en la sangre y los tejidos de la gl\u00e1ndula prost\u00e1tica dentro de las 24 horas posteriores al uso de la tableta. La acci\u00f3n antitumoral est\u00e1 condicionada por la inhibici\u00f3n de la funci\u00f3n estimulante de la testosterona en el tejido tumoral. Como resultado, la reducci\u00f3n del nivel de dihidrotestosterona y la prevenci\u00f3n del desarrollo de tumores provoca la disminuci\u00f3n del volumen de la gl\u00e1ndula prost\u00e1tica, un aumento de la velocidad m\u00e1xima de salida de la orina y la reducci\u00f3n de los s\u00edntomas de la pr\u00f3stata.<\/p>\n<p>El efecto terap\u00e9utico notable aparece en 3 meses de uso regular de las tabletas. En 3 meses se reduce el volumen de la gl\u00e1ndula y se acelera la salida de orina. Por lo general, el efecto terap\u00e9utico m\u00e1ximo puede verse en 7-8 meses de tratamiento.<\/p>\n<p>Proscar contradicciones y efectos secundarios<\/p>\n<p>Proscar est\u00e1 contraindicado en los siguientes casos:<\/p>\n<p>&#8211; tumores malignos de la pr\u00f3stata<br \/>\n&#8211; uropat\u00eda obstructiva<br \/>\n&#8211; falla hep\u00e1tica<br \/>\n&#8211; intolerancia a los componentes activos a\u00f1adidos a Proscar<\/p>\n<p>El aumento del nivel de testosterona puede provocar efectos secundarios leves y breves. Usando Proscar, los hombres registraron la disminuci\u00f3n de la potencia \/ libido, la reducci\u00f3n del volumen de eyaculaci\u00f3n, las sensaciones dolorosas de los senos. Los efectos secundarios desaparecen varias semanas despu\u00e9s del tratamiento.<\/p>\n<h2>Comprar Proscar online<\/h2>\n<p>En nuestra farmacia podr\u00e1 comprar Proscar sin salir de casa o lugar de trabajo. Todo lo que necesita es completar el formulario del pedido, elegir la forma de env\u00edo del medicamento y pagar el medicamento. Luego, los especialistas de la farmacia se comunicar\u00e1n con usted para confirmar el deseo de comprar Proscar.<\/p>\n","protected":false},"excerpt":{"rendered":"<p><strong>FINASTERIDA<\/strong><\/p>\n","protected":false},"featured_media":1395,"comment_status":"open","ping_status":"closed","template":"","meta":[],"product_cat":[146],"product_tag":[333,334,332,303,304],"class_list":{"0":"post-1388","1":"product","2":"type-product","3":"status-publish","4":"has-post-thumbnail","6":"product_brand-finasteride","7":"product_brand-propecia","8":"product_brand-proscar","9":"product_cat-salud-de-los-hombres","10":"product_tag-cabello","11":"product_tag-cabello-sano","12":"product_tag-finasterida","13":"product_tag-hombres","14":"product_tag-salud-masculina","16":"first","17":"instock","18":"shipping-taxable","19":"purchasable","20":"product-type-variable","21":"has-default-attributes"},"_links":{"self":[{"href":"https:\/\/www.medsconsulting.com\/es\/wp-json\/wp\/v2\/product\/1388","targetHints":{"allow":["GET"]}}],"collection":[{"href":"https:\/\/www.medsconsulting.com\/es\/wp-json\/wp\/v2\/product"}],"about":[{"href":"https:\/\/www.medsconsulting.com\/es\/wp-json\/wp\/v2\/types\/product"}],"replies":[{"embeddable":true,"href":"https:\/\/www.medsconsulting.com\/es\/wp-json\/wp\/v2\/comments?post=1388"}],"wp:featuredmedia":[{"embeddable":true,"href":"https:\/\/www.medsconsulting.com\/es\/wp-json\/wp\/v2\/media\/1395"}],"wp:attachment":[{"href":"https:\/\/www.medsconsulting.com\/es\/wp-json\/wp\/v2\/media?parent=1388"}],"wp:term":[{"taxonomy":"product_cat","embeddable":true,"href":"https:\/\/www.medsconsulting.com\/es\/wp-json\/wp\/v2\/product_cat?post=1388"},{"taxonomy":"product_tag","embeddable":true,"href":"https:\/\/www.medsconsulting.com\/es\/wp-json\/wp\/v2\/product_tag?post=1388"}],"curies":[{"name":"wp","href":"https:\/\/api.w.org\/{rel}","templated":true}]}}