{"id":224,"date":"2016-04-07T03:34:19","date_gmt":"2016-04-07T03:34:19","guid":{"rendered":"https:\/\/demo.wpthemego.com\/themes\/sw_himarket\/?page_id=224"},"modified":"2020-10-30T03:24:38","modified_gmt":"2020-10-30T03:24:38","slug":"sobre-nosotros","status":"publish","type":"page","link":"https:\/\/www.medsconsulting.com\/es\/sobre-nosotros\/","title":{"rendered":"Sobre nosotros"},"content":{"rendered":"<div class=\"wpb-content-wrapper\"><p>[vc_section][vc_row][vc_column][vc_row_inner][vc_column_inner][vc_custom_heading text=\u00bbSobre nosotros\u00bb font_container=\u00bbtag:h2|text_align:left|color:%23000000&#8243; use_theme_fonts=\u00bbyes\u00bb][vc_empty_space][\/vc_column_inner][\/vc_row_inner][vc_row_inner][vc_column_inner][vc_column_text]MedsConsulting est\u00e1 completamente comprometida con la calidad de sus medicamentos recetados. Nuestros pacientes est\u00e1n buscando una farmacia en l\u00ednea de confianza &#8211; que se comprometi\u00f3 a bajar los precios de RX para todas las personas.[\/vc_column_text][vc_column_text]MedsConsulting es un proveedor oficial de los productos m\u00e9dicos. Trabajamos junto con las compa\u00f1\u00edas farmac\u00e9uticas internacionales que suministran medicamentos con licencia en todo el mundo. Hemos logrado los precios de venta al por mayor de los medicamentos por medio de la colaboraci\u00f3n directa con los fabricantes, y ha ayudado a nuestros clientes a ahorrar dinero (m\u00e1s del 100% del costo inicial de los medicamentos).<\/p>\n<p>Nuestro joven pero ambicioso equipo tiene una gran experiencia en la industria farmac\u00e9utica. S\u00f3lo tenemos farmac\u00e9uticos cualificados que saben c\u00f3mo ayudar a la gente y qu\u00e9 medicamentos recomendar.<\/p>\n<p>Nuestra misi\u00f3n es proporcionar a todas las personas medicamentos baratos para todas las enfermedades.<\/p>\n<p>Nuestro objetivo es encontrar proveedores seguros que produzcan medicamentos probados. Creemos que todo el mundo tiene derecho a un tratamiento oportuno y cualificado. Desafortunadamente, no siempre es posible en la vida real. Pero nuestro peque\u00f1o equipo trata de hacer un mercado farmac\u00e9utico m\u00e1s claro y m\u00e1s asequible para cada persona, independientemente del nivel de ingresos, estatus social y residencia.[\/vc_column_text][\/vc_column_inner][\/vc_row_inner][\/vc_column][\/vc_row][\/vc_section]<\/p>\n<\/div>","protected":false},"excerpt":{"rendered":"<p>[vc_section][vc_row][vc_column][vc_row_inner][vc_column_inner][vc_custom_heading text=\u00bbSobre nosotros\u00bb font_container=\u00bbtag:h2|text_align:left|color:%23000000&#8243; use_theme_fonts=\u00bbyes\u00bb][vc_empty_space][\/vc_column_inner][\/vc_row_inner][vc_row_inner][vc_column_inner][vc_column_text]MedsConsulting est\u00e1 completamente comprometida con la calidad de sus medicamentos recetados. Nuestros pacientes est\u00e1n buscando una farmacia en l\u00ednea de confianza &#8211; que se comprometi\u00f3 a bajar los precios de RX para todas las personas.[\/vc_column_text][vc_column_text]MedsConsulting es &hellip; <a href=\"https:\/\/www.medsconsulting.com\/es\/sobre-nosotros\/\">Readmore<\/a><\/p>\n","protected":false},"author":1,"featured_media":0,"parent":0,"menu_order":0,"comment_status":"closed","ping_status":"closed","template":"","meta":{"footnotes":""},"class_list":["post-224","page","type-page","status-publish","hentry"],"_links":{"self":[{"href":"https:\/\/www.medsconsulting.com\/es\/wp-json\/wp\/v2\/pages\/224","targetHints":{"allow":["GET"]}}],"collection":[{"href":"https:\/\/www.medsconsulting.com\/es\/wp-json\/wp\/v2\/pages"}],"about":[{"href":"https:\/\/www.medsconsulting.com\/es\/wp-json\/wp\/v2\/types\/page"}],"author":[{"embeddable":true,"href":"https:\/\/www.medsconsulting.com\/es\/wp-json\/wp\/v2\/users\/1"}],"replies":[{"embeddable":true,"href":"https:\/\/www.medsconsulting.com\/es\/wp-json\/wp\/v2\/comments?post=224"}],"version-history":[{"count":3,"href":"https:\/\/www.medsconsulting.com\/es\/wp-json\/wp\/v2\/pages\/224\/revisions"}],"predecessor-version":[{"id":1362,"href":"https:\/\/www.medsconsulting.com\/es\/wp-json\/wp\/v2\/pages\/224\/revisions\/1362"}],"wp:attachment":[{"href":"https:\/\/www.medsconsulting.com\/es\/wp-json\/wp\/v2\/media?parent=224"}],"curies":[{"name":"wp","href":"https:\/\/api.w.org\/{rel}","templated":true}]}}