{"id":2080,"date":"2020-10-26T04:10:06","date_gmt":"2020-10-26T04:10:06","guid":{"rendered":"https:\/\/www.medsconsulting.com\/de\/?post_type=product&#038;p=2080"},"modified":"2023-05-17T04:17:32","modified_gmt":"2023-05-17T04:17:32","slug":"kaufen-sie-amoxicillin-online","status":"publish","type":"product","link":"https:\/\/www.medsconsulting.com\/de\/product\/andere\/kaufen-sie-amoxicillin-online\/","title":{"rendered":"Kaufen Sie Amoxicillin online"},"content":{"rendered":"<h1> Kaufen Sie Amoxicillin online <\/h1>\n<p> Kaufen Sie Amoxicillin online, um eine Reihe von bakteriellen Infektionen zu behandeln. <sup id = \"cite_ref-AHFS2015_3-0\" class = \"reference\"> <\/sup> Dazu geh\u00f6ren Mittelohrentz\u00fcndungen , Angina, Lungenentz\u00fcndung, Hautinfektionen und Harnwegsinfektionen, einschlie\u00dflich <a href=\"https:\/\/www.euthanasiagroup.com\/product\/buy-nembutal-online\/buy-nembutal-tablets\/\" target=\"_blank\" rel=\"noopener\"> e <\/a> rs. <sup id = \"cite_ref-AHFS2015_3-1\" class = \"reference\"> <\/sup> Wird oral oder seltener durch Injektion eingenommen. Kaufen Sie Amoxicillin online. Kaufen Sie Amoxicillin ohne Rezept. Amoxicillin zu verkaufen. Amoxil online kaufen <Sup id = \"cite_ref-AHFS2015_3-2\" class = \"reference\"> <\/sup> <sup id = \"cite_ref-4\" class = \"reference\"> <\/sup> <\/p>\n<h3 > So kaufen Sie Amoxicillin online <\/h3>\n<p> Nehmen Sie dieses Medikament nach Anweisung mit oder ohne Nahrung ein, normalerweise alle 8 oder 12 Stunden. Die Dosierung h\u00e4ngt von Ihrem Gesundheitszustand und Ihrem Ansprechen auf die Behandlung ab. Kaufen Sie Amoxicillin online. <\/p>\n<p> Trinken Sie viel Fl\u00fcssigkeit, w\u00e4hrend Sie dieses Medikament einnehmen, sofern nicht anders verordnet. <\/p>\n<p> Nehmen Sie dieses Antibiotikum au\u00dferdem in regelm\u00e4\u00dfigen Abst\u00e4nden ein, um die beste Wirkung zu erzielen. Um Ihnen zu helfen, sich daran zu erinnern, nehmen Sie dieses Medikament jeden Tag zur gleichen Zeit ein. Kaufen Sie Amoxicillin online. <\/p>\n<p> Setzen Sie die Einnahme dieses Medikaments fort, bis die gesamte verschriebene Dosis aufgebraucht ist, auch wenn sich Ihre Symptome nach einigen Tagen bessern. Wenn die Behandlung zu fr\u00fch abgebrochen wird, k\u00f6nnen die Bakterien weiter wachsen, was zu einem erneuten Auftreten der Infektion f\u00fchren kann <a href=\"https:\/\/www.medsconsulting.com\/de\/nl\/product\/pijn-en-verlichting\/fentanyl -neusspray\/ \"> t <\/ a> jon. Kaufen Sie Amoxicillin rezeptfrei. <\/p>\n<p> Sprechen Sie mit Ihrem Arzt, wenn Ihr Zustand anh\u00e4lt oder sich verschlechtert. <\/p>\n<h3> M\u00f6gliche Nebenwirkungen von Amoxicillin (kaufen Sie Amoxicillin online in Gro\u00dfbritannien) <\/h3>\n<p > \u00dcbelkeit, es kann zu Erbrechen oder Durchfall kommen. Wenn eines dieser Symptome anh\u00e4lt oder sich verschlimmert, sprechen Sie sofort mit Ihrem Arzt oder Apotheker. Kaufen Sie Amoxicillin ohne Rezept. <\/p>\n<p> L\u00e4ngerer oder wiederholter Gebrauch dieses Medikaments kann zu Soor oder einer neuen vaginalen Hefeinfektion (Mund- oder Vaginalsoor) f\u00fchren. Suchen Sie Ihren Arzt auf, wenn Sie wei\u00dfe Flecken im Mund, eine Ver\u00e4nderung des Vaginalausflusses oder andere neue Symptome bemerken. Kaufen Sie Amoxicillin rezeptfrei. <\/p>\n<p> Sprechen Sie sofort mit Ihrem Arzt, wenn Sie eine dieser seltenen, aber schwerwiegenden Nebenwirkungen bemerken: dunkler Urin, anhaltende \u00dcbelkeit oder Erbrechen, Magen-\/Bauchschmerzen, Gelbf\u00e4rbung von Augen oder Haut, leichte Bluterg\u00fcsse oder Blutungen, anhaltende Halsschmerzen oder Fieber. <\/p>\n<p> Dar\u00fcber hinaus kann dieses Arzneimittel aufgrund einer Art resistenter Bakterien in seltenen F\u00e4llen eine schwere Darmerkrankung (Clostridium difficile-assoziierter Durchfall) verursachen. Dieser Zustand kann w\u00e4hrend der Behandlung oder Wochen oder Monate nach Beendigung der Behandlung auftreten. Verwenden Sie keine Medikamente gegen Durchfall oder Opioide, wenn Sie die folgenden Symptome haben, da diese Produkte sie verschlimmern k\u00f6nnen. Informieren Sie unverz\u00fcglich Ihren Arzt, wenn bei Ihnen Folgendes auftritt: anhaltender Durchfall, Bauch- oder Magenschmerzen\/-kr\u00e4mpfe, Blut\/Schleim im Stuhl. Amoxicillin zum Verkauf. <\/p>\n<p> Eine sehr schwere allergische Reaktion auf dieses Medikament ist selten. Sie sollten jedoch einen Arzt aufsuchen, wenn Sie Anzeichen einer schweren allergischen Reaktion bemerken, einschlie\u00dflich Hautausschlag, Juckreiz\/Schwellung (insbesondere im Gesicht\/der Zunge\/des Rachens), starkem Schwindel, Atembeschwerden. Amoxicillin zum Verkauf. <\/p>\n<p> Amoxicillin kann oft einen leichten Ausschlag verursachen, der normalerweise nicht schwerwiegend ist. Sie k\u00f6nnen jedoch m\u00f6glicherweise keinen Unterschied zu einem seltenen Hautausschlag erkennen, der ein Zeichen f\u00fcr eine schwere allergische Reaktion sein k\u00f6nnte. Suchen Sie daher sofort einen Arzt auf, wenn ein Hautausschlag auftritt. Amoxicillin zum Verkauf. <\/p>\n<p> Dies ist keine vollst\u00e4ndige Liste m\u00f6glicher Nebenwirkungen. Wenn Sie andere, oben nicht aufgef\u00fchrte Symptome bemerken, wenden Sie sich bitte an Ihren Arzt oder Apotheker. Amoxil online kaufen. <\/p>\n<h3> Arzneimittelwechselwirkungen <\/h3>\n<p> Die Wirkung einiger Medikamente kann sich \u00e4ndern, wenn Sie gleichzeitig andere Medikamente oder pflanzliche Produkte einnehmen. Dies kann das Risiko schwerwiegender Nebenwirkungen erh\u00f6hen oder dazu f\u00fchren, dass Ihre Medikamente nicht richtig wirken. Diese Arzneimittelwechselwirkungen sind m\u00f6glich, aber nicht immer der Fall. Wir k\u00f6nnen Wechselwirkungen oft verhindern oder bew\u00e4ltigen, indem wir die Art und Weise \u00e4ndern, wie wir Medikamente einnehmen, oder indem wir sie genau \u00fcberwachen. Kaufen Sie Amoxil online. <\/p>\n<p> Um uns dabei zu helfen, die beste Pflege zu bieten, stellen Sie bitte sicher, dass Sie mit allen Produkten vertraut sind, die Sie verwenden (einschlie\u00dflich verschreibungspflichtiger Medikamente, rezeptfreier Medikamente und pflanzlicher Produkte), bevor Sie beginnen Behandlung mit diesem Produkt. Beginnen, stoppen oder \u00e4ndern Sie die Dosierung anderer Medikamente, die Sie verwenden, nicht ohne Erlaubnis, w\u00e4hrend Sie dieses Produkt verwenden. Kaufen Sie Amoxil online. <\/p>\n<p> Ein Produkt, das mit diesem Medikament interagieren kann, ist Methotrexat. Kaufen Sie Amoxil online. <\/p>\n<p> Amoxicillin kann bei bestimmten Diabetes-Urintestprodukten (wie Kupfersulfat) zu falsch positiven Ergebnissen f\u00fchren. Dieses Medikament kann auch die Ergebnisse einiger Labortests beeinflussen. Stellen Sie sicher, dass Laborpersonal und \u00c4rzte wissen, dass Sie dieses Medikament verwenden. Kaufen Sie Amoxil online. <\/p>\n<p> Dieses Dokument deckt nicht alle m\u00f6glichen Arzneimittelwechselwirkungen ab. Machen Sie eine Liste aller Produkte, die Sie verwenden. Bitte teilen Sie uns diese Liste mit, um das Risiko schwerwiegender Drogenprobleme zu verringern. Kaufen Sie Amoxicillin. <\/p>\n<h3> Vorsichtsma\u00dfnahmen <\/h3>\n<p> Sagen Sie uns zuerst, bevor Sie Amoxicillin kaufen, ob Sie allergisch darauf sind; oder f\u00fcr Penicillin- oder Cephalosporin-Antibiotika; oder wenn Sie andere Allergien haben. Dieses Produkt kann inaktive Inhaltsstoffe enthalten, die allergische Reaktionen oder andere Probleme verursachen k\u00f6nnen. Ich werde Amoxicillin verkaufen.<\/p>\n<p>Bitte informieren Sie uns vor der Einnahme dieses Arzneimittels \u00fcber Ihre Krankengeschichte, insbesondere \u00fcber: <\/p>\n<ul>\n<li>Nierenerkrankung<\/li>\n<li>eine bestimmte Art von Virusinfektion (Mononukleose <\/li>\n<\/ul>\n<p> Moreso, Amoxicillin kann dazu f\u00fchren, dass bakterielle Lebendimpfstoffe (wie der Typhusimpfstoff) nicht so gut wirken. Geben Sie w\u00e4hrend der Einnahme dieses Medikaments keine Impfungen \/ Impfungen, es sei denn, Sie werden dazu aufgefordert. <\/p>\n<p> Informieren Sie Ihren Arzt oder Zahnarzt erneut \u00fcber alle Produkte, die Sie verwenden (einschlie\u00dflich verschreibungspflichtiger Medikamente, rezeptfreier Medikamente und medizinischer Produkte) vor Operationen, pflanzliche Heilmittel). Dar\u00fcber hinaus k\u00f6nnen Sie Amoxicillin online kaufen. <\/p>\n<p> W\u00e4hrend der Schwangerschaft sollte dieses Medikament nur verwendet werden, wenn es eindeutig erforderlich ist. Amoxicillin geht in die Muttermilch \u00fcber. Konsultieren Sie vor dem Stillen Ihren Arzt. <\/p>\n<h3> Aufbewahrung <\/h3>\n<p> Bei Raumtemperatur gem\u00e4\u00df Produktetikett lagern, vor Licht und Feuchtigkeit sch\u00fctzen. Verschiedene Marken dieses Medikaments haben unterschiedliche Lageranforderungen. \u00dcberpr\u00fcfen Sie die Produktverpackung auf Anweisungen zur Aufbewahrung der Marke oder fragen Sie Ihren Apotheker. Halten Sie alle Medikamente von Kindern und Haustieren fern. <\/p>\n<p> Sp\u00fclen Sie Medikamente auch nicht in die Toilette oder in die Kanalisation, es sei denn, Sie werden dazu aufgefordert. Entsorgen Sie dieses Produkt ordnungsgem\u00e4\u00df, wenn es abgelaufen ist oder nicht mehr ben\u00f6tigt wird. Wenden Sie sich an Ihren Apotheker oder das \u00f6rtliche Entsorgungsunternehmen, um weitere Informationen zur sicheren Entsorgung des Produkts zu erhalten. Kaufen Sie Amoxicillin online. <\/p>\n<h3> Vergessene Dosen <\/h3>\n<p> Schlie\u00dflich, wenn Sie eine Dosis vergessen haben, wenden Sie sie an, sobald Sie sich daran erinnern. Wenn es fast Zeit f\u00fcr Ihre n\u00e4chste Dosis ist, lassen Sie die vergessene Dosis aus. Nehmen Sie die n\u00e4chste Dosis zur gewohnten Zeit ein. Verdoppeln Sie nicht die Dosis, um aufzuholen. <\/p>\n<p> Hinweise: Teilen Sie dieses Medikament nicht mit anderen. <\/p>\n","protected":false},"excerpt":{"rendered":"<p> Amoxicillin wird zur Behandlung einer Vielzahl von bakteriellen Infektionen eingesetzt. Dieses Medikament ist ein Antibiotikum vom Penicillin-Typ. Dieses Antibiotikum behandelt nur bakterielle Infektionen. Es wirkt nicht gegen Virusinfektionen (wie Erk\u00e4ltungen, Grippe).<\/p>\n","protected":false},"featured_media":2085,"comment_status":"open","ping_status":"closed","template":"","meta":[],"product_cat":[15],"product_tag":[1662,1860,1863,1865,1866,1867,1864,1868,1862,1869,1861,1870,1871,1872,1873,1874,1875,1876,1877],"class_list":{"0":"post-2080","1":"product","2":"type-product","3":"status-publish","4":"has-post-thumbnail","6":"product_cat-andere","7":"product_tag-amoxicillin-500mg","8":"product_tag-amoxicillin-clavulanat","9":"product_tag-amoxicillin-cvs-kaufen","10":"product_tag-amoxicillin-fuer-huehner-kaufen","11":"product_tag-amoxicillin-fuer-hunde-kanada-kaufen","12":"product_tag-amoxicillin-fuer-hunde-online-kaufen","13":"product_tag-amoxicillin-fuer-katzen-online-kaufen","14":"product_tag-amoxicillin-gegen-ohrenentzuendung-kaufen","15":"product_tag-amoxicillin-kalifornien-kaufen","16":"product_tag-amoxicillin-kaufen-fuer-ratten","17":"product_tag-amoxicillin-zu-verkaufen","18":"product_tag-kaufen-sie-amoxicillin-deutschland","19":"product_tag-kaufen-sie-amoxicillin-online","20":"product_tag-kaufen-sie-amoxicillin-online-italien","21":"product_tag-kaufen-sie-amoxicillin-online-spanien","22":"product_tag-kaufen-sie-amoxicillin-online-uk","23":"product_tag-kaufen-sie-amoxicillin-usa","24":"product_tag-wo-kaufen-sie-amoxicillin","25":"product_tag-wo-kaufen-sie-amoxicillin-online","27":"first","28":"instock","29":"shipping-taxable","30":"purchasable","31":"product-type-variable","32":"has-default-attributes"},"_links":{"self":[{"href":"https:\/\/www.medsconsulting.com\/de\/wp-json\/wp\/v2\/product\/2080","targetHints":{"allow":["GET"]}}],"collection":[{"href":"https:\/\/www.medsconsulting.com\/de\/wp-json\/wp\/v2\/product"}],"about":[{"href":"https:\/\/www.medsconsulting.com\/de\/wp-json\/wp\/v2\/types\/product"}],"replies":[{"embeddable":true,"href":"https:\/\/www.medsconsulting.com\/de\/wp-json\/wp\/v2\/comments?post=2080"}],"wp:featuredmedia":[{"embeddable":true,"href":"https:\/\/www.medsconsulting.com\/de\/wp-json\/wp\/v2\/media\/2085"}],"wp:attachment":[{"href":"https:\/\/www.medsconsulting.com\/de\/wp-json\/wp\/v2\/media?parent=2080"}],"wp:term":[{"taxonomy":"product_cat","embeddable":true,"href":"https:\/\/www.medsconsulting.com\/de\/wp-json\/wp\/v2\/product_cat?post=2080"},{"taxonomy":"product_tag","embeddable":true,"href":"https:\/\/www.medsconsulting.com\/de\/wp-json\/wp\/v2\/product_tag?post=2080"}],"curies":[{"name":"wp","href":"https:\/\/api.w.org\/{rel}","templated":true}]}}