{"id":2067,"date":"2020-10-26T03:15:33","date_gmt":"2020-10-26T03:15:33","guid":{"rendered":"https:\/\/www.medsconsulting.com\/de\/?post_type=product&#038;p=2067"},"modified":"2024-03-03T00:39:40","modified_gmt":"2024-03-03T00:39:40","slug":"kaufen-sie-lexotan-kaufen-sie-bromazepam","status":"publish","type":"product","link":"https:\/\/www.medsconsulting.com\/de\/product\/angst\/kaufen-sie-lexotan-kaufen-sie-bromazepam\/","title":{"rendered":"Kaufen Sie Lexotan (Kaufen Sie Bromazepam)"},"content":{"rendered":"<h1 class = \"LC20lb\"> Kaufen Sie Lexotan (Kaufen Sie Bromazepam) <\/h1>\n<p> Kaufen Sie Lexotan online ohne Rezept in unserer Online-Apotheke. Sie k\u00f6nnen <em> Lex <a href=\"https:\/\/www.medsconsulting.com\/de\/product\/mens-health\/buy-vitaros-cream\/\"> o <\/a> Selbstbr\u00e4uner <\/em> auch ohne kaufen verschreibungspflichtig in den USA, Europa, Australien und Asien aus unserer Online-Apotheke zu Marktpreisen. Bundesweite Lieferung.<\/p>\n<p>HINWEIS: DIESES BILD KANN VOM ORIGINALPRODUKT ABWEICHEN:<\/p>\n<p>Q: <strong>Wie kann ich Sie kontaktieren?<\/strong> <br \/>A: info@ medsconsulting.com (Wir sind rund um die Uhr erreichbar) <\/p>\n<p> F: <strong> Verkaufen Sie generische Pillen oder Markenmedikamente? <\/strong> <br \/> A: Wir verkaufen generische Pillen. <\/p>\n<p> F: <strong>Was bedeutet Generikum?<\/strong> <br \/>A: Ein Generikum wird ohne Patentschutz hergestellt und vertrieben.<br \/>Ein Generikum hat eine dauerhafte Wirkung. href = &#8222;https:\/\/www.euthanasiagroup.com\/product\/buy-nembutal-online\/buy-nembutal-powder\/&#8220; &#038; gt; v <\/a> e Inhaltsstoffe, da die gesamte Pille unter dem chemischen Namen bekannt ist statt des Markennamens. <br \/> Generika messen die exakt \u00e4quivalente Bio\u00e4quivalenz mit dem Gegenst\u00fcck des Markennamens in Bezug auf pharmakokinetische und pharmakodynamische Eigenschaften. <br \/> Daher messen Generika den Quadratzwilling einer ganzen Pille in Bezug auf Dosis, St\u00e4rke, Verabreichungsweg, Sicherheit, Wirksamkeit und Verwendungszweck. < \/ p> <\/p>\n<p> F: <strong> Warum? Unterscheidet sich die Form und\/oder Farbe einer generischen Pille von der Markenpille? Und warum unterscheidet sich der auf der Pille aufgedruckte Name vom Markennamen? <\/strong> <br \/> A: Der Inhalt von generischen Pillen und Namensmedikamenten wird genau gleich gemessen. <br \/> Der einzige Unterschied ist der Name. <br \/> Der Name auf der Pille gibt den dort verwendeten Wirkstoff an. <br \/> Dies liegt daran, dass Hersteller von Generika aufgrund von Urheberrechtsbeschr\u00e4nkungen keine vollst\u00e4ndigen Namen auf ihren verschreibungspflichtigen Medikamenten verwenden k\u00f6nnen. <\/p>\n<p> < p> &#038; nbsp; < \/p> <\/p>\n<h2> <strong> Wie kaufe ich Bromazepam online? (<\/strong> Kaufen Sie Lexotan online) <\/h2>\n<p> Wenn Sie eine Frage haben, wo Sie Ativan kaufen k\u00f6nnen, ist unsere Online-Apotheke die perfekte Antwort zum Online-Kauf von Bromazepam ohne Rezept oder Umst\u00e4ndlichkeit. <br \/> Wir bem\u00fchen uns, Ihnen Geld zu sparen, indem Sie Lorazepam online mit einer MasterCard bestellen. <br \/> In unserer Online-Apotheke zahlen Sie weniger und finden mehr heraus. <br \/> Um positiv zu werden Ergebnisse liefern wir in der Regel ein hervorragendes Preis-Leistungs-Verh\u00e4ltnis. Wir \u00fcberpr\u00fcfen h\u00e4ufig die Kosten unserer P-Verk\u00e4ufe in Drogerieketten. <\/p>\n<p> <strong> Sicher &#038; amp; Einfache Zahlungsbedingungen: <\/strong> <br \/> Dar\u00fcber hinaus wurde die Zahlung stark vereinfacht, damit Sie Ihre Anfrage bezahlen k\u00f6nnen. <br \/> Jetzt k\u00f6nnen Sie mit der renommiertesten MasterCard \/ Debitkonto-Kreditkarte (Visa &#038; amp; Master Exchange). <\/p>\n<p> <strong> Lieferzeit &#038; amp; Verf\u00fcgbarkeit der Sendungsverfolgungsnummer: <\/strong> <br \/> Die Sendungsverfolgungsnummer wird daher innerhalb von 24 Stunden mit Ihrer Bestellung bereitgestellt, damit Sie Ihre Sendung im Auge behalten k\u00f6nnen. Wir versenden Bestellungen \u00fcber Kurierdienste, die in den USA maximal 2 Tage und weltweit 3-5 Tage dauern. Je nach Land ist die Lieferung immer in Reichweite. <\/p>\n<p> <strong> Einfach &#038; amp; Sicheres Verfahren? <\/strong> <br \/> Schlie\u00dflich provozieren wir keine \u00fcberm\u00e4\u00dfige Menge an pers\u00f6nlichen Informationen von unseren Kunden, um die Bromazepam-Linie zu bestellen. <br \/> Wenn Sie nach einem einfachen und schnellen Bestellsystem suchen, Sie Sie m\u00fcssen nur das Formular ausf\u00fcllen, das wir normalerweise ben\u00f6tigen, um hier zu bestellen. <br \/> Au\u00dferdem m\u00f6chten Sie sichergehen, dass Sie keinen unvollst\u00e4ndigen Abschnitt eingef\u00fcgt haben, also h\u00f6flich. <\/p>\n","protected":false},"excerpt":{"rendered":"<h3 class = \"LC20lb\"> Kaufen Sie Lexotan (Bromazepam) 6 mg <\/h3>\n<p> Bromazepam geh\u00f6rt zu einer Klasse von Mediatoren, die als Benzodiazepine bekannt sind. Es wird zur kurzfristigen Linderung von Symptomen \u00fcberm\u00e4\u00dfiger Angst angewendet. Es reduziert Angstzust\u00e4nde, indem es bestimmte Substanzen im Gehirn beeinflusst, die als Neurotransmitter bezeichnet werden. <\/p>\n","protected":false},"featured_media":2073,"comment_status":"open","ping_status":"closed","template":"","meta":[],"product_cat":[211],"product_tag":[1680,1679,1923,1924,1919,1707,1916,1922,1917,1918,1920,1921,1915,1765,1932,1931,1925,1926,1927,1930,1928,1929,1933,1934,1937,1938,1959,1942,1952,1940,1941,1936,1943,1935,1944,1945,1939,1955,1954,1956,1953,1947,1946,1948,1958,1949,1957,1961,1960,1914,1951,1950,1962,1963,1964,1965,1966],"class_list":{"0":"post-2067","1":"product","2":"type-product","3":"status-publish","4":"has-post-thumbnail","6":"product_cat-angst","7":"product_tag-bromazepam","8":"product_tag-bromazepam-5mg","9":"product_tag-bromazepam-grosshandel","10":"product_tag-bromazepam-kaufen","11":"product_tag-bromazepam-lieferanten","12":"product_tag-bromazepam-online","13":"product_tag-bromazepam-online-spanien","14":"product_tag-bromazepam-online-zu-kaufen","15":"product_tag-bromazepam-online-shop","16":"product_tag-bromazepam-preis","17":"product_tag-bromazepam-tabletten","18":"product_tag-bromazepam-zu-kaufen","19":"product_tag-bromazepam-zu-verkaufen","20":"product_tag-der-beste-ort","21":"product_tag-kaufen-sie-billige-bromazepam-tablette-online","22":"product_tag-kaufen-sie-billiges-bromazepam-online","23":"product_tag-kaufen-sie-bromazepam-niederlande","24":"product_tag-kaufen-sie-bromazepam-online","25":"product_tag-kaufen-sie-bromazepam-online-madrid","26":"product_tag-kaufen-sie-bromazepam-portugal","27":"product_tag-kaufen-sie-bromazepam-pillen-online","28":"product_tag-kaufen-sie-bromazepam-pillen-uk","29":"product_tag-kaufen-sie-generisches-lexotanil","30":"product_tag-kaufen-sie-legitimes-lexotan-zum-verkauf-online","31":"product_tag-lexotan-6mg-kaufen","32":"product_tag-lexotan-amsterdam-kaufen","33":"product_tag-lexotan-bestellen","34":"product_tag-lexotan-deutschland-kaufen","35":"product_tag-lexotan-dru-g-zu-verkaufen","36":"product_tag-lexotan-kalifornien-kaufen","37":"product_tag-lexotan-kanada-kaufen","38":"product_tag-lexotan-kaufen","39":"product_tag-lexotan-online-italien-kaufen","40":"product_tag-lexotan-online-kaufen","41":"product_tag-lexotan-online-kaufen-spanien","42":"product_tag-lexotan-online-uk-kaufen","43":"product_tag-lexotan-oesterreich-kaufen","44":"product_tag-lexotan-pillen-wo-zu-kaufen","45":"product_tag-lexotan-pillen-zu-verkaufen","46":"product_tag-lexotan-tabletten-zu-verkaufen","47":"product_tag-lexotan-zu-verkaufen","48":"product_tag-lexotanil-cvs-kaufen","49":"product_tag-lexotanil-guenstig-kaufen","50":"product_tag-lexotanil-online-kaufen","51":"product_tag-lexotanil-tablette-online-kaufen","52":"product_tag-lexotanil-usa-kaufen","53":"product_tag-lexotanil-verkauf","54":"product_tag-qualitaet-lexotan-zu-verkaufen","55":"product_tag-reines-bromazepam-online","56":"product_tag-um-lexotan-online-zu-kaufen","57":"product_tag-wie-man-billiges-lexotan-online-kauft","58":"product_tag-wie-man-bromazepam-tablette-online-kauft","59":"product_tag-wo-kann-ich-lexotan-tablette-kaufen","60":"product_tag-wo-kann-man-bromazepam-online-kaufen","61":"product_tag-wo-kann-man-bromazepam-online-kaufen-usa","62":"product_tag-wo-kann-man-lexotan-kaufen","63":"product_tag-wo-kann-man-lexotan-online-kaufen","65":"first","66":"instock","67":"shipping-taxable","68":"purchasable","69":"product-type-variable","70":"has-default-attributes"},"_links":{"self":[{"href":"https:\/\/www.medsconsulting.com\/de\/wp-json\/wp\/v2\/product\/2067","targetHints":{"allow":["GET"]}}],"collection":[{"href":"https:\/\/www.medsconsulting.com\/de\/wp-json\/wp\/v2\/product"}],"about":[{"href":"https:\/\/www.medsconsulting.com\/de\/wp-json\/wp\/v2\/types\/product"}],"replies":[{"embeddable":true,"href":"https:\/\/www.medsconsulting.com\/de\/wp-json\/wp\/v2\/comments?post=2067"}],"wp:featuredmedia":[{"embeddable":true,"href":"https:\/\/www.medsconsulting.com\/de\/wp-json\/wp\/v2\/media\/2073"}],"wp:attachment":[{"href":"https:\/\/www.medsconsulting.com\/de\/wp-json\/wp\/v2\/media?parent=2067"}],"wp:term":[{"taxonomy":"product_cat","embeddable":true,"href":"https:\/\/www.medsconsulting.com\/de\/wp-json\/wp\/v2\/product_cat?post=2067"},{"taxonomy":"product_tag","embeddable":true,"href":"https:\/\/www.medsconsulting.com\/de\/wp-json\/wp\/v2\/product_tag?post=2067"}],"curies":[{"name":"wp","href":"https:\/\/api.w.org\/{rel}","templated":true}]}}