{"id":1920,"date":"2020-10-25T15:12:11","date_gmt":"2020-10-25T15:12:11","guid":{"rendered":"https:\/\/www.medsconsulting.com\/de\/?post_type=product&#038;p=1920"},"modified":"2024-03-14T06:20:19","modified_gmt":"2024-03-14T06:20:19","slug":"clinodine","status":"publish","type":"product","link":"https:\/\/www.medsconsulting.com\/de\/product\/frauengesundheit\/clinodine\/","title":{"rendered":"Clonidin"},"content":{"rendered":"<h2>Was ist Clonidin?<\/h2>\n<p>Clonidin senkt den Blutdruck, indem es die Konzentration bestimmter Chemikalien in Ihrem Blut senkt. Dadurch k\u00f6nnen sich Ihre Blutgef\u00e4\u00dfe entspannen und Ihr Herz langsamer und leichter schlagen.<\/p>\n<p>Clonidin der Marke Catapres wird zur Behandlung von Bluthochdruck (Bluthochdruck) verwendet. Die Marke Kapvay wird zur Behandlung der Aufmerksamkeitsdefizit-Hyperaktivit\u00e4tsst\u00f6rung (ADHS) verwendet.<\/p>\n<p>Clonidin wird manchmal mit anderen Medikamenten verabreicht.<\/p>\n<h2>Wichtige Informationen<\/h2>\n<p>Bevor Sie Clonidin einnehmen, informieren Sie Ihren Arzt, wenn Sie an einer Herzerkrankung oder einer schweren koronaren Herzkrankheit, einer Herzrhythmusst\u00f6rung, langsamen Herzschl\u00e4gen, niedrigem Blutdruck, einem Herzinfarkt oder Schlaganfall in der Vorgeschichte, einer Nierenerkrankung oder wenn Sie jemals eine Allergie hatten Reaktion auf ein transdermales Hautpflaster Catapres TTS.<\/p>\n<h2>Vor der Einnahme dieses Arzneimittels<\/h2>\n<p>Sie sollten dieses Arzneimittel nicht einnehmen, wenn Sie allergisch gegen Clonidin sind.<\/p>\n<p>Um sicherzustellen, dass Clonidin f\u00fcr Sie sicher ist, informieren Sie Ihren Arzt, wenn Sie Folgendes haben:<\/p>\n<ul>\n<li>Herzkrankheit oder schwere koronare Herzkrankheit;<\/li>\n<li>Herzrhythmusst\u00f6rung, langsamer Herzschlag;<\/li>\n<li>niedriger Blutdruck oder Ohnmachtsanf\u00e4lle in der Vorgeschichte;<\/li>\n<li>Herzinfarkt oder Schlaganfall in der Vorgeschichte;<\/li>\n<li>Ph\u00e4ochromozytom (Tumor der Nebenniere);<\/li>\n<li>Nierenerkrankung; oder<\/li>\n<li>wenn Sie jemals eine allergische Reaktion auf ein Hautpflaster von Catapres TTS hatten.<\/li>\n<\/ul>\n<p>\u00c4ltere Erwachsene k\u00f6nnen empfindlicher auf die Wirkungen dieses Arzneimittels reagieren.<\/p>\n<p>Es ist nicht bekannt, ob dieses Arzneimittel einem ungeborenen Kind schadet. Informieren Sie Ihren Arzt, wenn Sie w\u00e4hrend der Einnahme von Clonidin schwanger sind oder eine Schwangerschaft planen.<\/p>\n<p>Clonidin kann in die Muttermilch \u00fcbergehen und einem S\u00e4ugling schaden. Informieren Sie Ihren Arzt, wenn Sie ein Baby stillen.<\/p>\n<p><b>Catapres<\/b>\u00a0ist nicht f\u00fcr die Verwendung durch Personen unter 18 Jahren zugelassen. Geben Sie\u00a0<b>Kapvay<\/b>\u00a0nicht einem Kind unter 6 Jahren.<\/p>\n<h2 id=\"directions\">Wie soll ich Clonidin einnehmen?<\/h2>\n<p>Nehmen Sie Clonidin genau so ein, wie es Ihnen verschrieben wurde. Befolgen Sie alle Anweisungen auf Ihrem Rezeptetikett. Ihr Arzt kann gelegentlich Ihre Dosis \u00e4ndern, um sicherzustellen, dass Sie die besten Ergebnisse erzielen. Nehmen Sie dieses Arzneimittel nicht in gr\u00f6\u00dferen oder kleineren Mengen oder l\u00e4nger als empfohlen ein.<\/p>\n<p>Clonidin wird normalerweise morgens und vor dem Schlafengehen eingenommen. Wenn Sie zu jedem Einnahmezeitpunkt unterschiedliche Dosen dieses Arzneimittels einnehmen, ist es m\u00f6glicherweise am besten, die gr\u00f6\u00dfere Dosis vor dem Schlafengehen einzunehmen.<\/p>\n<p>Clonidin kann mit oder ohne Nahrung eingenommen werden.<\/p>\n<p>Verwenden Sie nicht zwei Formen von Clonidin gleichzeitig. Dieses Arzneimittel ist auch als transdermales Pflaster erh\u00e4ltlich, das auf der Haut getragen wird.<\/p>\n<p>Retardtabletten nicht zerdr\u00fccken, kauen oder zerbrechen. Schluck es ganz. Informieren Sie Ihren Arzt, wenn Sie Schwierigkeiten beim Schlucken der Tablette haben.<\/p>\n<p>Wenn Sie operiert werden m\u00fcssen, teilen Sie dem Chirurgen im Voraus mit, dass Sie Clonidin anwenden. M\u00f6glicherweise m\u00fcssen Sie die Anwendung des Arzneimittels f\u00fcr kurze Zeit unterbrechen.<\/p>\n<p>H\u00f6ren Sie nicht pl\u00f6tzlich auf, Clonidin zu verwenden, oder Sie k\u00f6nnten unangenehme Entzugserscheinungen haben. Fragen Sie Ihren Arzt, wie Sie die Anwendung dieses Arzneimittels sicher beenden k\u00f6nnen.<\/p>\n<p>Rufen Sie Ihren Arzt an, wenn Sie unter Erbrechen leiden. Eine l\u00e4ngere Krankheit kann es Ihrem K\u00f6rper erschweren, dieses Arzneimittel aufzunehmen, was zu Entzugserscheinungen f\u00fchren kann. <b>Dies ist besonders wichtig f\u00fcr ein Kind, das Clonidin einnimmt.<\/b><\/p>\n<p>Wenn Sie wegen Bluthochdruck behandelt werden, wenden Sie dieses Medikament weiter an, auch wenn Sie sich wohl f\u00fchlen. Bluthochdruck hat oft keine Symptome. M\u00f6glicherweise m\u00fcssen Sie f\u00fcr den Rest Ihres Lebens Blutdruckmedikamente einnehmen.<\/p>\n<p>Bei Raumtemperatur fern von Feuchtigkeit, Hitze und Licht lagern.<\/p>\n<h2 id=\"avoid\">Was sollte ich w\u00e4hrend der Einnahme von Clonidin vermeiden?<\/h2>\n<p>Vermeiden Sie es, Alkohol zu trinken. Es kann bestimmte Nebenwirkungen von Clonidin verst\u00e4rken.<\/p>\n<p>Clonidin kann Ihr Denken oder Ihre Reaktionen beeintr\u00e4chtigen. Vermeiden Sie es, ein Fahrzeug zu f\u00fchren oder Maschinen zu bedienen, bis Sie wissen, wie sich dieses Arzneimittel auf Sie auswirkt. Schwindel oder starke Schl\u00e4frigkeit k\u00f6nnen zu St\u00fcrzen oder anderen Unf\u00e4llen f\u00fchren.<\/p>\n","protected":false},"excerpt":{"rendered":"<p>Was ist Clonidin? Clonidin senkt den Blutdruck, indem es die Konzentration bestimmter Chemikalien in Ihrem Blut senkt. Dadurch k\u00f6nnen sich Ihre Blutgef\u00e4\u00dfe entspannen und Ihr Herz langsamer und leichter schlagen. Clonidin der Marke Catapres wird zur Behandlung von Bluthochdruck (Bluthochdruck) &hellip; <a href=\"https:\/\/www.medsconsulting.com\/de\/product\/frauengesundheit\/clinodine\/\">Readmore<\/a><\/p>\n","protected":false},"featured_media":1993,"comment_status":"open","ping_status":"closed","template":"","meta":[],"product_cat":[147],"product_tag":[],"class_list":{"0":"post-1920","1":"product","2":"type-product","3":"status-publish","4":"has-post-thumbnail","6":"product_cat-frauengesundheit","8":"first","9":"instock","10":"featured","11":"shipping-taxable","12":"purchasable","13":"product-type-variable","14":"has-default-attributes"},"_links":{"self":[{"href":"https:\/\/www.medsconsulting.com\/de\/wp-json\/wp\/v2\/product\/1920","targetHints":{"allow":["GET"]}}],"collection":[{"href":"https:\/\/www.medsconsulting.com\/de\/wp-json\/wp\/v2\/product"}],"about":[{"href":"https:\/\/www.medsconsulting.com\/de\/wp-json\/wp\/v2\/types\/product"}],"replies":[{"embeddable":true,"href":"https:\/\/www.medsconsulting.com\/de\/wp-json\/wp\/v2\/comments?post=1920"}],"wp:featuredmedia":[{"embeddable":true,"href":"https:\/\/www.medsconsulting.com\/de\/wp-json\/wp\/v2\/media\/1993"}],"wp:attachment":[{"href":"https:\/\/www.medsconsulting.com\/de\/wp-json\/wp\/v2\/media?parent=1920"}],"wp:term":[{"taxonomy":"product_cat","embeddable":true,"href":"https:\/\/www.medsconsulting.com\/de\/wp-json\/wp\/v2\/product_cat?post=1920"},{"taxonomy":"product_tag","embeddable":true,"href":"https:\/\/www.medsconsulting.com\/de\/wp-json\/wp\/v2\/product_tag?post=1920"}],"curies":[{"name":"wp","href":"https:\/\/api.w.org\/{rel}","templated":true}]}}