{"id":1912,"date":"2020-10-25T14:22:51","date_gmt":"2020-10-25T14:22:51","guid":{"rendered":"https:\/\/www.medsconsulting.com\/de\/?post_type=product&#038;p=1912"},"modified":"2024-03-14T05:54:29","modified_gmt":"2024-03-14T05:54:29","slug":"cialis-tadalafil","status":"publish","type":"product","link":"https:\/\/www.medsconsulting.com\/de\/product\/maenner-gesundheit\/cialis-tadalafil\/","title":{"rendered":"Cialis (Tadalafil)"},"content":{"rendered":"<p>Sie k\u00f6nnen Cialis (Tadalafil) nach einer Online-Beratung online bei Prescription Doctor kaufen. Wir bieten eine g\u00fcnstigere generische Version an, die den gleichen Wirkstoff wie Cialis enth\u00e4lt. Wir bieten einen diskreten Lieferservice an, um Ihre Privatsph\u00e4re zu gew\u00e4hrleisten, wenn Sie eine ED-Behandlung online in einer registrierten britischen Apotheke kaufen. Wenn Ihre Bestellung von Montag bis Freitag vor 15:00 Uhr von unserem Arzt genehmigt wird, wird Ihr Artikel von unserem Apothekenteam ausgegeben und am selben Tag f\u00fcr eine Lieferung am n\u00e4chsten Tag versandt.<\/p>\n<p>Cialis ist ein Medikament zur Behandlung der erektilen Dysfunktion, das einen Hemmer der Phosphodiesterase Typ 5 (PDE5) enth\u00e4lt, der als Tadalafil bekannt ist.<\/p>\n<h3>Generisches Cialis (Tadalafil)<\/h3>\n<p>Unsere Online-Apotheke bietet sowohl Cialis der Marke Lilly als auch generisches Cialis in Form von Tadalafil-Tabletten an. Sowohl Cialis als auch generisches Tadalafil sind in 10-mg- oder 20-mg-Tabletten erh\u00e4ltlich.<\/p>\n<p>Generika sind g\u00fcnstigere Alternativen zu ihren Marken-Pendants, enthalten aber den gleichen Wirkstoff und wirken auf \u00e4hnliche Weise.<\/p>\n<p>W\u00e4hrend der Wirkstoff derselbe sein kann, kann es in Cialis oder generischen Tadalafil-Tabletten Inhaltsstoffe geben, gegen die Sie allergisch sind. Wenn Sie sich nicht sicher sind, lesen Sie die Liste der Inhaltsstoffe in der Packungsbeilage, die Ihrer Behandlung beiliegt.<\/p>\n<p>Sie k\u00f6nnen generisches Cialis, auch bekannt als Tadalafil, in Gro\u00dfbritannien mit Lieferung am n\u00e4chsten Tag in der bequemen Online-Apotheke von Prescription Doctor kaufen. F\u00fcllen Sie einfach unseren Online-Fragebogen aus, damit unser Arzt dies \u00fcberpr\u00fcfen kann. Wenn Ihre Bestellung an einem Wochentag vor 15:00 Uhr genehmigt wird, wird Ihre Bestellung noch am selben Tag von unserer GPhC-registrierten Apotheke versandt.<\/p>\n<h3>Was ist erektile Dysfunktion?<\/h3>\n<p>Erektile Dysfunktion ist, wenn ein Mann Schwierigkeiten hat, eine Erektion zu erreichen oder aufrechtzuerhalten. W\u00e4hrend der Zustand peinlich sein kann, ist es relativ \u00fcblich, dass M\u00e4nner von Zeit zu Zeit unter erektiler Dysfunktion leiden. Wenn Sie jedoch regelm\u00e4\u00dfig Erektionsst\u00f6rungen haben, ist es wichtig, mit Ihrem Arzt dar\u00fcber zu sprechen.<\/p>\n<p>Die Ursachen der erektilen Dysfunktion sind bei M\u00e4nnern unterschiedlich. Bei einigen kann ihr Zustand durch einen zugrunde liegenden Gesundheitszustand, ein bestimmtes Medikament, das verwendet wird, oder psychologische Probleme wie Stress, Angstzust\u00e4nde oder Depressionen verursacht werden. Daher ist es sehr wichtig, mit Ihrem Hausarzt zu sprechen, wenn Sie an einer erektilen Dysfunktion leiden, da dies ein Zeichen f\u00fcr einen nicht diagnostizierten Zustand sein k\u00f6nnte, der m\u00f6glicherweise behandelt werden muss.<\/p>\n<p>Wenn Sie eine erektile Dysfunktion als Nebenwirkung in der Packungsbeilage eines anderen von Ihrem Arzt verschriebenen Arzneimittels finden, sollten Sie die Einnahme des Arzneimittels nicht abbrechen. Informieren Sie stattdessen Ihren Arzt \u00fcber die Nebenwirkung. Ihr Arzt kann Sie angemessen beraten, wie Sie mit Ihrer Nebenwirkung umgehen k\u00f6nnen, oder Ihre Medikamente \u00fcberpr\u00fcfen, wenn sie Sie besonders belasten.<\/p>\n<p>Sexuelle Stimulation bewirkt, dass Gewebe im Penis eine Chemikalie namens zyklisches Guanosinmonophosphat (cGMP) freisetzt, die eine Erweiterung der Blutgef\u00e4\u00dfe bewirkt. Dies erh\u00f6ht den Blutfluss zu den beiden zylindrischen Kammern im Penis, den Schwellk\u00f6rpern, was zu einer Erektion f\u00fchrt.<\/p>\n<p>Laut einer Studie hatten 43 % der M\u00e4nner im Alter zwischen 18 und 60 Jahren irgendeine Form von erektiler Dysfunktion. Dies bedeutet nicht, dass sie an der Krankheit leiden. Diejenigen, die eine Behandlung der erektilen Dysfunktion ben\u00f6tigen, haben oft andere L\u00f6sungen wie Gewichtsabnahme, Therapie oder \u00c4nderungen des Lebensstils ohne Erfolg versucht.<\/p>\n<p>Wenn Sie versucht haben, auf Alkohol zu verzichten, Medikamente zu wechseln und Ihre Fitness zu verbessern, w\u00e4hrend Sie gleichzeitig Ihren Stresspegel gesenkt haben, aber immer noch erektile Dysfunktion haben, k\u00f6nnen Sie von Cialis profitieren.<\/p>\n<p>PDE5-Hemmer wie Cialis blockieren ein Enzym daran, cGMP zu zerst\u00f6ren. Dadurch bleiben die Blutgef\u00e4\u00dfe l\u00e4nger geweitet, was durch die erh\u00f6hte Durchblutung zu einer l\u00e4nger anhaltenden und festeren Erektion f\u00fchrt.<\/p>\n<p>Bevor Sie eine Behandlung gegen erektile Dysfunktion online kaufen, ist es wichtig, mit Ihrem Hausarzt \u00fcber Ihre erektile Dysfunktion zu sprechen. Ihr Arzt kann die Ursache Ihrer erektilen Dysfunktion feststellen und geeignete Ratschl\u00e4ge zur Behandlung geben.<\/p>\n<h3>L\u00e4sst Cialis Sie l\u00e4nger im Bett durchhalten?<\/h3>\n<p>W\u00e4hrend Cialis Ihnen helfen kann, eine Erektion zu erreichen und l\u00e4nger aufrechtzuerhalten, verl\u00e4ngert es nicht Ihre Zeit bis zur Ejakulation oder hilft Ihnen, l\u00e4nger im Bett zu bleiben. Wenn Sie unter vorzeitiger Ejakulation leiden, sprechen Sie mit Ihrem Arzt.<\/p>\n<div class=\"notice_description\">\n<p><strong>Warnung:<\/strong>\u00a0Sie sollten niemals Behandlungen gegen erektile Dysfunktion und vorzeitige Ejakulation zusammen einnehmen.<\/p>\n<\/div>\n<h3>W\u00fcrde Cialis meine Libido (Sextrieb) verbessern?<\/h3>\n<p>Cialis ist kein Aphrodisiakum und steigert das sexuelle Verlangen nicht. Damit Cialis richtig wirken kann, ist eine sexuelle Stimulation erforderlich.<\/p>\n<p>Wenn Sie eine Ver\u00e4nderung Ihres Sexualtriebs (Libido) bemerken, sprechen Sie mit Ihrem Arzt.<\/p>\n<hr \/>\n<h2 id=\"desc-content-1\" class=\"arrow-right-xs arrow-down-xs\"><a id=\"Cialis Dosierung und Menge\" name=\"Cialis Dosierung und Menge\"><\/a>Cialis Dosierung und Menge<\/h2>\n<p>Es sind verschiedene Formen von Cialis erh\u00e4ltlich. Cialis ist in Blisterpackungen mit 14, 28 oder 84 Tabletten in Dosierungen von 2,5\u00a0mg, 5\u00a0mg, 10\u00a0mg und 20\u00a0mg erh\u00e4ltlich.<\/p>\n<p>Wenn Sie Cialis online bei Prescription Doctor kaufen, wird unser Arzt die f\u00fcr Sie am besten geeignete Dosierung besprechen.<\/p>\n<hr \/>\n<h2 id=\"desc-content-2\" class=\"arrow-right-xs arrow-down-xs\"><a id=\"wie man Cialis einnimmt\" name=\"wie man Cialis einnimmt\"><\/a>Wie Cialis (Tadalafil) einnehmen?<\/h2>\n<p>Sie sollten 1 Tablette Cialis 30 Minuten vor dem erwarteten Geschlechtsverkehr einnehmen, um das beste Ergebnis zu erzielen.<\/p>\n<p>Die Wirkung von Cialis (Tadalafil) kann bis zu 36 Stunden anhalten, sodass Erektionen f\u00fcr etwa 1,5 Tage auftreten k\u00f6nnen.<\/p>\n<p>Cialis kann mit oder ohne Nahrung eingenommen werden. Um das beste Ergebnis zu erzielen, sollten Sie vor der Einnahme von Cialis vermeiden, gro\u00dfe Mahlzeiten oder Nahrungsmittel mit hohem Gehalt an ges\u00e4ttigten Fetts\u00e4uren zu sich zu nehmen.<\/p>\n<p>Cialis-Tabletten sollten unzerkaut mit einem Glas Wasser geschluckt werden.<\/p>\n<p><strong>Trinken Sie keinen Grapefruitsaft<\/strong>, w\u00e4hrend Sie Cialis einnehmen. Dies liegt daran, dass Grapefruitsaft Ihr Risiko von Nebenwirkungen mit Cialis erh\u00f6hen kann.<\/p>\n<p><strong>Die Tablette nicht<\/strong>\u00a0zerdr\u00fccken, kauen oder in Wasser aufl\u00f6sen. Wenn Sie Schwierigkeiten beim Schlucken von Tabletten haben, sprechen Sie mit Ihrem Arzt \u00fcber alternative Behandlungen der erektilen Dysfunktion.<\/p>\n<p><strong>Nehmen Sie nicht<\/strong> innerhalb von 24 Stunden mehr als 1 Tablette Cialis ein. Wenn Sie versehentlich mehr Cialis eingenommen haben, als Sie sollten, informieren Sie sofort Ihren Arzt.<\/p>\n<p>Wenn Sie sich nicht sicher sind, wie Sie Cialis einnehmen sollen, sprechen Sie mit Ihrem Arzt oder fragen Sie einen Apotheker. Sie sollten Cialis immer wie von Ihrem Arzt verordnet einnehmen.<\/p>\n<hr \/>\n<h2 id=\"desc-content-3\" class=\"arrow-right-xs arrow-down-xs\"><a id=\"Side effects\" name=\"Side effects\"><\/a>Nebenwirkungen und Warnhinweise von Cialis<\/h2>\n<p>Bevor Sie Cialis online kaufen, ist es wichtig, sich der mit Ihrem Medikament verbundenen Risiken bewusst zu sein. Wenn Sie sich bez\u00fcglich eines der mit Ihrer Behandlung verbundenen Risiken nicht sicher sind, sprechen Sie mit Ihrem Arzt oder fragen Sie einen Apotheker um Rat.<\/p>\n<p>Sie k\u00f6nnen sich der Nebenwirkungen bewusst werden, indem Sie die beiliegende Packungsbeilage lesen, die Ihrem verschriebenen Medikament beiliegt.<\/p>\n<p>Alternativ k\u00f6nnen Sie die Packungsbeilage f\u00fcr Patienten\u00a0hier herunterladen.<\/p>\n<h3>Wer sollte Cialis (Tadalafil) nicht einnehmen?<\/h3>\n<p>Cialis (Tadalafil) ist nicht f\u00fcr jeden Mann geeignet. Wenn Sie sich nicht sicher sind, ob Cialis sicher f\u00fcr Sie ist, sprechen Sie mit Ihrem Arzt.<\/p>\n<p><strong>Nehmen Sie Cialis nicht<\/strong> ein, wenn Sie:<\/p>\n<ul>\n<li>allergisch gegen Tadalafil oder einen der in der Packungsbeilage aufgef\u00fchrten sonstigen Bestandteile sind<\/li>\n<li>Nitratstoffe wie Amylnitrat einnehmen<\/li>\n<li>eine schwere Herzerkrankung haben oder innerhalb der letzten 90 Tage k\u00fcrzlich einen Herzinfarkt erlitten haben<\/li>\n<li>hatte vor kurzem innerhalb der letzten 6 Monate einen Schlaganfall<\/li>\n<li>niedrigen oder unkontrollierten Bluthochdruck haben<\/li>\n<li>jemals einen Sehverlust aufgrund einer nicht-arteriitischen anterioren isch\u00e4mischen Optikusneuropathie (NAION), manchmal auch als \u201eAugenschlag\u201c bezeichnet, erlebt haben<\/li>\n<li>nehmen Riociguat<\/li>\n<\/ul>\n<p>W\u00e4hrend Ihrer Online-Konsultation mit Prescription Doctor ist es wichtig, unseren Arzt \u00fcber alle Medikamente zu informieren, die Sie derzeit einnehmen, einschlie\u00dflich der von Ihrem Arzt verschriebenen oder rezeptfrei in Ihrer \u00f6rtlichen Apotheke gekauften, einschlie\u00dflich Gesundheits- und Kr\u00e4utererg\u00e4nzungen.<\/p>\n<h3>Nebenwirkungen von Cialis (Tadalafil)<\/h3>\n<p>Alle Medikamente bergen das Risiko von Nebenwirkungen, obwohl sie nicht bei jedem auftreten. Das Verst\u00e4ndnis der mit Ihrer Medikation verbundenen Risiken ist ein wichtiger Teil Ihrer Behandlung der erektilen Dysfunktion.<\/p>\n<p><strong>Nebenwirkungen von Cialis (Tadalafil) k\u00f6nnen beinhalten:<\/strong><\/p>\n<ul>\n<li>R\u00fccken- oder Brustschmerzen<\/li>\n<li>Verdauungsprobleme<\/li>\n<li>Schwindel<\/li>\n<li>Kopfschmerzen<\/li>\n<li>Erh\u00f6hter Herzschlag<\/li>\n<li>Hautprobleme<\/li>\n<li>Sehprobleme<\/li>\n<\/ul>\n<p>Dies ist keine vollst\u00e4ndige Liste der Nebenwirkungen. F\u00fcr weitere Informationen zur Sicherheit dieses Medikaments empfehlen wir Ihnen, die Packungsbeilage f\u00fcr Patienten zu lesen.<\/p>\n<div class=\"notice_description\">\n<p>Wenn Sie Nebenwirkungen bemerken, unabh\u00e4ngig davon, ob sie oben oder in der Packungsbeilage aufgef\u00fchrt sind, wenden Sie sich an Ihren Arzt oder rufen Sie 111 an, um Rat zu erhalten.<\/p>\n<\/div>\n<p>Wenn Sie eine Erektion versp\u00fcren, die l\u00e4nger als 4 Stunden anh\u00e4lt, suchen Sie einen Notarzt auf, indem Sie direkt zur n\u00e4chsten Notaufnahme gehen. Anhaltende Erektionen (auch bekannt als Priapismus) k\u00f6nnen das Penisgewebe ernsthaft sch\u00e4digen.<\/p>\n<h3>Vorbeugung Ihres Risikos von Nebenwirkungen mit Cialis<\/h3>\n<p>Einige Nebenwirkungen wie Schwindel und Kopfschmerzen werden durch einen Blutdruckabfall verursacht und k\u00f6nnen beim schnellen Aufstehen aus einer sitzenden oder liegenden Position auftreten. Langsames Aufstehen kann Schwindelgef\u00fchlen und Kopfschmerzen vorbeugen.<\/p>\n<p>Die Einnahme von Cialis mit Nahrung kann Verdauungsprobleme reduzieren.<\/p>\n<h3>Allergien<\/h3>\n<p><strong>Nehmen Sie Cialis nicht<\/strong> ein, wenn Sie allergisch gegen Tadalafil oder einen der anderen Inhaltsstoffe sind, die in der Packungsbeilage Ihres Arzneimittels aufgef\u00fchrt sind.<\/p>\n<p>Cialis enth\u00e4lt Laktose. Wenn Sie dar\u00fcber informiert wurden, dass Sie empfindlich auf bestimmte Zucker reagieren, sprechen Sie mit Ihrem Arzt, bevor Sie Cialis einnehmen.<\/p>\n<div class=\"notice_description\">\n<p>Wenn Sie die Anzeichen und Symptome einer allergischen Reaktion bemerken, beenden Sie die Einnahme von Cialis und suchen Sie einen Notarzt auf, indem Sie direkt zur n\u00e4chsten Unfall- und Notaufnahme gehen. Denken Sie daran, die Verpackung und alle restlichen Arzneimittel mitzunehmen, damit die \u00c4rzte genau wissen, was Sie eingenommen haben.<\/p>\n<\/div>\n<p><strong>Anzeichen einer allergischen Reaktion sind:<\/strong><\/p>\n<ul>\n<li>Bruststraffung<\/li>\n<li>Trockene, rote und rissige Haut<\/li>\n<li>Juckende, rote, tr\u00e4nende Augen<\/li>\n<li>Erhabener, juckender, roter Ausschlag (Quaddeln)<\/li>\n<li>Anschwellen von Lippen, Zunge, Augen oder Gesicht<\/li>\n<li>Bauchschmerzen, \u00dcbelkeit, Erbrechen oder Durchfall<\/li>\n<li>Keuchen<\/li>\n<\/ul>\n<h3>Schwangerschaft und Stillzeit<\/h3>\n<p>Cialis ist nicht f\u00fcr Frauen bestimmt.<\/p>\n<h3>Weitere Sicherheitshinweise<\/h3>\n<p>Lassen Sie sich <strong>immer<\/strong> von Ihrem Arzt beraten, bevor Sie Cialis online bei Prescription Doctor kaufen.<\/p>\n<p><strong>Nehmen Sie Cialis nicht<\/strong> nach dem auf der Verpackung aufgedruckten Verfallsdatum ein. Das Datum bezieht sich auf den letzten Tag des angegebenen Monats.<\/p>\n<p>Entsorgen Sie Arzneimittel <strong>niemals<\/strong> im Haushalts- oder Wasserabfall. Bringen Sie unerw\u00fcnschte oder abgelaufene Medikamente zu Ihrer \u00f6rtlichen Apotheke und bitten Sie sie, sie in Ihrem Namen sicher zu entsorgen.<\/p>\n<p>Bewahren Sie Arzneimittel <strong>immer<\/strong> au\u00dferhalb der Sicht- und Reichweite von Kindern und Haustieren auf.<\/p>\n<p>Teilen Sie Ihr Arzneimittel <strong>niemals<\/strong> mit anderen, selbst wenn diese die gleichen Symptome wie Sie haben oder bei denen die gleiche Krankheit wie bei Ihnen diagnostiziert wurde.<\/p>\n<hr \/>\n<h2 id=\"desc-content-4\" class=\"arrow-right-xs arrow-down-xs\"><a id=\"faq\" name=\"faq\"><\/a>H\u00e4ufig gestellte Fragen<\/h2>\n<div>\n<div>\n<h3>Was soll ich tun, wenn ich mehr Cialis nehme, als ich sollte?<\/h3>\n<div>\n<p>Wenn Sie versehentlich mehr Cialis eingenommen haben, als Sie sollten, informieren Sie Ihren Arzt. Die Einnahme von mehr Cialis als Sie sollten, kann Ihr Risiko f\u00fcr Nebenwirkungen erh\u00f6hen.<\/p>\n<\/div>\n<\/div>\n<div>\n<h3>Beeinflusst Cialis meine Verkehrst\u00fcchtigkeit oder die F\u00e4higkeit zum Bedienen von Maschinen?<\/h3>\n<div>\n<p>Cialis kann Schwindel, Benommenheit oder Sehst\u00f6rungen verursachen. Wenn Sie solche unerw\u00fcnschten Ereignisse bemerken, unterlassen Sie es, ein Fahrzeug zu f\u00fchren oder Maschinen zu bedienen, bis dies f\u00fcr Sie gefahrlos m\u00f6glich ist.<\/p>\n<\/div>\n<\/div>\n<div>\n<h3>Kann ich w\u00e4hrend der Einnahme von Cialis Alkohol trinken?<\/h3>\n<div>\n<p>Sie sollten Ihren Alkoholkonsum vermeiden oder einschr\u00e4nken, bevor Sie Cialis einnehmen. Alkohol kann Ihre F\u00e4higkeit, eine Erektion zu erreichen, beeintr\u00e4chtigen und Ihren Blutdruck vor\u00fcbergehend senken, wodurch das Risiko bestimmter Nebenwirkungen erh\u00f6ht wird.<\/p>\n<\/div>\n<\/div>\n<div>\n<h3>Beeintr\u00e4chtigt Grapefruit Cialis?<\/h3>\n<div>\n<p>Grapefruit st\u00f6rt Cialis. Sie sollten w\u00e4hrend der Einnahme von Cialis keinen Grapefruitsaft trinken. Sprechen Sie mit Ihrem Arzt, um weitere Ratschl\u00e4ge zu erhalten.<\/p>\n<\/div>\n<\/div>\n<div>\n<h3>Beeintr\u00e4chtigt Cialis meine Fruchtbarkeit?<\/h3>\n<div>\n<p>Obwohl bei einigen M\u00e4nnern, die Cialis einnahmen, \u00fcber eine Verringerung der Spermien berichtet wurde, ist es unwahrscheinlich, dass es zu Unfruchtbarkeit f\u00fchrt. Wenn Sie Bedenken hinsichtlich der Fruchtbarkeit haben, sprechen Sie mit Ihrem Arzt.<\/p>\n<\/div>\n<\/div>\n<div>\n<h3>Was ist der Unterschied zwischen Cialis und Tadalafil<\/h3>\n<div>\n<div>\n<p>Cialis ist der Markenname f\u00fcr Tadalafil. Beide Behandlungen enthalten den gleichen Wirkstoff und wirken auf die gleiche Weise.<\/p>\n<p>Tadalafil (generisches Cialis) ist jedoch g\u00fcnstiger als Cialis.<\/p>\n<\/div>\n<\/div>\n<\/div>\n<div>\n<h3>Wie lange dauert es, bis Cialis wirkt?<\/h3>\n<div>\n<div>\n<p>Cialis (Tadalafil) braucht normalerweise zwischen 30 Minuten und einer Stunde, um zu wirken.<\/p>\n<p>Es ist wichtig zu beachten, dass es l\u00e4nger dauern kann, bis Cialis wirkt, wenn Sie es nach einer reichhaltigen Mahlzeit einnehmen.<\/p>\n<div class=\"notice_description\">\n<p><strong>Denken Sie daran:<\/strong>\u00a0Cialis verursacht keine sofortige Erektion \u2013 es erleichtert nur das Auftreten einer Erektion, wenn es stimuliert wird.<\/p>\n<\/div>\n<\/div>\n<\/div>\n<\/div>\n<div>\n<h3>Wie lange h\u00e4lt Cialis an?<\/h3>\n<div>\n<div>\n<p>Die Wirkung von Cialis kann bis zu 36 Stunden nach Einnahme der Tablette anhalten.<\/p>\n<p>Cialis erleichtert nur eine Erektion und verursacht nicht spontan eine. Sexuelle Stimulation ist weiterhin erforderlich.<\/p>\n<p>W\u00e4hrend Cialis Sie bis zu 36 Stunden nach der Einnahme eine Erektion erreichen l\u00e4sst, verursacht Cialis keine Erektion, die 38 Stunden anh\u00e4lt.<\/p>\n<p>Wenn Sie eine Erektion versp\u00fcren, die l\u00e4nger als 4 Stunden anh\u00e4lt, suchen Sie sofort einen Arzt auf.<\/p>\n<\/div>\n<\/div>\n<\/div>\n<div>\n<h3>Wirkt Cialis bei M\u00e4nnern mit niedrigem Testosteronspiegel?<\/h3>\n<div>\n<p>Wenn Sie einen niedrigen Testosteronspiegel haben und an erektiler Dysfunktion leiden, sprechen Sie am besten pers\u00f6nlich mit Ihrem Arzt, um sicherzustellen, dass Cialis w\u00e4hrend einer gleichzeitigen Behandlung mit Testosterongel oder -injektionen sicher eingenommen werden kann.<\/p>\n<\/div>\n<\/div>\n<div>\n<h3>Kann ich Cialis rezeptfrei kaufen?<\/h3>\n<div>\n<p>Cialis ist nur auf Rezept erh\u00e4ltlich und kann nicht rezeptfrei gekauft werden. Um Cialis online zu kaufen, m\u00fcssen Sie eine Konsultation mit einem Online-Arzt absolvieren. Nach Abschluss einer Online-Beratung kann unser Arzt online ein Rezept f\u00fcr Cialis ausstellen.<\/p>\n<\/div>\n<\/div>\n<div>\n<h3>Was soll ich tun, wenn Cialis bei mir nicht wirkt?<\/h3>\n<div>\n<p>Wenn Sie feststellen, dass Cialis bei Ihnen nicht wirksam ist, sprechen Sie mit Ihrem Arzt. Wenn Cialis nicht so gut wirkt wie zuvor, kann dies ein Zeichen daf\u00fcr sein, dass sich ein zugrunde liegender Gesundheitszustand verschlechtert. Sprechen Sie mit Ihrem Arzt, wenn Sie Ver\u00e4nderungen in der Reaktion Ihres K\u00f6rpers auf Cialis bemerken.<\/p>\n<\/div>\n<\/div>\n<div>\n<h3>K\u00f6nnen Viagra und Cialis zusammen eingenommen werden?<\/h3>\n<div>\n<p>Sie sollten Viagra und Cialis nicht zusammen einnehmen. Die gleichzeitige Einnahme von zwei erektilen Dysfunktionen kann schwerwiegende und lebensbedrohliche Komplikationen wie einen gef\u00e4hrlichen Blutdruckabfall und lang anhaltende schmerzhafte Erektionen (Priapismus) verursachen. Wenn Sie sich nicht sicher sind, welche Behandlung f\u00fcr Sie am besten geeignet ist, sprechen Sie mit Ihrem Arzt oder fragen Sie einen Apotheker um Rat.<\/p>\n<\/div>\n<\/div>\n<div>\n<h3>Wie viele Cialis kann ich an einem Tag einnehmen?<\/h3>\n<div>\n<div>\n<p>Sie sollten innerhalb von 24 Stunden nicht mehr als 1 Tablette Cialis einnehmen. Wenn Sie sich nicht sicher sind, wie viele Cialis-Tabletten Sie einnehmen sollen, fragen Sie Ihren Arzt.<\/p>\n<p>Da die Wirkung von Cialis bis zu 36 Stunden anhalten kann, sollten Sie es vermeiden, Cialis an 2 aufeinanderfolgenden Tagen einzunehmen. Wenn Sie beispielsweise Cialis am Freitag einnehmen, nehmen Sie am Samstag keine weitere Dosis ein.<\/p>\n<\/div>\n<\/div>\n<\/div>\n<div>\n<h3>Was ist besser: Viagra, Levitra oder Cialis?<\/h3>\n<div>\n<div>\n<p>Viagra, Levitra und Cialis sind alle Behandlungen f\u00fcr erektile Dysfunktion, die einen PDE-5-Hemmer enthalten. Was f\u00fcr die erektile Dysfunktion eines Mannes funktionieren k\u00f6nnte, funktioniert m\u00f6glicherweise nicht f\u00fcr die eines anderen. Sie sollten mit Ihrem Arzt \u00fcber Ihren Zustand sprechen, bevor Sie eine Behandlung gegen erektile Dysfunktion kaufen. Ihr Arzt kann Ihren Zustand beurteilen und Ihnen auf der Grundlage Ihrer Krankengeschichte die f\u00fcr Sie am besten geeignete Behandlung verschreiben.<\/p>\n<p>Wenn eine Behandlung bei Ihnen nicht wirkt, informieren Sie Ihren Arzt. Sie k\u00f6nnen Ihnen m\u00f6glicherweise eine alternative Behandlung der erektilen Dysfunktion verschreiben, die f\u00fcr Sie funktionieren k\u00f6nnte. Sie sollten niemals mehr von einem Medikament einnehmen, um zu versuchen, es wirken zu lassen.<\/p>\n<\/div>\n<\/div>\n<\/div>\n<div>\n<h3>Wo kann ich Cialis im Vereinigten K\u00f6nigreich online kaufen?<\/h3>\n<div>\n<div>\n<p>Sie k\u00f6nnen Cialis online bei Prescription Doctor kaufen. Unser privater Online-Rezeptservice macht es Ihnen schnell und bequem, das richtige Medikament gegen erektile Dysfunktion direkt an Ihre Haust\u00fcr geliefert zu bekommen. F\u00fcllen Sie einfach unsere Online-Beratung aus, damit unser Arzt sie \u00fcberpr\u00fcft, und wenn die Behandlung geeignet ist, kann ein Rezept ausgestellt werden.<\/p>\n<p>Alle \u00fcber unseren Online-Service bestellten Artikel werden von einer in Gro\u00dfbritannien registrierten Apotheke \u00fcber einen diskreten Lieferservice am n\u00e4chsten Tag versandt. Wir achten besonders darauf, dass Ihre Artikel in einer diskreten, manipulationssicheren Verpackung geliefert werden, um Ihre Vertraulichkeit zu wahren.<\/p>\n<\/div>\n<\/div>\n<\/div>\n<\/div>\n","protected":false},"excerpt":{"rendered":"<p>Cialis ist eine wirksame Behandlung f\u00fcr erektile Dysfunktion, bei der eine Erektion erreicht werden kann, aber schwer aufrechtzuerhalten ist. Prescription Doctor bietet sowohl Marken- als auch Generika-Cialis (Tadalafil) online in 10-mg- und 20-mg-Tabletten an.<\/p>\n<p>Sie k\u00f6nnen Cialis online bei Prescription Doctor nach einer kurzen medizinischen Online-Beratung kaufen. Bei Eignung kann unser Arzt ein Rezept zur Erf\u00fcllung durch unsere Apotheke ausstellen. Wir k\u00f6nnen Cialis \u00fcber einen diskreten Lieferservice am n\u00e4chsten Tag zu Ihnen nach Hause liefern.<\/p>\n","protected":false},"featured_media":1916,"comment_status":"open","ping_status":"closed","template":"","meta":[],"product_cat":[146],"product_tag":[],"class_list":{"0":"post-1912","1":"product","2":"type-product","3":"status-publish","4":"has-post-thumbnail","6":"product_brand-mens-health","7":"product_cat-maenner-gesundheit","9":"first","10":"instock","11":"shipping-taxable","12":"purchasable","13":"product-type-variable","14":"has-default-attributes"},"_links":{"self":[{"href":"https:\/\/www.medsconsulting.com\/de\/wp-json\/wp\/v2\/product\/1912","targetHints":{"allow":["GET"]}}],"collection":[{"href":"https:\/\/www.medsconsulting.com\/de\/wp-json\/wp\/v2\/product"}],"about":[{"href":"https:\/\/www.medsconsulting.com\/de\/wp-json\/wp\/v2\/types\/product"}],"replies":[{"embeddable":true,"href":"https:\/\/www.medsconsulting.com\/de\/wp-json\/wp\/v2\/comments?post=1912"}],"wp:featuredmedia":[{"embeddable":true,"href":"https:\/\/www.medsconsulting.com\/de\/wp-json\/wp\/v2\/media\/1916"}],"wp:attachment":[{"href":"https:\/\/www.medsconsulting.com\/de\/wp-json\/wp\/v2\/media?parent=1912"}],"wp:term":[{"taxonomy":"product_cat","embeddable":true,"href":"https:\/\/www.medsconsulting.com\/de\/wp-json\/wp\/v2\/product_cat?post=1912"},{"taxonomy":"product_tag","embeddable":true,"href":"https:\/\/www.medsconsulting.com\/de\/wp-json\/wp\/v2\/product_tag?post=1912"}],"curies":[{"name":"wp","href":"https:\/\/api.w.org\/{rel}","templated":true}]}}