{"id":1903,"date":"2020-10-25T13:29:33","date_gmt":"2020-10-25T13:29:33","guid":{"rendered":"https:\/\/www.medsconsulting.com\/de\/?post_type=product&#038;p=1903"},"modified":"2022-04-13T21:50:39","modified_gmt":"2022-04-13T21:50:39","slug":"sildenafil","status":"publish","type":"product","link":"https:\/\/www.medsconsulting.com\/de\/product\/maenner-gesundheit\/sildenafil\/","title":{"rendered":"Sildenafil"},"content":{"rendered":"<h2>Sildenafil Online<\/h2>\n<p>Sie k\u00f6nnen den Online-Kauf von Sildenafil-Tabletten im Vereinigten K\u00f6nigreich ohne Rezept bei unserer registrierten Online-Apotheke und unserem Arztdienst beantragen. Da dieses Medikament verschreibungspflichtig ist, m\u00fcssen Sie eine Online-Bewertung ausf\u00fcllen. Sobald Sie Ihre Bestellung abgeschlossen haben, werden unsere in Gro\u00dfbritannien registrierten und geschulten Haus\u00e4rzte Ihre Bewertung \u00fcberpr\u00fcfen. Bei Genehmigung wird ein Rezept ausgestellt, das an unsere in Gro\u00dfbritannien registrierte Online-Apotheke weitergeleitet wird. Das Apothekenteam gibt Ihre Bestellung aus und versendet das Medikament an die von Ihnen gew\u00e4hlte Lieferadresse.<\/p>\n<h2>Was ist Sildenafil?<\/h2>\n<p>Sildenafil ist ein Medikament zur Behandlung der erektilen Dysfunktion bei M\u00e4nnern. Es ist die generische Form des bekannten Medikaments Viagra. Das Patent f\u00fcr Viagra lief 2013 aus, was es anderen Herstellern als Pfizer erm\u00f6glichte, das Medikament herzustellen. Dies wiederum trieb den Preis der generischen Form von Viagra nach unten. Sildenafil ist eine beliebte Wahl zur Behandlung von erektiler Dysfunktion, da es medizinisch keinen Unterschied zwischen Sildenafil und seiner Markenalternative gibt, Sildenafil jedoch eine viel g\u00fcnstigere Option ist.<\/p>\n<h3>So bestellen Sie Sildenafil-Tabletten<\/h3>\n<p>Um eine Bestellung f\u00fcr Sildenafil aufzugeben, m\u00fcssen Sie die drei unten aufgef\u00fchrten Schritte ausf\u00fchren.<\/p>\n<ol>\n<li>Behandlung ausw\u00e4hlen<\/li>\n<li>Bewertung abschlie\u00dfen<\/li>\n<li>Zur Kasse<\/li>\n<\/ol>\n<h3>\u00dcber Sildenafil<\/h3>\n<p><Tabelle><\/p>\n<tbody>\n<tr>\n<td>\n<h5>Wie ist Sildenafil einzunehmen?<\/h5>\n<\/td>\n<td>Nehmen Sie eine Sildenafil-Tablette etwa eine Stunde vor dem Sex ein. F\u00fcr eine optimale Leistung\u00a0auf n\u00fcchternen Magen einnehmen. Die Wirkung von Sildenafil kann zwischen 4-6\u00a0Stunden anhalten.<\/p>\n<p>Nehmen Sie innerhalb von 24\u00a0Stunden niemals mehr als eine 100-mg-Tablette ein<\/p>\n<p>Sildenafil sollte nicht mit mehr als einer oder zwei Einheiten Alkohol eingenommen werden, da es m\u00f6glicherweise nicht wirksam ist.<\/td>\n<\/tr>\n<tr>\n<td>\n<h5>Wie wirkt Sildenafil<\/h5>\n<\/td>\n<td>Sildenafil wirkt, indem es den Blutfluss in das erektile Gewebe des Penis erh\u00f6ht. Sildenafil hat keinen Einfluss auf die Libido, sondern nur auf Ihre F\u00e4higkeit, bei sexueller Erregung eine Erektion zu bekommen und aufrechtzuerhalten.<\/td>\n<\/tr>\n<tr>\n<td>\n<h5>Wie wirksam ist Sildenafil<\/h5>\n<\/td>\n<td>Die meisten M\u00e4nner werden eine festere und l\u00e4nger anhaltende Erektion bemerken. Wenn die Behandlung nicht anschl\u00e4gt, fragen Sie unsere \u00c4rzte, ob es angebracht w\u00e4re, die Dosis zu erh\u00f6hen. Alternativ k\u00f6nnen sie eine andere Behandlung empfehlen.<\/p>\n<p>Wenn Sildenafil beim ersten Mal nicht bei Ihnen wirkt, k\u00f6nnte es beim n\u00e4chsten Mal dennoch effektiver sein. \u00c4rzte raten oft dazu, alle Medikamente gegen erektile Dysfunktion achtmal auszuprobieren, bevor Sie aufgeben.<\/td>\n<\/tr>\n<tr>\n<td>\n<h5>Nebenwirkungen<\/h5>\n<\/td>\n<td>Obwohl Nebenwirkungen gelegentlich auftreten, k\u00f6nnen sie \u00dcbelkeit, Erbrechen und Durchfall umfassen. Sildenafil\u00a0kann auch eine verstopfte Nase, Kopfschmerzen, Gesichtsr\u00f6tung, leichten Schwindel, Herzrasen und verschwommenes Sehen verursachen.<\/td>\n<\/tr>\n<tr>\n<td>\n<h5>Nitrate und Sildenafil<\/h5>\n<\/td>\n<td>Sildenafil kann von unserem Arzt nicht verschrieben werden, wenn Sie Nicorandil oder Medikamente auf Nitratbasis wie GTN-Spray oder Isosorbidmononitrat-Tabletten gegen Angina pectoris einnehmen.<\/td>\n<\/tr>\n<tr>\n<td>\n<h5>Alphablocker und Sildenafil<\/h5>\n<\/td>\n<td>Wenn Sie Alpha-Blocker wie Tamsulosin oder Trazodon einnehmen, sollten Sie zwischen der Einnahme Ihres Alpha-Blockers und Sildenafil mindestens sechs Stunden verstreichen lassen.<\/td>\n<\/tr>\n<tr>\n<td>\n<h5>Preis<\/h5>\n<\/td>\n<td>Sildenafil ist eine g\u00fcnstige Viagra-Alternative mit Preisen ab 7,95 \u00a3. Die Kosten f\u00fcr Marken-Viagra sind deutlich h\u00f6her.<\/td>\n<\/tr>\n<\/tbody>\n<\/table>\n<h3>Sildenafil Alternatives<\/h3>\n<p>Although Sildenafil provides the most affordable treatment, it may not always be best suited to your needs.\u00a0Levitra\u00a0(or Vardenafil) is the most suitable treatment for people who suffer from diabetes, while\u00a0Cialis\u00a0(or\u00a0Tadalafil), provides a longer lasting effect. There is also now an over the counter option of Sildenafil in the form of\u00a0Viagra Connect. This contains Sildenafil 50mg.<\/p>\n<p>Vitaros cream is another alternative to oral medications in treating erectile dysfunction.<\/p>\n<p>You can also look at counselling since some men suffer from erectile dysfunction as a result of nerves. If you think your ED is psychological,\u00a0therapy may provide long term benefit if successful.<\/p>\n<h3>Different Manufacturers<\/h3>\n<p>As Sildenafil is a generic medication, there are multiple manufacturers of the same drug. This means you may see differences in packaging and even the colour of tablet from prescription to prescription. All manufacturers must meet MHRA standards, and so you can be confident the medication you receive contains exactly the same amount of active ingredient as any other.<\/p>\n<p>In rare instances, some patients may notice one manufacturer is more suitable for them. This can be due to other ingredients in the medication such as colouring, which they may be allergic too. If you have noticed a particular manufacturer is better for you, please e-mail us after placing your order requesting which manufacturer you would like. We will then do our best to accommodate your request, or offer a refund if this is not possible.<\/p>\n<p>Manufacturers of Sildenafil tablets in the UK include Teva, Mylan, Accord, Actavis, Dr Reddys, Sandoz and Zentiva amongst others.<\/p>\n<p>Whichever ED treatment you are prescribed, it is important you read the patient information leaflet carefully and take note of the side effects which may occur. You can also read more about Sildenafil, Sildenafil and other ED treatments.<\/p>\n","protected":false},"excerpt":{"rendered":"<h3>Medikationsfunktionen<\/h3>\n<ul>\n<li>Funktioniert innerhalb von 30\u201360\u00a0Minuten<\/li>\n<li>Generische Version von\u00a0<strong><a href=\"https:\/\/www.simpleonlinepharmacy.co.uk\/online-doctor\/erectile-dysfunction\/viagra\/\">Viagra<\/a><\/strong><\/li >\n<li>G\u00fcnstigste Behandlung der erektilen Dysfunktion<\/li>\n<li>Nicht mehr als EINE Tablette in 24 Stunden<\/li>\n<\/ul>\n","protected":false},"featured_media":1908,"comment_status":"open","ping_status":"closed","template":"","meta":[],"product_cat":[146],"product_tag":[],"class_list":{"0":"post-1903","1":"product","2":"type-product","3":"status-publish","4":"has-post-thumbnail","6":"product_cat-maenner-gesundheit","8":"first","9":"instock","10":"featured","11":"shipping-taxable","12":"purchasable","13":"product-type-variable","14":"has-default-attributes"},"_links":{"self":[{"href":"https:\/\/www.medsconsulting.com\/de\/wp-json\/wp\/v2\/product\/1903","targetHints":{"allow":["GET"]}}],"collection":[{"href":"https:\/\/www.medsconsulting.com\/de\/wp-json\/wp\/v2\/product"}],"about":[{"href":"https:\/\/www.medsconsulting.com\/de\/wp-json\/wp\/v2\/types\/product"}],"replies":[{"embeddable":true,"href":"https:\/\/www.medsconsulting.com\/de\/wp-json\/wp\/v2\/comments?post=1903"}],"wp:featuredmedia":[{"embeddable":true,"href":"https:\/\/www.medsconsulting.com\/de\/wp-json\/wp\/v2\/media\/1908"}],"wp:attachment":[{"href":"https:\/\/www.medsconsulting.com\/de\/wp-json\/wp\/v2\/media?parent=1903"}],"wp:term":[{"taxonomy":"product_cat","embeddable":true,"href":"https:\/\/www.medsconsulting.com\/de\/wp-json\/wp\/v2\/product_cat?post=1903"},{"taxonomy":"product_tag","embeddable":true,"href":"https:\/\/www.medsconsulting.com\/de\/wp-json\/wp\/v2\/product_tag?post=1903"}],"curies":[{"name":"wp","href":"https:\/\/api.w.org\/{rel}","templated":true}]}}