{"id":1857,"date":"2020-10-25T11:41:56","date_gmt":"2020-10-25T11:41:56","guid":{"rendered":"https:\/\/www.medsconsulting.com\/de\/?post_type=product&#038;p=1857"},"modified":"2023-06-19T06:54:25","modified_gmt":"2023-06-19T06:54:25","slug":"kaufen-amphetamin-speed","status":"publish","type":"product","link":"https:\/\/www.medsconsulting.com\/de\/product\/andere\/kaufen-amphetamin-speed\/","title":{"rendered":"Kaufen Amphetamin Speed"},"content":{"rendered":"<h2>Kaufen Amphetamin Speed<\/h2>\n<p>Kaufen Amphetamin Speed, Gute Qualit\u00e4t Speed \u200b\u200bPaste ist der Stra\u00dfenname f\u00fcr <b>amphetamine<\/b> Sulfat, obwohl es manchmal verwendet wird, um sich auf andere <a href=\"https:\/\/www.medsconsulting.com\/de\/product\/stimulanzien\/amphetamin-kaufen\/\">Amphetamine<\/a> zu beziehen. Es ist normalerweise ein cremefarbenes oder rosafarbenes Pulver und kann manchmal wie Kristalle aussehen. Es ist auch in einer\u00a0<b>vergangenene Form, die normalerweise wei\u00df\/grau oder braun ist und feucht und kiesig sein kann.<\/b><\/p>\n<h3>Kaufen Amphetamin Speed online<\/h3>\n<p>Speed-Paste ist ein allgemeiner Name f\u00fcr d,l-Amphetaminsulfat oder d-Amphetaminsulfat, obwohl es in einigen Bereichen auch d,l-Methamphetamin (Sulfat oder HCL) sein kann, im Allgemeinen ist es eine Paste, weil Dinge wie Glukose und Wasser als Schneidemittel hinzugef\u00fcgt, da es sich immer noch in Wasser aufl\u00f6st, aber im Allgemeinen nicht \u201erauchbar\u201c ist, wie es Ihr klassisches Methamphetamin-HCl w\u00e4re. Hochwertige Speed-Paste. Amphetamine Speed \u200b\u200bPaste online bei Meds Consulting.<\/p>\n<pre><strong>Lieferf\u00e4higkeit<\/strong><\/pre>\n<p>Wir k\u00f6nnen Ihnen so viel liefern, wie Sie bestellen m\u00f6chten, da dies eines unserer am h\u00e4ufigsten verf\u00fcgbaren Produkte ist. Wir versenden in alle Teile der Welt au\u00dfer EU. Alle Pakete werden diskret versandt, weil wir wissen, dass jedes Land seine eigenen Gesetze hat, wenn es um Forschungschemikalien geht. Geschwindigkeit einf\u00fcgen. Hochwertige Speed-Paste.<\/p>\n<p>&nbsp;<\/p>\n<p>&nbsp;<\/p>\n","protected":false},"excerpt":{"rendered":"<p>Speed Paste ist der Stra\u00dfenname f\u00fcr\u00a0<b>Amphetamin<\/b>\u00a0sulfat, obwohl es manchmal verwendet wird, um sich auf andere Amphetamine zu beziehen. Es ist normalerweise ein cremefarbenes oder rosafarbenes Pulver und kann manchmal wie Kristalle aussehen. Es ist auch in Form einer\u00a0<b>Paste<\/b>\u00a0erh\u00e4ltlich, die normalerweise eine wei\u00dfe\/graue oder braune Farbe hat und feucht und k\u00f6rnig sein kann.<\/p>\n","protected":false},"featured_media":2064,"comment_status":"open","ping_status":"closed","template":"","meta":[],"product_cat":[15],"product_tag":[2062,2065,2063,2064,2060,2061,2066,2067,2093,1765,2068,2094,2070,2071,2074,2075,2076,2072,2073,2126,2103,2104,2101,2102,2122,2082,955,2083,2077,2080,2081,2120,2078,2079,2118,2121,2125,2123,2124,2085,2084,2119,2105,2097,2110,2115,2117,2091,2092,2100,2089,2090,2108,2098,2086,2106,2087,2088,2107,2116,2111,2112,2109,2113,2114,2131,2127,2128,2130,2129,2132,2133,2069,2099,2096,2095,2141,2134,2135,2136,2137,2139,2138,2140,2142],"class_list":{"0":"post-1857","1":"product","2":"type-product","3":"status-publish","4":"has-post-thumbnail","6":"product_cat-andere","7":"product_tag-amphetamine-speed-paste-geschaeft","8":"product_tag-amphetamine-speed-paste-grosshandel","9":"product_tag-amphetamine-speed-paste-tabletten","10":"product_tag-amphetamine-speed-paste-wo-online-kaufen","11":"product_tag-amphetamine-speed-paste-zum-verkauf","12":"product_tag-amphetamine-speed-paste-zum-verkauf-online","13":"product_tag-amphetamine-speed-pastee-online-kaufen","14":"product_tag-amphetamine-sulfat-zum-verkauf","15":"product_tag-billige-speed-paste-online","16":"product_tag-der-beste-ort","17":"product_tag-der-beste-ort-zu-kaufen-sie-speed-paste","18":"product_tag-dosierung-von-speed-paste","19":"product_tag-kaufen-sie-amphetamin-speed-paste-online","20":"product_tag-kaufen-sie-amphetaminsulfat","21":"product_tag-kaufen-sie-billige-amphetamin-speed-paste","22":"product_tag-kaufen-sie-billige-amphetamin-speed-paste-online","23":"product_tag-kaufen-sie-billige-speed-paste","24":"product_tag-kaufen-sie-bulk-speed-paste","25":"product_tag-kaufen-sie-bulk-speed-paste-online","26":"product_tag-preisliste-speedpaste","27":"product_tag-qualitaet-speed-paste-zum-verkauf","28":"product_tag-qualitaet-speed-paste-zum-verkauf-online","29":"product_tag-reine-amphetamin-speed-paste","30":"product_tag-reine-speed-paste-dosierung","31":"product_tag-speed-paste-andere-forschungschemikalien-zum-verkauf","32":"product_tag-speed-paste-belgien-kaufen","33":"product_tag-speed-paste-erowid","34":"product_tag-speed-paste-fuer-den-persoenlichen-gebrauch-kaufen","35":"product_tag-speed-paste-guenstig-online-kaufen","36":"product_tag-speed-paste-kaufen","37":"product_tag-speed-paste-kaufen-2021","38":"product_tag-speed-paste-kilopreis","39":"product_tag-speed-paste-legal-kaufen","40":"product_tag-speed-paste-legal-online-kaufen","41":"product_tag-speed-paste-online-zu-verkaufen","42":"product_tag-speed-paste-online-verkauf","43":"product_tag-speed-paste-p-owder-zu-verkaufen","44":"product_tag-speed-paste-pillen-zum-verkauf","45":"product_tag-speed-paste-plugging-dosierung","46":"product_tag-speed-paste-zum-gebrauch-kaufen","47":"product_tag-speed-paste-zum-verkauf-kaufen","48":"product_tag-speed-paste-zum-verkauf-mit-samstagslieferung","49":"product_tag-speed-paste-anonym","50":"product_tag-speed-paste-bestellen","51":"product_tag-speed-paste-diskrete-verpackung","52":"product_tag-speed-paste-erowid-dosierung","53":"product_tag-speed-paste-fuer-verkauf-london","54":"product_tag-speed-paste-guenstig-kaufen","55":"product_tag-speed-paste-guenstig-kaufen-e-zum-verkauf-online","57":"product_tag-speed-paste-kaufen-portugal","58":"product_tag-speed-paste-kaufen-spanien","59":"product_tag-speed-paste-kristall-zum-verkauf","60":"product_tag-speed-paste-online-bestellen","61":"product_tag-speed-paste-online-kaufen","62":"product_tag-speed-paste-online-kaufen-indien","63":"product_tag-speed-paste-online-kaufen-lieferung-am-naechsten-tag","64":"product_tag-speed-paste-online-kaufen-niederlande","65":"product_tag-speed-paste-online-kaufen-uk","66":"product_tag-speed-paste-zum-verkauf","67":"product_tag-speed-paste-dosierung-zum-ersten-mal","68":"product_tag-speed-paste-drogeneffekte","69":"product_tag-speed-paste-kristalle-zum-verkauf","70":"product_tag-speed-paste-medikament-zum-verkauf","71":"product_tag-speed-paste-medikamentenpreis","72":"product_tag-speedpaste-lieferanten","73":"product_tag-speedpaste-preis-pro-gramm","74":"product_tag-speedpaste-reddit","75":"product_tag-speedpaste-strassenpreis","76":"product_tag-speedpaste-verkauf","77":"product_tag-speedpaste-wo-kaufen","78":"product_tag-speedpaste-zum-verkauf-online","79":"product_tag-um-speed-paste-online-zu-kaufen","80":"product_tag-weisses-pulver-online-bestellen","81":"product_tag-wie-man-speed-paste-herstellt","82":"product_tag-wie-man-speed-paste-online-kauft","83":"product_tag-wo-holen-sie-sich-cola-speed-paste-online-zum-verkauf","84":"product_tag-wo-kann-ich-speedpaste-kaufen","85":"product_tag-wo-kann-ich-speedpaste-usa-kaufen","86":"product_tag-wo-kann-man-billige-amphetamine-speedpaste-online-kaufen","87":"product_tag-wo-kann-man-billige-speedpaste-online-kaufen","88":"product_tag-wo-kann-man-speedpaste-fuer-den-persoenlichen-gebrauch-kaufen","89":"product_tag-wo-kann-man-speedpaste-kaufen","90":"product_tag-wo-kann-man-speedpaste-online-kaufen","91":"product_tag-wo-sie-speed-paste-online-zum-verkauf-bekommen","93":"first","94":"instock","95":"shipping-taxable","96":"purchasable","97":"product-type-variable","98":"has-default-attributes"},"_links":{"self":[{"href":"https:\/\/www.medsconsulting.com\/de\/wp-json\/wp\/v2\/product\/1857","targetHints":{"allow":["GET"]}}],"collection":[{"href":"https:\/\/www.medsconsulting.com\/de\/wp-json\/wp\/v2\/product"}],"about":[{"href":"https:\/\/www.medsconsulting.com\/de\/wp-json\/wp\/v2\/types\/product"}],"replies":[{"embeddable":true,"href":"https:\/\/www.medsconsulting.com\/de\/wp-json\/wp\/v2\/comments?post=1857"}],"wp:featuredmedia":[{"embeddable":true,"href":"https:\/\/www.medsconsulting.com\/de\/wp-json\/wp\/v2\/media\/2064"}],"wp:attachment":[{"href":"https:\/\/www.medsconsulting.com\/de\/wp-json\/wp\/v2\/media?parent=1857"}],"wp:term":[{"taxonomy":"product_cat","embeddable":true,"href":"https:\/\/www.medsconsulting.com\/de\/wp-json\/wp\/v2\/product_cat?post=1857"},{"taxonomy":"product_tag","embeddable":true,"href":"https:\/\/www.medsconsulting.com\/de\/wp-json\/wp\/v2\/product_tag?post=1857"}],"curies":[{"name":"wp","href":"https:\/\/api.w.org\/{rel}","templated":true}]}}