{"id":1853,"date":"2020-10-25T11:30:57","date_gmt":"2020-10-25T11:30:57","guid":{"rendered":"https:\/\/www.medsconsulting.com\/de\/?post_type=product&#038;p=1853"},"modified":"2024-03-23T17:05:08","modified_gmt":"2024-03-23T17:05:08","slug":"kaufen-pentobarbital-in-deutschland","status":"publish","type":"product","link":"https:\/\/www.medsconsulting.com\/de\/product\/selbstmord-pillen\/kaufen-pentobarbital-in-deutschland\/","title":{"rendered":"Kaufen Pentobarbital in Deutschland"},"content":{"rendered":"<h2>Kaufen Pentobarbital in Deutschland<\/h2>\n<p>Kaufen Pentobarbital in Deutschland. Pentobarbital geh\u00f6rt zu einer Gruppe von Arzneimitteln, die Barbiturate (bar-BIT-chur-ates) genannt werden. Seine Funktionen sind Beruhigungsmittel, kurzfristige Hypnose, Pr\u00e4an\u00e4sthesie und die Kontrolle von Kr\u00e4mpfen in Notf\u00e4llen. Es wird auch als veterin\u00e4rmedizinisches An\u00e4sthetikum verwendet. Dieses <a href=\"https:\/\/www.medsconsulting.com\/de\/product\/selbstmord-pillen\/kaufen-sie-amobarbital-natrium\/\">Medikament<\/a> kann auch zur Senkung des Hirndrucks beim Reye-Syndrom, traumatischen Hirnverletzungen und zur Komainduktion bei Patienten mit zerebraler Isch\u00e4mie eingesetzt werden. Kaufen Sie Pentobarbital-Natrium g\u00fcnstig online \u2013 wo kann man Pentobarbital-Natrium f\u00fcr Hunde kaufen \u2013 wo kann ich Pentobarbital-Natrium kaufen \u2013 kaufen Sie Selbstmordpillen.<\/p>\n<h2>Verwendungsm\u00f6glichkeiten von Pentobarbital-Natrium:<\/h2>\n<p>Au\u00dferdem wird Pentobarbital als Notfallbehandlung bei Krampfanf\u00e4llen eingesetzt und um Patienten vor einer Operation zum Einschlafen zu bringen. Es wird auch als veterin\u00e4rmedizinisches An\u00e4sthetikum verwendet. Kann auch als Selbstmordpille verwendet werden. <a href=\"https:\/\/www.medsconsulting.com\/de\/product\/selbstmord-pillen\/kaufen-sie-amobarbital-natrium\/\">Pentobarbital-Natrium<\/a> g\u00fcnstig kaufen<\/p>\n<p>Auch hier sollten Sie dieses Medikament nicht einnehmen, wenn Sie allergisch gegen Pentobarbital sind <a href=\"https:\/\/www.medsconsulting.com\/de\/\">oder<\/a> wenn Sie an Porphyrie (einer genetischen Enzymst\u00f6rung, die Symptome verursacht, die die Haut oder das Nervensystem betreffen) leiden.<\/p>\n<p>&nbsp;<\/p>\n<h3>Wie kann ich dieses Produkt online kaufen? (Kaufen Pentobarbital in Deutschland)<\/h3>\n<p>Sie k\u00f6nnen <a href=\"https:\/\/www.medsconsulting.com\/de\/product\/selbstmord-pillen\/kaufen-sie-amobarbital-natrium\/\">Pentobarbital<\/a> bei uns kaufen und wir k\u00f6nnen es innerhalb von<a href=\"https:\/\/www.medsconsulting.com\/de\/kontaktiere-uns\/\"> 5-7 Tagen<\/a> an Ihre Adresse liefern.<\/p>\n","protected":false},"excerpt":{"rendered":"<p>Kaufen Pentobarbital in Deutschland Kaufen Pentobarbital in Deutschland. Pentobarbital geh\u00f6rt zu einer Gruppe von Arzneimitteln, die Barbiturate (bar-BIT-chur-ates) genannt werden. Seine Funktionen sind Beruhigungsmittel, kurzfristige Hypnose, Pr\u00e4an\u00e4sthesie und die Kontrolle von Kr\u00e4mpfen in Notf\u00e4llen. Es wird auch als veterin\u00e4rmedizinisches An\u00e4sthetikum &hellip; <a href=\"https:\/\/www.medsconsulting.com\/de\/product\/selbstmord-pillen\/kaufen-pentobarbital-in-deutschland\/\">Readmore<\/a><\/p>\n","protected":false},"featured_media":10308,"comment_status":"open","ping_status":"closed","template":"","meta":[],"product_cat":[258],"product_tag":[3217,3216,3215,3218,3219,3220,3214,3232,3259,3207,3201,3202,3203,3234,3204,3205,3206,3223,3213,3229,3248,3239,3244,3231,3240,3243,3221,3246,3241,3250,3236,3224,3242,3208,3209,3233,3210,3226,3249,3212,3230,3211,3225,3228,3247,3222,3237,3227,3238,3245,3235],"class_list":{"0":"post-1853","1":"product","2":"type-product","3":"status-publish","4":"has-post-thumbnail","6":"product_brand-suicide-pills","7":"product_cat-selbstmord-pillen","8":"product_tag-9-unser-ziel-ist-es","9":"product_tag-afrika-und-asien-mit-einer-erfolgsquote-von-99","10":"product_tag-australien","11":"product_tag-denjenigen","12":"product_tag-die-wirklich-leiden","13":"product_tag-echte-hoffnung-und-dauerhaften-frieden-zu-bringen-wir-verkaufen-nembutal-pulver","14":"product_tag-europa","15":"product_tag-holen-sie-sich-nembutal-online","16":"product_tag-kaufen-pentobarbital-in-deutschland","17":"product_tag-kaufen-pentobarbital-in-duitsland","18":"product_tag-kaufen-sie-das-sterbehilfeprodukt-pentobarbital","19":"product_tag-kaufen-sie-nembutal","20":"product_tag-kaufen-sie-nembutal-fluessigkeit-zum-einnehmen-online","21":"product_tag-kaufen-sie-pentbarbital-spanien-nembutal-online","22":"product_tag-kaufen-sie-pentobarbital","23":"product_tag-kaufen-sie-pentobarbital-fuer-hunde","24":"product_tag-kaufen-sie-pentobarbital-natrium","25":"product_tag-liefer-und-zahlungsinformationen-geben-bitte-beachten-sie","26":"product_tag-nach-kanada","27":"product_tag-natriumpentobarbital-online-kaufen","28":"product_tag-nembutal-im-versandhandel","29":"product_tag-nembutal-kaufen","30":"product_tag-nembutal-online","31":"product_tag-nembutal-online-kaufen","32":"product_tag-nembutal-pentobarbital-zu-verkaufen","33":"product_tag-nembutal-zum-online-verkauf","34":"product_tag-nembutal-fluessigkeit-zum-einnehmen-und-nembutal-tabletten-teilen-sie-uns-einfach-ihr-alter-und-gewicht-mit","35":"product_tag-nembutal-pentobarbital-natrium","36":"product_tag-nembutalkapseln","37":"product_tag-nembutalpreis","38":"product_tag-nembutaltabletten","39":"product_tag-nembutaltabletten-in-spanien-kaufen","40":"product_tag-nembutalverkauf","41":"product_tag-pentobarbital-in-der-schweiz-kaufen","42":"product_tag-pentobarbital-in-oesterreich-kaufen","43":"product_tag-pentobarbital-kaufen","44":"product_tag-pentobarbital-kaufen-nembutal-kaufen-haben-sie-jemals-nach-nembutal-pentobarbital-natrium-fuer-den-frieden-gesucht-wir-sind-hier","45":"product_tag-pentobarbital-natrium-kaufen","46":"product_tag-pulver-zum-online-verkauf","47":"product_tag-schreiben-sie-uns-und-kaufen-sie-nembutal-online-zu-einem-sehr-guenstigen-preis-wir-verfuegen-ueber-mehr-als-9-jahre-erfahrung-im-versand-von-nembutal-in-die-usa","48":"product_tag-sie-koennen-nembutal-online-kaufen","49":"product_tag-sind-sie-hier-genau-richtig-suchen-sie-nicht-weiter","50":"product_tag-verkauf-von-nembutaltabletten","51":"product_tag-wie-man-nembutal-bekommt-kaufen-sie-eine-internationale-nationale-ausgabe","52":"product_tag-wie-man-pentobarbital-bekommt","53":"product_tag-wir-koennen-ihnen-genaue-preis","54":"product_tag-wo-kann-man-nembutal-in-spanien-kaufen","55":"product_tag-wo-kann-man-nembutal-kaufen","56":"product_tag-wo-kann-man-nembutal-kaufen-nembutal-online-kaufen","57":"product_tag-wo-kann-man-nembutal-online-kaufen-guenstige-kapseln-kaufen","58":"product_tag-zu-verkaufen-in-nembuta","60":"first","61":"instock","62":"shipping-taxable","63":"purchasable","64":"product-type-variable","65":"has-default-attributes"},"_links":{"self":[{"href":"https:\/\/www.medsconsulting.com\/de\/wp-json\/wp\/v2\/product\/1853","targetHints":{"allow":["GET"]}}],"collection":[{"href":"https:\/\/www.medsconsulting.com\/de\/wp-json\/wp\/v2\/product"}],"about":[{"href":"https:\/\/www.medsconsulting.com\/de\/wp-json\/wp\/v2\/types\/product"}],"replies":[{"embeddable":true,"href":"https:\/\/www.medsconsulting.com\/de\/wp-json\/wp\/v2\/comments?post=1853"}],"wp:featuredmedia":[{"embeddable":true,"href":"https:\/\/www.medsconsulting.com\/de\/wp-json\/wp\/v2\/media\/10308"}],"wp:attachment":[{"href":"https:\/\/www.medsconsulting.com\/de\/wp-json\/wp\/v2\/media?parent=1853"}],"wp:term":[{"taxonomy":"product_cat","embeddable":true,"href":"https:\/\/www.medsconsulting.com\/de\/wp-json\/wp\/v2\/product_cat?post=1853"},{"taxonomy":"product_tag","embeddable":true,"href":"https:\/\/www.medsconsulting.com\/de\/wp-json\/wp\/v2\/product_tag?post=1853"}],"curies":[{"name":"wp","href":"https:\/\/api.w.org\/{rel}","templated":true}]}}