{"id":1826,"date":"2020-10-25T11:03:24","date_gmt":"2020-10-25T11:03:24","guid":{"rendered":"https:\/\/www.medsconsulting.com\/de\/?post_type=product&#038;p=1826"},"modified":"2024-03-08T23:02:01","modified_gmt":"2024-03-08T23:02:01","slug":"ritalin","status":"publish","type":"product","link":"https:\/\/www.medsconsulting.com\/de\/product\/schmerz-linderung\/ritalin\/","title":{"rendered":"Ritalin"},"content":{"rendered":"<h1>Kaufen Sie Ritalin online<\/h1>\n<p>Wir sind eine legitime und echte Ritalin-Quelle. Es (<a href=\"https:\/\/en.wikipedia.org\/wiki\/Methylphenidat\" target=\"_blank\" rel=\"noopener\">Methylphenidat<\/a>) ist ein Stimulans f\u00fcr das fokale sensorische System. Es beeinflusst synthetische Substanzen im Gro\u00dfhirn und in den Nerven, die zu Hyperaktivit\u00e4t und Antriebskontrolle beitragen.<\/p>\n<h2>Verwendung von Ritalin<\/h2>\n<p>Au\u00dferdem behandelt es die Unf\u00e4higkeit, sich konsequent zu konzentrieren, Unordnung (ADD), Aufmerksamkeitsmangel, Hyperaktivit\u00e4t (ADHS) und Narkolepsie.<\/p>\n<p>Sie d\u00fcrfen es nicht anwenden, wenn Sie Glaukom, Tics oder Tourette-Syndrom oder ernsthafte Nervosit\u00e4t, Druck oder Erregung haben.<\/p>\n<h3>Ritalin kaufen (<a href=\"https:\/\/www.medsconsulting.com\/de\/nl\/product\/pijn-en-verlichting\/ritalin\/\">Methylphenidat<\/a> online kaufen)<\/h3>\n<p>Nehmen Sie die Tabletten etwa 30 bis 45 Minuten vor dem Abendessen ein.<\/p>\n<p>Versuchen Sie nicht, die Ritalin SR-Tablette zu bei\u00dfen oder zu zerbrechen. Schlucken Sie die Tablette. Das Zerbrechen der Tablette ist falsch, also schlucken Sie die Tablette einfach.<\/p>\n<p>Dieses Produkt ist das beste und am weitesten verbreitete druckreduzierende Medikament auf dem Markt. Einzelpersonen haben dieses Produkt f\u00fcr eine lange Zeit verwendet und jetzt verwenden viele Menschen es als Selbstdroge gegen Druck. Die Hauptanwendung von Ritalin ist die Behandlung von ADHS, was bei Kindern \u00e4u\u00dferst normal ist. W\u00e4hrend die Erwachsenen es benutzen, um ihren Geist zu beruhigen. Ritalin wirkt auch im Gehirn, indem es bestimmte synthetische Stoffe im Gehirn reguliert.<\/p>\n<h3>\u00a0Dosierung<\/h3>\n<p>Erwachsene nehmen t\u00e4glich 3-4 Tabletten als Tagesdosis ein. F\u00fcr normale Menschen wird eine Dosis von 20-30 mg empfohlen, da die Dosierung von Patient zu Patient unterschiedlich ist. W\u00e4hrend einigen Patienten auch 40-60 mg t\u00e4glich empfohlen werden k\u00f6nnten. W\u00e4hrend f\u00fcr Kinder 40 mg t\u00e4glich die normale Dosierung ist und alles \u00fcber 60 mg nicht empfohlen wird. Bei h\u00f6heren Dosen k\u00f6nnen Nebenwirkungen auftreten. Achten Sie also auf die Dosierungen und kalkulieren Sie diese beim Kauf richtig ein.<\/p>\n<h4>Sicherheitsma\u00dfnahmen<\/h4>\n<p>Bevor Sie Ritalin kaufen, sollten Sie Ihre medizinische Vorgeschichte \u00fcberpr\u00fcfen und von der Einnahme absehen, falls Sie ernsthafte Wiederherstellungszust\u00e4nde erlebt haben. Personen mit einer Vorgeschichte von Koronarerkrankungen m\u00fcssen sich davon fernhalten. Wenn Sie kein Glaukom haben, wenden Sie sich an Ihren Arzt.<\/p>\n<h4>Symptome<\/h4>\n<p>Schlie\u00dflich sind hier verschiedene Symptome, einige dieser Reaktionen sind erweiterter Puls. Abgesehen davon k\u00f6nnten einige Leute Schmerzen in der Brust haben und sich etwas hei\u00df f\u00fchlen.<\/p>\n<p>&nbsp;<\/p>\n","protected":false},"excerpt":{"rendered":"<p>Kaufen Sie Ritalin online Wir sind eine legitime und echte Ritalin-Quelle. Es (Methylphenidat) ist ein Stimulans f\u00fcr das fokale sensorische System. Es beeinflusst synthetische Substanzen im Gro\u00dfhirn und in den Nerven, die zu Hyperaktivit\u00e4t und Antriebskontrolle beitragen. Verwendung von Ritalin &hellip; <a href=\"https:\/\/www.medsconsulting.com\/de\/product\/schmerz-linderung\/ritalin\/\">Readmore<\/a><\/p>\n","protected":false},"featured_media":2062,"comment_status":"open","ping_status":"closed","template":"","meta":[],"product_cat":[242],"product_tag":[2157,2144,1765,2145,2159,2154,2147,2146,2158,2150,464,2151,2162,2149,2148,2161,2170,2166,2160,2152,2164,2163,2167,2168,2169,2165,2143,2155,2156,2171,1912,2172,2153],"class_list":{"0":"post-1826","1":"product","2":"type-product","3":"status-publish","4":"has-post-thumbnail","6":"product_cat-schmerz-linderung","7":"product_tag-bestellen-sie-ritalin-ritalin","8":"product_tag-billige-ritalin-tablette-online-zu-kaufen","9":"product_tag-der-beste-ort","10":"product_tag-generisches-ritalin-zu-kaufen","11":"product_tag-hochwertiges-ritalin-zum-verkauf","12":"product_tag-kaufen-sie-ritalin30mg","13":"product_tag-legitimes-ritalin-online-zu-kaufen","14":"product_tag-legitimes-ritalin-zum-verkauf-online-zu-kaufen","15":"product_tag-reines-ritalin-online","16":"product_tag-ritalin-billig-zu-kaufen","17":"product_tag-ritalin-online","18":"product_tag-ritalin-online-zu-kaufen","19":"product_tag-ritalin-online-shop","20":"product_tag-ritalin-oesterreich-zu-kaufen","21":"product_tag-ritalin-zu-kaufen","22":"product_tag-ritalin-zum-verkauf","23":"product_tag-ritalin-grosshandel","24":"product_tag-ritalin-lieferanten","25":"product_tag-ritalin-medikament-zum-verkauf","26":"product_tag-ritalin-pillen-online-zu-kaufen","27":"product_tag-ritalin-pillen-wo-zu-kaufen","28":"product_tag-ritalin-pillen-zu-verkaufen","29":"product_tag-ritalin-tablette-online-kaufen","30":"product_tag-ritalin-tabletten","31":"product_tag-ritalin-tabletten-zu-verkaufen","32":"product_tag-ritalin-verkauf","33":"product_tag-um-ritalin-online-zu-kaufen","34":"product_tag-wie-kaufen-sie-billiges-ritalin-online","35":"product_tag-wie-kaufen-sie-ritalin-tablette-online","36":"product_tag-wo-kann-ich-ritalin-tablette-kaufen","37":"product_tag-wo-ritalin-kaufen","38":"product_tag-wo-ritalin-online-kaufen-usa","39":"product_tag-zu-kaufen-ritalin-pillen-uk","41":"first","42":"instock","43":"shipping-taxable","44":"purchasable","45":"product-type-variable","46":"has-default-attributes"},"_links":{"self":[{"href":"https:\/\/www.medsconsulting.com\/de\/wp-json\/wp\/v2\/product\/1826","targetHints":{"allow":["GET"]}}],"collection":[{"href":"https:\/\/www.medsconsulting.com\/de\/wp-json\/wp\/v2\/product"}],"about":[{"href":"https:\/\/www.medsconsulting.com\/de\/wp-json\/wp\/v2\/types\/product"}],"replies":[{"embeddable":true,"href":"https:\/\/www.medsconsulting.com\/de\/wp-json\/wp\/v2\/comments?post=1826"}],"wp:featuredmedia":[{"embeddable":true,"href":"https:\/\/www.medsconsulting.com\/de\/wp-json\/wp\/v2\/media\/2062"}],"wp:attachment":[{"href":"https:\/\/www.medsconsulting.com\/de\/wp-json\/wp\/v2\/media?parent=1826"}],"wp:term":[{"taxonomy":"product_cat","embeddable":true,"href":"https:\/\/www.medsconsulting.com\/de\/wp-json\/wp\/v2\/product_cat?post=1826"},{"taxonomy":"product_tag","embeddable":true,"href":"https:\/\/www.medsconsulting.com\/de\/wp-json\/wp\/v2\/product_tag?post=1826"}],"curies":[{"name":"wp","href":"https:\/\/api.w.org\/{rel}","templated":true}]}}