{"id":1819,"date":"2020-10-25T09:44:41","date_gmt":"2020-10-25T09:44:41","guid":{"rendered":"https:\/\/www.medsconsulting.com\/de\/?post_type=product&#038;p=1819"},"modified":"2022-04-13T22:17:44","modified_gmt":"2022-04-13T22:17:44","slug":"tabernanthe-iboga","status":"publish","type":"product","link":"https:\/\/www.medsconsulting.com\/de\/product\/ibogaine\/tabernanthe-iboga\/","title":{"rendered":"Tabernanthe Iboga"},"content":{"rendered":"<h3><b>Tabernanthe-Iboga<\/b><\/h3>\n<p><b>Tabernanthe Iboga<\/b>\u00a0(<b>Iboga<\/b>). Iboga Tabernanthe-Wurzelrinde. Ibogas online kaufen. Tabernanthe Iboga zu verkaufen. Iboga-Wurzelrinde bestellen. Tabernanthe Iboga ist eine\u00a0<a title=\"Staudenpflanze\" href=\"https:\/\/en.wikipedia.org\/wiki\/Staudenpflanze\" target=\"_blank\" rel=\"noopener\">Staudenpflanze<\/a>\u00a0<a title=\"Regenwald\" href=\"https:\/\/de .wikipedia.org\/wiki\/Rainforest\" target=\"_blank\" rel=\"noopener\">Regenwald<\/a>\u00a0<a title=\"Shrub\" href=\"https:\/\/en.wikipedia.org\/wiki\/Shrub\" target=\"_blank\" rel=\"noopener\">Strauch<\/a>\u00a0der in\u00a0<a ist=\"Westafrika\" href=\"https:\/\/en.wikipedia.org\/wiki\/West_Africa\" title heimisch target=\"_blank\" rel=\"noopener\">Westafrika<\/a>. Ein\u00a0<a title=\"Evergreen\" href=\"https:\/\/en.wikipedia.org\/wiki\/Evergreen\" target=\"_blank\" rel=\"noopener\">immergr\u00fcner<\/a>\u00a0Strauch, der in\u00a0<a title=\"Gabun\" href=\"https:\/\/en. wikipedia.org\/wiki\/Gabun\" target=\"_blank\" rel=\"noopener\">Gabun<\/a>, die\u00a0<a class=\"mw-redirect\" title=\"Demokratische Republik Kongo\" href=\"https:\/\/en.wikipedia.org\/wiki\/Demokratische_Republik_Kongo\" target=\"_blank\" rel=\"noopener\">Demokratische Republik Kongo<\/a> und die\u00a0<a class=\"mw-redirect\" title=\"Republik Kongo\" href=\"https:\/\/en.wikipedia.org\/wiki\/Republic_of_Congo\" target=\"_blank\" rel=\"noopener\">Republik Kongo< \/a>, wird sie in ganz\u00a0<a title=\"West Africa\" \u200b\u200bhref=\"https:\/\/en.wikipedia.org\/wiki\/West_Africa\">Westafrika<\/a> angebaut.<\/p>\n<p>In der afrikanischen\u00a0<a title=\"Traditionelle Medizin\" href=\"https:\/\/en.wikipedia.org\/wiki\/Traditional_medicine\" target=\"_blank\" rel=\"noopener\">traditionellen Medizin<\/a>\u00a0und\u00a0<a title=\"Ritual\" href=\"https:\/\/en .wikipedia.org\/wiki\/Ritual\" target=\"_blank\" rel=\"noopener\">Rituale<\/a> wird das Kauen der gelben Wurzel oder Rinde verwendet, um\u00a0<a title=\"Halluzination\" href=\"https:\/\/en.wikipedia.org\/wiki\/ Halluzinationen\" target=\"_blank\" rel=\"noopener\">Halluzinationen<\/a>\u00a0und Nahtodfolgen mit einigen Todesf\u00e4llen.<sup id=\"cite_ref-drugs_1-0\" class=\"reference\"><\/sup><sup id=\"cite_ref-koenig_2-0 \" class=\"reference\"><\/sup>\u00a0Vorl\u00e4ufige Untersuchungen zeigen, dass\u00a0<a title=\"Ibogaine\" href=\"https:\/\/en.wikipedia.org\/wiki\/Ibogaine\" target=\"_blank\" rel=\"noopener\">Ibogaine<\/a>, ein\u00a0<a-Titel =\"Alkaloid\" href=\"https:\/\/en.wikipedia.org\/wiki\/Alkaloid\">Alkaloid<\/a>\u00a0Bestandteil von Iboga-Wurzeln und -Rinde, hat Potenzial zur Behandlung von\u00a0<a title=\"Sucht\" href=\"https: \/\/en.wikipedia.org\/wiki\/Addiction\">Sucht<\/a>\u00a0nach\u00a0<a title=\"Opioid\" href=\"https:\/\/en.wikipedia.org\/wiki\/Opioid\" target=\"_blank\" rel=\"noopener\">Opioiden<\/a>\u00a0und andere Missbrauchssubstanzen. Iboga-Wurzelrinde bestellen.<\/p>\n<h3><b>Was ist It Ibogain?<\/b><\/h3>\n<p>Ibogain ist das psychoaktive Alkaloid aus der Wurzelrinde der afrikanischen <a href=\"https:\/\/medsconsulting.com\/product\/tabernanthe-iboga\/\">HEILIGEN <\/a>PFLANZE Tabernanthe Iboga. Ibogain ist sowohl ein therapeutischer als auch ein psychoaktiver Suchtbrecher.<\/p>\n<p>In den letzten Jahren ist das Wissen um die F\u00e4higkeit von Ibogain, Drogen- und Alkoholabh\u00e4ngigkeit zu durchbrechen, zunehmend gewachsen. Wissenschaftliche Studien zeigen auch, dass eine einmalige Gabe von Ibogain die Entzugserscheinungen deutlich reduzieren oder sogar beseitigen kann. Dar\u00fcber hinaus zeigen Berichte und Untersuchungen, dass das Verlangen nach der\/den bevorzugten Droge(n) entweder f\u00fcr einen langen Zeitraum oder dauerhaft beseitigt wird. Iboga-Wurzelrinde bestellen.<\/p>\n<p><b>Psychoaktive Eigenschaften von Ibogain<\/b><\/p>\n<p>Die psychoaktiven Eigenschaften von Ibogain f\u00fchren zu einer gesteigerten spirituellen Erfahrung. Der Patient erf\u00e4hrt tiefe Einsichten, die ihm Klarheit in sein Leben geben, was ihn dazu motiviert, sich auf psychologischer Ebene zu \u00e4ndern und ein drogenfreies Leben zu f\u00fchren.<\/p>\n<p>Studien best\u00e4tigen, dass Ibogain ein betr\u00e4chtliches Potenzial bei der Behandlung von Sucht nach harten Drogen hat, zum Beispiel Heroin, Methadon, Kokain, Crack und Alkohol. Es gibt auch Hinweise darauf, dass es bei der Behandlung von Tabakabh\u00e4ngigkeit n\u00fctzlich ist.<\/p>\n<p>Ibogaine bietet auch M\u00f6glichkeiten als Psychotherapie oder spiritueller Lehrer. Auch in Bezug auf Psychotherapie kann Ibogain zur Behandlung von Trauma- oder Konditionierungseffekten eingesetzt werden. Ibogas online kaufen.<\/p>\n<p>Der Unterschied zwischen Ibogain und Iboga-Wurzelrinde besteht darin, dass die Wurzelrindenalkaloide das Ibogain Tabernanthe aus der Iboga-Wurzel enthalten und beinhalten. Ibogaine enth\u00e4lt jedoch lediglich wissenschaftlich anerkannte Alkaloide mit den bekannten Wirkungen. Tabernanthe Iboga zu verkaufen.<\/p>\n<h3>Mehr \u00fcber Tabernanthe-Iboga-Wurzelrinde<\/h3>\n<p>Tabernanthe Iboga Root Bark oder Iboga ist ein mehrj\u00e4hriger Regenwaldstrauch, ein Halluzinogen, das in Kamerun, Gabun und Zentralafrika beheimatet ist. Iboga stimuliert das zentrale Nervensystem, wenn es in kleinen Dosen eingenommen wird, und induziert Visionen, wenn es in gr\u00f6\u00dferen Dosen eingenommen wird.<\/p>\n<p>Auch in den BWITI-REGIONEN, in denen die Pflanze w\u00e4chst, wird die Rinde f\u00fcr verschiedene pharmakologische oder rituelle Zwecke gekaut. Ibogain, das aktive Alkaloid, wird auch zur Behandlung von Drogenmissbrauchsst\u00f6rungen eingesetzt. Tabernanthe Iboga zu verkaufen. Iboga online kaufen | Iboga online kaufen | Iboga online kaufen |<\/p>\n","protected":false},"excerpt":{"rendered":"<p>In der traditionellen afrikanischen Medizin und bei Ritualen wird das Kauen der gelben Wurzel oder Rinde verwendet, um Halluzinationen und Nahtodfolgen zu erzeugen, wobei einige Todesf\u00e4lle auftreten. Vorl\u00e4ufige Untersuchungen deuten darauf hin, dass Ibogain, ein Alkaloidbestandteil der Iboga-Wurzeln und -Rinde, Potenzial zur Behandlung der Abh\u00e4ngigkeit von Opioiden und anderen Missbrauchssubstanzen hat.<\/p>\n","protected":false},"featured_media":2061,"comment_status":"open","ping_status":"closed","template":"","meta":[],"product_cat":[247],"product_tag":[],"class_list":{"0":"post-1819","1":"product","2":"type-product","3":"status-publish","4":"has-post-thumbnail","6":"product_cat-ibogaine","8":"first","9":"instock","10":"featured","11":"shipping-taxable","12":"purchasable","13":"product-type-variable","14":"has-default-attributes"},"_links":{"self":[{"href":"https:\/\/www.medsconsulting.com\/de\/wp-json\/wp\/v2\/product\/1819","targetHints":{"allow":["GET"]}}],"collection":[{"href":"https:\/\/www.medsconsulting.com\/de\/wp-json\/wp\/v2\/product"}],"about":[{"href":"https:\/\/www.medsconsulting.com\/de\/wp-json\/wp\/v2\/types\/product"}],"replies":[{"embeddable":true,"href":"https:\/\/www.medsconsulting.com\/de\/wp-json\/wp\/v2\/comments?post=1819"}],"wp:featuredmedia":[{"embeddable":true,"href":"https:\/\/www.medsconsulting.com\/de\/wp-json\/wp\/v2\/media\/2061"}],"wp:attachment":[{"href":"https:\/\/www.medsconsulting.com\/de\/wp-json\/wp\/v2\/media?parent=1819"}],"wp:term":[{"taxonomy":"product_cat","embeddable":true,"href":"https:\/\/www.medsconsulting.com\/de\/wp-json\/wp\/v2\/product_cat?post=1819"},{"taxonomy":"product_tag","embeddable":true,"href":"https:\/\/www.medsconsulting.com\/de\/wp-json\/wp\/v2\/product_tag?post=1819"}],"curies":[{"name":"wp","href":"https:\/\/api.w.org\/{rel}","templated":true}]}}