{"id":1804,"date":"2020-10-25T09:33:10","date_gmt":"2020-10-25T09:33:10","guid":{"rendered":"https:\/\/www.medsconsulting.com\/de\/?post_type=product&#038;p=1804"},"modified":"2024-03-09T02:55:40","modified_gmt":"2024-03-09T02:55:40","slug":"iboga-samen","status":"publish","type":"product","link":"https:\/\/www.medsconsulting.com\/de\/product\/ibogaine\/iboga-samen\/","title":{"rendered":"Iboga-Samen"},"content":{"rendered":"<h3>Kaufen Sie Iboga-Samen online<\/h3>\n<p>Iboga-Samen online kaufen, Iboga-Samen online bestellen, Iboga-Samentopf zum Verkauf. Tabernanthe iboga ist ein Mitglied der Apocynaceae-Familie, die in den feuchten tropischen Gebieten West-Zentralafrikas, haupts\u00e4chlich Kongo und Gabun, beheimatet ist. Menschen nehmen Iboga gegen Fieber,\u00a0<a href=\"https:\/\/www.webmd.com\/cold-and-flu\/default.htm\" target=\"_blank\" rel=\"noopener\">Influenza<\/a>\u00a0(die\u00a0<a href=\"https:\/\/www. webmd.com\/cold-and-flu\/default.htm\" target=\"_blank\" rel=\"noopener\">grippe<\/a>),\u00a0<a href=\"https:\/\/www.webmd.com\/vitamins\/ai\/ingredientmono-440\/iboga\" target=\"_blank\" rel=\"noopener\">Schweinegrippe <\/a>,\u00a0<a href=\"https:\/\/www.webmd.com\/hypertension-high-blood-pressure\/default.htm\" target=\"_blank\" rel=\"noopener\">Bluthochdruck<\/a>,\u00a0<a href=\"https:\/\/ www.webmd.com\/hiv-aids\/default.htm\" target=\"_blank\" rel=\"noopener\">HIV<\/a>\/AIDS und Nervenerkrankungen. Sie nehmen es auch zur Vorbeugung von\u00a0<a href=\"https:\/\/www.webmd.com\/vitamins\/ai\/ingredientmono-440\/iboga\" target=\"_blank\" rel=\"noopener\">M\u00fcdigkeit<\/a>\u00a0und Schl\u00e4frigkeit, zur Steigerung von\u00a0<a href=\"https:\/ \/www.webmd.com\/vitamins\/ai\/ingredientmono-440\/iboga\">Sex<\/a>\u00a0Drive, um gegen\u00a0<a href=\"https:\/\/www.webmd.com\/mental-health\/tc\/Alcohol- und-Drogenprobleme-Themen\u00fcbersicht\" target=\"_blank\" rel=\"noopener\">Drogenmissbrauch<\/a>\u00a0und Sucht sowie als allgemeines St\u00e4rkungsmittel.<\/p>\n<p>Zu den gebr\u00e4uchlichen Namen geh\u00f6ren Iboga, Eboka und Eboga. Tabernanthe ist eine kleine Gattung, die nur zwei Arten umfasst, T. iboga und T. elliptica (diese Art hat stachelige Fr\u00fcchte \u00e4hnlich wie Datura spp.). Es wird berichtet, dass sich die beiden Arten kreuzen k\u00f6nnen, um einen fruchtbaren Hybriden zu produzieren (Iboga und Ibogaine, Nico Dauphin). Bestellen Sie Iboga-Samen online<\/p>\n<p>Tabernanthe sind holzige Pflanzen, die in feuchten Tropenw\u00e4ldern endemisch sind. Tabernanthe-Str\u00e4ucher werden in der Regel einen halben bis zwei Meter hoch. Zweige treten paarweise auf, und zwei schlanke, gestielte Bl\u00fctenst\u00e4nde erscheinen paarweise direkt \u00fcber den Verzweigungspunkten.<\/p>\n<p>Tabernanthe hat au\u00dferdem kelchblattartige Hochbl\u00e4tter und auff\u00e4llige Blattnarben. Wie viele andere Apocynaceae zeichnet sich Tabernanthe durch Milchsaft und das Vorkommen vieler n\u00fctzlicher Alkaloide in Rinde, Bl\u00e4ttern und Wurzel aus (Iboga und Ibogaine, Nico Dauphin).<\/p>\n<h3>Pflege und Anbau von Tabernanthe iboga<\/h3>\n<p>Tabernanthe Iboga sind frisch und sollten bei der Ankunft ausges\u00e4t werden, sie k\u00f6nnen sogar w\u00e4hrend des Transports zu keimen begonnen haben. Wenn sie in feuchtem Kokostorf (braune Masse) verschickt wurden, k\u00f6nnen Sie sie auch in der T\u00fcte lassen, bis sie (falls noch nicht geschehen) bei Umgebungstemperatur (20-30 \u00b0 C) in Ihrem Haus keimen.<\/p>\n<p>S\u00e4en Sie Tabernanthe Iboga 10-15 mm unter der Oberfl\u00e4che einer hochwertigen Aufzuchtmischung aus. Das Absch\u00e4len eines Teils der braunen Samenschale von jedem Ende des Samens, um nur den wei\u00dfen Embryo freizulegen, beschleunigt unserer Erfahrung nach das Auflaufen der Samen und die F\u00e4higkeit, die Samenschale abzul\u00f6sen (ist aber nicht notwendig). Halten Sie Tabernanthe Iboga bis zur Keimung (2-8 Wochen) feucht und warm. Unsere sind durchschnittlich 4 Wochen bis zum Auftauchen bei hochsommerlichen Temperaturen (max 30-35\u00ba, min 20\u00baC).<\/p>\n<p>Liebt einen halbschattigen Standort (50%) mit n\u00e4hrstoffreichem Boden und guter Drainage. Geben Sie im Sommer regelm\u00e4\u00dfig fl\u00fcssigen und festen D\u00fcnger. Mag viel Wurzelraum, Topfen Sie regelm\u00e4\u00dfig um, wenn Sie bemerken, dass wei\u00dfe Wurzeln aus den Drainagel\u00f6chern kommen. \u00dcber die Wintermonate in einem w\u00e4rmeren Bereich aufbewahren und auch trockener halten. Kaufen Sie Tabernanthe Iboga-Samen<\/p>\n<p>Iboga-Samentopf zu verkaufen | Iboga-Samentopf zu verkaufen | tabernanthe iboga samen kaufen | tabernanthe iboga samen kaufen<\/p>\n","protected":false},"excerpt":{"rendered":"<p>Tabernanthe iboga ist ein Mitglied der Apocynaceae-Familie, die in den feuchten tropischen Gebieten West-Zentralafrikas beheimatet ist, haupts\u00e4chlich Kongo und Gabun.<\/p>\n","protected":false},"featured_media":2060,"comment_status":"open","ping_status":"closed","template":"","meta":[],"product_cat":[247],"product_tag":[],"class_list":{"0":"post-1804","1":"product","2":"type-product","3":"status-publish","4":"has-post-thumbnail","6":"product_cat-ibogaine","8":"first","9":"instock","10":"featured","11":"shipping-taxable","12":"purchasable","13":"product-type-variable","14":"has-default-attributes"},"_links":{"self":[{"href":"https:\/\/www.medsconsulting.com\/de\/wp-json\/wp\/v2\/product\/1804","targetHints":{"allow":["GET"]}}],"collection":[{"href":"https:\/\/www.medsconsulting.com\/de\/wp-json\/wp\/v2\/product"}],"about":[{"href":"https:\/\/www.medsconsulting.com\/de\/wp-json\/wp\/v2\/types\/product"}],"replies":[{"embeddable":true,"href":"https:\/\/www.medsconsulting.com\/de\/wp-json\/wp\/v2\/comments?post=1804"}],"wp:featuredmedia":[{"embeddable":true,"href":"https:\/\/www.medsconsulting.com\/de\/wp-json\/wp\/v2\/media\/2060"}],"wp:attachment":[{"href":"https:\/\/www.medsconsulting.com\/de\/wp-json\/wp\/v2\/media?parent=1804"}],"wp:term":[{"taxonomy":"product_cat","embeddable":true,"href":"https:\/\/www.medsconsulting.com\/de\/wp-json\/wp\/v2\/product_cat?post=1804"},{"taxonomy":"product_tag","embeddable":true,"href":"https:\/\/www.medsconsulting.com\/de\/wp-json\/wp\/v2\/product_tag?post=1804"}],"curies":[{"name":"wp","href":"https:\/\/api.w.org\/{rel}","templated":true}]}}