{"id":1801,"date":"2020-10-25T09:19:53","date_gmt":"2020-10-25T09:19:53","guid":{"rendered":"https:\/\/www.medsconsulting.com\/de\/?post_type=product&#038;p=1801"},"modified":"2024-03-14T07:12:23","modified_gmt":"2024-03-14T07:12:23","slug":"mirtazapine","status":"publish","type":"product","link":"https:\/\/www.medsconsulting.com\/de\/product\/angst\/mirtazapine\/","title":{"rendered":"Mirtazapin"},"content":{"rendered":"<p>Mirtazapin 30 mg Tabletten \u2013 Mirtazapin 30 mg zum Verkauf<br \/>\nKaufen Sie Mirtazapin 30 mg Tabletten: FDA-zugelassenes Mirtazapin 30 mg, generisches \u00c4quivalent zu\u00a0<a href=\"https:\/\/en.wikipedia.org\/wiki\/Mirtazapine\" target=\"_blank\" rel=\"noopener\">Remeron<\/a><\/p>\n<p>REZEPTION ERFORDERLICH<br \/>\nSiehe Anweisungen unten<br \/>\nWICHTIG: VERWENDUNG DIESER INFORMATIONEN: Dies ist eine Zusammenfassung und enth\u00e4lt NICHT alle m\u00f6glichen Informationen zu diesem Produkt.<\/p>\n<p>Diese Informationen garantieren nicht, dass dieses Produkt sicher, wirksam oder f\u00fcr Sie geeignet ist.<\/p>\n<p>Diese Informationen stellen keine individuelle medizinische Beratung dar und ersetzen nicht die Beratung durch Ihren Arzt.<\/p>\n<p>Fragen Sie immer Ihren Arzt nach vollst\u00e4ndigen Informationen \u00fcber dieses Produkt und Ihre spezifischen Gesundheitsbed\u00fcrfnisse. Kaufen Sie Mirtazapin 30 mg Tabletten<\/p>\n<p>MIRTAZAPIN \u2013 ORAL<\/p>\n<p>(mer-TAZE-uh-peen)<\/p>\n<p>GEMEINSAME MARKENNAME(N): Remeron<\/p>\n<p>WARNUNG:<br \/>\nAntidepressiva werden zur Behandlung einer Vielzahl von Erkrankungen eingesetzt, darunter Depressionen und andere psychische\/Stimmungsst\u00f6rungen.<\/p>\n<p>Diese Medikamente k\u00f6nnen helfen, Suizidgedanken\/-versuche zu verhindern und andere wichtige Vorteile bieten. Studien haben jedoch gezeigt, dass eine kleine Anzahl von Menschen (insbesondere Menschen unter 25 Jahren), die Antidepressiva f\u00fcr irgendeinen Zustand einnehmen, unter einer Verschlechterung der Depression, anderen mentalen\/stimmungsbezogenen Symptomen oder Suizidgedanken\/-versuchen leiden k\u00f6nnen.<\/p>\n<p>Daher ist es sehr wichtig, mit dem Arzt \u00fcber die Risiken und Vorteile von Antidepressiva zu sprechen (insbesondere f\u00fcr Personen unter 25 Jahren), selbst wenn die Behandlung keine psychische\/stimmungsbedingte Erkrankung ist.<\/p>\n<p>Informieren Sie sofort den Arzt, wenn Sie eine Verschlechterung der Depression\/anderer psychiatrischer Zust\u00e4nde, ungew\u00f6hnliche Verhaltens\u00e4nderungen (einschlie\u00dflich m\u00f6glicher Suizidgedanken\/-versuche) oder andere mentale\/Stimmungs\u00e4nderungen (einschlie\u00dflich neuer\/sich verschlimmernder Angstzust\u00e4nde, Panikattacken, Schlafst\u00f6rungen, Reizbarkeit, Feindseligkeit\/Wut) bemerken Gef\u00fchle, impulsive Handlungen, starke Unruhe, sehr schnelles Sprechen).<\/p>\n<p>Achten Sie besonders auf diese Symptome, wenn Sie mit der Einnahme eines neuen Antidepressivums beginnen oder wenn die Dosis ge\u00e4ndert wird. Kaufen Sie Mirtazapin 30 mg Tabletten \u2013 Kaufen Sie Mirtazapin ohne Rezept<\/p>\n<p>VERWENDUNG: Mirtazapin wird zur Behandlung von Depressionen eingesetzt. Es verbessert die Stimmung und das Wohlbefinden. Mirtazapin ist ein Antidepressivum, das wirkt, indem es das Gleichgewicht nat\u00fcrlicher Chemikalien (Neurotransmitter) im Gehirn wiederherstellt. &#8211; Mirtazapin 30 mg zum Verkauf<\/p>\n<p>WIE BENUTZT MAN:<\/p>\n<p>Lesen Sie den von Ihrem Apotheker bereitgestellten Arzneimittelleitfaden, bevor Sie mit der Anwendung von Mirtazapin beginnen und jedes Mal, wenn Sie eine Nachf\u00fcllung erhalten, da m\u00f6glicherweise neue Informationen verf\u00fcgbar sind. Wenn Sie Fragen zu den Informationen haben, wenden Sie sich an Ihren Arzt oder Apotheker.<\/p>\n<p>Nehmen Sie dieses Medikament mit oder ohne Nahrung ein, normalerweise einmal t\u00e4glich vor dem Schlafengehen oder wie von Ihrem Arzt verordnet.<br \/>\nDie Dosierung richtet sich nach Ihrem Gesundheitszustand und Ansprechen auf die Therapie, sollte jedoch 45 Milligramm pro Tag nicht \u00fcberschreiten. Verwenden Sie dieses Medikament regelm\u00e4\u00dfig, um den gr\u00f6\u00dftm\u00f6glichen Nutzen daraus zu ziehen.<\/p>\n<p>Denken Sie daran, es jeden Tag zur gleichen Zeit zu verwenden. Es kann zwischen 1-4 Wochen dauern, bis Sie eine Besserung Ihrer Symptome bemerken. Erh\u00f6hen Sie daher Ihre Dosis nicht und nehmen Sie es nicht \u00f6fter als vorgeschrieben ein.<\/p>\n<p>Es ist wichtig, dieses Medikament auch dann weiter einzunehmen, wenn Sie sich wohl f\u00fchlen. Brechen Sie die Einnahme dieses Medikaments nicht ab, ohne Ihren Arzt zu konsultieren. Einige Zust\u00e4nde k\u00f6nnen sich verschlimmern, wenn das Medikament abrupt abgesetzt wird.<\/p>\n<p>Ihre Dosis muss m\u00f6glicherweise schrittweise verringert werden. Informieren Sie Ihren Arzt, wenn Ihr Zustand anh\u00e4lt oder sich verschlechtert.<\/p>\n<p>NEBENWIRKUNGEN: Siehe auch Abschnitt \u201eWarnung\u201c. Schwindel, Schl\u00e4frigkeit, Benommenheit, gesteigerter Appetit, Gewichtszunahme, Mundtrockenheit oder Verstopfung k\u00f6nnen auftreten. Wenn eine dieser Wirkungen anh\u00e4lt oder sich verschlimmert, informieren Sie unverz\u00fcglich Ihren Arzt oder Apotheker.<\/p>\n<p>Um Mundtrockenheit zu lindern, lutschen Sie an (zuckerfreien) Bonbons oder Eischips, kauen Sie (zuckerfreien) Kaugummi, trinken Sie Wasser oder verwenden Sie einen Speichelersatz.<\/p>\n<p>Denken Sie daran, dass Ihr Arzt Ihnen dieses Medikament verschrieben hat, weil er oder sie beurteilt hat, dass der Nutzen f\u00fcr Sie gr\u00f6\u00dfer ist als das Risiko von Nebenwirkungen.<\/p>\n<p>Viele Menschen, die dieses Medikament einnehmen, haben keine schwerwiegenden Nebenwirkungen. Informieren Sie sofort Ihren Arzt, wenn Sie schwerwiegende Nebenwirkungen haben, einschlie\u00dflich: Schwellung der H\u00e4nde\/F\u00fc\u00dfe, Zittern (Tremor), Verwirrtheit, Anzeichen einer Infektion (z. B. Fieber, anhaltende Nebenwirkungen). Halsschmerzen).<\/p>\n<p>Dieses Medikament kann selten eine sehr ernste Erkrankung namens Serotonin-Syndrom verursachen.<\/p>\n<p>Das Risiko steigt, wenn dieses Medikament mit bestimmten anderen Arzneimitteln verwendet wird (siehe Abschnitt Arzneimittelwechselwirkungen).<\/p>\n<p>Suchen Sie sofort medizinische Hilfe auf, wenn Sie eines der folgenden Symptome entwickeln: Halluzinationen, ungew\u00f6hnliche Unruhe, Koordinationsverlust, schneller Herzschlag, starker Schwindel, unerkl\u00e4rliches Fieber, starke \u00dcbelkeit\/Erbrechen\/Durchfall, Muskelzuckungen\/-steifheit, Bewusstlosigkeit.<\/p>\n<p>Eine sehr schwere allergische Reaktion auf dieses Medikament ist selten. Suchen Sie jedoch sofort medizinische Hilfe auf, wenn Sie irgendwelche Symptome einer schweren allergischen Reaktion bemerken, einschlie\u00dflich: Hautausschlag, Juckreiz\/Schwellung (insbesondere von Gesicht\/Zunge\/Rachen), starker Schwindel, Atembeschwerden.<\/p>\n<p>Dies ist keine vollst\u00e4ndige Liste m\u00f6glicher Nebenwirkungen. Wenn Sie andere Wirkungen bemerken, die oben nicht aufgef\u00fchrt sind, wenden Sie sich an Ihren Arzt oder Apotheker. In den USA \u2013 Rufen Sie Ihren Arzt an, um medizinischen Rat zu Nebenwirkungen einzuholen.<\/p>\n<p>Kaufen Sie Mirtazapin ohne Rezept<\/p>\n<p>VORSICHTSMASSNAHMEN: Bevor Sie dieses Medikament einnehmen, informieren Sie Ihren Arzt oder Apotheker, wenn Sie allergisch darauf reagieren oder wenn Sie andere Allergien haben.<\/p>\n<p>Dieses Produkt kann inaktive Inhaltsstoffe enthalten, die allergische Reaktionen oder andere Probleme verursachen k\u00f6nnen. Sprechen Sie mit Ihrem Apotheker f\u00fcr weitere Einzelheiten.<\/p>\n<p><a href=\"\/de\/geschaeft\/\">Bevor Sie dieses Medikament einnehmen<\/a>, informieren Sie Ihren Arzt oder Apotheker \u00fcber Ihre Krankengeschichte, insbesondere \u00fcber: Vorgeschichte oder Familiengeschichte von psychiatrischen Erkrankungen (z. B. bipolare\/manisch-depressive St\u00f6rung),<\/p>\n<p>Suizidversuche in der Vorgeschichte oder in der Familie, Lebererkrankungen, Nierenerkrankungen, Krampfanf\u00e4lle, hohe Cholesterin- oder Triglyceridwerte im Blut, Herzerkrankungen (z. B. k\u00fcrzlicher Herzinfarkt, Angina pectoris), Schlaganfall, schwerer Verlust von K\u00f6rperfl\u00fcssigkeiten (Dehydratation), niedriger Blutdruck.<\/p>\n<p>Dieses Medikament kann Sie schwindelig oder schl\u00e4frig machen. F\u00fchren Sie kein Fahrzeug, bedienen Sie keine Maschinen und f\u00fchren Sie keine Aktivit\u00e4ten aus, die Aufmerksamkeit erfordern, bis Sie sicher sind, dass Sie diese Aktivit\u00e4ten sicher ausf\u00fchren k\u00f6nnen. Begrenzen Sie alkoholische Getr\u00e4nke.<\/p>\n<p>Um Schwindel und Benommenheit zu minimieren, stehen Sie langsam auf, wenn Sie aus einer sitzenden oder liegenden Position aufstehen. Bei der Anwendung dieses Arzneimittels bei \u00e4lteren Menschen ist Vorsicht geboten, da sie empfindlicher auf seine Wirkungen reagieren k\u00f6nnen, insbesondere auf Schl\u00e4frigkeit.Dieses Medikament sollte nur verwendet werden, wenn es w\u00e4hrend der Schwangerschaft eindeutig erforderlich ist.<\/p>\n<p>\u00dcBERDOSIERUNG: Wenn eine \u00dcberdosierung vermutet wird, wenden Sie sich sofort an Ihre \u00f6rtliche Giftnotrufzentrale oder Notaufnahme.<\/p>\n<p>US-B\u00fcrger k\u00f6nnen das US-Nationalgift nennen. Kanadische Einwohner sollten direkt ihre \u00f6rtliche Giftnotrufzentrale anrufen. Zu den Symptomen einer \u00dcberdosierung k\u00f6nnen geh\u00f6ren: sehr schneller\/unregelm\u00e4\u00dfiger Herzschlag.<\/p>\n<p>HINWEISE: Kaufen Sie Mirtazapin 30 mg Tabletten Psychiatrische\/medizinische Untersuchungen (und m\u00f6glicherweise Labortests) m\u00fcssen regelm\u00e4\u00dfig durchgef\u00fchrt werden, um Ihren Fortschritt zu \u00fcberwachen und auf Nebenwirkungen zu pr\u00fcfen. Wenden Sie sich f\u00fcr weitere Einzelheiten an Ihren Arzt. Teilen Sie dieses Medikament nicht mit anderen.<\/p>\n<p>Mirtazapin 30mg zu verkaufen \u2013 Kaufen Sie Mirtazapin ohne Rezept<\/p>\n<p>VERGESSENE DOSIS: Wenn Sie eine Dosis vergessen haben, wenden Sie sie an, sobald Sie sich daran erinnern. Wenn der Zeitpunkt der n\u00e4chsten Dosis kurz bevorsteht, lassen Sie die vergessene Dosis aus und setzen Sie Ihr gewohntes Dosierungsschema fort. Verdoppeln Sie nicht die Dosis, um aufzuholen.<\/p>\n<p>LAGERUNG: Bei Raumtemperatur (77 Grad F oder 25 Grad C) vor Licht und Feuchtigkeit sch\u00fctzen.<\/p>\n<p>Eine kurze Lagerung zwischen 59-86 Grad F (15-30 Grad C) ist erlaubt. Nicht im Badezimmer aufbewahren.<\/p>\n<p>Halten Sie alle Arzneimittel von Kindern und Haustieren fern.<\/p>\n<p>Sp\u00fclen Sie Medikamente nicht die Toilette hinunter oder sch\u00fctten Sie sie in einen Abfluss, es sei denn, Sie werden dazu aufgefordert.<\/p>\n<p>Entsorgen Sie dieses Produkt ordnungsgem\u00e4\u00df, wenn es abgelaufen ist oder nicht mehr ben\u00f6tigt wird.<\/p>\n<p>Wenden Sie sich an Ihren Apotheker oder Ihr \u00f6rtliches Entsorgungsunternehmen, um weitere Informationen zur sicheren Entsorgung Ihres Produkts zu erhalten.<\/p>\n<p>Mirtazapin 30mg zu verkaufen \u2013 Kaufen Sie Mirtazapin ohne Rezept<\/p>\n<p>Diazepam online kaufen, Xanax ohne Rezept kaufen, Xanax 2mg kaufen, Angsttabletten online kaufen, Medikamente online kaufen, Valium g\u00fcnstig online kaufen, Methadon online kaufen, Oxycontin online kaufen, Tramadol Ultram online bestellen,<\/p>\n","protected":false},"excerpt":{"rendered":"<p>Mirtazapin 30 mg Tabletten \u2013 Mirtazapin 30 mg zum Verkauf Kaufen Sie Mirtazapin 30 mg Tabletten: FDA-zugelassenes Mirtazapin 30 mg, generisches \u00c4quivalent zu\u00a0Remeron REZEPTION ERFORDERLICH Siehe Anweisungen unten WICHTIG: VERWENDUNG DIESER INFORMATIONEN: Dies ist eine Zusammenfassung und enth\u00e4lt NICHT alle &hellip; <a href=\"https:\/\/www.medsconsulting.com\/de\/product\/angst\/mirtazapine\/\">Readmore<\/a><\/p>\n","protected":false},"featured_media":2059,"comment_status":"open","ping_status":"closed","template":"","meta":[],"product_cat":[211],"product_tag":[],"class_list":{"0":"post-1801","1":"product","2":"type-product","3":"status-publish","4":"has-post-thumbnail","6":"product_brand-anxiety","7":"product_cat-angst","9":"first","10":"instock","11":"featured","12":"shipping-taxable","13":"purchasable","14":"product-type-variable","15":"has-default-attributes"},"_links":{"self":[{"href":"https:\/\/www.medsconsulting.com\/de\/wp-json\/wp\/v2\/product\/1801","targetHints":{"allow":["GET"]}}],"collection":[{"href":"https:\/\/www.medsconsulting.com\/de\/wp-json\/wp\/v2\/product"}],"about":[{"href":"https:\/\/www.medsconsulting.com\/de\/wp-json\/wp\/v2\/types\/product"}],"replies":[{"embeddable":true,"href":"https:\/\/www.medsconsulting.com\/de\/wp-json\/wp\/v2\/comments?post=1801"}],"wp:featuredmedia":[{"embeddable":true,"href":"https:\/\/www.medsconsulting.com\/de\/wp-json\/wp\/v2\/media\/2059"}],"wp:attachment":[{"href":"https:\/\/www.medsconsulting.com\/de\/wp-json\/wp\/v2\/media?parent=1801"}],"wp:term":[{"taxonomy":"product_cat","embeddable":true,"href":"https:\/\/www.medsconsulting.com\/de\/wp-json\/wp\/v2\/product_cat?post=1801"},{"taxonomy":"product_tag","embeddable":true,"href":"https:\/\/www.medsconsulting.com\/de\/wp-json\/wp\/v2\/product_tag?post=1801"}],"curies":[{"name":"wp","href":"https:\/\/api.w.org\/{rel}","templated":true}]}}