{"id":1793,"date":"2020-10-25T08:57:53","date_gmt":"2020-10-25T08:57:53","guid":{"rendered":"https:\/\/www.medsconsulting.com\/de\/?post_type=product&#038;p=1793"},"modified":"2023-05-29T08:42:29","modified_gmt":"2023-05-29T08:42:29","slug":"kaufen-lyrica-pregabaline","status":"publish","type":"product","link":"https:\/\/www.medsconsulting.com\/de\/product\/angst\/kaufen-lyrica-pregabaline\/","title":{"rendered":"Kaufen Lyrica Pregabaline"},"content":{"rendered":"<h1>Kaufen Lyrica Pregabaline 75 mg online<\/h1>\n<p>Kaufen Sie Lyrica Pregabaline 75 mg online. Dieses <a href=\"https:\/\/www.medsconsulting.com\/de\/\">Medikament<\/a> ist ein krampfl\u00f6sendes und neuropathisches Schmerzmittel, das bei partiellen Anf\u00e4llen verschrieben wird. Behandlung von postzosterischer Neuralgie (Nervenschmerzen, die durch das Varizella-Zoster-Virus verursacht werden); Behandlung von Fibromyalgie (einer Erkrankung, bei der der Patient Muskel- und Bindegewebsschmerzen hat).<\/p>\n<h2>Wie sollte Pregabalin angewendet werden:<\/h2>\n<p>Halten Sie sich an die Anweisung, auch wenn es Ihnen besser geht. Mit oder ohne Nahrung einnehmen. Bei Magenbeschwerden zusammen mit einer Mahlzeit einnehmen.<\/p>\n<p>&nbsp;<\/p>\n<p>H\u00e4ufige Nebenwirkungen von Pregabalin: Benommenheit, Schl\u00e4frigkeit, verschwommenes Sehen oder eine Ver\u00e4nderung des klaren Denkens. Vermeiden Sie es, Auto zu fahren und andere Aufgaben oder Handlungen auszuf\u00fchren, die Ihre Aufmerksamkeit oder ein klares Sehverm\u00f6gen erfordern, bis Sie sehen, wie sich dieses Medikament auf Sie auswirkt. Schwindelgef\u00fchl haben. Stehen Sie im Sitzen oder Liegen einige Minuten lang langsam auf.<\/p>\n<h3>Was mache ich, wenn ich eine Dosis verpasse? (Kaufen Lyrica Pregabaline)<\/h3>\n<p>Nehmen Sie zun\u00e4chst eine vergessene Dosis ein, sobald Sie dar\u00fcber nachdenken. Wenn es bald Zeit f\u00fcr Ihre n\u00e4chste Dosis ist, lassen Sie die vergessene Dosis aus und kehren Sie zur gewohnten Zeit zur\u00fcck. Nehmen Sie au\u00dferdem nicht zwei Dosen gleichzeitig oder mehrere Dosen ein. \u00c4ndern Sie nicht die Dosis und brechen Sie dieses Arzneimittel nicht ab. Sprechen Sie mit dem Arzt. Welche Vorsichtsma\u00dfnahmen sollte ich bei der Einnahme von Pregabalin treffen: Informieren Sie Ihren Arzt, wenn Sie an einer Nieren- oder Herzerkrankung, hohem Blutdruck, Diabetes oder Bluterkrankungen leiden.<\/p>\n<h3>Wann muss ich medizinische Hilfe in Anspruch nehmen?<\/h3>\n<p>Wenn Sie glauben, dass eine \u00dcberdosis vorliegt, rufen Sie sofort Ihre \u00f6rtliche Giftnotrufzentrale oder Notaufnahme an. Anzeichen einer sehr schlechten Reaktion auf das <a href=\"https:\/\/www.euthanasiagroup.com\/de\/\" target=\"_blank\" rel=\"noopener\">Medikament<\/a>. Wie kaufe ich Pregabalin 75 mg online, wie bestelle ich Pregabalin 75 mg legal online, kaufe Pregabalin 75 mg online ohne Rezept, Pregabalin 75 mg zum Verkauf ohne Rezept, Dazu geh\u00f6ren Keuchen; Engegef\u00fchl in der Brust; Fieber; Juckreiz; schlimmen Husten; blaue oder graue Hautfarbe; Anf\u00e4lle; oder Schwellung von Gesicht, Lippen, Zunge oder Rachen. Kann ich Pregabalin zusammen mit anderen Arzneimitteln einnehmen?:<\/p>\n<h4>Kategorie \u201eSchwangerschaft\u201c.<\/h4>\n<p>Kategorie C: Tierreproduktionsstudien haben eine nachteilige Wirkung auf den F\u00f6tus gezeigt und es gibt keine ausreichenden und gut kontrollierten Studien am Menschen. Kaufen Sie Pregabalin 75 mg online, kaufen Sie Pregabalin 75 mg, Pregabalin 75 mg online, Pregabalin 75 mg zum Verkauf, Pregabalin 75 mg , wo man Pregabalin 75 mg kaufen kann, aber potenzielle Vorteile k\u00f6nnen trotz potenzieller Risiken die Verwendung des Arzneimittels bei schwangeren Frauen rechtfertigen. Therapeutische Klassifikation. Antikonvulsiva, Anxiolytika, Medikamente gegen neuropathische Schmerzen.<\/p>\n","protected":false},"excerpt":{"rendered":"<h1 class=\"product-title entry-title\">Lyrica Pregabalin 75 mg \u2013 36 Packungen<\/h1>\n","protected":false},"featured_media":2058,"comment_status":"open","ping_status":"closed","template":"","meta":[],"product_cat":[211],"product_tag":[3150,3154,3151,3149,3152,3153,3156,3155],"class_list":{"0":"post-1793","1":"product","2":"type-product","3":"status-publish","4":"has-post-thumbnail","6":"product_brand-anxiety","7":"product_cat-angst","8":"product_tag-kaufen-lyrica-pregabalin","9":"product_tag-kaufen-lyrica-pregabalin-austria","10":"product_tag-kaufen-lyrica-pregabalin-online","11":"product_tag-kaufen-lyrica-pregabaline","12":"product_tag-kaufen-lyrica-pregabaline-deutschland","13":"product_tag-kaufen-lyrica-pregabaline-germany","14":"product_tag-kaufen-sie-lyrica-pregabalin","15":"product_tag-kaufen-sie-lyrica-pregabaline","17":"first","18":"instock","19":"featured","20":"shipping-taxable","21":"purchasable","22":"product-type-simple"},"_links":{"self":[{"href":"https:\/\/www.medsconsulting.com\/de\/wp-json\/wp\/v2\/product\/1793","targetHints":{"allow":["GET"]}}],"collection":[{"href":"https:\/\/www.medsconsulting.com\/de\/wp-json\/wp\/v2\/product"}],"about":[{"href":"https:\/\/www.medsconsulting.com\/de\/wp-json\/wp\/v2\/types\/product"}],"replies":[{"embeddable":true,"href":"https:\/\/www.medsconsulting.com\/de\/wp-json\/wp\/v2\/comments?post=1793"}],"wp:featuredmedia":[{"embeddable":true,"href":"https:\/\/www.medsconsulting.com\/de\/wp-json\/wp\/v2\/media\/2058"}],"wp:attachment":[{"href":"https:\/\/www.medsconsulting.com\/de\/wp-json\/wp\/v2\/media?parent=1793"}],"wp:term":[{"taxonomy":"product_cat","embeddable":true,"href":"https:\/\/www.medsconsulting.com\/de\/wp-json\/wp\/v2\/product_cat?post=1793"},{"taxonomy":"product_tag","embeddable":true,"href":"https:\/\/www.medsconsulting.com\/de\/wp-json\/wp\/v2\/product_tag?post=1793"}],"curies":[{"name":"wp","href":"https:\/\/api.w.org\/{rel}","templated":true}]}}