{"id":1781,"date":"2020-10-25T08:38:38","date_gmt":"2020-10-25T08:38:38","guid":{"rendered":"https:\/\/www.medsconsulting.com\/de\/?post_type=product&#038;p=1781"},"modified":"2024-03-26T20:13:30","modified_gmt":"2024-03-26T20:13:30","slug":"ephedrin-pulver-kaufen","status":"publish","type":"product","link":"https:\/\/www.medsconsulting.com\/de\/product\/andere\/ephedrin-pulver-kaufen\/","title":{"rendered":"Ephedrin pulver Kaufen"},"content":{"rendered":"<h2>Ephedrin pulver Kaufen<\/h2>\n<p><b>Ephedrin HCL Pulver kaufen, Ephedrin HCL Pulver kaufen, Ephedri bestellenne Online, Ephedrin-Pulver zum Verkauf, Ephedrin-Fettverbrenner<\/b>\u00a0ist ein Medikament und Stimulans.<sup id=\"cite_ref-AHFS2016_1-1\" class=\"reference\"><\/sup> Erstens wird es h\u00e4ufig verwendet.<\/p>\n<p>&nbsp;<\/p>\n<p>Wirbels\u00e4ulenan\u00e4sthesie.<sup id=\"cite_ref-AHFS2016_1-2\" class=\"reference\"><\/sup> Dies wird auch f\u00fcr Asthma,\u00a0Narkolepsie und\u00a0Adipositas, ist aber nicht die bevorzugte Behandlung.<sup id=\"cite_ref-AHFS2016_1-3\" class=\"reference\"><\/sup>\u00a0Es ist unklar efit in\u00a0verstopfter Nase.<sup id=\"cite_ref-AHFS2016_1-4\" class=\"reference \"><\/sup> Welches ebenso gut oral oder durch Injektion eingenommen werden kann ein Muskel,\u00a0<a class=\"mw-redirect\" title=\"Intravenous\" href=\"https:\/\/en.wikipedia.org\/wiki\/Intravenous\" target=\"_blank\" rel=\"noopener\">Vene<\/a> oder\u00a0direkt unter die Haut.\u00a0<sup id=\"cite_ref-AHFS2016_1-5\" class=\"reference\"><\/sup>Wie kaufe ich Ephedrin-HCL-Pulver online bei uns?<\/p>\n<h3>Wo kann man Ephedrin pulver Kaufen<\/h3>\n<p>Ephedrin online bestellen. Diese Begriffe beziehen sich auf dieselbe Substanz, die aus der Pflanze Ephedra stammt, einer strauchartigen Pflanze, die in W\u00fcstenregionen in Zentralasien und anderen Teilen der Welt vorkommt. Das getrocknete Gr\u00fcn der Pflanze wird medizinisch verwendet. Ephedrin pulver Kaufen.<\/p>\n<p>&nbsp;<\/p>\n<p>Ephedra ist ein Stimulans, das die pflanzliche Form von Ephedrin, einem von der FDA regulierten Arzneimittel, enth\u00e4lt in rezeptfreien Asthmamedikamenten.<\/p>\n<pre>WENN EPHEDRINPULVER NICHT VERWENDET WERDEN KANN:<\/pre>\n<ul>\n<li>Allergisch gegen dieses Medikament.<\/li>\n<li>Keine Asthmadiagnose<\/li>\n<li>eine Asthmadiagnose haben, aber verschreibungspflichtige Asthmamedikamente einnehmen<\/li>\n<li>War jemals wegen Asthma im Krankenhaus<\/li>\n<li>Sie nehmen jetzt einen Monoaminoxidase-Hemmer ein oder haben in den letzten 14 Tagen Hemmer eingenommen. Wenn Sie nicht wissen, ob Ihr verschreibungspflichtiges Medikament Hemmstoffe enth\u00e4lt, fragen Sie Ihren Arzt, bevor Sie dieses Produkt einnehmen. Ephedrinpulver Zu verkaufen.<\/li>\n<li>Bluthochdruck, Herzerkrankungen, unregelm\u00e4\u00dfiger Herzschlag, Schilddr\u00fcsenerkrankungen, Diabetes oder Schwierigkeiten beim Wasserlassen aufgrund einer Vergr\u00f6\u00dferung der Prostata oder anderer schwerer Herzprobleme. Ephedrin pulver Kaufen.<\/li>\n<\/ul>\n<pre>VOR DER ANWENDUNG VON EPHEDRIN:<\/pre>\n<p>Einige Erkrankungen k\u00f6nnen mit Ephedrin interagieren. Informieren Sie daher Ihren Arzt, wenn Sie an einer Erkrankung leiden, insbesondere wenn einer der folgenden Punkte auf Sie zutrifft:<\/p>\n<ul>\n<li>Schwanger sein, eine Schwangerschaft planen oder stillen<\/li>\n<li>Einnahme von verschreibungspflichtigen oder nicht verschreibungspflichtigen Medikamenten, Kr\u00e4uterpr\u00e4paraten oder Nahrungserg\u00e4nzungsmitteln<\/li>\n<li>Allergien gegen Medikamente, Nahrungsmittel oder andere Substanzen haben. Fatburner mit Ephedrin.<\/li>\n<li>Vorgeschichte von Herzproblemen, Diabetes, Glaukom, vergr\u00f6\u00dferter Prostata oder anderen Prostataproblemen, Nebennierenproblemen, Bluthochdruck, Krampfanf\u00e4llen, Schlaganfall, Blutgef\u00e4\u00dfproblemen, Schilddr\u00fcsen\u00fcberfunktion oder schwerem Asthma. Fatburner mit Ephedrin HCL. Ephedrin pulver Kaufen. ephedrin hcl online kaufen paypal. ml injektionsl\u00f6sung.<\/li>\n<\/ul>\n<p>&nbsp;<\/p>\n<pre>WIE IST EPHEDRIN ZU VERWENDEN:<\/pre>\n<p>Verwenden Sie dieses Medikament wie von Ihrem bereitgestellten angewiesen. \u00dcberpr\u00fcfen Sie das Etikett auf dem Ephedrin f\u00fcr genaue Dosierungsanweisungen. \u00dcberpr\u00fcfen Sie das Etikett auf genaue Dosierungsanweisungen.Ephedrin pulver Kaufen.<\/p>\n<ul>\n<li>Ephedrin kann mit oder ohne Nahrung eingenommen werden. Wenn eine Magenverstimmung auftritt, nehmen Sie es mit einer Mahlzeit ein, um Magenreizungen zu reduzieren.<\/li>\n<li>Wenn Sie eine Dosis Ephedrin-Pulver vermissen und es regelm\u00e4\u00dfig einnehmen, nehmen Sie es so schnell wie m\u00f6glich ein. Wenn es fast Zeit f\u00fcr Ihre n\u00e4chste Dosis ist, \u00fcberspringen Sie die vergessene Dosis und gehen Sie zu Ihrem regul\u00e4ren Dosierungsplan zur\u00fcck. Nehmen Sie nicht 2 Dosen auf einmal ein. Ephedrin pulver Kaufen.<\/li>\n<\/ul>\n<pre>WICHTIGE SICHERHEITSINFORMATIONEN:<\/pre>\n<ul>\n<li>Erstens kann Ephedrin Schwindel verursachen. F\u00fchren Sie kein Fahrzeug, bedienen Sie keine Maschinen und tun Sie nichts anderes, was gef\u00e4hrlich sein k\u00f6nnte, bis Sie wissen, wie Sie auf Ephedrin reagieren. Die Anwendung von Ephedrin allein, mit bestimmten anderen Arzneimitteln oder mit Alkohol kann Ihre Verkehrst\u00fcchtigkeit oder Ihre F\u00e4higkeit, andere potenziell gef\u00e4hrliche Aufgaben auszuf\u00fchren, beeintr\u00e4chtigen.<\/li>\n<li>Fragen Sie auch Ihren Arzt, wenn sich Ihre Symptome nicht innerhalb von 7 Tagen bessern oder wenn Sie hohes Fieber bekommen.<\/li>\n<\/ul>\n<pre>M\u00d6GLICHE NEBENWIRKUNGEN VON EPHEDRIN:<\/pre>\n<p>Auch hier k\u00f6nnen alle Medikamente Nebenwirkungen haben, aber viele Menschen haben keine oder nur eine geringe Wirkung. Fragen Sie Ihren Arzt, wenn eine der h\u00e4ufigsten Nebenwirkungen l\u00e4nger als eine Stunde anh\u00e4lt oder sich verschlimmert:<\/p>\n<ul>\n<li>Schwindel; Kopfschmerzen; Brechreiz; Nervosit\u00e4t; Tremor; Verlust von Appetit; Unruhe; Schlaflosigkeit; Magenreizung.<\/li>\n<\/ul>\n<pre>Suchen Sie sofort einen Arzt auf, wenn eine dieser schweren Nebenwirkungen auftritt:<\/pre>\n<ul>\n<li>Schwere allergische Reaktionen (Hautausschlag, Nesselsucht, Atembeschwerden, Engegef\u00fchl in der Brust, Schwellung von Mund, Gesicht, Lippen oder Zunge); Schwierigkeiten beim Wasserlassen. Ephedrin-HCl-Pulver.<\/li>\n<\/ul>\n<pre>Richtige Lagerung von Ephedrin:<\/pre>\n<p>Bewahren Sie dieses Medikament au\u00dferdem bei Raumtemperatur auf. Vor Hitze, Feuchtigkeit und Licht gesch\u00fctzt lagern. Nicht im Badezimmer aufbewahren. Bewahren Sie Ephedrin au\u00dferhalb der Reichweite von Kindern und von Haustieren auf.delirium halluzinationen und.<\/p>\n<p>&nbsp;<\/p>\n<pre>ALLGEMEINE INFORMATIONEN:<\/pre>\n<p>Wenn Sie Fragen zu Ephedrin haben, z\u00f6gern Sie bitte nicht, diese zu stellen. Dieses Produkt darf nur von dem Patienten verwendet werden, dem es verschrieben wurde. Teilen Sie es nicht mit anderen Personen. Wenn sich Ihre Symptome nicht bessern oder sich verschlimmern, wenden Sie sich an Ihren Arzt. Diese Informationen sind nur eine Zusammenfassung. Es enth\u00e4lt nicht alle Informationen \u00fcber Ephedrin-Pulver. Wenn Sie Fragen zu dem Arzneimittel haben, das Sie einnehmen, oder weitere Informationen w\u00fcnschen, wenden Sie sich an uns.<\/p>\n","protected":false},"excerpt":{"rendered":"<p>Ephedrin f\u00f6rdert einen bescheidenen kurzfristigen Gewichtsverlust, insbesondere den Fettabbau, aber seine langfristigen Auswirkungen sind unbekannt. Bei M\u00e4usen ist bekannt, dass Ephedrin die Thermogenese im braunen Fettgewebe stimuliert, aber da erwachsene Menschen nur geringe Mengen an braunem Fett haben, wird angenommen, dass die Thermogenese haupts\u00e4chlich im Skelettmuskel stattfindet. Ephedrin verringert auch die Magenentleerung. Methylxanthine wie Koffein und Theophyllin haben eine synergistische Wirkung mit Ephedrin in Bezug auf die Gewichtsabnahme. Dies f\u00fchrte zur Schaffung und Vermarktung von Verbundprodukten.<\/p>\n","protected":false},"featured_media":2056,"comment_status":"open","ping_status":"closed","template":"","meta":[],"product_cat":[15],"product_tag":[2204,2202,2203,1765,2229,2211,2228,3276,2218,2219,2206,2220,2221,2223,2222,2224,2225,2226,2227,2210,2217,2215,2216,2232,2214,2205,2208,2207,2209,2236,2212,2213,3277,2233,2234,3278,2235,2201,2230,2231,2238,2239,2240,2237,2241],"class_list":{"0":"post-1781","1":"product","2":"type-product","3":"status-publish","4":"has-post-thumbnail","6":"product_cat-andere","7":"product_tag-billige-ephedrintablette-online-zu-kaufen","8":"product_tag-billiges-ephedrinpulver-fuer-den-fabrikgebrauch-zu-kaufen","9":"product_tag-billiges-ephedrinpulver-online-zu-kaufen","10":"product_tag-der-beste-ort","11":"product_tag-ephedrin-gewicht-verlustpillen-wo-kaufen","12":"product_tag-ephedrin-gewichtsverlust-online-kaufen","13":"product_tag-ephedrin-gewichtsverlust-pillen-zum-verkauf","14":"product_tag-ephedrin-hcl-online-kaufen-paypal","15":"product_tag-ephedrin-hcl-zum-online-kauf","16":"product_tag-ephedrin-hydrochlorid-verkauf","17":"product_tag-ephedrin-online-zu-kaufen","18":"product_tag-ephedrin-online-shop","19":"product_tag-ephedrin-pillen-online-kaufen","20":"product_tag-ephedrin-pulver-grosshandel","21":"product_tag-ephedrin-pulver-online-kaufen","22":"product_tag-ephedrin-tablette-online-kaufen","23":"product_tag-ephedrin-tabletten","24":"product_tag-ephedrin-tabletten-zum-verkauf","25":"product_tag-ephedrin-tabletten-zur-gewichtsreduktion","26":"product_tag-ephedrin-zu-kaufen-pulver-online-kaufen","27":"product_tag-ephedrin-zum-verkauf","28":"product_tag-ephedrin-fettverbrenner-online","29":"product_tag-ephedrin-fettverbrenner-zu-kaufen","30":"product_tag-ephedrin-hydrochlorid-bestellen","31":"product_tag-ephedrin-medikament-zum-verkauf","32":"product_tag-ephedrinhydrochlorid-zu-kaufen","33":"product_tag-ephedrinpillen-online-zu-kaufen","34":"product_tag-ephedrinpillen-zu-kaufen","35":"product_tag-ephedrinpulver-zu-kaufen","36":"product_tag-hochwertiges-ephedrin-zum-verkauf","37":"product_tag-legitimes-ephedrin-hcl-online-kaufen","38":"product_tag-legitimes-ephedrinpulver-zum-verkauf-online-kaufen","39":"product_tag-ml-injektionsloesung","40":"product_tag-pflanze-ernaehrung-ephedrin-hcl-lieferanten","41":"product_tag-pulver-ephedrin-zum-verkauf","42":"product_tag-pulver-online-kaufen","43":"product_tag-reines-ephedrin-pulver-online","44":"product_tag-um-ephedrin-online-zu-kaufen","45":"product_tag-wie-man-billige-ephedrin-fatburner-online-kauft","46":"product_tag-wie-man-ephedrin-tabletten-online-kauft","47":"product_tag-wo-kann-ich-billige-ephedrin-tablette-online-kaufen","48":"product_tag-wo-kann-ich-ephedri-online-kaufen-ne","49":"product_tag-wo-kann-ich-ephedrin-hcl-fuer-den-persoenlichen-gebrauch-kaufen","50":"product_tag-wo-kann-ich-ephedrin-tablette-kaufen","51":"product_tag-wo-man-ephedrinpulver-kaufen-kann","53":"first","54":"instock","55":"featured","56":"shipping-taxable","57":"purchasable","58":"product-type-variable"},"_links":{"self":[{"href":"https:\/\/www.medsconsulting.com\/de\/wp-json\/wp\/v2\/product\/1781","targetHints":{"allow":["GET"]}}],"collection":[{"href":"https:\/\/www.medsconsulting.com\/de\/wp-json\/wp\/v2\/product"}],"about":[{"href":"https:\/\/www.medsconsulting.com\/de\/wp-json\/wp\/v2\/types\/product"}],"replies":[{"embeddable":true,"href":"https:\/\/www.medsconsulting.com\/de\/wp-json\/wp\/v2\/comments?post=1781"}],"wp:featuredmedia":[{"embeddable":true,"href":"https:\/\/www.medsconsulting.com\/de\/wp-json\/wp\/v2\/media\/2056"}],"wp:attachment":[{"href":"https:\/\/www.medsconsulting.com\/de\/wp-json\/wp\/v2\/media?parent=1781"}],"wp:term":[{"taxonomy":"product_cat","embeddable":true,"href":"https:\/\/www.medsconsulting.com\/de\/wp-json\/wp\/v2\/product_cat?post=1781"},{"taxonomy":"product_tag","embeddable":true,"href":"https:\/\/www.medsconsulting.com\/de\/wp-json\/wp\/v2\/product_tag?post=1781"}],"curies":[{"name":"wp","href":"https:\/\/api.w.org\/{rel}","templated":true}]}}