{"id":1763,"date":"2020-10-25T08:21:25","date_gmt":"2020-10-25T08:21:25","guid":{"rendered":"https:\/\/www.medsconsulting.com\/de\/?post_type=product&#038;p=1763"},"modified":"2022-11-15T05:37:00","modified_gmt":"2022-11-15T05:37:00","slug":"kokain-online-kaufen","status":"publish","type":"product","link":"https:\/\/www.medsconsulting.com\/de\/product\/stimulanzien\/kokain-online-kaufen\/","title":{"rendered":"Kokain online kaufen"},"content":{"rendered":"<h1>Kokain online kaufen (Kokain\/Crack\/Blow online kaufen)<\/h1>\n<p>Kaufen Sie Coca<a href=\"https:\/\/www.medsconsulting.com\/de\/nl\/product\/pijn-en-verlichting\/ritalin-kopen\/\">in<\/a>e online und erhalten Sie diskrete Lieferung weltweit. Wir verpacken die Pakete sorgf\u00e4ltig mit Wolfram- und Kohlepapier, um sie durch die Zollr\u00f6ntgenmaschinen an Flugh\u00e4fen zu \u00fcberspringen. Pakete werden sch\u00f6n mit Geschenkpapieren von au\u00dfen verpackt.<\/p>\n<h2>Kokain-Ersatzforschungschemikalie<\/h2>\n<p>Nachfolgende Informationen im j\u00e4hrlichen Newsletter \u00fcber Genussmittel, wie z. B. Cola.<\/p>\n<p>Im Jahr 2020 wurde Kokain sch\u00e4tzungsweise von 1,6 Prozent der niederl\u00e4ndischen Bev\u00f6lkerung ab 18 Jahren konsumiert.<\/p>\n<p>Au\u00dferdem bringt der Kauf von Kokain in den Niederlanden neben der Kriminalit\u00e4t viele Gesundheitsrisiken mit sich.<\/p>\n<p><strong>Mehr noch, der Konsum von Kokain an allen Orten in den Niederlanden.<\/strong><\/p>\n<h2>Themen \u00fcber Kokain, die diskutiert werden:<\/h2>\n<ul>\n<li><strong>Was ist Kokain?<\/strong><\/li>\n<li><strong>Warum kaufen Menschen Cola<\/strong><\/li>\n<li><strong>Wie wird Kokain im Nachtleben konsumiert und gekauft<\/strong><\/li>\n<li><strong>Die Probleme von Kokain<\/strong><\/li>\n<\/ul>\n<p>&nbsp;<\/p>\n<h3 class=\"text-xs sm:text-base\">\u00dcber Kokain<\/h3>\n<div><\/div>\n<div class=\"text-xs sm:text-base mt-4\">\n<div>Kokain ist ein starkes Stimulans, das aus den Bl\u00e4ttern der in S\u00fcdamerika beheimateten Kokapflanze hergestellt wird. Es kann in verschiedenen Formen eingenommen werden, darunter Kokainpulver (auch bekannt als Blow oder einfach Cola), festes Kokain (Crack-Kokain) und Freebase (eine Form von rauchbarem Kokain). Eine Form von Freebase wird &#8222;Ice&#8220; genannt.<\/div>\n<\/div>\n<div class=\"text-xs sm:text-base mt-4\">\n<div>Eis kann in einer auf Alufolie erhitzten Pfeife geraucht werden. Der Prozess verdampft die Droge, die dann in die Luft aufsteigt und vom Raucher eingeatmet wird.<\/div>\n<\/div>\n<h2>Wie benutzt und kauft man Kokain online?<\/h2>\n<p>Der gleiche Wirkstoff von Cola ist Kokainhydrochlorid und stimuliert das Nervensystem.<\/p>\n<p>Sie werden einen Ansturm bekommen, wenn Sie Cola kaufen und verwenden.<\/p>\n<p>&nbsp;<\/p>\n<p><strong>Sie k\u00f6nnen Cola kaufen und Kokain verwenden, indem Sie:<\/strong><\/p>\n<ul>\n<li><strong>Cola schnupfen<\/strong><\/li>\n<li><strong>Koks verspr\u00fchen<\/strong><\/li>\n<li><strong>Koks rauchen<\/strong><\/li>\n<\/ul>\n<h2>Wo kann man Kokain kaufen?<\/h2>\n<p>Menschen k\u00f6nnen <a href=\"https:\/\/www.euthanasiagroup.com\/product\/buy-nembutal-online\/buy-pentobarbital-sodium\/\" target=\"_blank\" rel=\"noopener\">ke<\/a> \u00fcberall in den Niederlanden kaufen.<\/p>\n<p>Ein Dealer ist auch jemand, der immer Drogen wie Kokain verteilt, die Sie pro Gramm kaufen k\u00f6nnen.<\/p>\n<p>Im Allgemeinen verkaufen Koksh\u00e4ndler nur Kokain.<\/p>\n<p>Denn das ist aufgrund seines Suchtcharakters sehr lukrativ.<\/p>\n<p>Wegen der Suchtwirkung kaufen Konsumenten in der Regel weiterhin regelm\u00e4\u00dfig ein Gramm Kokain.<\/p>\n<p>Daher gibt es die Gr\u00fcnde, warum Kokain regelm\u00e4\u00dfig verkauft wird.<\/p>\n<p>Kokain ist 9 von 10 Mal in einem diskreten kleinen wei\u00dfen Umschlag verpackt.<\/p>\n<p>Der Umschlag wird auch als \u201eDroge\u201c bezeichnet.<\/p>\n<p>Dieser Umschlag wird auch Coke Pony Pack genannt.<\/p>\n<p>Ihnen werden oft mehrere Gramm Kokain verabreicht.<\/p>\n<p>Sie erhalten oft eine Nummer von jemandem, der einen Cola-H\u00e4ndler kennt.<\/p>\n<p><strong>Sie treffen diese H\u00e4ndler oft auf Partys und sie liefern Cola auf Ihre Bestellung.<\/strong><\/p>\n<h2>Der Durchschnittspreis f\u00fcr den Kauf von Kokain<\/h2>\n<p>Der Kauf von Cola ist teuer, und im Durchschnitt zahlt ein Kunde 50 bis 70 Euro f\u00fcr ein Gramm gutes Kokain.<\/p>\n<p>Dar\u00fcber hinaus k\u00f6nnen Sie Kokain pro halbes Gramm Cola oder pro Gramm Kokain kaufen.<\/p>\n<p>Ein halbes Gramm Kokain hat einen Stra\u00dfenwert zwischen 20 und 30 Euro.<\/p>\n<p>Dies h\u00e4ngt davon ab, ob Sie es pro Gramm kaufen k\u00f6nnen oder nicht.<\/p>\n<p>Schlie\u00dflich, wenn man von geschnittenem Koks spricht, handelt es sich um Mitglieder-\u201eMischungen\u201c.<\/p>\n<p><strong>Kokain kaufen wird dann einfach mit Inositol gemischt.<\/strong><\/p>\n","protected":false},"excerpt":{"rendered":"<h2>Kokain | Cola | Benzoylmethylecgonin | Schlag | Knacken<\/h2>\n<p><strong>Kaufen Sie Kokain online und erhalten Sie diskrete Lieferung weltweit\u00a0<\/strong><\/p>\n<p>Kokainpulver online kaufen. Kaufen Sie Kokain, Kokain, Crack-Kokain. Reines wei\u00dfes Pulver ungeschnitten und geschnitten auf Lager erh\u00e4ltlich Verpackung und Versand sind sehr diskret und umgehen alle Zoll- oder Strafverfolgungsbeh\u00f6rden. Kaufen Sie Kokain online, Kokain zum Verkauf, legales Kokain, kaufen Sie Kokain online mit einer Kreditkarte, pulverisiertes Kokain zum Verkauf. Kokainpulver online kaufen<\/p>\n","protected":false},"featured_media":1992,"comment_status":"open","ping_status":"closed","template":"","meta":[],"product_cat":[218],"product_tag":[2243,2270,2250,2268,2269,2248,2249,2247,2246,2312,2257,2311,2262,2286,2287,2284,2285,2283,2282,2259,2296,2289,2290,2260,2261,2258,2295,2263,2264,2265,2293,2303,2291,2292,2294,2288,2298,2297,2299,2302,2301,2300,2304,1765,2305,2318,2315,2316,2317,2308,2271,2273,2272,2252,2281,2251,2278,2253,2254,2255,2256,2275,2277,2279,2276,2280,2274,2266,2267,1809,1795,2310,2314,2313,2309,2319,2320,2245,2244,2242,2099,2307,2306,2328,2323,2324,2325,2326,2322,2321,2327],"class_list":{"0":"post-1763","1":"product","2":"type-product","3":"status-publish","4":"has-post-thumbnail","6":"product_cat-stimulanzien","7":"product_tag-anaesthetikum","8":"product_tag-billiges-crack-kokain-online","9":"product_tag-billiges-crack-kokain-online-kaufen","10":"product_tag-billiges-crack-kokain-zum-verkauf","11":"product_tag-billiges-crack-kokain-zum-verkauf-online","12":"product_tag-billiges-koks-kaufen","13":"product_tag-billiges-koks-online-kaufen","14":"product_tag-bulk-crack-kokain-kaufen","15":"product_tag-bulk-kokain-online-kaufen","16":"product_tag-cocaine-kaufen","17":"product_tag-cola-online-kaufen","18":"product_tag-crack-cocaine-online-bestellen","19":"product_tag-crack-kaufen-kokain-zu-verkaufen","20":"product_tag-crack-kokain-diskrete-verpackung","21":"product_tag-crack-kokain-dosierung-zuerst-zeit","22":"product_tag-crack-kokain-kristall-zum-verkauf","23":"product_tag-crack-kokain-kristalle-zum-verkauf","24":"product_tag-crack-kokain-online-kaufen-grossbritannien","25":"product_tag-crack-kokain-online-kaufen-indien","26":"product_tag-crack-kokain-2021-kaufen","27":"product_tag-crack-kokain-andere-forschung-chemikalien-zum-verkauf","28":"product_tag-crack-kokain-erowid","29":"product_tag-crack-kokain-erowid-dosierung","30":"product_tag-crack-kokain-fuer-den-persoenlichen-gebrauch-kaufen","31":"product_tag-crack-kokain-fuer-den-pflanzlichen-gebrauch-kaufen","32":"product_tag-crack-kokain-kaufen","33":"product_tag-crack-kokain-kilopreis","34":"product_tag-crack-kokain-online-kaufen","35":"product_tag-crack-kokain-online-kaufen-lieferung-am-naechsten-tag","36":"product_tag-crack-kokain-online-kaufen-niederlande","37":"product_tag-crack-kokain-online-zu-verkaufen","38":"product_tag-crack-kokain-reddit","39":"product_tag-crack-kokain-zu-verkaufen","40":"product_tag-crack-kokain-zu-verkaufen-london","41":"product_tag-crack-kokain-zu-verkaufen-mit-lieferung-am-samstag","42":"product_tag-crack-kokain-drogenpreis","43":"product_tag-crack-kokain-pflanzennahrung-zum-verkauf","44":"product_tag-crack-kokain-pillen-zum-verkauf","45":"product_tag-crack-kokain-plugging-dosierung","46":"product_tag-crack-kokain-preis-pro-gramm","47":"product_tag-crack-kokain-preisliste","48":"product_tag-crack-kokain-pulver-zum-verkauf","49":"product_tag-crack-kokain-strassenpreis","50":"product_tag-der-beste-ort","51":"product_tag-dosierung-von-crack-kokain","52":"product_tag-freizeitdroge","53":"product_tag-hochwertiges-cocaine-kaufen","54":"product_tag-hochwertiges-crack-cocaine-kaufen","55":"product_tag-hochwertiges-crack-cocaine-online-kaufen","56":"product_tag-intensives-gluecksgefuehl","57":"product_tag-kokain-anonym","58":"product_tag-kokain-droge-zu-verkaufen","59":"product_tag-kokain-drogenwirkung","60":"product_tag-kokain-fuer-den-persoenlichen-gebrauch-kaufen-verwenden","61":"product_tag-kokain-grosshandel","62":"product_tag-kokain-kaufen","63":"product_tag-kokain-lieferanten","64":"product_tag-kokain-online-kaufen","65":"product_tag-kokain-online-kaufen-belgien","66":"product_tag-kokain-online-kaufen-portugal","67":"product_tag-kokain-online-kaufen-spanien","68":"product_tag-kokain-online-zu-verkaufen","69":"product_tag-kokain-shop","70":"product_tag-kokain-tabletten","71":"product_tag-kokain-verkauf","72":"product_tag-kokain-whe-re-online-kaufen","73":"product_tag-kokain-zu-verkaufen","74":"product_tag-legales-crack-kokain-kaufen","75":"product_tag-legales-crack-kokain-online-kaufen","76":"product_tag-mephedron-badesalze-wo-kaufen","77":"product_tag-mephedron-online-kaufen","78":"product_tag-oder-der-cocaine","79":"product_tag-pure-crack-cocaine-dosierung","80":"product_tag-pures-cocaine","81":"product_tag-realitaetsverlust","82":"product_tag-sexuelle-erregung","83":"product_tag-stimulans","84":"product_tag-um-crack-kokain-zu-kaufen","85":"product_tag-um-kokain-online-zu-kaufen","86":"product_tag-unruhe","87":"product_tag-weisses-pulver-online-bestellen","88":"product_tag-wie-man-crack-kokain-herstellt","89":"product_tag-wie-man-guenstig-kokain-online-kauft","90":"product_tag-wo-crack-kokain-online-kaufen","91":"product_tag-wo-kann-ich-billige-cola-online-kaufen","92":"product_tag-wo-kann-ich-billiges-crack-kokain-online-kaufen","93":"product_tag-wo-kann-ich-cola-fuer-den-persoenlichen-gebrauch-kaufen","94":"product_tag-wo-kann-ich-crack-kokain-online-kaufen","95":"product_tag-wo-kann-ich-crack-kokain-usa-kaufen","96":"product_tag-wo-kann-ich-kokain-kaufen","97":"product_tag-wo-koks-kokain-online-kaufen","99":"first","100":"instock","101":"featured","102":"shipping-taxable","103":"purchasable","104":"product-type-variable","105":"has-default-attributes"},"_links":{"self":[{"href":"https:\/\/www.medsconsulting.com\/de\/wp-json\/wp\/v2\/product\/1763","targetHints":{"allow":["GET"]}}],"collection":[{"href":"https:\/\/www.medsconsulting.com\/de\/wp-json\/wp\/v2\/product"}],"about":[{"href":"https:\/\/www.medsconsulting.com\/de\/wp-json\/wp\/v2\/types\/product"}],"replies":[{"embeddable":true,"href":"https:\/\/www.medsconsulting.com\/de\/wp-json\/wp\/v2\/comments?post=1763"}],"wp:featuredmedia":[{"embeddable":true,"href":"https:\/\/www.medsconsulting.com\/de\/wp-json\/wp\/v2\/media\/1992"}],"wp:attachment":[{"href":"https:\/\/www.medsconsulting.com\/de\/wp-json\/wp\/v2\/media?parent=1763"}],"wp:term":[{"taxonomy":"product_cat","embeddable":true,"href":"https:\/\/www.medsconsulting.com\/de\/wp-json\/wp\/v2\/product_cat?post=1763"},{"taxonomy":"product_tag","embeddable":true,"href":"https:\/\/www.medsconsulting.com\/de\/wp-json\/wp\/v2\/product_tag?post=1763"}],"curies":[{"name":"wp","href":"https:\/\/api.w.org\/{rel}","templated":true}]}}