{"id":1742,"date":"2020-10-25T07:43:45","date_gmt":"2020-10-25T07:43:45","guid":{"rendered":"https:\/\/www.medsconsulting.com\/de\/?post_type=product&#038;p=1742"},"modified":"2026-01-30T11:26:55","modified_gmt":"2026-01-30T11:26:55","slug":"kaufen-sie-ibogain-hcl","status":"publish","type":"product","link":"https:\/\/www.medsconsulting.com\/de\/product\/ibogaine\/kaufen-sie-ibogain-hcl\/","title":{"rendered":"Kaufen Sie Ibogain HCL"},"content":{"rendered":"<h3><b>Ibogain HCL<\/b><\/h3>\n<p><b>Ibogain HCL<\/b>\u00a0ist eine nat\u00fcrlich vorkommende\u00a0<a title=\"Psychoactive drug\" href=\"https:\/\/en.wikipedia.org\/wiki\/Psychoactive_drug\" target=\"_blank\" rel=\"noopener\">psychoaktive Substanz<\/a>\u00a0, die in Pflanzen in der Familie\u00a0<a title=\"Apocynaceae\" href=\"https:\/\/en.wikipedia.org\/wiki\/Apocynaceae\" target=\"_blank\" rel=\"noopener\">Apocynaceae<\/a>\u00a0wie\u00a0<i><a title=\"Tabernanthe iboga\" href=\"https:\/ \/en.wikipedia.org\/wiki\/Tabernanthe_iboga\">Tabernanthe iboga<\/a><\/i>,\u00a0<i><a title=\"Voacanga africana\" href=\"https:\/\/en.wikipedia.org\/wiki\/Voacanga_africana \" target=\"_blank\" rel=\"noopener\">Voacanga africana<\/a><\/i> und\u00a0<i><a title=\"\" href=\"https:\/\/en.wikipedia.org\/wiki\/Tabernaemontana_undulata\" target=\"_blank\" rel=\"noopener\">Tabernaemontana undulata<\/a><\/i >.<sup id=\"cite_ref-Koe2015_3-0\" class=\"reference\"><\/sup>\u00a0Es ist eine\u00a0<a title=\"Psychedelische Droge\" href=\"https:\/\/en.wikipedia.org\/wiki\/Psychedelic_drug \" target=\"_blank\" rel=\"noopener\">psychedelisch<\/a>\u00a0mit\u00a0<a title=\"Dissociative\" href=\"https:\/\/en.wikipedia.org\/wiki\/Dissociative\" target=\"_blank\" rel=\"noopener\">dissoziativen<\/a>\u00a0Eigenschaften. Vorl\u00e4ufige Untersuchungen deuten darauf hin, dass es bei\u00a0<a class=\"mw-redirect\" title=\"Drogensucht\" href=\"https:\/\/en.wikipedia.org\/wiki\/Drug_addiction\" target=\"_blank\" rel=\"noopener\">Drogensucht helfen kann. <\/a>Ibogain zu verkaufen. Kaufen Sie Ibogain HCL online. Ibogain HCL-Pulver. Kaufen Sie Ibogain online.<sup id=\"cite_ref-Koe2015_3-1\" class=\"reference\"><\/sup><\/p>\n<p>Dar\u00fcber hinaus sind seit 2016 viele verschiedene Formen von Ibogain erh\u00e4ltlich, darunter das Wurzelpulver, das extrem geringe Mengen an Ibogain enth\u00e4lt und nur sehr geringe Wirkung hat, wenn es mit der Absicht verwendet wird, Opioid-Entzugssymptome zu lindern; zu hochreinem, 99,7 % reinem Ibogain HCL am anderen Ende des Spektrums. Kaufen Sie Ibogain HCL online<\/p>\n<h3>Ibogain HCL zu verkaufen<\/h3>\n<p>Erstens verwenden wir im <a href=\"https:\/\/www.medsconsulting.com\/de\/product\/ibogaine\/ibogaine-hcl\/\">Ibogain-Behandlungszentrum<\/a> von Meds Consulting 99,7\u00a0% reines Ibogain HCL in pharmazeutischer Qualit\u00e4t. Wir verwenden kein billiges halbsynthetisches Ibogain aus Voacanga africana; TA (Gesamtalkaloid); oder PTA (gereinigtes Gesamtalkaloid)-Extrakte. Ibogain online kaufen.<\/p>\n<p>Unsere Rohstoffe stammen aus Kamerun (nicht aus Gabun) \u00fcber eine Bauerngenossenschaft, die seit Mitte der 1990er Jahre TA Iboga f\u00fcr unseren Gebrauch anbaut und bew\u00e4hrte Verfahren f\u00fcr eine umweltfreundliche, nachhaltige Landwirtschaft anwendet. Wir verwenden keine Schwarz- oder Graumarktmaterialien unbekannter Herkunft oder Reinheit. Kaufen Sie Ibogain HCL online.<\/p>\n<p>Unser Ibogain-Hydrochlorid wurde ausschlie\u00dflich f\u00fcr unseren Gebrauch in einem cGMP-konformen Labor hergestellt, das allen USFDA-Richtlinien entspricht. Das von Meds Consulting verwendete Ibogaine HCL erreicht die h\u00f6chstm\u00f6glichen Reinheitsgrade bei der Verwendung von Naturproduktchemie; Unsere Materialien sind per HPLC-Assay zu 99,7 % rein.<\/p>\n<h3>Psychoaktive Eigenschaften von Ibogain<\/h3>\n<p>Erstens induzieren die psychoaktiven Eigenschaften von Ibogain eine gesteigerte spirituelle Erfahrung. Der Patient erf\u00e4hrt tiefe Einsichten, die ihm Klarheit in sein Leben geben, was ihn dazu motiviert, sich auf psychologischer Ebene zu \u00e4ndern und ein drogenfreies Leben zu f\u00fchren. Ibogaine zu verkaufen.<\/p>\n<p>Studien best\u00e4tigen, dass Ibogain ein betr\u00e4chtliches Potenzial bei der Behandlung von Sucht nach harten Drogen hat, zum Beispiel Heroin, Methadon, Kokain, Crack und Alkohol. Es gibt auch Hinweise darauf, dass es bei der Behandlung von Tabakabh\u00e4ngigkeit n\u00fctzlich ist. Ibogain online kaufen.<\/p>\n<p>Ibogaine bietet auch M\u00f6glichkeiten als Psychotherapie oder spiritueller Lehrer. Auch im Bereich der Psychotherapie kann Ibogain zur Behandlung von Trauma- oder Konditionierungseffekten eingesetzt werden. Ibogaine zu verkaufen.<\/p>\n<h3>Therapie sicher und wirksam?<\/h3>\n<p>Menschen suchen manchmal nach Ibogain zum Verkauf in der Hoffnung, sich einer Ibogain-Therapie zur Behandlung einer Opiatabh\u00e4ngigkeit zu unterziehen. Aber wie jedes Behandlungsprogramm bietet die Ibogain-Therapie keine Garantien. Bestes Ibogain-HCL-Pulver<\/p>\n<p>Dar\u00fcber hinaus kann die Ibogain-HCL-Therapie einer Person helfen, eine Opiatabh\u00e4ngigkeit zu \u00fcberwinden. Ibogaine zu verkaufen.<\/p>\n<p>Au\u00dferdem hilft Ibogain dabei, die chemischen Spiegel im Gehirn wiederherzustellen, aber es dauert normalerweise nicht lange, bis das Gehirn physisch von Ibogain abh\u00e4ngig wird. Wenn also eine Person zu viel Ibogain auf einmal einnimmt, kann sie eine t\u00f6dliche \u00dcberdosis erleiden. Ibogain online kaufen.<\/p>\n<p>Ibogain ist nicht gleich Ibogain. Unterschiedliche Materialien k\u00f6nnen deutlich unterschiedliche Wirkungen haben. Das Ibogain, das wir bei Meds Consulting verwenden, ist identisch mit den Materialien, die in allen Monographien verwendet wurden, die bisher in von Experten begutachteten Zeitschriften ver\u00f6ffentlicht wurden, was die mutma\u00dfliche F\u00e4higkeit von Ibogain zeigt, Entzugserscheinungen von Polysubstanzmissbrauchsst\u00f6rungen abzuschw\u00e4chen. Ibogain online kaufen.<\/p>\n<p>Wir bieten das sicherste und effektivste Ibogain-Entgiftungsprogramm der Welt und verabreichen das hochwertigste Ibogain-Hydrochlorid, das es auf dem Planeten Erde gibt. Ibogain HCL-Pulver.<\/p>\n","protected":false},"excerpt":{"rendered":"<p>Ibogain-HCL (Hydrochlorid) wird aus unserem Iboga-TA-Extrakt isoliert und ist zu ~95-99 % reines Ibogain-HCL.<\/p>\n","protected":false},"featured_media":1999,"comment_status":"open","ping_status":"closed","template":"","meta":[],"product_cat":[247],"product_tag":[2408,2411,2412,2410,2416,2409,2378,2413,2381,2415,2380,2414,2379,2383,2384,2385,2433,2419,2423,2431,2418,2430,2429,2421,2420,2422,2382,2424,2425,2427,2417,2428,2426,2405,2387,2390,2389,2391,2388,2392,2386,2393,2394,2395,2398,2399,2396,2397,2400,2401,2402,2403,2404,2432,2434,2406,2407,2437,2435,2438,2436],"class_list":{"0":"post-1742","1":"product","2":"type-product","3":"status-publish","4":"has-post-thumbnail","6":"product_cat-ibogaine","7":"product_tag-iboga-gegen-sucht","8":"product_tag-iboga-hcl-zum-verkauf","9":"product_tag-iboga-online-e-shop","10":"product_tag-iboga-online-zum-verkauf","11":"product_tag-iboga-ta-zum-verkauf","12":"product_tag-iboga-zum-verkauf","13":"product_tag-iboga-kapseln-online-ohne-rezept-kaufen-wo-iboga-ta-online-kaufen","14":"product_tag-iboga-pflanze-zum-verkauf","15":"product_tag-iboga-samen-online-kaufen","16":"product_tag-iboga-samen-zum-verkauf","17":"product_tag-iboga-wurzel-wieder-online-kaufen","18":"product_tag-iboga-wurzelrinde-zum-verkauf","19":"product_tag-iboga-wurzelrueckenspaene-online-kaufen","20":"product_tag-ibogain-gegen-sucht-online-kaufen","21":"product_tag-ibogain-hcl-online-kaufen","22":"product_tag-ibogain-kaufen-online","23":"product_tag-ibogain-online-zu-bestellen","24":"product_tag-ibogain-online-zum-verkauf","25":"product_tag-ibogain-online-apotheke","26":"product_tag-ibogain-wo-kann-i-holen-sie-es-sich","27":"product_tag-ibogain-zum-verkauf","28":"product_tag-ibogain-behandlungskosten","29":"product_tag-ibogain-behandlungszentrum","30":"product_tag-ibogain-hcl-online-zum-verkauf","31":"product_tag-ibogain-hcl-dosierung","32":"product_tag-ibogain-hydrochlorid-fuer-verkauf","33":"product_tag-ibogain-kapseln-online-kaufen","34":"product_tag-ibogain-pillen-zum-online-verkauf","35":"product_tag-ibogain-pulver-zum-online-verkauf","36":"product_tag-ibogain-samen-zum-verkauf","37":"product_tag-ibogain-suchtbehandlung","38":"product_tag-ibogain-ta-zum-verkauf-online-ohne-rezept","39":"product_tag-ibogain-wurzelrinde-zum-verkauf-online","40":"product_tag-ibogaine-kaufen-zu-rauchen","41":"product_tag-ibogaine-online-kaufen-brasilien","42":"product_tag-ibogaine-online-kaufen-deutschland","43":"product_tag-ibogaine-online-kaufen-frankreich","44":"product_tag-ibogaine-online-kaufen-italien","45":"product_tag-ibogaine-online-kaufen-kanada","46":"product_tag-ibogaine-online-kaufen-niederlande","47":"product_tag-ibogaine-online-kaufen-oesterreich","48":"product_tag-ibogaine-online-kaufen-polen","49":"product_tag-ibogaine-online-kaufen-portugal","50":"product_tag-ibogaine-online-kaufen-russland","51":"product_tag-ibogaine-online-kaufen-schweden","52":"product_tag-ibogaine-online-kaufen-schweiz","53":"product_tag-ibogaine-online-kaufen-slowakei","54":"product_tag-ibogaine-online-kaufen-spanien","55":"product_tag-ibogaine-online-kaufen-uk","56":"product_tag-ibogaine-online-kaufen-usa","57":"product_tag-ibogaine-online-ohne-rezept-kaufen","58":"product_tag-ibogaine-pillen-online-kaufen","59":"product_tag-ibogaine-ta-online-kaufen","60":"product_tag-ist-es-sicher","61":"product_tag-verwendung-von-ibogain","62":"product_tag-wie-man-ibogain-online-bekommt","63":"product_tag-wie-man-ibogain-online-bestellt","64":"product_tag-wo-bekommt-man-ibogain-online","65":"product_tag-wo-kann-man-ibogain-hcl-kaufen","66":"product_tag-wo-kann-man-ibogain-hcl-online-bestellen","67":"product_tag-wo-kann-man-ibogain-online-ohne-rezept-kaufen","69":"first","70":"instock","71":"featured","72":"shipping-taxable","73":"purchasable","74":"product-type-variable","75":"has-default-attributes"},"_links":{"self":[{"href":"https:\/\/www.medsconsulting.com\/de\/wp-json\/wp\/v2\/product\/1742","targetHints":{"allow":["GET"]}}],"collection":[{"href":"https:\/\/www.medsconsulting.com\/de\/wp-json\/wp\/v2\/product"}],"about":[{"href":"https:\/\/www.medsconsulting.com\/de\/wp-json\/wp\/v2\/types\/product"}],"replies":[{"embeddable":true,"href":"https:\/\/www.medsconsulting.com\/de\/wp-json\/wp\/v2\/comments?post=1742"}],"wp:featuredmedia":[{"embeddable":true,"href":"https:\/\/www.medsconsulting.com\/de\/wp-json\/wp\/v2\/media\/1999"}],"wp:attachment":[{"href":"https:\/\/www.medsconsulting.com\/de\/wp-json\/wp\/v2\/media?parent=1742"}],"wp:term":[{"taxonomy":"product_cat","embeddable":true,"href":"https:\/\/www.medsconsulting.com\/de\/wp-json\/wp\/v2\/product_cat?post=1742"},{"taxonomy":"product_tag","embeddable":true,"href":"https:\/\/www.medsconsulting.com\/de\/wp-json\/wp\/v2\/product_tag?post=1742"}],"curies":[{"name":"wp","href":"https:\/\/api.w.org\/{rel}","templated":true}]}}