{"id":1736,"date":"2020-10-25T07:39:00","date_gmt":"2020-10-25T07:39:00","guid":{"rendered":"https:\/\/www.medsconsulting.com\/de\/?post_type=product&#038;p=1736"},"modified":"2024-03-14T09:34:04","modified_gmt":"2024-03-14T09:34:04","slug":"kaufen-sie-oxycontin","status":"publish","type":"product","link":"https:\/\/www.medsconsulting.com\/de\/product\/schmerz-linderung\/kaufen-sie-oxycontin\/","title":{"rendered":"Kaufen Sie OxyContin"},"content":{"rendered":"<h2>Oxycontin online kaufen<\/h2>\n<p>Kaufen Sie <a href=\"https:\/\/www.medsconsulting.com\/de\/product\/pain-relief\/oxycontin\/\">OxyContin<\/a> opioide Schmerzmittel. Sie sollten OxyContin nicht anwenden, wenn Sie unter schwerem Asthma oder Atemproblemen oder einer Magen- oder Darmverstopfung leiden. Geben Sie also HIER Ihre Bestellung auf und kaufen Sie Oxycontin g\u00fcnstig online mit diskreter Lieferung \u00fcber Nacht. &#8211; Der beste Ort, um g\u00fcnstig online zu kaufen<\/p>\n<h2>VERWENDUNG VON OXYCONTIN<\/h2>\n<p>Kaufen Sie OxyContin 10 mg online. Oxycontin wird grunds\u00e4tzlich zur Behandlung leichter bis schwerer akuter oder chronischer Schmerzen eingesetzt.<\/p>\n<p>Erstens muss es den Lebensstil f\u00fcr diejenigen verbessern, die an vielen Arten von Schmerzen leiden. Es hilft auch Patienten mit m\u00e4\u00dfigen bis starken Krebsschmerzen.<\/p>\n<p>Dar\u00fcber hinaus ist die Form mit kontrollierter Freisetzung eine Alternative zu Morphin und die Erstlinienbehandlung von Krebsschmerzen.<\/p>\n<p>Oxycontin neigt auch dazu, bei Gelegenheitskonsumenten ein Gef\u00fchl der Entspannung und verminderter Angst hervorzurufen.<\/p>\n<p>Dies macht es zu einer der am h\u00e4ufigsten missbrauchten Drogen in den Vereinigten Staaten von Amerika. F\u00fchlen Sie sich sicherer, es ohne Rezept zu kaufen.<\/p>\n<h2>Nebenwirkungen von Oxycontin<\/h2>\n<p>Bevor Sie mit der Einnahme dieses Medikaments beginnen, fragen Sie Ihren Arzt oder Apotheker, ob Sie Ihre anderen\u00a0<a href=\"https:\/\/en.wikipedia.org\/wiki\/Opioid\" target=\"_blank\" rel=\"noopener\">Opioid-Medikamente<\/a>( s).<\/p>\n<p>Andere Schmerzmittel (wie Ibuprofen) k\u00f6nnen ebenfalls verschrieben werden. Fragen Sie Ihren Arzt oder Apotheker nach der sicheren Anwendung von Oxycodon mit anderen Arzneimitteln.<\/p>\n<p><strong>Es verursacht:<\/strong><\/p>\n<ul>\n<li>Verstopfung<\/li>\n<li>\u00dcbelkeit<\/li>\n<li>Erbrechen<\/li>\n<li>Schwindel<\/li>\n<li>Juckreiz<\/li>\n<li>Mundtrockenheit<\/li>\n<\/ul>\n<p><strong>Weniger h\u00e4ufige Nebenwirkungen<\/strong> sind Appetitlosigkeit, Nervosit\u00e4t, Bauchschmerzen, Durchfall, Harnverhalt, Atemnot und Schluckauf.<\/p>\n<p>Der beste Ort, um Oxycontin g\u00fcnstig online zu kaufen &#8211; ohne Rezept &#8211; Oxycontin10Mg zum Verkauf<br \/>\nMeds Consulting ist einfach der beste Ort, um Oxycontin online ohne Rezept sicher und gesch\u00fctzt zu kaufen.<\/p>\n<p>Die Produkte sind von bester Qualit\u00e4t aus von der FDA zugelassenen Einrichtungen. Die Verpackung ist sicher und der Versand erfolgt 100 % diskret.<\/p>\n<p>Wir bieten die schnellste Lieferung aller Zeiten aus den USA in alle Teile der Welt. Wir versenden vorerst mit verschiedenen Diensten wie DHL, FedEx, UPS und TNT. F\u00fchlen Sie sich sicherer denn je, wenn Sie hier Ihre Bestellung aufgeben.<\/p>\n","protected":false},"excerpt":{"rendered":"<p>Verf\u00fcgbare Dosierungen: 20 mg, 40 mg, 60 mg und 80 mg OC-Tabletten<br \/>\nAufdrucke: \u201eOC 20\u201c, \u201eOC 40\u201c, \u201eOC 60\u201c &amp; \u201eOC80\u201c<br \/>\nForm\/Farbe: Runde rosa\/gelbe\/gr\u00fcne\/graue\/wei\u00dfe Pillen<br \/>\nHersteller: Purdue Pharma LP.<\/p>\n","protected":false},"featured_media":10311,"comment_status":"open","ping_status":"closed","template":"","meta":[],"product_cat":[242],"product_tag":[2440,2441,1765,2449,2451,2452,2453,2454,2455,2456,2457,2458,2450,2442,2465,249,2444,2466,2447,2481,2446,2443,2475,2467,646,2448,2459,2469,2460,2480,2470,2445,2461,2462,2473,2471,2472,2476,2477,2478,2474,2479,2468,2483,2482,2439,2463,2464,2484,2485,2487,2486,2488],"class_list":{"0":"post-1736","1":"product","2":"type-product","3":"status-publish","4":"has-post-thumbnail","6":"product_brand-pain-relief","7":"product_cat-schmerz-linderung","8":"product_tag-billiges-oxycontin-online-kaufen-vereinigte-arabische-emirate","9":"product_tag-billiges-oxycontin-tablet-online-kaufen","10":"product_tag-der-beste-ort","11":"product_tag-kaufen-sie-oxycontin-online-californa","12":"product_tag-kaufen-sie-oxycontin-online-daenemark","13":"product_tag-kaufen-sie-oxycontin-online-deutschland","14":"product_tag-kaufen-sie-oxycontin-online-huwaii","15":"product_tag-kaufen-sie-oxycontin-online-indien","16":"product_tag-kaufen-sie-oxycontin-online-niederlande","17":"product_tag-kaufen-sie-oxycontin-online-norwegen","18":"product_tag-kaufen-sie-oxycontin-online-polen","19":"product_tag-kaufen-sie-oxycontin-online-portugal","20":"product_tag-kaufen-sie-oxycontin-online-tschechisch","21":"product_tag-legitimes-oxycontin-online-kaufen","22":"product_tag-legitimes-oxycontin-zum-verkauf-online","23":"product_tag-opioid","24":"product_tag-oxycontin-30mg-kaufen","25":"product_tag-oxycontin-bestellen","26":"product_tag-oxycontin-fuer-den-fabrikgebrauch-kaufen","27":"product_tag-oxycontin-grosshandel","28":"product_tag-oxycontin-guenstig-online-kaufen","29":"product_tag-oxycontin-kaufen","30":"product_tag-oxycontin-lieferanten","31":"product_tag-oxycontin-medikament-fuer-verkauf","32":"product_tag-oxycontin-online","33":"product_tag-oxycontin-online-kaufen","34":"product_tag-oxycontin-online-kaufen-russland","35":"product_tag-oxycontin-online-kaufen-schweden","36":"product_tag-oxycontin-online-kaufen-usa","37":"product_tag-oxycontin-online-zu-kaufen","38":"product_tag-oxycontin-online-shop","39":"product_tag-oxycontin-oesterreich-kaufen","40":"product_tag-oxycontin-pillen-online-kaufen-spanien","41":"product_tag-oxycontin-pillen-uk-kaufen","42":"product_tag-oxycontin-pillen-wo-kaufen","43":"product_tag-oxycontin-pillen-zum-verkauf","44":"product_tag-oxycontin-pillen-zum-verkauf-online-cana-da","45":"product_tag-oxycontin-tablette-online-kaufen","46":"product_tag-oxycontin-tabletten","47":"product_tag-oxycontin-tabletten-zu-verkaufen","48":"product_tag-oxycontin-verkauf","49":"product_tag-oxycontin-zu-kaufen","50":"product_tag-oxycontin-zum-verkauf","51":"product_tag-qualitaet-oxycontin-zu-verkaufen","52":"product_tag-reines-oxycontin-online","53":"product_tag-um-oxycontin-online-zu-kaufen","54":"product_tag-wie-man-billig-oxycontin-online-kauft","55":"product_tag-wie-man-oxycontin-tablette-online-kauft","56":"product_tag-wo-kann-ich-kaufe-oxycontin-tablette","57":"product_tag-wo-kann-man-oxycontin-tablette-online-kaufen-frankreich","58":"product_tag-wo-oxycontin-fuer-den-persoenlichen-gebrauch-kaufen-italien","59":"product_tag-wo-oxycontin-kaufen","60":"product_tag-wo-oxycontin-online-kaufen-usa","62":"first","63":"instock","64":"shipping-taxable","65":"purchasable","66":"product-type-variable","67":"has-default-attributes"},"_links":{"self":[{"href":"https:\/\/www.medsconsulting.com\/de\/wp-json\/wp\/v2\/product\/1736","targetHints":{"allow":["GET"]}}],"collection":[{"href":"https:\/\/www.medsconsulting.com\/de\/wp-json\/wp\/v2\/product"}],"about":[{"href":"https:\/\/www.medsconsulting.com\/de\/wp-json\/wp\/v2\/types\/product"}],"replies":[{"embeddable":true,"href":"https:\/\/www.medsconsulting.com\/de\/wp-json\/wp\/v2\/comments?post=1736"}],"wp:featuredmedia":[{"embeddable":true,"href":"https:\/\/www.medsconsulting.com\/de\/wp-json\/wp\/v2\/media\/10311"}],"wp:attachment":[{"href":"https:\/\/www.medsconsulting.com\/de\/wp-json\/wp\/v2\/media?parent=1736"}],"wp:term":[{"taxonomy":"product_cat","embeddable":true,"href":"https:\/\/www.medsconsulting.com\/de\/wp-json\/wp\/v2\/product_cat?post=1736"},{"taxonomy":"product_tag","embeddable":true,"href":"https:\/\/www.medsconsulting.com\/de\/wp-json\/wp\/v2\/product_tag?post=1736"}],"curies":[{"name":"wp","href":"https:\/\/api.w.org\/{rel}","templated":true}]}}