{"id":1712,"date":"2020-10-25T07:22:11","date_gmt":"2020-10-25T07:22:11","guid":{"rendered":"https:\/\/www.medsconsulting.com\/de\/?post_type=product&#038;p=1712"},"modified":"2023-05-29T21:28:36","modified_gmt":"2023-05-29T21:28:36","slug":"oxycodonhydrochlorid-kaufen","status":"publish","type":"product","link":"https:\/\/www.medsconsulting.com\/de\/product\/schmerz-linderung\/oxycodonhydrochlorid-kaufen\/","title":{"rendered":"Oxycodonhydrochlorid kaufen"},"content":{"rendered":"<h1>Oxycodonhydrochlorid kaufen<\/h1>\n<p>Oxycodonhydrochlorid kaufen. Oxycodonhydrochlorid (Oxycodonhydrochlorid-Tabletten USP) ist ein\u00a0<a href=\"https:\/\/www.euthanasiagroup.com\/de\/produkte\/\" target=\"_blank\" rel=\"noopener\">Opioid<\/a>-Analgetikum.\u00a0Jede Tablette zur oralen Verabreichung enth\u00e4lt 5 mg, 15 mg oder 30 mg Oxycodonhydrochlorid USP.<\/p>\n<p>Oxycodonhydrochlorid ist ein wei\u00dfes, geruchloses, kristallines Pulver, das aus dem Opiumalkaloid Thebain gewonnen wird. <a href=\"https:\/\/www.medsconsulting.com\/de\/product\/schmerz-linderung\/kaufen-sie-oxycontin\/\">Oxycodonhydrochlorid<\/a> l\u00f6st sich in Wasser (1 g in 6 bis 7 ml) und gilt als leicht l\u00f6slich in Alkohol (Octanol-Wasser-Verteilungskoeffizient betr\u00e4gt 0,7).<\/p>\n<h2>Kaufen Oxycodonhydrochlorid<\/h2>\n<p>Chemisch gesehen ist Oxycodonhydrochlorid 4,5\u03b1-Epoxy-14-hydroxy-3-methoxy-17methylmorphinan-6-onhydrochlorid und hat die folgende Strukturformel:<\/p>\n<p>&nbsp;<\/p>\n<table class=\"blackpic\" width=\"281\">\n<tbody>\n<tr>\n<td><img decoding=\"async\" src=\"https:\/\/i0.wp.com\/images.rxlist.com\/images\/rxlist\/oxyco1.gif?resize=281%2C193&amp;ssl=1\" alt=\"ROXICODONE (Oxycodonhydrochlorid) Darstellung der Strukturformel\u201c width=\" height=\"193\" data-recalc-dims=\"1\" \/><\/td>\n<\/tr>\n<\/tbody>\n<\/table>\n<p>Die 5 mg Roxicodon (Oxycodonhydrochlorid)-Tablette enth\u00e4lt folgende Hilfsstoffe: mikrokristalline Zellulose und Stearins\u00e4ure. Die 15- und 30-mg-Tabletten enthalten die folgenden Hilfsstoffe: mikrokristalline Zellulose; Natriumst\u00e4rkeglykolat; Maisst\u00e4rke; Laktose; Stearins\u00e4ure; D&amp;C Gelb Nr. 10 (15 mg Tablette); und FD&amp;C Blue Nr. 2 (15 mg und 30 mg Tabletten).<\/p>\n<p>Die 5-mg-, 15-mg- und 30-mg-Tabletten enthalten das \u00c4quivalent von 4,6 mg, 13,5 mg bzw. 27,0 mg Oxycodon als freie Base.<\/p>\n","protected":false},"excerpt":{"rendered":"<p>Inhaltsstoffe: Oxycodonhydrochlorid<\/p>\n<p>Hergestellt von\u00a0<em>Zydus<\/em>\u00a0Pharmaceuticals<\/p>\n<p>Inhalt: 100 Tabs \/ jeder Tab 20 mg<\/p>\n","protected":false},"featured_media":1732,"comment_status":"open","ping_status":"closed","template":"","meta":[],"product_cat":[242],"product_tag":[3275,3273,3274],"class_list":{"0":"post-1712","1":"product","2":"type-product","3":"status-publish","4":"has-post-thumbnail","6":"product_brand-pain-relief","7":"product_cat-schmerz-linderung","8":"product_tag-kaufen-sie-oxycodonhydrochlorid-in-der-schweiz","9":"product_tag-kaufen-sie-oxycodonhydrochlorid-in-deutschland","10":"product_tag-kaufen-sie-oxycodonhydrochlorid-in-oesterreich","12":"first","13":"instock","14":"shipping-taxable","15":"purchasable","16":"product-type-variable","17":"has-default-attributes"},"_links":{"self":[{"href":"https:\/\/www.medsconsulting.com\/de\/wp-json\/wp\/v2\/product\/1712","targetHints":{"allow":["GET"]}}],"collection":[{"href":"https:\/\/www.medsconsulting.com\/de\/wp-json\/wp\/v2\/product"}],"about":[{"href":"https:\/\/www.medsconsulting.com\/de\/wp-json\/wp\/v2\/types\/product"}],"replies":[{"embeddable":true,"href":"https:\/\/www.medsconsulting.com\/de\/wp-json\/wp\/v2\/comments?post=1712"}],"wp:featuredmedia":[{"embeddable":true,"href":"https:\/\/www.medsconsulting.com\/de\/wp-json\/wp\/v2\/media\/1732"}],"wp:attachment":[{"href":"https:\/\/www.medsconsulting.com\/de\/wp-json\/wp\/v2\/media?parent=1712"}],"wp:term":[{"taxonomy":"product_cat","embeddable":true,"href":"https:\/\/www.medsconsulting.com\/de\/wp-json\/wp\/v2\/product_cat?post=1712"},{"taxonomy":"product_tag","embeddable":true,"href":"https:\/\/www.medsconsulting.com\/de\/wp-json\/wp\/v2\/product_tag?post=1712"}],"curies":[{"name":"wp","href":"https:\/\/api.w.org\/{rel}","templated":true}]}}