{"id":1709,"date":"2020-10-25T07:15:31","date_gmt":"2020-10-25T07:15:31","guid":{"rendered":"https:\/\/www.medsconsulting.com\/de\/?post_type=product&#038;p=1709"},"modified":"2022-11-15T15:32:25","modified_gmt":"2022-11-15T15:32:25","slug":"iboga-wurzelrinde","status":"publish","type":"product","link":"https:\/\/www.medsconsulting.com\/de\/product\/ibogaine\/iboga-wurzelrinde\/","title":{"rendered":"Iboga-Wurzelrinde"},"content":{"rendered":"<h3>Ibogaineine-Wurzelrinde<\/h3>\n<p>In der afrikanischen\u00a0<a title=\"Traditional Medicine\" href=\"https:\/\/en.wikipedia.org\/wiki\/Traditional_medicine\" target=\"_blank\" rel=\"noopener\">traditionellen Medizin<\/a>\u00a0und\u00a0<a title=\"Ritual\" href=\"https:\/\/en .wikipedia.org\/wiki\/Ritual\" target=\"_blank\" rel=\"noopener\">Rituale<\/a> wird das Kauen der gelben Wurzel oder Rinde verwendet, um\u00a0<a title=\"Halluzination\" href=\"https:\/\/en.wikipedia.org\/wiki\/ Halluzination\" target=\"_blank\" rel=\"noopener\">Halluzinationen<\/a> und Nahtodfolgen, mit einigen Todesf\u00e4llen. Kaufen Sie Ibogainein online. Kaufen Sie Ibogaineine-Wurzelrinde. Ibogaineine-Wurzelrinde zum Verkauf online. Tabernanthe Ibogaine zu verkaufen. Ibogainein zu verkaufen.<\/p>\n<p>Der Legende nach entdeckten die Waldmenschen (Pygm\u00e4en) sie zuerst durch Beobachtungen von Tieren wie Wildschweinen, Stachelschweinen und Gorillas, die die Wurzel verzehrten. Kaufen Sie Ibogaineine-Wurzelrinde. Ibogainein zu verkaufen.<\/p>\n<p>Der Zweck dieser Einweihung ist es, dass Menschen die Geisterwelt besuchen und mit den Vorfahren kommunizieren, w\u00e4hrend sie nach F\u00fchrung f\u00fcr ihr Leben suchen. Ibogaine ist kein Genusstrip. Es fehlt jeglicher Freizeitreiz und es ist nicht einmal berauschend im normalen Sinne. Vergn\u00fcgungs- oder Nervenkitzelsuchende suchen woanders. Es hat jedoch die F\u00e4higkeit, zutiefst reinigend und therapeutisch zu sein, wenn es mit Sorgfalt und Respekt verwendet wird. Ibogain-Wurzelrinde. Ibogainein zu verkaufen.<\/p>\n<h3>Ibogain-Wurzelrinde, warum den Sprung wagen?<\/h3>\n<p>Der Westen kennt Ibogaine f\u00fcr Ibogaineine und seine suchtunterbrechende Wirkung. In Afrika bezeichnet man Ibogaine als Meisterheiler und wird schon l\u00e4nger als Medizin und spirituelles Sakrament verwendet. Ibogain ist nicht nur wirksam, um Abh\u00e4ngigkeiten zu brechen, sondern auch ein starker Verb\u00fcndeter, um destruktive Gewohnheiten und Verhaltensmuster zu brechen.<\/p>\n<p>Sich auf eine Ibogaine-Reise zu wagen, ist eine pers\u00f6nliche und therapeutische Erfahrung, die Sie mit Ihrer Vergangenheit und Elementen Ihres Schattens konfrontieren wird. F\u00fcr viele nimmt Ibogaine die Form eines Lehrers an &#8230; es ist direkt, aber nicht aufdringlich, sowohl kraftvoll als auch sanft, mit einer sanften Ber\u00fchrung, w\u00e4hrend es direkt auf den Punkt kommt.<\/p>\n<p>Unter dem Einfluss von Ibogaine sieht sich der Benutzer in einem distanzierten Zustand. Man ist in der Lage, ihr Leben ohne die volle emotionale Intensit\u00e4t und Anhaftung zu betrachten, die solche Erfahrungen mit sich bringen k\u00f6nnen. Kaufen Sie Ibogaine online.<\/p>\n<p>Ibogain bietet eine vollst\u00e4ndige Defragmentierung des Gehirns und gleichzeitig eine gr\u00fcndliche Entgiftung. Es ist eine facettenreiche Pflanze, die k\u00f6rperlich, geistig und spirituell reinigt und erdet. Viele Menschen betrachten Ibogaine als eine tiefgreifende M\u00f6glichkeit, den Reset-Knopf im Leben zu dr\u00fccken und einen Neuanfang zu erm\u00f6glichen, um Ver\u00e4nderungen herbeizuf\u00fchren. Nach der Einnahme von Ibogaine ist es einfacher, sich in eine andere Richtung zu bewegen und neue heilende Lebensperspektiven zu gewinnen. Ibogainein zu verkaufen.<\/p>\n<h3>Vorbereitung<\/h3>\n<p>Ibogain ist in Kombination mit vielen Substanzen gef\u00e4hrlich, daher ist es SEHR wichtig, 24 Stunden vor der Erfahrung auf alle Substanzen, einschlie\u00dflich Koffein, zu verzichten. Die Kombination mit SSRI-Antidepressiva k\u00f6nnte t\u00f6dlich sein, und es ist wichtig, dass Sie diese mindestens 8 Wochen vor der Einnahme von Ibogain abgesetzt haben, da diese Medikamente eine lange Halbwertszeit im K\u00f6rper haben.<\/p>\n<p>Ibogain kann den Herzrhythmus beeinflussen, daher sollte jeder mit Herzanomalien vorsichtig vorgehen und einen Arzt konsultieren oder ganz vermeiden. Menschen mit eingeschr\u00e4nkter Leberfunktion sollten mit Vorsicht vorgehen oder Ibogain ganz vermeiden. Ibogain-Wurzelrinde. Ibogainein zu verkaufen.<\/p>\n<h3>Ibogain-Wurzelrinde zum Verkauf<\/h3>\n<p>Bereiten Sie Ihren Raum so vor, dass er sauber und komfortabel ist. Leichte und laute Ger\u00e4usche werden in einer Ibogaine-Trance aufdringlich sein. Halten Sie einen Eimer in Reichweite vom Bett, da eine Entleerung m\u00f6glich ist. Die Erfahrung ist nicht im Entferntesten gesellig und zutiefst pers\u00f6nlich und innerlich, wobei die Visionen hinter geschlossenen Augenlidern stattfinden und das Ibogain einen wachen Traumzustand hervorruft. Ibogaine-Wurzelrinde zu verkaufen.<\/p>\n<p>Daher ist es vielleicht am besten, am Vorabend mit der \u00dcberschwemmung zu beginnen und den vision\u00e4ren Teil nachts zu erleben. Kerzenlicht beruhigt. Einige Leute bevorzugen Stille, aber Aufnahmen von Bwiti m\u2019congo-Harfenmusik werden empfohlen, sie ist ein wichtiger Bestandteil der Rituale in Afrika und kann bei der durch Ibogain erleichterten Defragmentierung des Gehirns helfen. Kaufen Sie Ibogainein online.<\/p>\n<p>Halten Sie Wasser bereit, Essen ist nicht notwendig und Sie werden sich wahrscheinlich erst nach der Erfahrung daf\u00fcr interessieren. Ibogain-Wurzelrinde zum Verkauf online. Kaufen Sie Tabernanthe Ibogaine.<\/p>\n<p>Es ist gut, am Tag leicht zu essen und 8 Stunden vor der Flut zu fasten. Sobald Sie anfangen, Ibogaine zu konsumieren, werden Sie bald Ihren Hunger oder Ihr Interesse an Essen verlieren. Man sollte den ganzen Tag \u00fcber Wasser trinken, und ein frischer Gem\u00fcsesaft ist in Ordnung. H\u00f6ren Sie einige Stunden vor dem Erlebnis auf zu trinken. Ibogain-Wurzelrinde.<\/p>\n<h3>Die Folgen<\/h3>\n<p>Ibogaineine bewirkt eine langfristige Erh\u00f6hung der Expression eines Proteins namens Gliazelllinien-abgeleiteter neurotropher Faktor (GDNF), ein neuroprotektives Mittel, das auch das Keimen von Neuronen induziert. Kaufen Sie Tabernanthe Ibogaine.<\/p>\n<p>Dieser Aspekt der Langzeitwirkung macht Ibogaine einzigartig. Daher wird die Einnahme anderer Medikamente in den Monaten nach der Erfahrung diesen Prozess st\u00f6ren. Cannabis kann hiervon eine Ausnahme bilden und wird seit langem in Verbindung mit Ibogain in Zentralafrika verwendet. Alkohol ist unbedenklich, verringert jedoch die heilende Wirkung von Ibogain. Einige Menschen haben in den Monaten danach Ayahuasca und Kambo verwendet und von positiven synergistischen Heilwirkungen berichtet. Kaufen Sie Ibogainein online.<\/p>\n<p>Nach der Erfahrung werden gesunde Ern\u00e4hrung, regelm\u00e4\u00dfige Bewegung, Sonneneinstrahlung und Natur die Heilung verst\u00e4rken und unterst\u00fctzen und helfen, einen zu erden. Manche Menschen k\u00f6nnen sich in den Tagen nach einer Flut ziemlich leer f\u00fchlen, aber das ist normal, da Verhaltensmuster und W\u00fcnsche ausgel\u00f6scht wurden, aber dies ist eine vor\u00fcbergehende Phase, und es kann einige Tage dauern, bis sie nach einer Ibogain-Erfahrung wirklich in die H\u00f6he schnellen. Ibogain-Wurzelrinde zum Verkauf online.<\/p>\n<p>Wenn Menschen Ibogain verwenden, um Sucht zu behandeln oder negative Verhaltensmuster zu \u00e4ndern, ist es sehr wichtig, vor der Erfahrung eine Lebensver\u00e4nderung vorzunehmen, da dies Ihnen hilft, mehr aus der Erfahrung zu machen, und es einfacher macht, auf einem neuen Weg zu bleiben Sitzung. Ibogaine ist kein Allheilmittel oder Wundermittel, es kann Ihnen nur die T\u00fcr zeigen, und es liegt an Ihnen, hindurchzugehen. Kaufen Sie Ibogainein online.<\/p>\n<h3>Mikrodosierung<\/h3>\n<p>Die Mikrodosierung mit Ibogain kann eine weitere effektive Art der Arbeit mit Ibogain sein und ist eine sichere und kontrollierte Art der Verwendung der Pflanze, die sich leicht in den Alltag integrieren l\u00e4sst. Dies wird jedem empfohlen, der eine Flutdosis Ibogain einnehmen m\u00f6chte, um ein Gef\u00fchl f\u00fcr die Pflanze zu bekommen und auf den \u00e4u\u00dferst unwahrscheinlichen Fall einer allergischen Reaktion zu testen. Tabernanthe Ibogaine. Ibogaine-Wurzel zur\u00fcck zu verkaufen.<\/p>\n<p>Wenn Sie Wurzelrinde verzehren, ist es gut, zuerst eine kleine Prise der Pflanze zu probieren, damit Sie die Pflanze mit allen Sinnen sp\u00fcren k\u00f6nnen. 500 mg Wurzelrinde k\u00f6nnen alle vier Tage als Anti-Sucht- und Antidepressivum eingenommen werden (leere \u201e00\u201c-Kapseln eignen sich daf\u00fcr gut). Kaufen Sie Ibogain-Wurzelrinde online.<\/p>\n<p>Gesamtalkaloid (TA)-Extrakt kann in Tinkturform sublingual verwendet werden, was eine hocheffiziente Art der Verwendung ist, da es direkt in den Blutkreislauf aufgenommen wird. Unabh\u00e4ngig davon, in welcher Form Tabernanthe Ibogaine verwendet wird, ist es wichtig, eine positive Best\u00e4tigung abzugeben, da diese Absicht die Heilung des Ibogaine dorthin lenkt, wo sie ben\u00f6tigt wird. Kaufen Sie Ibogain-Wurzelrinde.<\/p>\n<h3>\u00dcberschwemmung<\/h3>\n<p>F\u00fcr \u00dcberschwemmungen w\u00fcrde ich die Verwendung von TA-Extrakt empfehlen. Es hat alle Vorteile der Erfahrung der \u201eganzen Pflanze\u201c, da es das gesamte Spektrum an Alkaloiden enth\u00e4lt, aber es ist viel einfacher zu dosieren und leichter und sanfter f\u00fcr den K\u00f6rper. Es ist auch viel billiger als der Kauf von Extrakten oder reinem Ibogaineine online. Kaufen Sie Ibogaine-Wurzel zur\u00fcck.<\/p>\n<p>TA verursacht viel weniger Schwindel und es ist einfacher, sich darauf zu bewegen. Die anderen Alkaloide arbeiten mit dem Ibogaineine zusammen, um seinen Einfluss zu verl\u00e4ngern, zu vertiefen und zu verst\u00e4rken, und sind eine willkommene Erg\u00e4nzung. Tabernanthe Ibogaine zum Verkauf online.<\/p>\n","protected":false},"excerpt":{"rendered":"<p>In der traditionellen afrikanischen Medizin und in Ritualen wird das Kauen der gelben Wurzel oder Rinde verwendet, um Halluzinationen und Nahtodfolgen zu erzeugen, wobei einige Todesf\u00e4lle auftreten.<\/p>\n","protected":false},"featured_media":2006,"comment_status":"open","ping_status":"closed","template":"","meta":[],"product_cat":[247],"product_tag":[],"class_list":{"0":"post-1709","1":"product","2":"type-product","3":"status-publish","4":"has-post-thumbnail","6":"product_cat-ibogaine","8":"first","9":"instock","10":"featured","11":"shipping-taxable","12":"purchasable","13":"product-type-variable","14":"has-default-attributes"},"_links":{"self":[{"href":"https:\/\/www.medsconsulting.com\/de\/wp-json\/wp\/v2\/product\/1709","targetHints":{"allow":["GET"]}}],"collection":[{"href":"https:\/\/www.medsconsulting.com\/de\/wp-json\/wp\/v2\/product"}],"about":[{"href":"https:\/\/www.medsconsulting.com\/de\/wp-json\/wp\/v2\/types\/product"}],"replies":[{"embeddable":true,"href":"https:\/\/www.medsconsulting.com\/de\/wp-json\/wp\/v2\/comments?post=1709"}],"wp:featuredmedia":[{"embeddable":true,"href":"https:\/\/www.medsconsulting.com\/de\/wp-json\/wp\/v2\/media\/2006"}],"wp:attachment":[{"href":"https:\/\/www.medsconsulting.com\/de\/wp-json\/wp\/v2\/media?parent=1709"}],"wp:term":[{"taxonomy":"product_cat","embeddable":true,"href":"https:\/\/www.medsconsulting.com\/de\/wp-json\/wp\/v2\/product_cat?post=1709"},{"taxonomy":"product_tag","embeddable":true,"href":"https:\/\/www.medsconsulting.com\/de\/wp-json\/wp\/v2\/product_tag?post=1709"}],"curies":[{"name":"wp","href":"https:\/\/api.w.org\/{rel}","templated":true}]}}