{"id":1703,"date":"2020-10-25T06:47:28","date_gmt":"2020-10-25T06:47:28","guid":{"rendered":"https:\/\/www.medsconsulting.com\/de\/?post_type=product&#038;p=1703"},"modified":"2024-03-09T09:27:06","modified_gmt":"2024-03-09T09:27:06","slug":"kaufen-sie-methadon-online","status":"publish","type":"product","link":"https:\/\/www.medsconsulting.com\/de\/product\/schmerz-linderung\/kaufen-sie-methadon-online\/","title":{"rendered":"Kaufen Sie Methadon online"},"content":{"rendered":"<h1>Kaufen Sie Methadon online<\/h1>\n<p>Meth<a href=\"https:\/\/www.medsconsulting.com\/de\/?s=ibogaine\">Ado<\/a>ne online kaufen, Methadon 10mg auch ohne Rezept online bestellen und 100% diskreter Versand und Sicherheit garantiert aus der besten Online-Apotheke.<\/p>\n<p>Methadon ist indiziert f\u00fcr die Erhaltungsbehandlung von <a href=\"https:\/\/en.wikipedia.org\/wiki\/Opioid\" target=\"_blank\" rel=\"noopener\">Opioidabh\u00e4ngigkeit<\/a> (d. h. Opioidkonsumst\u00f6rung gem\u00e4\u00df der f\u00fcnften Ausgabe des Diagnostic and Statistical Manual of Psychische St\u00f6rungen (DSM): Ein Cochrane-Review aus dem Jahr 2009 ergab, dass Methadon wirksam war, um Menschen in Behandlung zu halten und den Heroinkonsum zu reduzieren oder einzustellen, gemessen anhand von Selbstberichten und Urin-\/Haaranalysen, aber keinen Einfluss auf kriminelle Aktivit\u00e4ten oder das Todesrisiko hatte M\u00f6chten Sie Medikamente zur Schmerzlinderung?<\/p>\n<p>Auch die Behandlung von Opioidabh\u00e4ngigen mit Methadon wird einem von zwei Wegen folgen. Die Methadon-Erhaltungstherapie (MMT) wird Personen verschrieben, die auf den Konsum illegaler Drogen verzichten m\u00f6chten, es aber nicht geschafft haben, die Abstinenz von <a href=\"https:\/\/en.wikipedia.org\/wiki\/Opioid\" target=\"_blank\" rel=\"noopener\">Opioiden<\/a> aufrechtzuerhalten f\u00fcr l\u00e4ngere Zeit.- Kaufen Sie Methadon 10 mg online<\/p>\n<h2>Verwendung von Methadon und wie man Methadon online kauft<\/h2>\n<p>Hinzu kommt, dass die Dauer der Methadon-Erhaltung von wenigen Monaten bis lebenslang reicht. it-Reduktionsprogramme eignen sich f\u00fcr Suchtkranke, die ganz auf Drogen verzichten m\u00f6chten.<\/p>\n<p>Dar\u00fcber hinaus h\u00e4ngt die Dauer des Reduktionsprogramms von der Anfangsdosis und der Reduktionsgeschwindigkeit ab, dies ist von Klinik zu Klinik und von Person zu Person unterschiedlich. Dar\u00fcber hinaus hat die Aufnahme in die Methadon-Erhaltungstherapie das Potenzial, die \u00dcbertragung von Infektionskrankheiten im Zusammenhang mit der Injektion von Opiaten wie Hepatitis und HIV zu verringern. M\u00f6chten Sie Medikamente zur Schmerzlinderung? Hier k\u00f6nnen Sie Methadon 10 mg online kaufen.<\/p>\n<p>Dar\u00fcber hinaus bestehen die Hauptziele der Methadon-Erhaltung darin, das Verlangen nach Opioiden zu lindern, das Abstinenzsyndrom zu unterdr\u00fccken und die mit Opioiden verbundenen euphorischen Wirkungen zu blockieren. Methadonmissbrauch birgt jedoch das Potenzial zur Abh\u00e4ngigkeit \u2013 kaufen Sie generisches Methadon<\/p>\n<p>Schlie\u00dflich hat sich Methadon bei richtiger Anwendung auch als medizinisch sicher und nicht sedierend erwiesen und sorgt f\u00fcr eine langsame Genesung von der Opioidabh\u00e4ngigkeit. Daher ist es f\u00fcr opioidabh\u00e4ngige schwangere Frauen angezeigt. M\u00f6chten Sie Medikamente zur Schmerzlinderung? KaufenMethadon ohne Rezept<\/p>\n<p>&nbsp;<\/p>\n<h3>Nebenwirkungen von Methadon:<\/h3>\n<p>Sedierung<br \/>\nDurchfall oder Verstopfung<br \/>\nSp\u00fclung<br \/>\nSchwei\u00df und Schwitzen<br \/>\nHitzeunvertr\u00e4glichkeit<br \/>\nSchwindel oder Ohnmacht<br \/>\nDie Schw\u00e4che<br \/>\nChronische M\u00fcdigkeit, Schl\u00e4frigkeit und Ersch\u00f6pfung<br \/>\nSchlafst\u00f6rungen wie Schl\u00e4frigkeit, Fallbeschwerden<br \/>\nEinschlafen (Schlaflosigkeit) und Durchschlafst\u00f6rungen<br \/>\nVerengte Pupillen<br \/>\nTrockener Mund<br \/>\n\u00dcbelkeit und Erbrechen<br \/>\nNiedriger Blutdruck<br \/>\nSchwierigkeiten beim Wasserlassen<br \/>\nStimmungsschwankungen, Euphorie, Orientierungslosigkeit<br \/>\nM\u00f6chten Sie Medikamente zur Schmerzlinderung?<\/p>\n<p>&nbsp;<\/p>\n<h4>Wo kann man Methadon kaufen?<\/h4>\n<p>Der beste Ort, um Methadon online zu kaufen, Kaufen Sie Methadon UK \u2013 Kaufen Sie generisches legitimes Methadon 10 mg. Methadon zum Verkauf, Kaufen Sie Methadon 10 mg ohne Rezept<br \/>\nSie k\u00f6nnen Methadon 10 mg auch ohne Rezept sicher und sicher online kaufen. Die Produkte sind von bester Qualit\u00e4t und zu etwa 98,98 % rein und von der FDA zugelassen. Die Verpackung ist sicher und der Versand ist 100% diskret und die Lieferung erfolgt sehr schnell. Schlie\u00dflich versenden wir vorerst mit DHL, FedEx und UPS. Kaufen Sie Methadon online \u2013\u2013 Kaufen Sie Methadon 10 mg hier.<\/p>\n<p>In der Zwischenzeit ben\u00f6tigen Sie KEIN Rezept, um bei uns zu bestellen. Geben Sie jetzt Ihre Bestellung auf und wir versenden Ihr Paket weltweit diskret an Ihren Standort. Kontaktieren Sie uns f\u00fcr weitere Informationen.<\/p>\n","protected":false},"excerpt":{"rendered":"<p>Der Produktpreis betr\u00e4gt: 12 $ pro Pille<br \/>\nMindestbestellmenge: 30 Pillen<\/p>\n","protected":false},"featured_media":2010,"comment_status":"open","ping_status":"closed","template":"","meta":[],"product_cat":[242],"product_tag":[251,2500,2489,2490,2492,2497,2498,2499,2491,2495,2496,2513,2512,2514,2493,2494,2521,2515,2518,2520,2519,2522,2517,2523,2516,2524,2525,2536,2537,2533,2538,2541,2508,2545,2544,2501,2534,2543,2502,2503,2504,2505,2506,2507,2539,2509,2510,2530,2546,2511,2547,2540,2526,2528,2527,2529,2531,2542,2551,2550,2548,2549,2552,2554,2553,2532,2535,2557,2556,2555],"class_list":{"0":"post-1703","1":"product","2":"type-product","3":"status-publish","4":"has-post-thumbnail","6":"product_brand-pain-relief","7":"product_cat-schmerz-linderung","8":"product_tag-fentanyl","9":"product_tag-kaufen-methadon-deutschland","10":"product_tag-kaufen-sie-methadon-30mg-uk","11":"product_tag-kaufen-sie-methadon-30mg-usa","12":"product_tag-kaufen-sie-methadon-australien","13":"product_tag-kaufen-sie-methadon-daenemark","14":"product_tag-kaufen-sie-methadon-europa","15":"product_tag-kaufen-sie-methadon-frankreich","16":"product_tag-kaufen-sie-methadon-gegen-opioidabhaengigkeit","17":"product_tag-kaufen-sie-methadon-kanada","18":"product_tag-kaufen-sie-methadon-kapseln","19":"product_tag-kaufen-sie-methadon-online-grossbritannien","20":"product_tag-kaufen-sie-methadon-online-irland","21":"product_tag-kaufen-sie-methadon-online-ohne-rezept","22":"product_tag-kaufen-sie-methadon-oesterreich","23":"product_tag-kaufen-sie-methadon-per-post","24":"product_tag-kaufen-sie-methadon-pillen-hongkong","25":"product_tag-kaufen-sie-methadon-pillen-australien","26":"product_tag-kaufen-sie-methadon-pillen-china","27":"product_tag-kaufen-sie-methadon-pillen-deutschland","28":"product_tag-kaufen-sie-methadon-pillen-gegen-sucht","29":"product_tag-kaufen-sie-methadon-pillen-japan","30":"product_tag-kaufen-sie-methadon-pillen-kanada","31":"product_tag-kaufen-sie-methadon-pillen-korea","32":"product_tag-kaufen-sie-methadon-pillen-oesterreich","33":"product_tag-kaufen-sie-methadon-pillen-uk","34":"product_tag-kaufen-sie-methadon-pillen-usa","35":"product_tag-methadon","36":"product_tag-methadon-100mg","37":"product_tag-methadon-30mg-kaufen","38":"product_tag-methadon-30mg-zum-verkauf","39":"product_tag-methadon-dosierung","40":"product_tag-methadon-fluessig-kaufen","41":"product_tag-methadon-fluessigkeit","42":"product_tag-methadon-hcl-haltbarkeit","43":"product_tag-methadon-hcl-kaufen","44":"product_tag-methadon-hcl-online-kaufen","45":"product_tag-methadon-hcl-preis","46":"product_tag-methadon-hcl-uk-kaufen","47":"product_tag-methadon-hydrochlorid-italien-kaufen","48":"product_tag-methadon-hydrochlorid-niederlande-kaufen","49":"product_tag-methadon-hydrochlorid-online-kaufen","50":"product_tag-methadon-hydrochlorid-schweden-kaufen","51":"product_tag-methadon-indien-kaufen","52":"product_tag-methadon-kaufen-uk","53":"product_tag-methadon-malta-kaufen","54":"product_tag-methadon-mexiko-kaufen","55":"product_tag-methadon-niederlande-kaufen","56":"product_tag-methadon-online","57":"product_tag-methadon-online-kaufen","58":"product_tag-methadon-online-verkauf","59":"product_tag-methadon-per-post","60":"product_tag-methadon-pulver-kaufen","61":"product_tag-methadon-schweden-kaufen","62":"product_tag-methadon-spanien-kaufen","63":"product_tag-methadon-tabletten-kaufen","64":"product_tag-methadon-usa-kaufen","65":"product_tag-methadon-zum-verkauf","66":"product_tag-methadon-haltbarkeit","67":"product_tag-methadon-preis","68":"product_tag-methadon-pulver","69":"product_tag-methadon-pulver-produktlieferant","70":"product_tag-methadon-tabletten","71":"product_tag-methadon-tabletten-ohne-rezept","72":"product_tag-methadon-tabletten-zum-verkauf","73":"product_tag-sucht-mit-methadon-bekaempfen","74":"product_tag-wie-kaufe-ich-methadon-online","75":"product_tag-wo-kann-man-methadon-hcl-online-kaufen","76":"product_tag-wo-kann-man-methadon-kaufen","77":"product_tag-wofuer-wird-methadon-verwendet","79":"first","80":"instock","81":"shipping-taxable","82":"purchasable","83":"product-type-variable"},"_links":{"self":[{"href":"https:\/\/www.medsconsulting.com\/de\/wp-json\/wp\/v2\/product\/1703","targetHints":{"allow":["GET"]}}],"collection":[{"href":"https:\/\/www.medsconsulting.com\/de\/wp-json\/wp\/v2\/product"}],"about":[{"href":"https:\/\/www.medsconsulting.com\/de\/wp-json\/wp\/v2\/types\/product"}],"replies":[{"embeddable":true,"href":"https:\/\/www.medsconsulting.com\/de\/wp-json\/wp\/v2\/comments?post=1703"}],"wp:featuredmedia":[{"embeddable":true,"href":"https:\/\/www.medsconsulting.com\/de\/wp-json\/wp\/v2\/media\/2010"}],"wp:attachment":[{"href":"https:\/\/www.medsconsulting.com\/de\/wp-json\/wp\/v2\/media?parent=1703"}],"wp:term":[{"taxonomy":"product_cat","embeddable":true,"href":"https:\/\/www.medsconsulting.com\/de\/wp-json\/wp\/v2\/product_cat?post=1703"},{"taxonomy":"product_tag","embeddable":true,"href":"https:\/\/www.medsconsulting.com\/de\/wp-json\/wp\/v2\/product_tag?post=1703"}],"curies":[{"name":"wp","href":"https:\/\/api.w.org\/{rel}","templated":true}]}}