{"id":1701,"date":"2020-10-25T12:24:45","date_gmt":"2020-10-25T12:24:45","guid":{"rendered":"https:\/\/www.medsconsulting.com\/de\/?post_type=product&#038;p=1701"},"modified":"2024-03-14T05:05:29","modified_gmt":"2024-03-14T05:05:29","slug":"paracetamol","status":"publish","type":"product","link":"https:\/\/www.medsconsulting.com\/de\/product\/schmerz-linderung\/paracetamol\/","title":{"rendered":"Paracetamol"},"content":{"rendered":"<p>Paracetamol ist ein g\u00e4ngiges Schmerzmittel, das zur Behandlung einer Vielzahl von Erkrankungen eingesetzt wird, darunter:<\/p>\n<ul>\n<li>Fieber<\/li>\n<li>Kopfschmerzen<\/li>\n<li>Gelenkschmerzen<\/li>\n<li>Muskelschmerzen<\/li>\n<li>Regelschmerzen<\/li>\n<li>Zahnschmerzen<\/li>\n<\/ul>\n<p>Bei leichten bis mittelschweren Schmerzen und Fieber kann Paracetamol wirksame Linderung verschaffen und Ihnen helfen, Ihre t\u00e4glichen Aktivit\u00e4ten fortzusetzen.<\/p>\n<p>Paracetamol kann zusammen mit anderen Schmerzmitteln wie Aspirin und Ibuprofen und Codein eingenommen werden. M\u00f6glicherweise finden Sie einige Kombinationsbehandlungen, die Paracetamol mit Ibuprofen kombinieren, wie z. B. Nuromol, und Paracetamol mit Codein, wie z. B. Co-Codamol.<\/p>\n<p>Erk\u00e4ltungs- und Grippemittel enthalten unter anderem auch Paracetamol, um die typischen Symptome wirksam zu lindern. Paracetamol ist wirksam bei der Senkung des Fiebers, das Coronaviren wie Grippe, Covid-19 und Erk\u00e4ltung zugeschrieben wird.<\/p>\n<p>Sie k\u00f6nnen Paracetamol in Gro\u00dfbritannien rezeptfrei und online in registrierten Apotheken kaufen. Paracetamol ist aufgrund seiner fiebersenkenden (fiebersenkenden) und analgetischen (schmerzlindernden) Wirkung h\u00e4ufig in Erk\u00e4ltungs- und Grippemedikamenten enthalten.<\/p>\n<p>Wenn Sie Schwierigkeiten bei der Einnahme von Tabletten haben, ist Paracetamol in Form von Brausetabletten erh\u00e4ltlich, die in Wasser aufgel\u00f6st werden.<\/p>\n<p>Um Paracetamol online bei der in Gro\u00dfbritannien registrierten Apotheke von Prescription Doctor zu bestellen, w\u00e4hlen Sie einfach die gew\u00fcnschte Formulierung aus und w\u00e4hlen Sie \u201eBestellung starten\u201c.<\/p>\n<hr \/>\n<h2 id=\"desc-content-1\" class=\"arrow-right-xs arrow-down-xs\"><a id=\"wie wirkt Paracetamol\" name=\"wie wirkt Paracetamol\"><\/a>Wie wirkt Paracetamol?<\/h2>\n<p>W\u00e4hrend der Mechanismus von Paracetamol als Schmerzmittel noch nicht vollst\u00e4ndig verstanden ist, wird oft die Theorie aufgestellt, dass Paracetamol den K\u00f6rper daran hindert, schmerzverursachende Chemikalien namens Prostaglandine herzustellen.<\/p>\n<p>Paracetamol reduziert Fieber, indem es das Schwitzen f\u00f6rdert und die Blutgef\u00e4\u00dfe n\u00e4her an der Haut erweitert.<\/p>\n<p>Zusammen tragen die beiden Mechanismen dazu bei, Schmerzen und Fieber zu reduzieren.<\/p>\n<hr \/>\n<h2 id=\"desc-content-2\" class=\"arrow-right-xs arrow-down-xs\"><a id=\"wie man Paracetamol einnimmt\" name=\"wie man Paracetamol einnimmt\"><\/a>Wie nehme ich Paracetamol?<\/h2>\n<p>Nehmen Sie je nach Bedarf alle 4 bis 6 Stunden eine oder zwei Paracetamol-Tabletten ein. Nehmen Sie nicht mehr als 8 Paracetamol-Tabletten oder -Kapseln innerhalb von 24 Stunden ein.<\/p>\n<p>Schlucken Sie Kapseln und Tabletten mit einem Glas Wasser.<\/p>\n<p>Paracetamol kann mit oder ohne Nahrung eingenommen werden.<\/p>\n<p>Befolgen Sie immer die Anweisungen eines Arztes oder Apothekers.<\/p>\n<hr \/>\n<h2 id=\"desc-content-3\" class=\"arrow-right-xs arrow-down-xs\"><a id=\"nebenwirkungen und hinweise\" name=\"nebenwirkungen und hinweise\"><\/a>Paracetamol Nebenwirkungen und Warnhinweise<\/h2>\n<p>Alle Arzneimittel, auch die rezeptfrei gekauften, bergen das Risiko von Nebenwirkungen. Auch wenn Sie keine davon bemerken, ist es wichtig, sich der Nebenwirkungen bewusst und wachsam zu bleiben, um die Sicherheit zu gew\u00e4hrleisten.<\/p>\n<p>Paracetamol verursacht bei richtiger Einnahme selten Nebenwirkungen.<\/p>\n<p>F\u00fcr weitere Informationen zur Sicherheit von Paracetamol empfehlen wir Ihnen, die mitgelieferte Packungsbeilage zu lesen. Sie k\u00f6nnen die Brosch\u00fcre auch hier online ansehen.<\/p>\n<h3>Allergien<\/h3>\n<p><strong>Nehmen Sie Paracetamol nicht<\/strong> ein, wenn Sie allergisch sind oder zuvor eine allergische Reaktion auf Paracetamol, Produkte, die Paracetamol enthalten, oder andere in der Packungsbeilage Ihres Arzneimittels aufgef\u00fchrte Hilfsstoffe aufgetreten sind.<\/p>\n<p><strong>Anzeichen einer allergischen Reaktion umfassen<\/strong><\/p>\n<ul>\n<li>Schwierigkeiten beim Atmen oder Schlucken<\/li>\n<li>Roter, juckender, erhabener Ausschlag (Quaddeln)<\/li>\n<li>Anschwellen von Lippen, Gesicht, Zunge und Rachen<\/li>\n<\/ul>\n<h3>Schwangerschaft und Stillzeit<\/h3>\n<p>Die Einnahme von Paracetamol w\u00e4hrend Schwangerschaft und Stillzeit gilt allgemein als unbedenklich.<\/p>\n<p>Wenn Sie schwanger sind oder glauben, dass Sie schwanger sein k\u00f6nnten, sprechen Sie mit Ihrem Arzt oder Apotheker, um weitere Informationen zur Sicherheit der Einnahme von Paracetamol w\u00e4hrend der Schwangerschaft zu erhalten.<\/p>\n<h3>Weitere Sicherheitshinweise<\/h3>\n<p><strong>Nehmen Sie Paracetamol nicht<\/strong> zusammen mit anderen Produkten, die Paracetamol enthalten.<\/p>\n<p>Die Einnahme von Paracetamol-Tabletten zusammen mit Erk\u00e4ltungs- und Grippemedikamenten (die auch Paracetamol enthalten k\u00f6nnen) kann Ihr Risiko f\u00fcr Nebenwirkungen oder Paracetamol-Toxizit\u00e4t erh\u00f6hen, was Ihre Leber ernsthaft sch\u00e4digen kann.<\/p>\n<p><strong>Nehmen Sie Paracetamol nicht<\/strong> nach dem auf der Verpackung aufgedruckten Verfallsdatum ein.<\/p>\n<p><strong>Entsorgen Sie abgelaufene oder nicht mehr ben\u00f6tigte Arzneimittel nicht<\/strong> im Haushalts- oder Wasserabfall. Bringen Sie diese Arzneimittel zu Ihrer \u00f6rtlichen Apotheke und bitten Sie sie, sie in Ihrem Namen sicher zu entsorgen.<\/p>\n<p>Bewahren Sie das Arzneimittel immer au\u00dferhalb der Sicht- und Reichweite von Kindern und Haustieren auf.<\/p>\n<p><strong>Teilen Sie Ihr Arzneimittel nicht<\/strong> mit anderen Personen, selbst wenn sie dieselben Symptome wie Sie haben.<\/p>\n<hr \/>\n<h2 id=\"desc-content-4\" class=\"arrow-right-xs arrow-down-xs\"><a id=\"h\u00e4ufig gestellte Fragen\" name=\"h\u00e4ufig gestellte Fragen\"><\/a>H\u00e4ufig gestellte Fragen <\/h2>\n<h3>Was soll ich tun, wenn ich die Einnahme von Paracetamol vergessen habe?<\/h3>\n<p>Paracetamol wird nach Bedarf eingenommen. Wenn Sie vergessen haben, es einzunehmen, sobald Sie es bemerken, nehmen Sie es ein, sobald Sie sich daran erinnern, und fahren Sie mit der Einnahme Ihrer normalen Dosis zur gewohnten Zeit fort.<\/p>\n<p>Nehmen Sie niemals mehr Paracetamol ein, um die vergessene Dosis auszugleichen.<\/p>\n<h3>Was soll ich tun, wenn ich versehentlich mehr Paracetamol eingenommen habe, als Sie sollten?<\/h3>\n<p>Wenn Sie mehr als die empfohlene Tagesdosis Paracetamol eingenommen haben, gehen Sie direkt zur Notaufnahme des n\u00e4chstgelegenen Krankenhauses.<\/p>\n<p>Die Einnahme von zu viel Paracetamol kann Ihre Leber ernsthaft sch\u00e4digen.<\/p>\n<h3>Kann ich w\u00e4hrend der Einnahme von Paracetamol Alkohol trinken?<\/h3>\n<p><strong>Trinken Sie keinen Alkohol<\/strong>, w\u00e4hrend Sie Paracetamol einnehmen.<\/p>\n<h3>Beeintr\u00e4chtigt Paracetamol meine Verkehrst\u00fcchtigkeit oder die F\u00e4higkeit zum Bedienen von Maschinen?<\/h3>\n<p>Paracetamol sollte Ihre Verkehrst\u00fcchtigkeit oder Ihre F\u00e4higkeit zum Bedienen von Maschinen nicht beeintr\u00e4chtigen.<\/p>\n<hr \/>\n<h2 id=\"desc-content-5\" class=\"arrow-right-xs arrow-down-xs\"><a id=\"vertrauensw\u00fcrdige Apotheke\" name=\"vertrauensw\u00fcrdige Apotheke\"><\/a>Beziehen Sie Paracetamol online von Medsconsulting .com<\/h2>\n<p>Wenn Sie Paracetamol online bei Prescription Doctor kaufen, k\u00f6nnen Sie sich darauf verlassen, dass Ihre Behandlung von einem Team qualifizierter Apotheker aus einer registrierten britischen Apotheke versandt wird.<\/p>\n<p>Wenn Sie Fragen zu Ihrem Zustand oder Ihrer Behandlung haben, stehen Ihnen online qualifizierte \u00c4rzte zur Verf\u00fcgung, die Ihnen bei allen Fragen behilflich sein k\u00f6nnen.<\/p>\n<p>Wir bieten eine schnelle und sichere diskrete Lieferung am n\u00e4chsten Tag direkt an Ihre Haust\u00fcr.<\/p>\n","protected":false},"excerpt":{"rendered":"<p>Paracetamol Caplets \/ Tabletten sind zuverl\u00e4ssige und sichere Schmerzmittel, die zur Behandlung verschiedener Beschwerden und Schmerzen eingesetzt werden k\u00f6nnen. Ideal f\u00fcr diejenigen, die allt\u00e4gliche Beschwerden wie Kopfschmerzen, Regelschmerzen und Zahnschmerzen lindern m\u00f6chten.<\/p>\n","protected":false},"featured_media":1900,"comment_status":"open","ping_status":"closed","template":"","meta":[],"product_cat":[242],"product_tag":[],"class_list":{"0":"post-1701","1":"product","2":"type-product","3":"status-publish","4":"has-post-thumbnail","6":"product_brand-pain-relief","7":"product_cat-schmerz-linderung","9":"first","10":"instock","11":"shipping-taxable","12":"purchasable","13":"product-type-variable","14":"has-default-attributes"},"_links":{"self":[{"href":"https:\/\/www.medsconsulting.com\/de\/wp-json\/wp\/v2\/product\/1701","targetHints":{"allow":["GET"]}}],"collection":[{"href":"https:\/\/www.medsconsulting.com\/de\/wp-json\/wp\/v2\/product"}],"about":[{"href":"https:\/\/www.medsconsulting.com\/de\/wp-json\/wp\/v2\/types\/product"}],"replies":[{"embeddable":true,"href":"https:\/\/www.medsconsulting.com\/de\/wp-json\/wp\/v2\/comments?post=1701"}],"wp:featuredmedia":[{"embeddable":true,"href":"https:\/\/www.medsconsulting.com\/de\/wp-json\/wp\/v2\/media\/1900"}],"wp:attachment":[{"href":"https:\/\/www.medsconsulting.com\/de\/wp-json\/wp\/v2\/media?parent=1701"}],"wp:term":[{"taxonomy":"product_cat","embeddable":true,"href":"https:\/\/www.medsconsulting.com\/de\/wp-json\/wp\/v2\/product_cat?post=1701"},{"taxonomy":"product_tag","embeddable":true,"href":"https:\/\/www.medsconsulting.com\/de\/wp-json\/wp\/v2\/product_tag?post=1701"}],"curies":[{"name":"wp","href":"https:\/\/api.w.org\/{rel}","templated":true}]}}