{"id":1679,"date":"2020-10-25T00:32:28","date_gmt":"2020-10-25T00:32:28","guid":{"rendered":"https:\/\/www.medsconsulting.com\/de\/?post_type=product&#038;p=1679"},"modified":"2023-06-19T07:48:40","modified_gmt":"2023-06-19T07:48:40","slug":"kaufen-fentanyl-pflaster","status":"publish","type":"product","link":"https:\/\/www.medsconsulting.com\/de\/product\/schmerz-linderung\/kaufen-fentanyl-pflaster\/","title":{"rendered":"Kaufen Fentanyl-Pflaster"},"content":{"rendered":"<h1>Kaufen Fentanyl-Pflaster online<\/h1>\n<p>Kaufen Fentanyl-Pflaster. Fentanyl 100\u00a0mcg <a href=\"https:\/\/www.medsconsulting.com\/de\/product\/schmerz-linderung\/fentanyl-pflaster\/\">Pflaster<\/a> (auch bekannt als Fentanil) ist ein starkes, synthetisches Opioid-Schmerzmittel mit schnellem Wirkungseintritt und kurzer Wirkungsdauer. Es ist ein starker Agonist an den \u03bc-Opioidrezeptoren. Fentanyl ist sch\u00e4tzungsweise 50- bis 100-mal so stark wie Morphin.<\/p>\n<p>Kaufen Sie Fentanylpflaster. Fentanyl ist ein starkes synthetisches Opioid-Analgetikum mit schnellem Wirkungseintritt und kurzer Wirkdauer. Es ist ein starker Agonist an den \u00b5-Opioidrezeptoren.<\/p>\n<p>&nbsp;<\/p>\n<p>&nbsp;<\/p>\n<h2>Fentanyl-Geschichte<\/h2>\n<p>Fentanyl wurde erstmals 1960 von Paul Janssen hergestellt, nach der medizinischen Einf\u00fchrung von Pethidin (auch bekannt als Meperidin, vermarktet als Demerol) einige Jahre zuvor. Janssen entwickelte Fentanyl, indem er Analoga des strukturell verwandten Arzneimittels Pethidin auf Opioidaktivit\u00e4t untersuchte.Kaufen Fentanyl-Pflaster.<\/p>\n<pre><strong>Kaufen Sie Fentanylpflaster in \u00d6sterreich<\/strong><\/pre>\n<p>Die weit verbreitete Verwendung von Fentanyl l\u00f6ste die Produktion von Fentanylcitrat aus (das Salz, das durch die Kombination von Fentanyl und Zitronens\u00e4ure in einer 1:1-St\u00f6chiometrie gebildet wird), das in den 1960er Jahren unter dem Handelsnamen Sublimaze als Allgemeinan\u00e4sthetikum in die medizinische Anwendung kam. Danach wurden viele andere Fentanyl-Analoga entwickelt und in die medizinische Praxis eingef\u00fchrt, darunter Sufentanil, Alfentanil, Remifentanil und Lofentanil. Kaufen Fentanyl-Pflaster<\/p>\n<pre><strong>Kaufen Sie Fentanylpflaster in Deutschland<\/strong><\/pre>\n<p>Wir sind bestrebt, Kunden weltweit bei ihren individuellen Bed\u00fcrfnissen durch einen umfassenden und professionellen Service zu unterst\u00fctzen. Wir genie\u00dfen bei unseren Gesch\u00e4ftspartnern und Kunden einen guten Ruf f\u00fcr qualitativ hochwertige Produkte, exzellenten Kundendienst, wettbewerbsf\u00e4hige Preise und schnellen Versand. Kaufen Fentanyl-Pflaster.<\/p>\n<pre><strong>Kaufen Sie Fentanylpflaster in der Schweiz<\/strong><\/pre>\n<p>In der Vergangenheit wurde es zur Behandlung von Durchbruchschmerzen eingesetzt und wird h\u00e4ufig vor Eingriffen als Schmerzmittel und als An\u00e4sthetikum in Kombination mit einem Benzodiazepin eingesetzt. Da die verschiedenen Hersteller Fentanyl als Hauptbestandteil ihrer Schmerzmittelmarke verwenden, ist dieses Medikament sowohl in langwirksamer als auch in kurzwirksamer Form erh\u00e4ltlich. Heutzutage k\u00f6nnen Sie g\u00fcnstige Fentanyl-Pflaster, -Pillen und sogar Injektionspackungen bestellen, abh\u00e4ngig von Ihrer Erkrankung und der am besten geeigneten Form.<\/p>\n<h3>Fentanyl online kaufen (Kaufen Fentanyl-Pflaster)<\/h3>\n<p>Fentanyl ist ein starkes synthetisches Opioid-Analgetikum mit schnellem Wirkungseintritt und kurzer Wirkdauer. Es ist ein starker Agonist an den \u00b5-Opioidrezeptoren. Un sovradosaggio di fentanil porta alla <a href=\"https:\/\/www.euthanasiagroup.com\/product\/buy-nembutal-online\/buy-pentobarbital-sodium\/\" target=\"_blank\" rel=\"noopener\">morte.<\/a><\/p>\n<p>fentanyl pflaster kaufen,<\/p>\n<p>kaufen fentanyl online,<\/p>\n<p>ambulante schmerzbehandlung mit fentanylpflaster durogesic,<\/p>\n<p>schmerzbehandlung mit fentanylpflaster durogesic arznei,<\/p>\n<p>mit fentanylpflaster durogesic arznei telegramm,<\/p>\n<p>&nbsp;<\/p>\n","protected":false},"excerpt":{"rendered":"<p>Fentanyl 100\u00a0mcg Pflaster (auch bekannt als Fentanil) ist ein starkes, synthetisches Opioid-Schmerzmittel mit schnellem Wirkungseintritt und kurzer Wirkungsdauer. Es ist ein starker Agonist an den \u03bc-Opioidrezeptoren. Fentanyl ist sch\u00e4tzungsweise 50- bis 100-mal so stark wie Morphin<\/p>\n","protected":false},"featured_media":1688,"comment_status":"open","ping_status":"closed","template":"","meta":[],"product_cat":[242],"product_tag":[2560,3281,3114,2588,2589,2590,251,2563,2604,851,3116,3279,2605,2619,2622,2603,3121,3134,3118,3131,2599,2600,2601,3147,2596,3143,3128,2620,3130,2621,2593,3129,3113,3110,3137,3136,3145,3117,3115,3142,3148,3119,2630,3133,3135,3132,3280,3140,3284,3123,2585,3138,2559,3283,3285,2631,900,3282,2634,2633,3287,3286,2587,3112,3146,3127,3141,3126,3139,3144,3125,3124,3122,3120,3111],"class_list":{"0":"post-1679","1":"product","2":"type-product","3":"status-publish","4":"has-post-thumbnail","6":"product_brand-pain-relief","7":"product_cat-schmerz-linderung","8":"product_tag-acetylfentanyl-kaufen","9":"product_tag-ambulante-schmerzbehandlung-mit-fentanylpflaster-durogesic","10":"product_tag-dosen-von-fentanylpflastern","11":"product_tag-dosierung-von-fentanyl","12":"product_tag-dosierung-von-fentanylpflastern","13":"product_tag-dosierungen-von-fentanylpflastern","14":"product_tag-fentanyl","15":"product_tag-fentanyl-kaufen","16":"product_tag-fentanyl-nasenspray","17":"product_tag-fentanyl-online","18":"product_tag-fentanyl-online-kaufen","19":"product_tag-fentanyl-pflaster-kaufen","20":"product_tag-fentanyl-schmerzmittel","21":"product_tag-fentanyl-stellt-den-strassenwert-wieder-her","22":"product_tag-fentanyl-transdermales-system","23":"product_tag-fentanyl-versandhandel","24":"product_tag-fentanyl-zu-verkaufen","25":"product_tag-fentanyl-zum-online-verkauf","26":"product_tag-fentanyl-ampullen-online-kaufen","27":"product_tag-fentanyl-ampullen-zum-online-verkauf","28":"product_tag-fentanyl-inhalator","29":"product_tag-fentanyl-injektion","30":"product_tag-fentanyl-lutscher","31":"product_tag-fentanyl-lutscher-zu-verkaufen","32":"product_tag-fentanyl-medikamente","33":"product_tag-fentanyl-pflaster-online-apotheke","34":"product_tag-fentanyl-pflaster-zum-online-verkauf","35":"product_tag-fentanyl-tabletten","36":"product_tag-fentanyl-tabletten-zum-online-verkauf","37":"product_tag-fentanyl-transdermales-pflaster","38":"product_tag-fentanylcitrat","39":"product_tag-fentanylcitrat-zum-online-verkauf","40":"product_tag-fentanylpflaster","41":"product_tag-fentanylpflaster-25-g","42":"product_tag-fentanylpflaster-25-g-strassenwert","43":"product_tag-fentanylpflaster-50-g","44":"product_tag-fentanylpflaster-75-g","45":"product_tag-fentanylpflaster-online-kaufen","46":"product_tag-fentanylpulver","47":"product_tag-fentanylpulver-bestellen","48":"product_tag-fentanylpulver-kaufen","49":"product_tag-fentanylpulver-online-kaufen","50":"product_tag-fluessiges-fentanyl","51":"product_tag-guenstig-fentanyl-kaufen","52":"product_tag-guenstige-fentanyl-pillen-zum-online-verkauf","53":"product_tag-hochwertiges-fentanylpulver-zum-online-verkauf","54":"product_tag-kaufen-fentanyl-online","55":"product_tag-kaufen-sie-fentanyl-zur-schmerzlinderung-online","56":"product_tag-kaufen-sie-fentanylpflaster-pulver-fluessigkeit","57":"product_tag-kaufen-sie-guenstige-fentanylpillen-online","58":"product_tag-kaufen-sie-hochwertige-fentanylpflaster-online","59":"product_tag-kosten-fuer-fentanylpflaster","60":"product_tag-marken-von-fentanylpflastern","61":"product_tag-mit-fentanylpflaster-durogesic-arznei-telegramm","62":"product_tag-online-kaufen-fentanyl-schmerzmittel","63":"product_tag-orales-fentanyl","64":"product_tag-sandoz-fentanyl","65":"product_tag-schmerzbehandlung-mit-fentanylpflaster-durogesic-arznei","66":"product_tag-schmerzmittel-fentanyl","67":"product_tag-schmerzpflaster-fentanyl-dosierung","68":"product_tag-sie-fentanylpflaster-pulver-fluessigkeit-btc","69":"product_tag-telegramm-kaufen-sie-fentanylpflaster-pulver","70":"product_tag-verschiedene-arten-von-fentanylpflastern","71":"product_tag-was-ist-ein-fentanylpflaster-fentanylpflaster-12-g","72":"product_tag-was-ist-fentanyl-pflaster-mit-hohem-fentanylgehalt","73":"product_tag-was-sind-fentanylpflaster-fentanyl-schmerzmittel","74":"product_tag-wie-bekomme-ich-fentanylpflaster-fentanyl-lutscher-online-kaufen","75":"product_tag-wie-man-fentanylpflaster-anwendet","76":"product_tag-wie-stark-ist-fentanyl-fentanylcitrat-injektion","77":"product_tag-wie-wirken-fentanylpflaster-verfuegbare-dosen-von-fentanylpflastern","78":"product_tag-wo-ist-das-fentanyl-pflaster-anzuwenden-fentanyl-stellt-die-kraefte-wieder-her","79":"product_tag-wo-kann-man-ein-fentanyl-pflaster-am-besten-anbringen-kosten-fuer-fentanylpflaster","80":"product_tag-wo-kann-man-fentanyl-kaufen-fentanyl-zum-online-verkauf","81":"product_tag-wo-kann-man-fentanyl-online-kaufen-wie-kaufe-ich-fentanyl-online-dosierung-von-fentanyl","82":"product_tag-wofuer-wird-fentanyl-verwendet-platzierung-von-fentanylpflastern","84":"first","85":"instock","86":"sale","87":"featured","88":"shipping-taxable","89":"purchasable","90":"product-type-variable","91":"has-default-attributes"},"_links":{"self":[{"href":"https:\/\/www.medsconsulting.com\/de\/wp-json\/wp\/v2\/product\/1679","targetHints":{"allow":["GET"]}}],"collection":[{"href":"https:\/\/www.medsconsulting.com\/de\/wp-json\/wp\/v2\/product"}],"about":[{"href":"https:\/\/www.medsconsulting.com\/de\/wp-json\/wp\/v2\/types\/product"}],"replies":[{"embeddable":true,"href":"https:\/\/www.medsconsulting.com\/de\/wp-json\/wp\/v2\/comments?post=1679"}],"wp:featuredmedia":[{"embeddable":true,"href":"https:\/\/www.medsconsulting.com\/de\/wp-json\/wp\/v2\/media\/1688"}],"wp:attachment":[{"href":"https:\/\/www.medsconsulting.com\/de\/wp-json\/wp\/v2\/media?parent=1679"}],"wp:term":[{"taxonomy":"product_cat","embeddable":true,"href":"https:\/\/www.medsconsulting.com\/de\/wp-json\/wp\/v2\/product_cat?post=1679"},{"taxonomy":"product_tag","embeddable":true,"href":"https:\/\/www.medsconsulting.com\/de\/wp-json\/wp\/v2\/product_tag?post=1679"}],"curies":[{"name":"wp","href":"https:\/\/api.w.org\/{rel}","templated":true}]}}