{"id":1669,"date":"2020-10-24T23:58:36","date_gmt":"2020-10-24T23:58:36","guid":{"rendered":"https:\/\/www.medsconsulting.com\/de\/?post_type=product&#038;p=1669"},"modified":"2026-03-16T07:29:02","modified_gmt":"2026-03-16T07:29:02","slug":"kaufen-fentanyl-pulver-online","status":"publish","type":"product","link":"https:\/\/www.medsconsulting.com\/de\/product\/schmerz-linderung\/kaufen-fentanyl-pulver-online\/","title":{"rendered":"Kaufen Fentanyl-Pulver online"},"content":{"rendered":"<h1>Kaufen Fentanyl-Pulver online<\/h1>\n<p><b> Kaufen Fentanyl-Pulver online<\/b>, auch buchstabiert\u00a0<b>fentanil<\/b>, ist ein\u00a0Opioid&lt;\/ a&gt;\u00a0verwendet als\u00a0Schmerzmittel\u00a0und zusammen mit anderen Medikamenten f\u00fcr\u00a0<a title=\"An\u00e4sthesie\" href=\"https:\/\/de.wikipedia.org\/wiki\/An\u00e4sthesie\" target=\"_blank\" rel=\"noopener\">An\u00e4sthesie<\/a>.<sup id=\"cite_ref-AHFS2017_3-3\" class=\"reference\"><\/sup>\u00a0Fentanyl wird auch als An\u00e4sthesie verwendet Freizeitdroge, oft gemischt mit\u00a0<a title=\"Heroin\" href=\"https:\/ \/en.wikipedia.org\/wiki\/Heroin\">Heroin<\/a>\u00a0oder\u00a0Kokain.&lt; sup id=&#8220;cite_ref-5&#8243; class=&#8220;reference&#8220;&gt; Fentanyl-Pulver. Hochwertiges Fentanylpulver online zum Verkauf. Kaufen Sie Fentanylpulver online. Kaufen Sie Fentanylpulver ohne Rezept.Kaufen Fentanyl-Pulver online<\/p>\n<p>Au\u00dferdem setzt es schnell ein und seine Wirkung h\u00e4lt im Allgemeinen weniger als zwei Stunden an.<sup id=\"cite_ref-AHFS2017_3-4\" class=\"reference\"><\/sup>\u00a0Medizinisch wird Fentanyl durch\u00a0Injektion, als\u00a0Pflaster auf der Haut, als\u00a0Nasenspray a&gt;, oder\u00a0im Mund.<\/p>\n<h4>Kaufen Fentanyl-Pulver online Deutschland<\/h4>\n<p>Dar\u00fcber hinaus ist Fentanyl-Pulver ein starkes synthetisches Opioid-Analgetikum, das Morphin \u00e4hnlich ist, aber 50- bis 100-mal st\u00e4rker ist. Es ist ein verschreibungspflichtiges Medikament der Liste II und wird typischerweise zur Behandlung von Patienten mit starken Schmerzen oder zur Behandlung von Schmerzen nach Operationen eingesetzt.<\/p>\n<p>Auch hier wird es manchmal zur Behandlung von Patienten mit chronischen Schmerzen eingesetzt, die andere Opioide k\u00f6rperlich vertragen. Moreso ist Fentanyl in seiner verschreibungspflichtigen Form unter Namen wie Actiq, Duragesic und Sublimaze bekannt. Hier k\u00f6nnen Sie ganz einfach Fentanylpulver online kaufen.<\/p>\n<h2>Wie ist Fentanyl anzuwenden (Kaufen Fentanyl-Pulver)<\/h2>\n<p>Erstens wird Fentanyl, wenn es von einem Arzt verschrieben wird, oft durch Injektion, transdermales Pflaster oder in Lutschtabletten verabreicht. Fentanyl und Fentanyl-Analoga, die mit k\u00fcrzlichen \u00dcberdosierungen in Verbindung gebracht wurden, werden jedoch in geheimen Labors hergestellt. Dieses nicht-<a href=\"https:\/\/www.euthanasiagroup.com\/de\/produkte\/\" target=\"_blank\" rel=\"noopener\">pharmazeutische<\/a> Fentanyl wird in den folgenden Formen verkauft:<\/p>\n<ul>\n<li>als Pulver;<\/li>\n<li>auf L\u00f6schpapier gespickt;<\/li>\n<li>mit Heroin gemischt oder ersetzt;<\/li>\n<li>oder als Tabletten, die andere, weniger starke Opioide imitieren.<\/li>\n<\/ul>\n<p>Menschen k\u00f6nnen Fentanyl schlucken, schnupfen oder injizieren oder sie k\u00f6nnen L\u00f6schpapier in den Mund nehmen, damit Fentanyl \u00fcber die Schleimhaut aufgenommen wird. Kaufen Fentanyl-Pulver online<\/p>\n<pre><strong>Fentanyl-Wirkungen auf das Gehirn<\/strong><\/pre>\n<p>Erstens wirkt Fentanyl wie Heroin, Morphin und andere Opioid-Medikamente, indem es an die Opioid-Rezeptoren des K\u00f6rpers bindet, die sich in Bereichen des Gehirns befinden, die Schmerzen und Emotionen kontrollieren. Wenn Opioid-Medikamente an diese Rezeptoren binden, k\u00f6nnen sie den Dopaminspiegel in den Belohnungsbereichen des Gehirns in die H\u00f6he treiben und einen Zustand der Euphorie und Entspannung hervorrufen.<\/p>\n<p>Die Wirkungen von Fentanyl \u00e4hneln denen von Heroin und umfassen Euphorie, Schl\u00e4frigkeit, \u00dcbelkeit, Verwirrtheit, Verstopfung, Sedierung, Toleranz, Sucht, Atemdepression und -stillstand, Bewusstlosigkeit, Koma und Tod. Kaufen Sie Fentanylpulver online. Kaufen Sie Fentanylpulver ohne Rezept.<\/p>\n<h3>Kann der Konsum von Fentanyl zu einer Sucht f\u00fchren?<\/h3>\n<p>Ja. Fentanyl macht aufgrund seiner Potenz s\u00fcchtig. Eine Person, die verschreibungspflichtiges Fentanyl wie angewiesen einnimmt, kann eine Abh\u00e4ngigkeit entwickeln, die durch Entzugserscheinungen gekennzeichnet ist, wenn das Medikament abgesetzt wird.<\/p>\n<pre><strong>Wie behandelt man die Sucht nach Fentanylpulver<\/strong><\/pre>\n<p>Medikamente: Buprenorphin und Methadon wirken, indem sie an die gleichen Opioidrezeptoren im Gehirn binden wie Fentanyl, wodurch das Verlangen und die Entzugserscheinungen reduziert werden. Ein anderes Arzneimittel, Naltrexon, blockiert Opioidrezeptoren und verhindert die Wirkung von Fentanyl. Menschen k\u00f6nnen Behandlungsm\u00f6glichkeiten mit ihren Gesundheitsdienstleistern besprechen.<\/p>\n<h5>Kaufen Fentanyl-Pulver online Deutschland<\/h5>\n<p>Beratung: Verhaltenstherapien bei Abh\u00e4ngigkeit von Opioiden wie Fentanyl k\u00f6nnen Menschen helfen, ihre Einstellungen und Verhaltensweisen in Bezug auf den Drogenkonsum zu \u00e4ndern, ihre F\u00e4higkeiten f\u00fcr ein gesundes Leben zu verbessern und ihnen zu helfen, ihre Medikamente einzuhalten. Kaufen Fentanyl-Pulver online<\/p>\n<p>&nbsp;<\/p>\n<p>Einige Beispiele sind:<\/p>\n<ul>\n<li>Kognitive Verhaltenstherapie, die hilft, die Erwartungen und Verhaltensweisen des Patienten beim Drogenkonsum zu \u00e4ndern und Ausl\u00f6ser und Stress effektiv zu bew\u00e4ltigen.<\/li>\n<li>Notfallmanagement, das ein Gutschein-basiertes System verwendet, das Patienten \u201ePunkte\u201c auf der Grundlage negativer Drogentests gibt. Sie k\u00f6nnen die Punkte verwenden, um Artikel zu verdienen, die ein gesundes Leben f\u00f6rdern.<\/li>\n<li>Motivierende Gespr\u00e4chsf\u00fchrung, ein patientenzentrierter Beratungsstil, der die gemischten Gef\u00fchle eines Patienten gegen\u00fcber einer Ver\u00e4nderung anspricht.<\/li>\n<\/ul>\n<p>Schlie\u00dflich haben sich diese verhaltenstherapeutischen Behandlungsans\u00e4tze als wirksam erwiesen, insbesondere wenn sie zusammen mit Medikamenten verwendet werden. Fentanylpulver in bester Qualit\u00e4t online zum Verkauf.<\/p>\n","protected":false},"excerpt":{"rendered":"<p>Fentanyl ist ein starkes synthetisches Opioid-Analgetikum, das Morphin \u00e4hnlich ist, aber 50- bis 100-mal wirksamer ist.1,2 Es ist ein verschreibungspflichtiges Medikament der Liste II3 und wird typischerweise zur Behandlung von Patienten mit starken Schmerzen oder zur Behandlung von Schmerzen nach Operationen eingesetzt .<\/p>\n","protected":false},"featured_media":1678,"comment_status":"open","ping_status":"closed","template":"","meta":[],"product_cat":[242],"product_tag":[3310,251,3192,3187,3191,3186,3190,3185,3188,3189,3280,2582,3284,3287,3312,3286,3309,3311],"class_list":{"0":"post-1669","1":"product","2":"type-product","3":"status-publish","4":"has-post-thumbnail","6":"product_brand-actiq","7":"product_brand-others","8":"product_brand-pain-relief","9":"product_cat-schmerz-linderung","10":"product_tag-acetylfentanyl-online-kaufen","11":"product_tag-fentanyl","12":"product_tag-fentanyl-pulver-in-den-usa-kaufen","13":"product_tag-fentanyl-pulver-in-deutschland-kaufen","14":"product_tag-fentanyl-pulver-in-grossbritannien-kaufen","15":"product_tag-fentanyl-pulver-in-oesterreich-kaufen","16":"product_tag-fentanyl-pulver-in-spanien-kaufen","17":"product_tag-fentanyl-pulver-kaufen","18":"product_tag-fentanyl-pulver-kaufen-medsconsulting-com","19":"product_tag-fentanyl-pulver-online-kaufen","20":"product_tag-kaufen-fentanyl-online","21":"product_tag-kaufen-sie-fentanylpflaster-online","22":"product_tag-kaufen-sie-fentanylpflaster-pulver-fluessigkeit","23":"product_tag-sie-fentanylpflaster-pulver-fluessigkeit-btc","24":"product_tag-sie-fentanylpulver-rezeptfrei-in-deutschland","25":"product_tag-telegramm-kaufen-sie-fentanylpflaster-pulver","26":"product_tag-von-fentanyl-pulver","27":"product_tag-wo-kann-man","29":"first","30":"instock","31":"sale","32":"featured","33":"shipping-taxable","34":"purchasable","35":"product-type-variable","36":"has-default-attributes"},"_links":{"self":[{"href":"https:\/\/www.medsconsulting.com\/de\/wp-json\/wp\/v2\/product\/1669","targetHints":{"allow":["GET"]}}],"collection":[{"href":"https:\/\/www.medsconsulting.com\/de\/wp-json\/wp\/v2\/product"}],"about":[{"href":"https:\/\/www.medsconsulting.com\/de\/wp-json\/wp\/v2\/types\/product"}],"replies":[{"embeddable":true,"href":"https:\/\/www.medsconsulting.com\/de\/wp-json\/wp\/v2\/comments?post=1669"}],"wp:featuredmedia":[{"embeddable":true,"href":"https:\/\/www.medsconsulting.com\/de\/wp-json\/wp\/v2\/media\/1678"}],"wp:attachment":[{"href":"https:\/\/www.medsconsulting.com\/de\/wp-json\/wp\/v2\/media?parent=1669"}],"wp:term":[{"taxonomy":"product_cat","embeddable":true,"href":"https:\/\/www.medsconsulting.com\/de\/wp-json\/wp\/v2\/product_cat?post=1669"},{"taxonomy":"product_tag","embeddable":true,"href":"https:\/\/www.medsconsulting.com\/de\/wp-json\/wp\/v2\/product_tag?post=1669"}],"curies":[{"name":"wp","href":"https:\/\/api.w.org\/{rel}","templated":true}]}}