{"id":1644,"date":"2020-10-24T22:11:36","date_gmt":"2020-10-24T22:11:36","guid":{"rendered":"https:\/\/www.medsconsulting.com\/de\/?post_type=product&#038;p=1644"},"modified":"2024-03-10T23:38:17","modified_gmt":"2024-03-10T23:38:17","slug":"buy-fentanyl-pills-online","status":"publish","type":"product","link":"https:\/\/www.medsconsulting.com\/de\/product\/schmerz-linderung\/buy-fentanyl-pills-online\/","title":{"rendered":"Kaufen Sie Fentanyl-Pillen online"},"content":{"rendered":"<h1>Kaufen Sie Fentanyl-Pillen online<\/h1>\n<p>Kaufen Sie Fentanyl-Pillen online, ohne Rezept und 100% sicher und mit diskretem Versand. Wo kann man Fentanyl-Pillen online kaufen, Fentanyl-Tabletten kaufen, Fentanyl-Pillen zum Verkauf, Fentanyl f\u00fcr Schmerzmittel. Fentanyl Pills (auch bekannt als Fentanil) ist ein starkes, synthetisches Opioid-Schmerzmittel mit schnellem Wirkungseintritt und kurzer Wirkungsdauer. Es ist ein starker Agonist an den \u03bc-Opioidrezeptoren. <b>Fentanyl<\/b>, auch buchstabiert\u00a0<b>Fentanil<\/b>, ist ein\u00a0<a title=\"Opioid\" href=\"https:\/\/en.wikipedia.org\/wiki\/Opioid\" target=\"_blank\" rel=\"noopener\">Opioid&lt;\/ a&gt;\u00a0verwendet als\u00a0<\/a><a title=\"Analgesic\" href=\"https:\/\/en.wikipedia.org\/wiki\/Analgesic\" target=\"_blank\" rel=\"noopener\">Schmerzmittel<\/a><a title=\"Opioid\" href=\"https:\/\/en.wikipedia.org\/wiki\/Opioid\" target=\"_blank\" rel=\"noopener\">\u00a0und zusammen mit anderen Medikamenten f\u00fcr\u00a0<\/a><a title=\"An\u00e4sthesie\" href=\"https:\/\/de.wikipedia.org\/wiki\/An\u00e4sthesie\" target=\"_blank\" rel=\"noopener\">An\u00e4sthesie<\/a><a title=\"Opioid\" href=\"https:\/\/en.wikipedia.org\/wiki\/Opioid\" target=\"_blank\" rel=\"noopener\">.<sup id=\"cite_ref-AHFS2017_3-3\" class=\"reference\"><\/sup>\u00a0Fentanyl wird auch als An\u00e4sthesie verwendet <\/a><a title=\"Freizeitdrogenkonsum\" href=\"https:\/\/en.wikipedia.org\/wiki\/Recreational_drug_use\" target=\"_blank\" rel=\"noopener\">Freizeitdroge<\/a><a title=\"Opioid\" href=\"https:\/\/en.wikipedia.org\/wiki\/Opioid\" target=\"_blank\" rel=\"noopener\">, oft gemischt mit\u00a0<\/a><a title=\"Heroin\" href=\"https:\/ \/en.wikipedia.org\/wiki\/Heroin\">Heroin<\/a><a title=\"Opioid\" href=\"https:\/\/en.wikipedia.org\/wiki\/Opioid\" target=\"_blank\" rel=\"noopener\">\u00a0oder\u00a0<\/a><a title=\"Cocaine\" href=\"https:\/\/en.wikipedia.org\/wiki\/Cocaine\" target=\"_blank\" rel=\"noopener\">Kokain<\/a><a title=\"Opioid\" href=\"https:\/\/en.wikipedia.org\/wiki\/Opioid\" target=\"_blank\" rel=\"noopener\">.&lt; sup id=&#8220;cite_ref-5&#8243; class=&#8220;reference&#8220;&gt;\u00a0Es setzt schnell ein und seine Wirkung h\u00e4lt im Allgemeinen weniger als zwei Stunden an. Kaufen Sie Fentanyl-Pillen, kaufen Sie Fentanyl-Tabletten<\/a><\/p>\n<p>Seine extreme Potenz erfordert jedoch sorgf\u00e4ltige Messungen von hochverd\u00fcnntem Fentanyl in L\u00f6sung; Der Versuch, eine Dosis von reinem Fentanyl-Pulver genau zu messen, ist ohne fortschrittliche wissenschaftliche Ausr\u00fcstung unpraktisch, da eine wirksame Dosis und eine t\u00f6dliche Dosis von Fentanyl-Pulver, die nebeneinander platziert werden, mit blo\u00dfem Auge schwer oder unm\u00f6glich zu unterscheiden w\u00e4ren. Kaufen Sie Fentanyl-Pillen, wo Sie Fentanyl-Pillen online kaufen k\u00f6nnen.<\/p>\n<h2>Wie man Fentanyl-Bukkaltabletten einnimmt (Wie man Fentanyl-Pillen online kauft)<\/h2>\n<p>Fentanyl-Tabletten werden \u00fcber einem hinteren Backenzahn zwischen Wange und Zahnfleisch (bukkal) platziert. Es kann auch unter die Zunge gelegt werden. Beim Aufl\u00f6sen der Tablette ist ein leichtes Blubbern zu sp\u00fcren. Das Medikament sollte nicht zerbrochen oder gekaut werden. Es kann 15 bis 25 Minuten dauern, bis sich die Pille vollst\u00e4ndig aufgel\u00f6st hat.<\/p>\n<p>Wenn nach 30 Minuten noch eine Tablette \u00fcbrig ist, kann diese mit einem Glas Wasser geschluckt werden. Essen oder trinken Sie nichts, bis sich die Tablette vollst\u00e4ndig aufgel\u00f6st hat. Kaufen Sie Fentanyl-Pillen, Fentanyl-Pillen zum Verkauf<\/p>\n<h3>M\u00f6gliche Nebenwirkungen von Fentanyl-Tabletten\/Pillen<\/h3>\n<p>Dies sind einige der h\u00e4ufigsten oder wichtigsten Nebenwirkungen:<\/p>\n<h4>Verlangsamte Atmung oder niedriger Blutdruck<\/h4>\n<p>W\u00e4hrend der Einnahme von Opioid-Schmerzmitteln kann es zu niedrigem Blutdruck oder verlangsamter Atmung kommen. Dies tritt in der Regel nur auf, wenn die Medikamentendosis zu hoch ist oder zu schnell gesteigert wird. Dies passiert selten bei Patienten, die seit langem Opioid-Medikamente einnehmen. Kaufen Sie Fentanyl-Pillen<\/p>\n<p>Diese Nebenwirkungen k\u00f6nnen auch aus einer \u00dcberdosierung von Opioiden resultieren. Wenn Sie sich extrem m\u00fcde, benommen, schwindelig, verschwitzt, \u00fcbel oder kurzatmig f\u00fchlen, m\u00fcssen Sie sich sofort behandeln lassen. Manchmal sind Patienten, die zu viele Opioid-Medikamente eingenommen haben, so schl\u00e4frig, dass sie nicht geweckt oder erregt werden k\u00f6nnen. Kaufen Sie Fentanyl-Pillen<\/p>\n<h3>Schl\u00e4frigkeit (Somnolenz)<\/h3>\n<p>Schl\u00e4frigkeit, Benommenheit oder Benommenheit k\u00f6nnen mit der Anwendung von Opioid-Schmerzmitteln einhergehen. Manche Menschen f\u00fchlen sich mit diesen Medikamenten einfach nicht \u201ewie sie selbst\u201c. Vermeiden Sie Autofahren oder andere potenziell gef\u00e4hrliche Aufgaben, die Ihre Konzentration und einen klaren Kopf erfordern, bis Sie sich wieder normal f\u00fchlen. Vermeiden Sie Alkohol oder andere Beruhigungsmittel, w\u00e4hrend Sie diese Medikamente einnehmen, es sei denn, sie werden ausdr\u00fccklich von Ihrem Pflegeteam verschrieben. Die meisten Menschen werden sich nach einigen Tagen der Einnahme der Medikamente wie sie selbst f\u00fchlen. Kaufen Sie Fentanyl-Pillen<\/p>\n<h3>\u00dcbelkeit und\/oder Erbrechen<\/h3>\n<p>\u00dcbelkeit mit oder ohne Erbrechen kann eine Nebenwirkung von Opioid-Schmerzmitteln sein. Bei einigen Patienten dauert es nur wenige Tage bis Wochen nach Beginn der Medikation, bei einigen ist es jedoch eine langfristige Nebenwirkung. \u00dcbelkeit und Erbrechen k\u00f6nnen die Schmerzbehandlung beeintr\u00e4chtigen, wenn \u00dcbelkeit und\/oder Erbrechen die F\u00e4higkeit des Patienten beeintr\u00e4chtigen, das Medikament einzunehmen. Sie k\u00f6nnen feststellen, dass Essen oder Nichtessen w\u00e4hrend der Einnahme dieses Medikaments f\u00fcr Sie hilfreich sein kann. Kaufen Sie Fentanyl-Pillen<\/p>\n<h3>Verstopfung durch Schmerzmittel<\/h3>\n<p>Verstopfung ist eine sehr h\u00e4ufige Nebenwirkung von Schmerzmitteln, die so lange anh\u00e4lt, wie Sie die Medikamente einnehmen. Diese Nebenwirkung kann oft gut mit den folgenden vorbeugenden Ma\u00dfnahmen behandelt werden:<\/p>\n<p>-Trinken Sie 8-10 Gl\u00e4ser Wasser pro Tag. Warme oder hei\u00dfe Fl\u00fcssigkeiten k\u00f6nnen hilfreich sein.<br \/>\n&#8211; Steigerung der k\u00f6rperlichen Aktivit\u00e4t, wenn m\u00f6glich.<br \/>\n&#8211; Versuchen Sie, jeden Tag zur gleichen Zeit Stuhlgang zu haben.<br \/>\n&#8211; Essen Sie viel Obst und Gem\u00fcse.<br \/>\n&#8211; Vier Unzen Pflaumensaft oder 3-4 getrocknete Pflaumen\/Pflaumen k\u00f6nnen helfen, den Stuhlgang zu f\u00f6rdern.<\/p>\n<p>Allerdings k\u00f6nnen ballaststoffreiche Lebensmittel (z. B. Kleieflocken, ballaststoffreiche Cerealien) und Ballaststoffzus\u00e4tze (wie Metamucil) die Verstopfung durch Schmerzmittel verschlimmern und sollten vermieden werden. Kaufen Sie Fentanyl-Tabletten<\/p>\n<p>&nbsp;<\/p>\n","protected":false},"excerpt":{"rendered":"<p>Fentanyl-Pillen Mitte der 1990er Jahre wurde Fentanyl zur palliativen Anwendung mit dem Fentanyl-Pflaster eingef\u00fchrt, gefolgt im n\u00e4chsten Jahrzehnt von der Einf\u00fchrung des Fentanyl-Lutschers, sich aufl\u00f6senden Tabletten und sublingualen Sprays, die durch die Haut im Mund resorbiert werden.<\/p>\n","protected":false},"featured_media":1661,"comment_status":"open","ping_status":"closed","template":"","meta":[],"product_cat":[242],"product_tag":[3255,251,3252,3253,3254,3258,3256,3257],"class_list":{"0":"post-1644","1":"product","2":"type-product","3":"status-publish","4":"has-post-thumbnail","6":"product_brand-pain-relief","7":"product_cat-schmerz-linderung","8":"product_tag-deutschland","9":"product_tag-fentanyl","10":"product_tag-kaufen-sie-fentanyl-pillen-online","11":"product_tag-kaufen-sie-fentanyl-pillen-online-in-der-schweiz","12":"product_tag-kaufen-sie-fentanyl-pillen-online-in-oesterreich","13":"product_tag-kaufen-sie-fentanyltabletten-in-der-schweiz","14":"product_tag-kaufen-sie-fentanyltabletten-in-deutschland","15":"product_tag-kaufen-sie-fentanyltabletten-in-oesterreich","17":"first","18":"instock","19":"sale","20":"featured","21":"shipping-taxable","22":"purchasable","23":"product-type-variable","24":"has-default-attributes"},"_links":{"self":[{"href":"https:\/\/www.medsconsulting.com\/de\/wp-json\/wp\/v2\/product\/1644","targetHints":{"allow":["GET"]}}],"collection":[{"href":"https:\/\/www.medsconsulting.com\/de\/wp-json\/wp\/v2\/product"}],"about":[{"href":"https:\/\/www.medsconsulting.com\/de\/wp-json\/wp\/v2\/types\/product"}],"replies":[{"embeddable":true,"href":"https:\/\/www.medsconsulting.com\/de\/wp-json\/wp\/v2\/comments?post=1644"}],"wp:featuredmedia":[{"embeddable":true,"href":"https:\/\/www.medsconsulting.com\/de\/wp-json\/wp\/v2\/media\/1661"}],"wp:attachment":[{"href":"https:\/\/www.medsconsulting.com\/de\/wp-json\/wp\/v2\/media?parent=1644"}],"wp:term":[{"taxonomy":"product_cat","embeddable":true,"href":"https:\/\/www.medsconsulting.com\/de\/wp-json\/wp\/v2\/product_cat?post=1644"},{"taxonomy":"product_tag","embeddable":true,"href":"https:\/\/www.medsconsulting.com\/de\/wp-json\/wp\/v2\/product_tag?post=1644"}],"curies":[{"name":"wp","href":"https:\/\/api.w.org\/{rel}","templated":true}]}}