{"id":1636,"date":"2020-10-24T22:15:50","date_gmt":"2020-10-24T22:15:50","guid":{"rendered":"https:\/\/www.medsconsulting.com\/de\/?post_type=product&#038;p=1636"},"modified":"2024-03-08T23:24:04","modified_gmt":"2024-03-08T23:24:04","slug":"diazepam","status":"publish","type":"product","link":"https:\/\/www.medsconsulting.com\/de\/product\/angst\/diazepam\/","title":{"rendered":"Diazepam"},"content":{"rendered":"<p>Diazepam<br \/>\nKaufen Sie Diazepam (Valium) 10 mg in unserer Online-Apotheke ohne Rezept. Kaufen Sie Valium online in Gro\u00dfbritannien, da es das am h\u00e4ufigsten verwendete Medikament zur Behandlung von Angstzust\u00e4nden, Panikattacken und bestimmten Anfallsleiden ist. Es ist auch das am h\u00e4ufigsten verschriebene Medikament, um bei Entzugserscheinungen von Drogen und Alkohol zu helfen.<\/p>\n<p>DIAZEPAM ERKL\u00c4RT Kaufen Sie Diazepam10mg. Diazepam\/Valium geh\u00f6rt zur Familie der\u00a0<a href=\"https:\/\/en.wikipedia.org\/wiki\/Benzodiazepine\" target=\"_blank\" rel=\"noopener\">Benzodiazepine<\/a>, die wirken, indem sie bewirken, dass das zentrale Nervensystem in einen beruhigenden Zustand verlangsamt wird, indem es mehr produziert eines nat\u00fcrlichen Beruhigungsmittels, das sich bereits in unserem K\u00f6rper befindet und Gamma-Aminobutters\u00e4ure hei\u00dft, was die nat\u00fcrliche Art und Weise ist, wie unser K\u00f6rper Nerven\u00fcbertragungen im Gehirn hemmt, was uns beruhigt. Dieses Diazepam stimuliert Ihr zentrales Nervensystem mit der Wirkung eines Beruhigungsmittels, das Ihre Geist- und K\u00f6rpermuskulatur schnell entspannt, um Angst und Schlaflosigkeit zu lindern. Angstst\u00f6rungen werden vom NHS ausf\u00fchrlicher erkl\u00e4rt, wenn Sie weitere Informationen w\u00fcnschen.<\/p>\n<p>EMPFOHLENE DOSIERUNG<br \/>\nDa Sie Diazepam UK-Markenartikel ohne Rezept in unserer britischen Online-Apotheke kaufen k\u00f6nnen, seien Sie bitte verantwortungsbewusst und lesen Sie alle Informationen, die wir f\u00fcr Ihr eigenes Wohlbefinden bereitgestellt haben.<\/p>\n<p>Andere verwandte Suchanfragen: Restoril-Medikamente online kaufen, Xanax 2 mg ohne Rezept kaufen, Pregabalin 75 mg online bestellen, Roxicodon 30 mg Tabletten kaufen, Methadon 10 mg zum Verkauf,<\/p>\n<p>Zur Behandlung von Angstst\u00f6rungen und zur Linderung von Angstsymptomen Abh\u00e4ngig von der Schwere der Symptome \u2013 2 mg bis 10 mg, 2 bis 4 Mal t\u00e4glich.<br \/>\nSymptomatische Linderung bei akutem Alkoholentzug \u2013 10 mg, 3- oder 4-mal w\u00e4hrend der ersten 24 Stunden, Reduzierung auf 5 mg, 3- oder 4-mal t\u00e4glich nach Bedarf.<br \/>\nErg\u00e4nzend zur Linderung von Skelettmuskelkr\u00e4mpfen \u2013 2 mg bis 10 mg, 3 oder 4 mal t\u00e4glich<br \/>\nBegleitend bei konvulsiven Erkrankungen \u2013 2 mg bis 10 mg, 2 bis 4 mal t\u00e4glich<br \/>\nGeriatrische Patienten oder bei Vorliegen einer schw\u00e4chenden Erkrankung \u2013 2 mg bis 2,5 mg, anf\u00e4nglich 1- oder 2-mal t\u00e4glich; nach Bedarf und Vertr\u00e4glichkeit schrittweise steigern<br \/>\nDie oben angegebenen \u00fcblichen Tagesdosen werden den Bed\u00fcrfnissen der meisten Patienten entsprechen, es wird einige geben, die m\u00f6glicherweise h\u00f6here Dosen ben\u00f6tigen. In solchen F\u00e4llen sollte die Dosierung vorsichtig erh\u00f6ht werden, um Nebenwirkungen zu vermeiden.<\/p>\n<p>WIE IST DIAZEPAM 10MG ZU VERWENDEN?<br \/>\nDieses Medikament sollte nicht gekaut oder zerkleinert werden, es muss unzerkaut mit Wasser geschluckt werden. Bitte achten Sie darauf, die Dosierung nicht zu \u00fcberschreiten und bewahren Sie Ihre Medikamente immer fern von Kindern auf. Es wird empfohlen, Diazepam 10 mg Tabletten nur von Erwachsenen \u00fcber 18 Jahren einzunehmen.<\/p>\n<p>Diazepam Gro\u00dfbritannien kaufen<\/p>\n<p>WANN IST VORSICHTIG VOR DER EINNAHME VON DIAZEPAM 10MG ZU SEIN<br \/>\nWir m\u00f6chten Ihnen empfehlen, vor dem Kauf dieses Medikaments Ihren Arzt zu konsultieren, wenn:<\/p>\n<p>Sie haben eine Atemst\u00f6rung wie Asthma, Schlafapnoe oder Emphysem.<br \/>\nSie haben Myasthenia gravis (eine Krankheit, die durch Muskelschw\u00e4che gekennzeichnet ist).<br \/>\nSie haben Depressionen oder eine Pers\u00f6nlichkeitsst\u00f6rung<br \/>\nSie sind eine \u00e4ltere Person.<br \/>\nSie sind schwanger oder planen, schwanger zu werden.<br \/>\nSie sind eine stillende Mutter.<br \/>\nSie haben eine Vorgeschichte von Alkohol- oder Drogenmissbrauch.<br \/>\nSie haben aufgrund einer Erkrankung eine eingeschr\u00e4nkte Leber- oder Nierenfunktion.<br \/>\nWir sind eine britische Online-Apotheke, daher werden alle unsere Produkte direkt vom gleichen Markenhersteller wie der NHS gekauft und bis zum Versand in einer sterilen, sicheren Umgebung aufbewahrt. Unser Kundenbetreuungsteam steht Ihnen fast rund um die Uhr zur Verf\u00fcgung und kann jederzeit per Telefon, E-Mail oder Webchat kontaktiert werden, um Ihnen bei allen Fragen zu helfen.<\/p>\n<p>Primobolan 100 mg online kaufen, Adipex-p online ohne Rezept kaufen, Metadate CD 10 mg online kaufen, VYVANSE CII online ohne Rezept kaufen, Sustanon 250 mg g\u00fcnstig online kaufen,<\/p>\n","protected":false},"excerpt":{"rendered":"<p>Diazepam wird zur Behandlung einer Vielzahl von Erkrankungen eingesetzt, darunter Angstzust\u00e4nde, Schlaflosigkeit, Panikattacken und Muskelkr\u00e4mpfe. Diazepam, auch bekannt als Valium, der beliebteste Markenname, ist seit 40 Jahren eines der am h\u00e4ufigsten verschriebenen Medikamente der Welt.<\/p>\n","protected":false},"featured_media":1656,"comment_status":"open","ping_status":"closed","template":"","meta":[],"product_cat":[211],"product_tag":[],"class_list":{"0":"post-1636","1":"product","2":"type-product","3":"status-publish","4":"has-post-thumbnail","6":"product_brand-anxiety","7":"product_cat-angst","9":"first","10":"instock","11":"featured","12":"shipping-taxable","13":"purchasable","14":"product-type-variable","15":"has-default-attributes"},"_links":{"self":[{"href":"https:\/\/www.medsconsulting.com\/de\/wp-json\/wp\/v2\/product\/1636","targetHints":{"allow":["GET"]}}],"collection":[{"href":"https:\/\/www.medsconsulting.com\/de\/wp-json\/wp\/v2\/product"}],"about":[{"href":"https:\/\/www.medsconsulting.com\/de\/wp-json\/wp\/v2\/types\/product"}],"replies":[{"embeddable":true,"href":"https:\/\/www.medsconsulting.com\/de\/wp-json\/wp\/v2\/comments?post=1636"}],"wp:featuredmedia":[{"embeddable":true,"href":"https:\/\/www.medsconsulting.com\/de\/wp-json\/wp\/v2\/media\/1656"}],"wp:attachment":[{"href":"https:\/\/www.medsconsulting.com\/de\/wp-json\/wp\/v2\/media?parent=1636"}],"wp:term":[{"taxonomy":"product_cat","embeddable":true,"href":"https:\/\/www.medsconsulting.com\/de\/wp-json\/wp\/v2\/product_cat?post=1636"},{"taxonomy":"product_tag","embeddable":true,"href":"https:\/\/www.medsconsulting.com\/de\/wp-json\/wp\/v2\/product_tag?post=1636"}],"curies":[{"name":"wp","href":"https:\/\/api.w.org\/{rel}","templated":true}]}}