{"id":1634,"date":"2020-10-24T21:53:19","date_gmt":"2020-10-24T21:53:19","guid":{"rendered":"https:\/\/www.medsconsulting.com\/de\/?post_type=product&#038;p=1634"},"modified":"2026-03-14T22:39:08","modified_gmt":"2026-03-14T22:39:08","slug":"kaufen-sie-fentanyl-lollipop","status":"publish","type":"product","link":"https:\/\/www.medsconsulting.com\/de\/product\/schmerz-linderung\/kaufen-sie-fentanyl-lollipop\/","title":{"rendered":"Kaufen Sie Fentanyl Lollipop"},"content":{"rendered":"<h2>Kaufen Sie Fentanyl Lollipop<\/h2>\n<p><strong>Kaufen Sie Fentanyl Lollipop.<\/strong> Hergestellt von Cephalon und wie andere Formen des Fentanyl-Medikaments etwa 81-mal st\u00e4rker als Morphin. Kaufen Sie Fentanyl online. Fentanyl Lollipop zu verkaufen. Kaufen Sie Fentanyl ohne Rezept. Actiq (Fentanyl) Lutscher. Kaufen Sie Fentanyl Lollipop.<\/p>\n<pre><strong>Was ist Fentanyl?<\/strong><\/pre>\n<p><b>Fentanyl<\/b>, auch buchstabiert\u00a0<b>Fentanil<\/b>, ist ein\u00a0Opioid verwendet als\u00a0Schmerzmittel\u00a0und zusammen mit anderen Medikamenten f\u00fcr\u00a0An\u00e4sthesie.<sup id=\"cite_ref-AHFS2017_3-3\" class=\"reference\"><\/sup>\u00a0Fentanyl wird auch als An\u00e4sthesie verwendet Freizeitdroge, oft gemischt mit\u00a0Heroin\u00a0oder\u00a0Kokain<a title=\"Opioid\" href=\"https:\/\/en.wikipedia.org\/wiki\/Opioid\" target=\"_blank\" rel=\"noopener\">.<\/a><\/p>\n<p>Aufgrund seiner Potenz und seines hohen Suchtpotenzials werden\u00a0Fentanyl-Lollipops\u00a0als eingestuft \u201eSchedule II\u201c-Medikamente der Food and Drug Administration. Kaufen Sie Fentanyl Lollipop.<\/p>\n<pre>In den meisten F\u00e4llen wird Fentanyl Lollipop verschrieben:<\/pre>\n<ul type=\"disk\">\n<li>Fentanyl Lollipop ist f\u00fcr Patienten mit Toleranz gegen\u00fcber Opioiden oder anderen Schmerzmitteln bestimmt (typische Patienten nehmen bereits mindestens 60\u00a0mg Morphin pro Tag und\/oder 50\u00a0g\/h Fentanyl ein)<\/li>\n<li>Wird zur Behandlung von Durchbruchschmerzen bei Krebs eingesetzt<\/li>\n<li>Zu guter Letzt behandeln Sie andere nicht b\u00f6sartige, schwere chronische Schmerzen (die mit Knochenverletzungen, schwerer Migr\u00e4ne usw. einhergehen k\u00f6nnen). Kaufen Sie Fentanyl online.<\/li>\n<\/ul>\n<pre>Dosis Fentanyl Lollipop<\/pre>\n<p>Erstens gibt es Actiq Fentanyl-Lutscher in sechs Dosen, von denen sich jede durch eine einzigartig farbige Schachtel und einen Plastikgriff unterscheidet. Kaufen Sie Fentanyl Lollipop (200-1600 mcg) online. Kaufen Sie Fentanyl Lollipop.<\/p>\n<pre>Die Fentanyl-Lollipop-Dosierung umfasst:<\/pre>\n<ul type=\"disk\">\n<li>200\u00a0Mikrogramm (mcg) in grau<\/li>\n<li>400 mcg in Blau<\/li>\n<li>600 \u00b5g in Orange<\/li>\n<li>800 mcg in Lila<\/li>\n<li>1200 \u00b5g in Gr\u00fcn<\/li>\n<li>1600 mcg in Burgund<\/li>\n<\/ul>\n<pre>Dar\u00fcber hinaus verschreiben wir die geeignete Fentanyl-Lollipop-Dosierung basierend auf:<\/pre>\n<ul type=\"disk\">\n<li>Zun\u00e4chst der Zustand eines Patienten<\/li>\n<li>Auch die Schwere der Erkrankung<\/li>\n<li>Und die Krankengeschichte eines Patienten<\/li>\n<li>Zu guter Letzt seine bekannte Toleranz gegen\u00fcber Schmerzmitteln<\/li>\n<\/ul>\n<div id=\"body_content_body\" class=\"article\">\n<pre>Fentanyl-Lollipop-Missbrauch<\/pre>\n<\/div>\n<p>Zun\u00e4chst einmal machen\u00a0<strong>Fentanyl-Lutscher, wie andere Formen dieses Medikaments, stark abh\u00e4ngig<\/strong>\u00a0und sollen \u00e4hnliche Wirkungen wie Heroin haben. Bevor Sie Fentanyl Lollipop online bestellen, sollten Sie au\u00dferdem beachten, dass sein Missbrauch gef\u00e4hrlich ist, da \u00dcberdosierungen t\u00f6dlich sein k\u00f6nnen. Kaufen Sie Fentanyl Lollipop.<\/p>\n<p>Zu den Symptomen einer \u00dcberdosierung von Fentanyl-Lutscher geh\u00f6ren auch K\u00e4lte, feuchte Haut, Schwindel, extreme M\u00fcdigkeit, Ohnmacht, langsame Atmung, kleine (spitze Pupillen).<\/p>\n<p>Nochmals, jeder, der von Fentanyl abh\u00e4ngig ist, sowie diejenigen, die eine Fentanyl-\u00dcberdosis erfahren, sollten einen Notarzt aufsuchen, um ihr Leben zu retten. Kaufen Sie Fentanyl Lollipop. Fentanyl Lollipop zu verkaufen.<\/p>\n<pre>Nebenwirkungen von Fentanyl Lollipop<\/pre>\n<p>Erstens ist bekannt, dass Actiq Fentanyl-Lutscher eine Reihe von leichten bis schweren Nebenwirkungen verursachen. Leichte und h\u00e4ufiger auftretende Nebenwirkungen sind \u00dcbelkeit und Verstopfung, schwerwiegendere, potenziell lebensbedrohliche Reaktionen auf Fentanyl-Lollipop k\u00f6nnen sein:<\/p>\n<ul type=\"disk\">\n<li>Zun\u00e4chst Sucht (Eine Vorgeschichte von Drogen- oder Alkoholabh\u00e4ngigkeit kann dazu f\u00fchren, dass Menschen versuchen, von dem Fentanyl-Schmerzpflaster high zu werden, da dieses Medikament Berichten zufolge \u00e4hnliche Wirkungen wie Heroin hat.).<\/li>\n<li>Auch Lebersch\u00e4den.<\/li>\n<li>Wieder Atemdepression (nicht gen\u00fcgend Sauerstoff einatmen).<\/li>\n<li>Weitere schwere allergische Reaktion.<\/li>\n<li>Zu guter Letzt der Tod.<\/li>\n<\/ul>\n<pre>Auch die folgenden Symptome k\u00f6nnen darauf hindeuten, dass Patienten schwerwiegende Nebenwirkungen von Fentanyl entwickeln:<\/pre>\n<ul type=\"disk\">\n<li>Bauchschmerzen<\/li>\n<li>Atembeschwerden<\/li>\n<li>Abh\u00e4ngigkeit von Fentanyl<\/li>\n<li>leichte Bluterg\u00fcsse<\/li>\n<li>Gesichts- oder Zungenschwellung<\/li>\n<li>M\u00fcdigkeit<\/li>\n<li>Quaddeln und\/oder Hautausschlag<\/li>\n<li>Gelbsucht<\/li>\n<li>Appetitlosigkeit.<\/li>\n<\/ul>\n<p>Daher sollten Patienten einen Notarzt aufsuchen, wenn sie beginnen, eines der oben genannten Symptome von Fentanyl-Lollipop-Reaktionen zu entwickeln. Kaufen Sie Fentanyl Lollipop. Actiq (Fentanyl) Lutscher. Kaufen Sie Fentanyl ohne Rezept. Kaufen Sie Fentanyl online.<\/p>\n<h3>Fentanyl-Klagen<\/h3>\n<p>Erstens sollten sich alle, die nach der Anwendung des Fentanyl-Lollipop-Medikaments verletzt wurden, sowie Familien verstorbener Fentanyl-Patienten, mit einem erfahrenen Anwalt f\u00fcr Personensch\u00e4den treffen, um ihren Anspruch zu bewerten und mehr \u00fcber den Prozess des Gewinnens einer Fentanyl-Klage zu erfahren. Wieder um zu entscheiden, ob sie einen Einzelfall einreichen oder sich einer Sammelklage anschlie\u00dfen wollen. Fentanyl Lollipop zu verkaufen. Kaufen Sie Fentanyl online.<\/p>\n<pre>Kaufen Sie Fentanyl Lollipop<\/pre>\n<p>Schlie\u00dflich bieten Fentanyl-Anw\u00e4lte diese Beratungen kostenlos an, um potenzielle Kl\u00e4ger zu ermutigen, mehr \u00fcber ihre gesetzlichen Rechte zu erfahren. Actiq (Fentanyl) Lutscher. Kaufen Sie Fentanyl ohne Rezept. Fentanyl Lollipop zu verkaufen. Kaufen Sie Fentanyl online.<\/p>\n","protected":false},"excerpt":{"rendered":"<p>Der unter dem Markennamen Actiq bekannte Fentanyl-Lollipop ist ein Opioid-Medikament, das sowohl Fentanyl als auch Citrat kombiniert, um eine starke Schmerzlinderung \u00fcber die Mundschleimh\u00e4ute zu erzielen.<\/p>\n","protected":false},"featured_media":2017,"comment_status":"open","ping_status":"closed","template":"","meta":[],"product_cat":[242],"product_tag":[2560,2562,2591,2588,2589,2590,2561,251,2563,2566,2569,2571,2570,2572,2567,2573,2574,2575,2577,2576,2604,851,2606,2607,2608,2609,2610,2611,2605,2619,2618,2622,2603,2597,2598,2565,2592,2599,2600,2601,2602,2596,2614,2615,2616,2617,2632,2620,2621,2564,2593,2594,2595,2630,858,2586,2624,2623,2568,2578,2579,2580,2581,2582,2583,2584,2585,2612,2559,2613,2631,2635,900,2634,2633,2558,2587,2637,2638,2636,2628,2627,2629,2626,2625,2642,2643,2640,2641,2639],"class_list":{"0":"post-1634","1":"product","2":"type-product","3":"status-publish","4":"has-post-thumbnail","6":"product_brand-actiq","7":"product_brand-pain-relief","8":"product_cat-schmerz-linderung","9":"product_tag-acetylfentanyl-kaufen","10":"product_tag-billige-fentanylpillen-online-kaufen","11":"product_tag-dosen-von-fentanyl-pflastern","12":"product_tag-dosierung-von-fentanyl","13":"product_tag-dosierung-von-fentanylpflastern","14":"product_tag-dosierungen-von-fentanylpflastern","15":"product_tag-erschwingliches-fentanyl-kaufen","16":"product_tag-fentanyl","17":"product_tag-fentanyl-kaufen","18":"product_tag-fentanyl-lollipop-australien-kaufen","19":"product_tag-fentanyl-lollipop-daenemark-kaufen","20":"product_tag-fentanyl-lollipop-deutschland-kaufen","21":"product_tag-fentanyl-lollipop-frankreich-kaufen","22":"product_tag-fentanyl-lollipop-italien-kaufen","23":"product_tag-fentanyl-lollipop-kanada-kaufen","24":"product_tag-fentanyl-lollipop-niederlande-kaufen","25":"product_tag-fentanyl-lollipop-norwegen-kaufen","26":"product_tag-fentanyl-lollipop-online-kaufen","27":"product_tag-fentanyl-lollipop-schweden-kaufen","28":"product_tag-fentanyl-lollipop-spanien-kaufen","29":"product_tag-fentanyl-nasenspray","30":"product_tag-fentanyl-online","31":"product_tag-fentanyl-pflaster","32":"product_tag-fentanyl-pflaster-12-mcg","33":"product_tag-fentanyl-pflaster-25-mcg","34":"product_tag-fentanyl-pflaster-25-mcg-strassenwert","35":"product_tag-fentanyl-pflaster-50-mcg","36":"product_tag-fentanyl-pflaster-75-mcg","37":"product_tag-fentanyl-schmerzmittel","38":"product_tag-fentanyl-stellt-den-strassenwert-wieder-her","39":"product_tag-fentanyl-stellt-die-staerken-wieder-her","40":"product_tag-fentanyl-transdermales-system","41":"product_tag-fentanyl-versandhandel","42":"product_tag-fentanyl-zum-verkauf","43":"product_tag-fentanyl-zum-verkauf-online","44":"product_tag-fentanyl-zur-schmerzlinderung-online-kaufen","45":"product_tag-fentanyl-ampullen-zum-verkauf-online","46":"product_tag-fentanyl-inhalator","47":"product_tag-fentanyl-injektion","48":"product_tag-fentanyl-lutscher","49":"product_tag-fentanyl-lutscher-zum-verkauf","50":"product_tag-fentanyl-medikamente","51":"product_tag-fentanyl-pflaster-zum-verkauf-online","52":"product_tag-fentanyl-pillen","53":"product_tag-fentanyl-pillen-zum-verkauf-online","54":"product_tag-fentanyl-pulver","55":"product_tag-fentanyl-pulver-bestellen","56":"product_tag-fentanyl-tabletten","57":"product_tag-fentanyl-transdermales-pflaster","58":"product_tag-fentanylampullen-online-kaufen","59":"product_tag-fentanylcitrat","60":"product_tag-fentanylcitrat-zum-verkauf-online","61":"product_tag-fentanylcitrat-injektion","62":"product_tag-fluessiges-fentanyl","63":"product_tag-furanyl-fentanyl","64":"product_tag-guenstige-fentanylpillen-zum-verkauf-online","65":"product_tag-hochwertiges-fentanylpulver-zum-verkauf-online","66":"product_tag-hohes-fentanylpflaster","67":"product_tag-kaufen-fentanyl-lollipop-guenstig-online-kaufen","68":"product_tag-kaufen-sie-fentanyl-lollipop-uk","69":"product_tag-kaufen-sie-fentanyl-lollipop-usa","70":"product_tag-kaufen-sie-fentanyl-online","71":"product_tag-kaufen-sie-fentanyl-pain-relief-patches-online-guenstigen-preis","72":"product_tag-kaufen-sie-fentanylpflaster-online","73":"product_tag-kaufen-sie-fentanylpulver","74":"product_tag-kaufen-sie-fentanylpulver-online","75":"product_tag-kaufen-sie-hochwertige-fentanylpflaster-online","76":"product_tag-kosten-fuer-fentanyl-pflaster","77":"product_tag-marken-von-fentanylpflastern","78":"product_tag-online-apotheke-fuer-fentanyl-pflaster","79":"product_tag-orales-fentanyl","80":"product_tag-platzierung-von-fentanyl-pflastern","81":"product_tag-sandoz-fentanyl","82":"product_tag-schmerzmittel-fentanyl","83":"product_tag-schmerzpflaster-fentanyl-dosierung","84":"product_tag-verfuegbare-dosen-von-fentanylpflaster","85":"product_tag-verschiedene-arten-von-fentanylpflastern","86":"product_tag-was-ist-ein-fentanylpflaster","87":"product_tag-was-ist-fentanyl","88":"product_tag-was-sind-fentanylpflaster","89":"product_tag-wie-man-fentanyl-online-kauft","90":"product_tag-wie-man-fentanyl-pflaster-auftraegt","91":"product_tag-wie-man-fentanyl-pflaster-bekommt","92":"product_tag-wie-stark-ist-fentanyl","93":"product_tag-wie-wirken-fentanylpflaster","94":"product_tag-wo-kauft-man-fentanyl","95":"product_tag-wo-kauft-man-fentanyl-online","96":"product_tag-wo-klebt-man-am-besten-ein-fentanylpflaster","97":"product_tag-wo-wendet-man-fentanylpflaster-an","98":"product_tag-wofuer-wird-fentanyl-verwendet","100":"first","101":"instock","102":"sale","103":"featured","104":"shipping-taxable","105":"purchasable","106":"product-type-variable","107":"has-default-attributes"},"_links":{"self":[{"href":"https:\/\/www.medsconsulting.com\/de\/wp-json\/wp\/v2\/product\/1634","targetHints":{"allow":["GET"]}}],"collection":[{"href":"https:\/\/www.medsconsulting.com\/de\/wp-json\/wp\/v2\/product"}],"about":[{"href":"https:\/\/www.medsconsulting.com\/de\/wp-json\/wp\/v2\/types\/product"}],"replies":[{"embeddable":true,"href":"https:\/\/www.medsconsulting.com\/de\/wp-json\/wp\/v2\/comments?post=1634"}],"wp:featuredmedia":[{"embeddable":true,"href":"https:\/\/www.medsconsulting.com\/de\/wp-json\/wp\/v2\/media\/2017"}],"wp:attachment":[{"href":"https:\/\/www.medsconsulting.com\/de\/wp-json\/wp\/v2\/media?parent=1634"}],"wp:term":[{"taxonomy":"product_cat","embeddable":true,"href":"https:\/\/www.medsconsulting.com\/de\/wp-json\/wp\/v2\/product_cat?post=1634"},{"taxonomy":"product_tag","embeddable":true,"href":"https:\/\/www.medsconsulting.com\/de\/wp-json\/wp\/v2\/product_tag?post=1634"}],"curies":[{"name":"wp","href":"https:\/\/api.w.org\/{rel}","templated":true}]}}