{"id":1618,"date":"2020-10-24T19:17:49","date_gmt":"2020-10-24T19:17:49","guid":{"rendered":"https:\/\/www.medsconsulting.com\/de\/?post_type=product&#038;p=1618"},"modified":"2023-06-19T13:37:31","modified_gmt":"2023-06-19T13:37:31","slug":"tramadol-kaufen","status":"publish","type":"product","link":"https:\/\/www.medsconsulting.com\/de\/product\/schmerz-linderung\/tramadol-kaufen\/","title":{"rendered":"Tramadol kaufen"},"content":{"rendered":"<h2>Tramadol kaufen<\/h2>\n<p>Tramadol kaufen online ohne Rezept.<br \/>\nTramadol zum Verkauf online. Dies ist ein \u00a0Opioid-Medikament\u00a0das als\u00a0Schmerzmittel verwendet wird. Tramadol wird wie viele andere <a href=\"https:\/\/www.medsconsulting.com\/de\/product-category\/stimulanzien\/\">Opioide<\/a> aus dem nat\u00fcrlich vorkommenden Schlafmohn gewonnen. Es wird nicht direkt aus dem Mohn extrahiert, sondern durch Synthese verschiedener Verbindungen, die im Schlafmohn vorhanden sind. Der Vorteil von Opioiden besteht darin, dass sie im Vergleich zu anderen Medikamenten viel st\u00e4rkere Schmerzmittel sind und ihre Wirkung viel l\u00e4nger anh\u00e4lt. Tramadol kaufen<\/p>\n<p>&nbsp;<\/p>\n<h2>Wo Tramadol zu kaufen ist und wie Tramadol wirkt<\/h2>\n<p>Tramadol online. Der Vorteil der Verwendung ist, dass seine Wirkung im Vergleich zu vielen anderen Schmerzmitteln viel l\u00e4nger anh\u00e4lt. Aufgrund dieser langsamen Absorption wirkt es stundenlang und seine Wirkung kann bei manchen Menschen bis zu 12 Stunden anhalten. Tramadol wirkt im Wesentlichen im Gehirn, wo es die Schmerzrezeptoren abschaltet, die das Schmerzgef\u00fchl hervorrufen.<\/p>\n<p>&nbsp;<\/p>\n<h2>Verwendung von Tramadol<\/h2>\n<p>Es hilft, diese Schmerzen f\u00fcr l\u00e4ngere Zeit ohne zus\u00e4tzliche Medikamente einzud\u00e4mmen.<\/p>\n<h2>Tramadol-Dosis<\/h2>\n<p>Die Dosierung ist sehr unterschiedlich. Es gibt keine genaue Dosierung daf\u00fcr. Die meisten Menschen nehmen es einmal und warten danach, bis die Wirkung des Medikaments nachl\u00e4sst, und wenn die Wirkung nachl\u00e4sst, nehmen die Menschen zu diesem Zeitpunkt die zweite Dosis ein.<\/p>\n<h2><strong>Vorsichtsma\u00dfnahmen bei der Einnahme von Tramadol<\/strong><\/h2>\n<p>Abgesehen davon kann die Kombination mit Alkohol wirklich\u00a0gesundheitssch\u00e4dlich sein. Eine schwangere und stillende Frau sollte es vermeiden, da es das Wachstum ihrer Kinder behindern k\u00f6nnte.<\/p>\n<h3>M\u00f6gliche Nebenwirkungen von Tramadol und wie man Tramadol kauft<\/h3>\n<p>Sie sind wirklich starke Medikamente und w\u00e4hrend der Einnahme sollte man versuchen, sich gesund zu ern\u00e4hren. Versuchen Sie also immer, es in der richtigen Menge zur richtigen Zeit einzunehmen.<\/p>\n<h2>Tramadol kaufen<\/h2>\n<p>Sie k\u00f6nnen Tramadol (Ultram) ohne Rezept sicher und sicher online kaufen. Die Produkte sind von bester Qualit\u00e4t und zu etwa 98,98 % rein und von der FDA zugelassen. Die Verpackung ist sicher und der Versand ist 100% diskret und die Lieferung erfolgt sehr schnell. Wir versenden vorerst mit DHL, FedEx und UPS. Kaufen Sie Tramadol(Ultram) hier online.<\/p>\n<p>&nbsp;<\/p>\n<p>&nbsp;<\/p>\n","protected":false},"excerpt":{"rendered":"<p>Tramadol ist eines der st\u00e4rksten Schmerzmittel, das aus nat\u00fcrlichen Inhaltsstoffen gewonnen wurde. Tramadol wird im Wesentlichen aus dem Schlafmohn gewonnen. Es hat viele Eigenschaften des Schlafmohns in sich und eine davon ist die St\u00e4rke, mit der es den Schmerz abwehrt.<\/p>\n","protected":false},"featured_media":1627,"comment_status":"open","ping_status":"closed","template":"","meta":[],"product_cat":[242],"product_tag":[2672,2645,2647,2646,1765,2648,2674,2666,2665,2667,2668,2650,2649,2651,2652,2671,2654,2656,2657,2673,2655,2658,2660,2685,2662,2659,2681,2663,698,2664,2683,2661,2682,2684,2676,2675,2677,2680,2678,2679,2686,2644,2669,2670,2688,2689,2690,2687,2691,2653],"class_list":{"0":"post-1618","1":"product","2":"type-product","3":"status-publish","4":"has-post-thumbnail","6":"product_brand-pain-relief","7":"product_cat-schmerz-linderung","8":"product_tag-bestellen-sie-tramadol","9":"product_tag-billige-medikamente-online-ohne-rezept-zu-kaufen","10":"product_tag-billige-tramadol-tabletten-online-zu-kaufen","11":"product_tag-billiges-tramadol-fuer-den-fabrikgebrauch-zu-kaufen","12":"product_tag-der-beste-ort","13":"product_tag-generisches-tramadol-zu-kaufen","14":"product_tag-hochwertiges-tramadol-zum-verkauf","15":"product_tag-kaufen-sie-tramadol-pillen-in-grossbritannien","16":"product_tag-kaufen-sie-tramadol-pillen-online","17":"product_tag-kaufen-sie-tramadol-tabletten-online","18":"product_tag-kaufen-sie-tramadolbelgien","19":"product_tag-legitimes-tramadol-online-zu-kaufen","20":"product_tag-legitimes-tramadol-zu-kaufen","21":"product_tag-methadon-10mg-online-zu-kaufen","22":"product_tag-methadon-online-zu-kaufen","23":"product_tag-online-zum-verkauf","24":"product_tag-oxycontin-ohne-rezept-kaufen","25":"product_tag-panadol-ultra-tabletten-kaufen","26":"product_tag-percocet-pillen-online-kaufen","27":"product_tag-reines-tramadol-online","28":"product_tag-schmerzmittel-online-kaufen","29":"product_tag-suboxone-8mg-online-kaufen","30":"product_tag-tramadol-30mg-kaufen","31":"product_tag-tramadol-grosshandel","32":"product_tag-tramadol-guenstig-kaufen","33":"product_tag-tramadol-kaufen","34":"product_tag-tramadol-lieferanten","35":"product_tag-tramadol-niederlande-kaufen","36":"product_tag-tramadol-online","37":"product_tag-tramadol-online-kaufen","38":"product_tag-tramadol-online-zu-kaufen","39":"product_tag-tramadol-oesterreich-kaufen","40":"product_tag-tramadol-tabletten-zu-verkaufen","41":"product_tag-tramadol-zu-kaufen","42":"product_tag-tramadol-zum-verkauf","43":"product_tag-tramadol-medikament-zum-verkauf","44":"product_tag-tramadol-online-shop","45":"product_tag-tramadol-pillen-wo-zu-kaufen","46":"product_tag-tramadol-pillen-zum-verkauf","47":"product_tag-tramadol-pillen-zum-verkauf-online","48":"product_tag-tramadoltabletten","49":"product_tag-um-tramadol-online-zu-kaufen","50":"product_tag-wie-kaufen-sie-billiges-tramadol-online","51":"product_tag-wie-kaufen-sie-tramadol-tabletten-online","52":"product_tag-wo-kann-ich-guenstige-tramadol-tablette-online-kaufen","53":"product_tag-wo-kann-ich-tramadol-kaufen","54":"product_tag-wo-kann-ich-tramadol-kaufen-fuer-den-persoenlichen-gebrauch","55":"product_tag-wo-kann-ich-tramadol-tablette-kaufen","56":"product_tag-wo-kann-man-tramadol-online-kaufen-usa","57":"product_tag-zu-kaufen-online-medikamente-guenstig-kaufen","59":"first","60":"instock","61":"shipping-taxable","62":"purchasable","63":"product-type-variable","64":"has-default-attributes"},"_links":{"self":[{"href":"https:\/\/www.medsconsulting.com\/de\/wp-json\/wp\/v2\/product\/1618","targetHints":{"allow":["GET"]}}],"collection":[{"href":"https:\/\/www.medsconsulting.com\/de\/wp-json\/wp\/v2\/product"}],"about":[{"href":"https:\/\/www.medsconsulting.com\/de\/wp-json\/wp\/v2\/types\/product"}],"replies":[{"embeddable":true,"href":"https:\/\/www.medsconsulting.com\/de\/wp-json\/wp\/v2\/comments?post=1618"}],"wp:featuredmedia":[{"embeddable":true,"href":"https:\/\/www.medsconsulting.com\/de\/wp-json\/wp\/v2\/media\/1627"}],"wp:attachment":[{"href":"https:\/\/www.medsconsulting.com\/de\/wp-json\/wp\/v2\/media?parent=1618"}],"wp:term":[{"taxonomy":"product_cat","embeddable":true,"href":"https:\/\/www.medsconsulting.com\/de\/wp-json\/wp\/v2\/product_cat?post=1618"},{"taxonomy":"product_tag","embeddable":true,"href":"https:\/\/www.medsconsulting.com\/de\/wp-json\/wp\/v2\/product_tag?post=1618"}],"curies":[{"name":"wp","href":"https:\/\/api.w.org\/{rel}","templated":true}]}}