{"id":1587,"date":"2020-10-24T02:24:36","date_gmt":"2020-10-24T02:24:36","guid":{"rendered":"https:\/\/www.medsconsulting.com\/de\/?post_type=product&#038;p=1587"},"modified":"2026-02-02T15:49:31","modified_gmt":"2026-02-02T15:49:31","slug":"amphetamin-kaufen","status":"publish","type":"product","link":"https:\/\/www.medsconsulting.com\/de\/product\/stimulanzien\/amphetamin-kaufen\/","title":{"rendered":"Amphetamin kaufen"},"content":{"rendered":"<h2>Amphetamin online kaufen<\/h2>\n<p>Kaufen Sie Amphetamin online, um das Zentralnervensystem zu stimulieren, indem es auf Substanzen in Ihrem Gehirn und Ihren Nervenzellen einwirkt, zur Hyperaktivit\u00e4t des K\u00f6rpers beitr\u00e4gt, den Wunsch nach Kommunikation erh\u00f6ht und nicht ins Bett gehen m\u00f6chte. Wir liefern nur das reinste Produkt, Sie k\u00f6nnen sicher sein, dass Ihr K\u00f6rper keine \u00fcberm\u00e4\u00dfigen Verunreinigungen bekommt, und Sie k\u00f6nnen die Wirkung dieses Produkts ohne negative Folgen voll genie\u00dfen. &#8211; Holen Sie sich Amphetamine online in unserem Online-Shop ohne Rezept eines zugelassenen Arztes.<\/p>\n<p>&nbsp;<\/p>\n<h2>Was ist Amphetamin?<\/h2>\n<p>Dar\u00fcber hinaus ist es ein starkes Stimulans f\u00fcr das zentrale Nervensystem, das Chemikalien im Gehirn und in den Nerven beeinflusst, die zu Hyperaktivit\u00e4t und Impulskontrolle beitragen. Amphetamin wurde erstmals in den fr\u00fchen 1900er Jahren entwickelt und wird heute als racemische Mischung aus gleichen Teilen Levomethamphetamin&lt;\/ a&gt; und Dextro-Methamphetamin. Aufgrund gesetzlicher Beschr\u00e4nkungen dient dieses Produkt nur zu Forschungszwecken. Nur in einigen L\u00e4ndern legal. Nicht zum Verkauf oder zur Anwendung beim Menschen. Wichtiger Hinweis: Im Februar 2014 nannten die Vereinten Nationen Amphetamin neben Ephedrin und Pseudoephedrin ausdr\u00fccklich als einen der drei Vorl\u00e4ufer international gelisteter Bet\u00e4ubungsmittel<\/p>\n<h3>Warum bei Meds Consulting kaufen?<\/h3>\n<p>Kaufen Sie auch Amphetamine online, die beste Methode, um Amphetamine online zu bekommen. Daher ist es unsere Mission, einen zug\u00e4nglichen Einstiegspunkt zu bieten, um Amphetamine online zu den besten Preisen zu kaufen. Kaufen Sie Onli<a href=\"https:\/\/www.euthanasiagroup.com\/product\/buy-nembutal-online\/buy-nembutal-pills\/\" target=\"_blank\" rel=\"noopener\">n<\/a> mit garantierter Zufriedenheit!<\/p>\n<p>&nbsp;<\/p>\n","protected":false},"excerpt":{"rendered":"<p>Amphetamin stimuliert das Zentralnervensystem, indem es auf Substanzen in Ihrem Gehirn und Ihren Nervenzellen einwirkt, zur Hyperaktivit\u00e4t des K\u00f6rpers beitr\u00e4gt, den Wunsch nach Kommunikation erh\u00f6ht und nicht ins Bett gehen m\u00f6chte.<\/p>\n","protected":false},"featured_media":1593,"comment_status":"open","ping_status":"closed","template":"","meta":[],"product_cat":[218],"product_tag":[1324,2716,1338,2714,2715,1328,2730,1323,1336,2705,2710,1345,1326,2721,1365,1353,2725,1363,1368,1362,1367,1364,1371,1369,1366,1359,1372,2717,1351,2726,1327,2713,2711,1333,2707,1334,2712,2719,1373,2709,2720,1350,2728,2727,2731,2729,2706,2722,1346,2723,1358,1355,2718,2708,1332,2703,1250,1442,1390,1231,1232,1235,1236,1266,1234,1274,2724,1349,1347,2733,1445,1340,1298,1249,1325,1356,1354,2704,1289,1258,1239,1456,1435,1389,1391,1402,1413,1408,1393,1403,1382,1343,2737,2734,2735,2736,1281,1282,1315,1317,1316,1312,1320,1318,1314,1319,1304,1301,1283,2738,1303,1287,2741,1374,1375,1379,1417,2740,2739,1416,1424,1422,1418,1423,1419,1378,1415,1399,1397,2742,1412,1407,1405,1400,1398,1376,1380,1411,1404,1427,1428,1432,1430,1469,1473,1472,1468,1476,1474,1470,1475,1471,1431,1459,1452,1450,2743,1458,2744,1453,1429,1433,2745,1467,1466,1457,1434,2746,1238,2732,1329,1330,1381,1299,1246,1252,1335,1243,1344,1395,1448,1443,1384,1247,1331,1341,2747,1461,1441,1465,1444,1455,2751,2749,2755,2753,2754,2748,2752,2750],"class_list":{"0":"post-1587","1":"product","2":"type-product","3":"status-publish","4":"has-post-thumbnail","6":"product_brand-others","7":"product_cat-stimulanzien","8":"product_tag-amphetamin-30mg-kaufen","9":"product_tag-amphetamin-amphetamin-huwaii-kaufen","10":"product_tag-amphetamin-bestellen","11":"product_tag-amphetamin-bestellen-de","12":"product_tag-amphetamin-fuer-den-persoenlichen-gebrauch-fabrik-kaufen","13":"product_tag-amphetamin-gunstig-online-kaufen","14":"product_tag-amphetamin-guenstig-online-kaufen-vereinigte-arabische-emirate","15":"product_tag-amphetamin-kaufen","16":"product_tag-amphetamin-komprimiert-online-kaufen","17":"product_tag-amphetamin-komprimiert-online-zu-kaufen","18":"product_tag-amphetamin-komprimiert-online-zu-verkaufen","19":"product_tag-amphetamin-online","20":"product_tag-amphetamin-online-kaufen","21":"product_tag-amphetamin-online-kaufen-amphetamin-online-kaufen-schweden","22":"product_tag-amphetamin-online-kaufen-danemark","23":"product_tag-amphetamin-online-kaufen-deutschland","24":"product_tag-amphetamin-online-kaufen-dutslan","25":"product_tag-amphetamin-online-kaufen-holland","26":"product_tag-amphetamin-online-kaufen-huwaii","27":"product_tag-amphetamin-online-kaufen-indien","28":"product_tag-amphetamin-online-kaufen-kalifornien","29":"product_tag-amphetamin-online-kaufen-norwegen","30":"product_tag-amphetamin-online-kaufen-polen","31":"product_tag-amphetamin-online-kaufen-portugal","32":"product_tag-amphetamin-online-kaufen-russland","33":"product_tag-amphetamin-online-kaufen-schweden","34":"product_tag-amphetamin-online-kaufen-spanien","35":"product_tag-amphetamin-online-kaufen-tschechien","36":"product_tag-amphetamin-online-kaufen-usa","37":"product_tag-amphetamin-online-kaufen-vereinigte-staaten","38":"product_tag-amphetamin-osterreich-kaufen","39":"product_tag-amphetamin-tabletten-online-zu-verkaufen-kanada","40":"product_tag-amphetamin-tabletten-zu-verkaufen","41":"product_tag-amphetamin-verkaufen","42":"product_tag-amphetamin-verkauft","43":"product_tag-amphetamin-zu-verkaufen","44":"product_tag-amphetamin-zu-verkaufen-kaufen-portugal","45":"product_tag-amphetamin-zu-verkaufen-n","46":"product_tag-amphetamin-zu-verkaufen-portugal","47":"product_tag-amphetamin-zu-verkaufen-spanien","48":"product_tag-amphetamin-zum-gebrauch-kaufen-fabrik","49":"product_tag-amphetamin-zum-verkauf","50":"product_tag-amphetamin-pillen-kaufen-uk","51":"product_tag-amphetamin-pillen-online-kaufen-spanien","52":"product_tag-amphetamin-tabletten-guenstig-online-kaufen","53":"product_tag-amphetamin-tabletten-kaufen","54":"product_tag-amphetaminlieferanten","55":"product_tag-amphetaminpillen-kaufen-grossbritannien","56":"product_tag-amphetamintabletten-kaufen","57":"product_tag-amphetamintabletten-online-kaufen","58":"product_tag-amphetamintabletten-online-kaufen-kanada","59":"product_tag-amphetamintabletten-online-kaufen-spanien","60":"product_tag-amphetamintabletten-online-zu-verkaufen-kanada","61":"product_tag-amphetamintabletten-zu-verkaufen","62":"product_tag-amphetamintabletten-zum-verkauf","63":"product_tag-amphetamintabletten-zum-verkauf-online-kanada","64":"product_tag-anywhere-to-buy-lexoamphetamine-online","65":"product_tag-bestalla-amfetamin","66":"product_tag-bestille-amfetamin","67":"product_tag-buy-amphetamine","68":"product_tag-buy-amphetamine-30mg","69":"product_tag-buy-amphetamine-austria","70":"product_tag-buy-amphetamine-cheap-online","71":"product_tag-buy-amphetamine-for-use-factory","72":"product_tag-buy-amphetamine-online","73":"product_tag-buy-amphetamine-online-california","74":"product_tag-buy-amphetamine-online-tschechien","75":"product_tag-dexedrin-kaufen","76":"product_tag-dexedrin-online-kaufen","77":"product_tag-dextroamf-etamin-tabletter-a-kjope","78":"product_tag-dextroamfetamin-tabletter-att-kopa","79":"product_tag-dextroamphetamin-tabletten-zu-kaufen","80":"product_tag-dextroamphetamine-tablets-te-keapjen","81":"product_tag-dextroamphetamine-tablets-to-buy","82":"product_tag-generisches-amphetamin-kaufen","83":"product_tag-gunstig-amphetamin-online-kaufen-unit-ed-arabische-emirate","84":"product_tag-gunstig-amphetamintabletten-online-kaufen","85":"product_tag-hochwertiges-amphetamin-zum-verkauf","86":"product_tag-hoe-te-keapjen-goedkeape-amfetamine","87":"product_tag-how-to-buy-amphetamine-tablet-online","88":"product_tag-how-to-buy-cheap-amphetamine","89":"product_tag-hur-man-koper-amfetamin-tablett-online","90":"product_tag-hur-man-koper-billiga-amfetamin","91":"product_tag-hvor-a-kjope-amfetamin","92":"product_tag-hvor-a-kjope-amfetamin-komprimert","93":"product_tag-hvor-du-kan-kjope-amfetamin-online-i-usa","94":"product_tag-hvor-du-kan-kjope-amfetamin-til-personlig-bruk-italia","95":"product_tag-hvor-kan-jeg-kjope-billige-amfetamin-tabletter-pa-nettet-frankrike","96":"product_tag-hvor-som-helst-a-kjope-lexoamphetamine-online","97":"product_tag-hvordan-du-kan-kjope-amfetamin-pa-nett","98":"product_tag-hvordan-du-kan-kjope-billige-amfetamin","99":"product_tag-kaufen-amphetamin-online","100":"product_tag-keap-je-amfetamine-online-denemarken","101":"product_tag-keapje-amfetamin-eastenryk","102":"product_tag-keapje-amfetamin-goedkeap-online","103":"product_tag-keapje-amfetamin-online","104":"product_tag-keapje-amfetamine","105":"product_tag-keapje-amfetamine-30mg","106":"product_tag-keapje-amfetamine-online-feriene-steaten","107":"product_tag-keapje-amfetamine-online-huwaii","108":"product_tag-keapje-amfetamine-online-kalifornje","109":"product_tag-keapje-amfetamine-online-noarwegen","110":"product_tag-keapje-amfetamine-online-poalen","111":"product_tag-keapje-amfetamine-online-portugal","112":"product_tag-keapje-amfetamine-online-ruslan","113":"product_tag-keapje-amfetamine-online-tsjechysk","114":"product_tag-keapje-amphetamine-pillen-online-spanje","115":"product_tag-keapje-amphetamine-online","116":"product_tag-keapje-generyk-amfetamine","117":"product_tag-keapje-goedkeap-amphetamine-online-unit-ed-arabyske-emirates","118":"product_tag-keapje-goedkeape-amphetamine-tablets-online","119":"product_tag-keapje-juridysk-amfetamine-online","120":"product_tag-kjop-amfeta-min-pa-nettet-huwaii","121":"product_tag-kjop-amfetamin","122":"product_tag-kjop-amfetamin-30-mg","123":"product_tag-kjop-amfetamin-billig-pa-nettet","124":"product_tag-kjop-amfetamin-online-danmark","125":"product_tag-kjop-amfetamin-online-in-indien","126":"product_tag-kjop-amfetamin-online-kjop-amfetamin-online-kalifornien","127":"product_tag-kjop-amfetamin-online-norge","128":"product_tag-kjop-amfetamin-online-polen","129":"product_tag-kjop-amfetamin-online-portugal","130":"product_tag-kjop-amfetamin-online-russland","131":"product_tag-kjop-amfetamin-online-tsjekkisk","132":"product_tag-kjop-amfetamin-online-usa","133":"product_tag-kjop-amfetamin-osterrike","134":"product_tag-kjop-amfetamin-pa-nettet-holland","135":"product_tag-kjop-amfetamin-piller-i-storbritannia","136":"product_tag-kjop-amfetamin-tabletter","137":"product_tag-kjop-amfetamin-tabletter-online-spania","138":"product_tag-kjop-amfetamin-til-bruk-factory","139":"product_tag-kjop-billige-amfetamin-online-enhet-ed-de-arabiske-emirater","140":"product_tag-kjop-billige-amfetamin-tabletter-online","141":"product_tag-kjop-deksedrin","142":"product_tag-kjop-deksedrin-online","143":"product_tag-kjop-generisk-amfetamin","144":"product_tag-kjop-juridisk-amfetamin-pa-nettet","145":"product_tag-kjop-sverige","146":"product_tag-kjope-amfetamin-online-tyskland","147":"product_tag-kop-amfetamin","148":"product_tag-kop-amfetamin-30-mg","149":"product_tag-kop-amfetamin-billigt-online","150":"product_tag-kop-amfetamin-online","151":"product_tag-kop-amfetamin-online-danmark","152":"product_tag-kop-amfetamin-online-huwaii","153":"product_tag-kop-amfetamin-online-kalifornien","154":"product_tag-kop-amfetamin-online-norge","155":"product_tag-kop-amfetamin-online-polen","156":"product_tag-kop-amfetamin-online-portugal","157":"product_tag-kop-amfetamin-online-ryssland","158":"product_tag-kop-amfetamin-online-tjeckien","159":"product_tag-kop-amfetamin-online-usa","160":"product_tag-kop-amfetamin-osterrike","161":"product_tag-kop-amfetamin-piller-online-spanien","162":"product_tag-kop-amfetamin-piller-storbritannien","163":"product_tag-kop-amfetamin-tabletter","164":"product_tag-koep-billiga-amfetamin-online-enhet-ed-arabische-emirate","165":"product_tag-kop-billiga-amfetamin-tabletter-online","166":"product_tag-koep-dex-edrine-online","167":"product_tag-kop-dexedrine","168":"product_tag-kop-generiskt-amfetamin","169":"product_tag-kop-juridiskt-amfetamin-online","170":"product_tag-koepa-amfetamin-fuer-anvaendning-factory","171":"product_tag-kopa-amfetamin-online-holland","172":"product_tag-kopa-amfetamin-online-indien","173":"product_tag-koper-amfetamin-online-tyskland","174":"product_tag-lagligt-amfetamin-till-salu-online","175":"product_tag-legal-amfetamine-te-keap-online","176":"product_tag-legal-amphetamine-for-sale-online","177":"product_tag-legal-kaufen-amphetamine-online","178":"product_tag-legales-amphetamin-online-kaufen","179":"product_tag-legales-amphetamin-online-zum-verkauf","180":"product_tag-lovlig-amfetamin-til-salgs-pa-nettet","181":"product_tag-oeral-om-lexoamphetamine-online-te-keapjen","182":"product_tag-order-amphetamine","183":"product_tag-pure-amphetamine-online","184":"product_tag-qualitat-amphetamin-zu-verkaufen","185":"product_tag-quality-amphetamine-to-sell","186":"product_tag-reines-amphetamin-online","187":"product_tag-ren-amfetamin-online","188":"product_tag-ren-amfetamin-pa-natet","189":"product_tag-salja-amfetamin","190":"product_tag-selge-amfetamin","191":"product_tag-sell-amphetamine","192":"product_tag-so-kaufen-sie-gunstiges-amphetamin","193":"product_tag-uberall-lexoamphetamin-online-kaufen","194":"product_tag-var-jederzeit-lexoamphetamin-online-kaufen","195":"product_tag-var-kan-man-kopa-billiga-amfetamintabletter-pa-natet-frankrike","196":"product_tag-var-man-kan-kopa-amfetamin","197":"product_tag-var-man-kan-kopa-amfetamin-for-personligt-bruk-italien","198":"product_tag-var-man-kan-kopa-amfetamin-komprimerat","199":"product_tag-var-man-kan-kopa-amfetamin-online-usa","200":"product_tag-wo-amphetamin-fuer-den-persoenlichen-gebrauch-kaufen-italien","201":"product_tag-wo-amphetamin-kaufen","202":"product_tag-wo-amphetamin-kaufen-dose-wo-man-amphetamin-kaufen-kann-komprimiert","203":"product_tag-wo-amphetamin-online-kaufen-usa","204":"product_tag-wo-billig-amphetamin-tabletten-online-kaufen-frankreich","205":"product_tag-wo-billige-amphetamintabletten-online-kaufen-frankreich","206":"product_tag-wo-kaufen-amphetamin-fuer-den-persoenlichen-gebrauch-italien","207":"product_tag-wo-komprimiertes-amphetamin-kaufen","209":"first","210":"instock","211":"shipping-taxable","212":"purchasable","213":"product-type-variable","214":"has-default-attributes"},"_links":{"self":[{"href":"https:\/\/www.medsconsulting.com\/de\/wp-json\/wp\/v2\/product\/1587","targetHints":{"allow":["GET"]}}],"collection":[{"href":"https:\/\/www.medsconsulting.com\/de\/wp-json\/wp\/v2\/product"}],"about":[{"href":"https:\/\/www.medsconsulting.com\/de\/wp-json\/wp\/v2\/types\/product"}],"replies":[{"embeddable":true,"href":"https:\/\/www.medsconsulting.com\/de\/wp-json\/wp\/v2\/comments?post=1587"}],"wp:featuredmedia":[{"embeddable":true,"href":"https:\/\/www.medsconsulting.com\/de\/wp-json\/wp\/v2\/media\/1593"}],"wp:attachment":[{"href":"https:\/\/www.medsconsulting.com\/de\/wp-json\/wp\/v2\/media?parent=1587"}],"wp:term":[{"taxonomy":"product_cat","embeddable":true,"href":"https:\/\/www.medsconsulting.com\/de\/wp-json\/wp\/v2\/product_cat?post=1587"},{"taxonomy":"product_tag","embeddable":true,"href":"https:\/\/www.medsconsulting.com\/de\/wp-json\/wp\/v2\/product_tag?post=1587"}],"curies":[{"name":"wp","href":"https:\/\/api.w.org\/{rel}","templated":true}]}}