{"id":1572,"date":"2020-10-24T01:39:42","date_gmt":"2020-10-24T01:39:42","guid":{"rendered":"https:\/\/www.medsconsulting.com\/de\/?post_type=product&#038;p=1572"},"modified":"2023-06-19T11:30:14","modified_gmt":"2023-06-19T11:30:14","slug":"kaufen-mdma-kristall","status":"publish","type":"product","link":"https:\/\/www.medsconsulting.com\/de\/product\/andere\/kaufen-mdma-kristall\/","title":{"rendered":"Kaufen MDMA-Kristall"},"content":{"rendered":"<h2>Kaufen MDMA-Kristall online<\/h2>\n<p>Kaufen Sie MDMA-Kristall online. Der Versand ist 100 % sicher und garantiert mit p\u00fcnktlicher Lieferung durch Experten. Im Jahr 1912 wurde <a href=\"https:\/\/www.medsconsulting.com\/de\/product\/andere\/kaufen-mdma-online\/\">MDMA<\/a> erstmals von einem deutschen Unternehmen beschafft und sollte als Appetitz\u00fcgler eingesetzt werden. Seit MDMA in den 1980er Jahren junge Menschen erreichte, ist es dank seiner Eigenschaften wie gesteigerter Energie, sexuellem Verlangen, Stimmungsaufhellung und Liebe zur Welt auf der ganzen Welt beliebt geworden. Aus MDMA wird jedermanns Lieblings-Ecstasy hergestellt. Wenn Sie also das pure, vollkommene Vergn\u00fcgen der Ecstasy-Einnahme erleben m\u00f6chten, sind diese MDMA-Kristalle genau das Richtige f\u00fcr Sie als je zuvor.<\/p>\n<p>&nbsp;<\/p>\n<h2>Was ist MDMA?<\/h2>\n<p>Kristall-MDMA ist kristallisiertes Methylendioxymethamphetamin, ein alternativer chemischer Name: 3,4-Methylendioxymethamphetamin. eines der wirksamsten Medikamente zur sexuellen Stimulation. Chemikalien auf der Basis von mikstoterapevticheskoj MDE abgeleitete neue Substanz, die viel st\u00e4rker ist als MDA und MDMA mikstochetka. Die ersten wissenschaftlichen Studien zu MDMA wurden 1912 durchgef\u00fchrt, seine <a href=\"https:\/\/www.euthanasiagroup.com\/de\/produkte\/\" target=\"_blank\" rel=\"noopener\">pharmakologischen<\/a> Eigenschaften wurden jedoch erst 1974 untersucht. Der MDMA-Kristall ist die weltweit gr\u00f6\u00dfte psychoaktive Droge mit Doppelwirkung. Sein Einfluss auf die Wahrnehmung, das Selbstbewusstsein, die Emotionen und die Umgebung ist tiefgreifend, wenn es in einer angemessenen Umgebung und bei verantwortungsvollem Umgang konsumiert wird.<\/p>\n<p>&nbsp;<\/p>\n<p>Wir sind bestrebt, Kunden weltweit bei ihren individuellen Bed\u00fcrfnissen durch einen umfassenden und professionellen Service zu unterst\u00fctzen. Wir genie\u00dfen bei unseren Gesch\u00e4ftspartnern und Kunden einen guten Ruf f\u00fcr qualitativ hochwertige Produkte, exzellenten Kundendienst, wettbewerbsf\u00e4hige Preise und schnellen Versand. Kaufen MDMA-Kristall<\/p>\n<pre><strong>Kaufen MDMA-Kristall g\u00fcnstig MDMA-Kristall<\/strong><\/pre>\n<p>Wir sind bestrebt, Kunden weltweit bei ihren individuellen Bed\u00fcrfnissen zu unterst\u00fctzen, indem wir ihnen umfassenden und professionellen Service bieten. Wir genie\u00dfen bei unseren Gesch\u00e4ftspartnern und Kunden einen guten Ruf f\u00fcr qualitativ hochwertige Produkte, exzellenten Kundendienst, wettbewerbsf\u00e4hige Preise und schnellen Versand.<\/p>\n<pre><strong>Kaufen MDMA-Kristall hochwertige MDMA-Kristalle<\/strong><\/pre>\n<p>Unsere Produkte sind 100 % rein und wir sind sehr g\u00fcnstig und zuverl\u00e4ssig. Unsere Lieferservices sind sehr schnell und diskret. Wir betreuen unsere Kunden mit Freude und Treue. Sie haben jetzt die beste Online-Website gefunden, auf der Sie Ihre Fentanyl-Produkte online kaufen k\u00f6nnen, ohne sich um Versand und Rezepte k\u00fcmmern zu m\u00fcssen. Wir verf\u00fcgen \u00fcber alle Beweise, die es Ihnen erleichtern, mit uns Gesch\u00e4fte zu machen. Unser Service und unser Produkt sind ausgezeichnet.ecstasydrogenprofil chemie physische form pharmakologie, pharmakologie synthese and vorl\u00e4ufer anwendung,\u00a0mdma ecstasydrogenprofil chemie physische Form,chemie physische form pharmakologie synthese,headline h<\/p>\n<p>&nbsp;<\/p>\n<h3>Kaufen MDMA-Kristall<\/h3>\n<p>MDMA g\u00fcnstig online kaufen, Amphetamin online bestellen, Dexedrin g\u00fcnstig online kaufen, Amphetamin online kaufen, Adderall online kaufen, Dextroamphetamin online kaufen, Amphetaminpulver online bestellen, Crystal Meth g\u00fcnstig online kaufen, Methylon g\u00fcnstig online kaufen, Methylon online kaufen, hochwertiges Amphetamin zum Online-Verkauf, MDPV zum Online-Verkauf, Methamphetamin online kaufen, g\u00fcnstiges Ritalin online kaufen, wo man Amphetamin zu einem erschwinglichen Preis kaufen kann, g\u00fcnstiges Levoamphetamin online kaufen, <a href=\"https:\/\/www.medsconsulting.com\/de\/product\/schmerz-linderung\/ritalin\/\">Ritalin<\/a> zum Online-Verkauf, <a href=\"https:\/\/www.medsconsulting.com\/de\/product\/stimulanzien\/adhd\/kaufen-sie-dexedrin-online\/\">Dextroamphetamin<\/a> zum Online-Verkauf, <a href=\"https:\/\/www.medsconsulting.com\/de\/product\/stimulanzien\/adhd\/adderall-kaufen\/\">Adderall<\/a> zum Online-Verkauf, Iboga-Pflanze zu verkaufen, Mephedron online bestellen, Methylon online kaufen,Kaufen MDMA-Kristall.<br \/>\nJwh online kaufen.<\/p>\n","protected":false},"excerpt":{"rendered":"<p>1912 wurde MDMA erstmals von einem deutschen Unternehmen bezogen und sollte als Mittel zur Unterdr\u00fcckung des Appetits verwendet werden.<\/p>\n","protected":false},"featured_media":2024,"comment_status":"open","ping_status":"closed","template":"","meta":[],"product_cat":[15],"product_tag":[3299,3300,3302,3165,3162,3167,3164,3166,3161,3163,3160,3304,224,3298,3301,3297,3303],"class_list":{"0":"post-1572","1":"product","2":"type-product","3":"status-publish","4":"has-post-thumbnail","6":"product_brand-others","7":"product_cat-andere","8":"product_tag-chemie-physische-form-pharmakologie-synthese","9":"product_tag-form-pharmakologie-synthese-and-vorlaeufer","10":"product_tag-foto-mdma-kristall-und-ecstasy","11":"product_tag-kaufen-sie-kristall-mdma-portugal","12":"product_tag-kaufen-sie-mdma","13":"product_tag-kaufen-sie-mdma-espanha","14":"product_tag-kaufen-sie-mdma-mexiko","15":"product_tag-kaufen-sie-mdma-online","16":"product_tag-kaufen-sie-mdma-portugal-kristall","17":"product_tag-kaufen-sie-mdma-spanien","18":"product_tag-kaufen-sie-mdma-kristall","19":"product_tag-lizenzfreies-foto-mdma-kristall-und","20":"product_tag-mdma","21":"product_tag-mdma-ecstasydrogenprofil-chemie-physische-form","22":"product_tag-namen-analyse-kontrollstatus","23":"product_tag-pharmakologie-synthese-and-vorlaeufer-anwendung","24":"product_tag-verticken-ketamin-und-crystal-meth","26":"first","27":"instock","28":"featured","29":"shipping-taxable","30":"purchasable","31":"product-type-variable","32":"has-default-attributes"},"_links":{"self":[{"href":"https:\/\/www.medsconsulting.com\/de\/wp-json\/wp\/v2\/product\/1572","targetHints":{"allow":["GET"]}}],"collection":[{"href":"https:\/\/www.medsconsulting.com\/de\/wp-json\/wp\/v2\/product"}],"about":[{"href":"https:\/\/www.medsconsulting.com\/de\/wp-json\/wp\/v2\/types\/product"}],"replies":[{"embeddable":true,"href":"https:\/\/www.medsconsulting.com\/de\/wp-json\/wp\/v2\/comments?post=1572"}],"wp:featuredmedia":[{"embeddable":true,"href":"https:\/\/www.medsconsulting.com\/de\/wp-json\/wp\/v2\/media\/2024"}],"wp:attachment":[{"href":"https:\/\/www.medsconsulting.com\/de\/wp-json\/wp\/v2\/media?parent=1572"}],"wp:term":[{"taxonomy":"product_cat","embeddable":true,"href":"https:\/\/www.medsconsulting.com\/de\/wp-json\/wp\/v2\/product_cat?post=1572"},{"taxonomy":"product_tag","embeddable":true,"href":"https:\/\/www.medsconsulting.com\/de\/wp-json\/wp\/v2\/product_tag?post=1572"}],"curies":[{"name":"wp","href":"https:\/\/api.w.org\/{rel}","templated":true}]}}