{"id":1484,"date":"2020-10-23T00:53:41","date_gmt":"2020-10-23T00:53:41","guid":{"rendered":"https:\/\/www.medsconsulting.com\/de\/?post_type=product&#038;p=1484"},"modified":"2024-01-21T17:57:33","modified_gmt":"2024-01-21T17:57:33","slug":"kaufen-mdma-pillen","status":"publish","type":"product","link":"https:\/\/www.medsconsulting.com\/de\/product\/andere\/kaufen-mdma-pillen\/","title":{"rendered":"Kaufen MDMA-Pillen (Ecstasy)"},"content":{"rendered":"<h1>Kaufen MDMA-Pillen<\/h1>\n<p>Kaufen MDMA-Pillen steht in unserem Ecstasy Online Shop zum Verkauf. <a href=\"https:\/\/www.medsconsulting.com\/de\/product\/andere\/kaufen-mdma-kristall\/\">MDMA<\/a> ist die reinste Form von Ecsschmeckend, die sehr stark ist und die volle Wirkung bis zu 100 % anh\u00e4lt 6 Stunden. Kaufen Sie legales MDMA ohne Rezept in unserem Shop.<\/p>\n<p>&nbsp;<\/p>\n<pre><strong>MDMA und Ecstasy<\/strong><\/pre>\n<p>Ist es gef\u00e4hrlich? Medizinische Verwendung von Ecstasy Ecstasy oder MDMA , ist eine Chemikalie, die sowohl als Stimulans als auch als Psychedelikum wirkt. Es erzeugt eine energetisierende Wirkung, offensichtliche Euphorie, erh\u00f6hte Gef\u00fchle von Empathie und Liebe und Verzerrungen in der Zeitwahrnehmung. MDMA erzeugt diese Effekte, indem es die Aktivit\u00e4t von drei Neurotransmittern erh\u00f6ht. Kaufen MDMA-Pillen (Ecstasy).<\/p>\n<p>&nbsp;<\/p>\n<h2>Was ist Ecstasy?<\/h2>\n<p>G\u00e4ngige oder Stra\u00dfennamen: MDMA, E, Adam, Beans, Candy, E-Bomb, Thizz, XTC, Clarity, Essence, Hug Drug, Love Drug, Molly, Rolls, Skittles, Sweets, Vitamin E oder X.<\/p>\n<p>MDMA ist eine illegale Droge, die sowohl als Stimulans als auch als Psychedelikum wirkt und eine energetisierende Wirkung sowie Zeit- und Wahrnehmungsverzerrungen und eine gesteigerte Freude an taktilen Erfahrungen hervorruft.<\/p>\n<pre><strong>MDMA-Geschichte<\/strong><\/pre>\n<p>MDMA wurde erstmals 1912 von einem deutschen Unternehmen synthetisiert, m\u00f6glicherweise um als Appetitz\u00fcgler verwendet zu werden. Es ist seit den 1980er Jahren als Stra\u00dfendroge erh\u00e4ltlich, und der Konsum eskalierte in den 1990er Jahren unter College-Studenten und jungen Erwachsenen. Dann wurde es am h\u00e4ufigsten auf Late-Night-Partys namens &#8222;Raves&#8220;, Nachtclubs und Rockkonzerten verteilt.<\/p>\n<p>&nbsp;<\/p>\n<pre><strong>Kaufen MDMA-Pillen (Ecstasy)<\/strong><\/pre>\n<p>&nbsp;<\/p>\n<p>MDMA g\u00fcnstig online kaufen, Ecstasy online bestellen, Ecstasy g\u00fcnstig online kaufen, Ecstasy online kaufen, Ecstasy online kaufen, Dextroamphetamin online kaufen, Amphetaminpulver online bestellen, Crystal Meth g\u00fcnstig online kaufen, Methylon g\u00fcnstig online kaufen, Methylon online kaufen, hochwertiges Amphetamin zum Online-Verkauf, MDPV zum Online-Verkauf, Methamphetamin online kaufen, g\u00fcnstiges.<\/p>\n<pre>Kaufen Sie andere Medikamente<\/pre>\n<p>Ritalin online kaufen, wo man Amphetamin zu einem erschwinglichen Preis kaufen kann, g\u00fcnstiges Levoamphetamin online kaufen, Ritalin zum Online-Verkauf, Dextroamphetamin zum Online-Verkauf, Adderall zum Online-Verkauf, Iboga-Pflanze zu verkaufen, Mephedron online bestellen, Methylon online kaufen,<br \/>\nJwh online kaufen, Natriumpentobarbital online kaufen\u201c<\/p>\n<pre><strong>Kaufen MDMA-Pillen (Ecstasy pillen)<\/strong><\/pre>\n<p>Die MDMA-Pillen sind 100 % rein und wir sind sehr erschwinglich und zuverl\u00e4ssig. Unsere Lieferservices sind sehr schnell und diskret. Wir betreuen unsere Kunden mit Freude und Loyalit\u00e4t. Sie haben jetzt die beste <a href=\"https:\/\/www.euthanasiagroup.com\/de\/\" target=\"_blank\" rel=\"noopener\">Online-Website<\/a> gefunden, auf der Sie Ihre Fentanyl-Produkte online kaufen k\u00f6nnen, ohne sich um Versand und Rezepte k\u00fcmmern zu m\u00fcssen. Wir verf\u00fcgen \u00fcber alle Beweise, um Ihnen die Gesch\u00e4ftsabwicklung mit uns zu erleichtern. Unser Service und unser Produkt sind ausgezeichnet.<\/p>\n<p>&nbsp;<\/p>\n<h3>Wie man MDMA online kauft<\/h3>\n<p>Als sich die Rave- und Clubszene auf Ballungsr\u00e4ume und Vorst\u00e4dte im ganzen Land ausdehnte, nahmen auch MDMA-Konsum und -Verbreitung zu. MDMA wird h\u00e4ufig in Kombination mit anderen Drogen verwendet. Heute wird die Droge immer noch von einer breiteren Gruppe von Menschen konsumiert, die sie eher Ecstasy oder Molly nennen. Die Reinheit von Ecstasy wird durch die Herstellung von Tabletten nicht gew\u00e4hrleistet. Die meisten Pillen enthalten jedoch Reinheitsgrade von \u00fcber 90 % MDMA.<\/p>\n<pre><strong>Kaufen MDMA<\/strong><\/pre>\n<p>online ohne rezeptkaufen sie,<\/p>\n<p>ecstasy online kaufen in deutschland,<\/p>\n<p>Ephedrin-Pulver zu verkaufen,<\/p>\n<p>Ephedrinpulver online kaufen,<\/p>\n<p>Whedrin-Pulver Online-Lieferanten,<\/p>\n<p>Ephedrin-HCl-Pulver online kaufen,<\/p>\n<p>Wo kann man Ephedrin Hcl online kaufen,<\/p>\n<p>Dexedrin online zum Verkauf,<\/p>\n<p>Kaufen Sie Dexedrin ohne Rezept online,<\/p>\n<p><a href=\"https:\/\/www.medsconsulting.com\/de\/product\/stimulanzien\/adhd\/kaufen-sie-dexedrin-online\/\">Dexedrin<\/a> online kaufen,<\/p>\n<p>Ritalin online zum Verkauf,<\/p>\n<p><a href=\"https:\/\/www.medsconsulting.com\/de\/product\/schmerz-linderung\/ritalin\/\">Ritalin<\/a> online kaufen,<\/p>\n<p><a href=\"https:\/\/www.medsconsulting.com\/de\/product\/stimulanzien\/adhd\/adderall-kaufen\/\">Adderall<\/a> zum Online-Verkauf.<\/p>\n<p>Kaufen MDMA-Pillen (Ecstasy)<\/p>\n<p>&nbsp;<\/p>\n<p>&nbsp;<\/p>\n<p>&nbsp;<\/p>\n","protected":false},"excerpt":{"rendered":"<p>MDMA (3-4-Methylendioxymethamphetamin) ist eine synthetische, psychoaktive Droge mit einer \u00e4hnlichen chemischen Struktur wie das Stimulans Methamphetamin und das Halluzinogen Meskalin.<\/p>\n","protected":false},"featured_media":1489,"comment_status":"open","ping_status":"closed","template":"","meta":[],"product_cat":[15],"product_tag":[2762,2763,2757,2759,2758,1765,2766,2765,2760,2761,1146,2767,2768,2770,2771,3306,2772,2773,2774,2775,2788,2769,2776,2804,2764,2790,2789,2785,2786,2787,2791,2777,3307,2807,2778,2794,3308,2779,2803,2802,2795,2796,2798,2780,2781,2782,2797,2800,2801,2799,3305,2805,2806,2320,2784,2783,2756,2792,2793,2809,2808,2810,2811,2812],"class_list":{"0":"post-1484","1":"product","2":"type-product","3":"status-publish","4":"has-post-thumbnail","6":"product_brand-others","7":"product_cat-andere","8":"product_tag-billige-tesla-ecstasy-pille-online-kaufen","9":"product_tag-billige-tesla-pillen-online-kaufen-frankreich","10":"product_tag-blue-dolphine-ecstasy-zum-verkauf","11":"product_tag-blue-dolphine-ecstasy-pille-kaufen","12":"product_tag-blue-dolphine-ecstasy-pillen-zum-verkauf-online-kanada","13":"product_tag-der-beste-ort","14":"product_tag-ecstasy-fuer-den-werksgebrauch-kaufen","15":"product_tag-ecstasy-guenstig-online-kaufen","16":"product_tag-ecstasy-kaufen","17":"product_tag-ecstasy-kaufen-spanien-kaufen","18":"product_tag-ecstasy-online","19":"product_tag-ecstasy-online-kaufen","20":"product_tag-ecstasy-online-kaufen-californa","21":"product_tag-ecstasy-online-kaufen-daenemark","22":"product_tag-ecstasy-online-kaufen-huwaii","23":"product_tag-ecstasy-online-kaufen-in-deutschland","24":"product_tag-ecstasy-online-kaufen-indien","25":"product_tag-ecstasy-online-kaufen-polen","26":"product_tag-ecstasy-online-kaufen-portugal","27":"product_tag-ecstasy-online-kaufen-russland","28":"product_tag-ecstasy-online-kaufen-schweden","29":"product_tag-ecstasy-online-kaufen-tschechisch","30":"product_tag-ecstasy-online-kaufen-vereinigte-staaten","31":"product_tag-ecstasy-online-zu-bestellen","32":"product_tag-ecstasy-oesterreich-kaufen","33":"product_tag-ecstasy-pillen-wo-kaufen","34":"product_tag-ecstasy-pillen-zu-verkaufen","35":"product_tag-ecstasy-zu-verkaufen","36":"product_tag-ecstasy-zu-verkaufen-portugal","37":"product_tag-ecstasy-zu-verkaufen-spanien","38":"product_tag-ecstasy-lieferanten","39":"product_tag-ecstasy-pillen-kaufen-uk","40":"product_tag-ecstasydrogenprofil-chemie-physische-form","41":"product_tag-hochwertiges-ecstasy-zu-verkaufen","42":"product_tag-legitimes-ecstasy-online-kaufen","43":"product_tag-legitimes-mdma-online-kaufen","44":"product_tag-mdma-ecstasydrogenprofil-chemie-physische","45":"product_tag-mdma-online-kaufen","46":"product_tag-mdma-online-zu-kaufen","47":"product_tag-mdma-zu-kaufen","48":"product_tag-mdma-online-shop","49":"product_tag-mdma-pillen","50":"product_tag-mdma-pillen-grosshandel","51":"product_tag-mdma-pillen-online-kaufen-niederlande","52":"product_tag-mdma-pillen-online-kaufen-norwegen","53":"product_tag-mdma-pillen-online-kaufen-spanien","54":"product_tag-mdma-pillen-zum-verkauf","55":"product_tag-mdma-tablette-online-kaufen","56":"product_tag-mdma-tabletten-zu-verkaufen","57":"product_tag-mdma-verkauf","58":"product_tag-online-ohne-rezeptkaufen-sie","59":"product_tag-psychedelisch","60":"product_tag-reines-mdma-online","61":"product_tag-stimulans","62":"product_tag-tesla-ecstasy-pillen-online-kaufen-spanien","63":"product_tag-tesla-kaufen-ecstasy-online-deutschland","64":"product_tag-um-ecstasy-online-zu-kaufen","65":"product_tag-wie-man-billiges-ecstasy-online-kauft","66":"product_tag-wie-man-tesla-ecstasy-pillen-online-kauft","67":"product_tag-wo-kann-ich-billiges-tesla-ecstasy-online-kaufen-portugal","68":"product_tag-wo-kann-ich-mdma-pillen-kaufen","69":"product_tag-wo-kaufen-sie-ecstasy-fuer-den-persoenlichen-gebrauch-madrid","70":"product_tag-wo-sie-mdma-pillen-kaufen-koennen","71":"product_tag-wo-sie-tesla-mdma-pillen-online-kaufen-koennen-usa","73":"first","74":"instock","75":"shipping-taxable","76":"purchasable","77":"product-type-variable","78":"has-default-attributes"},"_links":{"self":[{"href":"https:\/\/www.medsconsulting.com\/de\/wp-json\/wp\/v2\/product\/1484","targetHints":{"allow":["GET"]}}],"collection":[{"href":"https:\/\/www.medsconsulting.com\/de\/wp-json\/wp\/v2\/product"}],"about":[{"href":"https:\/\/www.medsconsulting.com\/de\/wp-json\/wp\/v2\/types\/product"}],"replies":[{"embeddable":true,"href":"https:\/\/www.medsconsulting.com\/de\/wp-json\/wp\/v2\/comments?post=1484"}],"wp:featuredmedia":[{"embeddable":true,"href":"https:\/\/www.medsconsulting.com\/de\/wp-json\/wp\/v2\/media\/1489"}],"wp:attachment":[{"href":"https:\/\/www.medsconsulting.com\/de\/wp-json\/wp\/v2\/media?parent=1484"}],"wp:term":[{"taxonomy":"product_cat","embeddable":true,"href":"https:\/\/www.medsconsulting.com\/de\/wp-json\/wp\/v2\/product_cat?post=1484"},{"taxonomy":"product_tag","embeddable":true,"href":"https:\/\/www.medsconsulting.com\/de\/wp-json\/wp\/v2\/product_tag?post=1484"}],"curies":[{"name":"wp","href":"https:\/\/api.w.org\/{rel}","templated":true}]}}