{"id":1473,"date":"2020-10-23T00:32:13","date_gmt":"2020-10-23T00:32:13","guid":{"rendered":"https:\/\/www.medsconsulting.com\/de\/?post_type=product&#038;p=1473"},"modified":"2024-03-14T08:57:47","modified_gmt":"2024-03-14T08:57:47","slug":"kaufen-sie-dexedrin-online","status":"publish","type":"product","link":"https:\/\/www.medsconsulting.com\/de\/product\/stimulanzien\/adhd\/kaufen-sie-dexedrin-online\/","title":{"rendered":"Kaufen Sie Dexedrin online"},"content":{"rendered":"<h2>Kaufen Sie Dexedrin online (Kaufen Sie Dextroamphetamin 5 mg Tabletten)<br \/>\n<b><\/b><\/h2>\n<p>Kaufen Sie Dexedrin online ohne Rezept in der besten Online-Apotheke. <b>Dexed<a href=\"https:\/\/www.medsconsulting.com\/de\/es\/product\/otros\/comprar-mefedrona-4mmc-en-linea\/\">R<\/a>ine <\/b>ist ein Medikament der ADS\/ADHS-Kategorie. Sie k\u00f6nnen Details und verwandte Dexedrine in der gleichen ADD\/ADHS-Kategorie sehen, die unten geschrieben ist. Dexedrin ist ein Amphetamin, das zur Behandlung von ADHS, Fettleibigkeit, Narkolepsie, M\u00fcdigkeit, Stimmungsst\u00f6rungen und als Appetitz\u00fcgler verwendet wurde. Von den Machern hinter Bontril, der Di\u00e4tpille Nr. 1. Dexedrin ist online ohne Rezept erh\u00e4ltlich. Dexedrin ist wirksam bei der Behandlung von Fettleibigkeit.<\/p>\n<h2>ADD\/ADHS:<\/h2>\n<p>ADHS (Aufmerksamkeitsdefizit-Hyperaktivit\u00e4tsst\u00f6rung) ist ein Problem der Unf\u00e4higkeit, sich zu konzentrieren, \u00fcberaktiv zu sein, das Verhalten nicht kontrollieren zu k\u00f6nnen oder eine Kombination davon. Damit diese Probleme als ADHS diagnostiziert werden k\u00f6nnen, m\u00fcssen sie au\u00dferhalb des normalen Bereichs f\u00fcr das Alter und die Entwicklung einer Person liegen. Dexedrin, ein Amphetamin, wird zur Behandlung von Aufmerksamkeitsdefizit-Hyperaktivit\u00e4tsst\u00f6rung (ADHS) und Narkolepsie eingesetzt. Das Medikament hilft bei der Freisetzung von Noradrenalin im zentralen Nervensystem, um die Konzentration und Konzentration zu verbessern. Dexedrin geh\u00f6rt zu einer Klasse von Medikamenten, die als Stimulanzien bekannt sind; es wirkt, indem es bestimmte Chemikalien im Gehirn beeinflusst<\/p>\n<h3>M\u00f6chten Sie ADD\/ADHS-Medikamente? Hier k\u00f6nnen Sie <b>Dexedrin online kaufen<\/b>.<\/h3>\n<p>Die Aufmerksamkeitsdefizit-Hyperaktivit\u00e4tsst\u00f6rung (ADHS) ist eine der h\u00e4ufigsten St\u00f6rungen im Kindesalter und kann bis ins Jugend- und Erwachsenenalter fortbestehen. Zu den Symptomen geh\u00f6ren Konzentrations- und Aufmerksamkeitsschwierigkeiten, Schwierigkeiten bei der Verhaltenskontrolle und Hyperaktivit\u00e4t (\u00dcberaktivit\u00e4t). Sie k\u00f6nnen ADS (Aufmerksamkeits-Defizit-St\u00f6rung) \/ ADHS (Aufmerksamkeits-Defizit-Hyperaktivit\u00e4ts-St\u00f6rung)-Tabletten auch ohne Rezept online kaufen.<\/p>\n","protected":false},"excerpt":{"rendered":"<p>Dexedrin (Dextroamphetamin) 5 mg Tabletten:<\/p>\n<p>Dexedrin (Dextroamphetamin) zur Behandlung der Aufmerksamkeitsdefizit-Hyperaktivit\u00e4tsst\u00f6rung (ADHS) bei Kindern. Es wird auch verwendet, um eine Art von Schlafst\u00f6rung (Narkolepsie) zu behandeln. Es kann auch f\u00fcr andere Erkrankungen verwendet werden, die von Ihrem Arzt festgelegt wurden.<\/p>\n<p>Sie k\u00f6nnen Dexedrin (Dextroamphetamin) 5 mg Tabletten ohne Rezept online kaufen (kein RX)<\/p>\n","protected":false},"featured_media":1474,"comment_status":"open","ping_status":"closed","template":"","meta":[],"product_cat":[213,218],"product_tag":[217,2813,2817,2855,1349,2845,2821,2842,2843,2818,2846,2847,2814,2844,2850,2820,2819,2848,2849,2839,2822,2825,2826,2827,2828,2823,2829,2830,2831,2824,2840,2841,2815,2816,2857,2832,2833,2834,2835,2836,2837,2838,2853,2854,2856,2320,2858,2859,2851,2852,2860,2861,2863,2864,2862],"class_list":{"0":"post-1473","1":"product","2":"type-product","3":"status-publish","4":"has-post-thumbnail","6":"product_cat-adhd","7":"product_cat-stimulanzien","8":"product_tag-adhd","9":"product_tag-amphetamin","10":"product_tag-dexedrin-30mg-kaufen","11":"product_tag-dexedrin-bestellen","12":"product_tag-dexedrin-kaufen","13":"product_tag-dexedrin-lieferanten","14":"product_tag-dexedrin-mais-billig-kaufen-online","15":"product_tag-dexedrin-online","16":"product_tag-dexedrin-online-kaufen-schweden","17":"product_tag-dexedrin-oesterreich-kaufen","18":"product_tag-dexedrin-tabletten","19":"product_tag-dexedrin-tabletten-zum-verkauf","20":"product_tag-dexedrin-ueberall-online-kaufen","21":"product_tag-dexedrin-verkaufen","22":"product_tag-dexedrin-zu-verkaufen","23":"product_tag-dexedrin-zum-gebrauch-kaufen-fabrik","24":"product_tag-dexedrin-zum-verkauf-kaufen","25":"product_tag-dexedrin-tabletten-online-zu-verkaufen-kanada","26":"product_tag-dexedrin-tabletten-zu-kaufen","27":"product_tag-dexedrine-komprimiert-online-zu-kaufen","28":"product_tag-dexedrine-online-kaufen","29":"product_tag-dexedrine-online-kaufen-daenemark","30":"product_tag-dexedrine-online-kaufen-holland","31":"product_tag-dexedrine-online-kaufen-huwaii","32":"product_tag-dexedrine-online-kaufen-indien","33":"product_tag-dexedrine-online-kaufen-kalifornien","34":"product_tag-dexedrine-online-kaufen-norwegen","35":"product_tag-dexedrine-online-kaufen-portugal","36":"product_tag-dexedrine-online-kaufen-russland","37":"product_tag-dexedrine-online-kaufen-tschechisch","38":"product_tag-dexedrine-zu-verkaufen-portugal","39":"product_tag-dexedrine-zum-verkauf-spanien","40":"product_tag-guenstig-dexedrin-online-kaufen-vereinigte-arabische-emirate","41":"product_tag-guenstig-dexedrin-tabletten-online-kaufen","42":"product_tag-hochwertiges-dexedrin-zu-verkaufen","43":"product_tag-kaufen-sie-dexedrine-online-vereinigte-staaten","44":"product_tag-kaufen-sie-dexedrine-pillen-online-spanien","45":"product_tag-kaufen-sie-dexedrine-pills-uk","46":"product_tag-kaufen-sie-e-dexedrine-online-deutschland","47":"product_tag-kaufen-sie-generisches-dexedrine","48":"product_tag-kaufen-sie-legales-dexedrine-online","49":"product_tag-kaufen-sie-percocet-online-polonia","50":"product_tag-legales-dexedrin-online-zum-verkauf","51":"product_tag-loja-online-dexedrin","52":"product_tag-reines-dexedrin-online","53":"product_tag-stimulans","54":"product_tag-verkaufen-von-angegriffenem-dexedrin","55":"product_tag-verkaufen-von-dexedrin","56":"product_tag-wie-man-billiges-dexedrin-kauft","57":"product_tag-wie-man-dexedrin-tablette-online-kauft","58":"product_tag-wo-kaufen-sie-billige-dexedrin-tabletten-online-frankreich","59":"product_tag-wo-kaufen-sie-dexedrin","60":"product_tag-wo-kaufen-sie-dexedrin-fuer-den-persoenlichen-gebrauch-italien","61":"product_tag-wo-kaufen-sie-dexedrin-online-usa","62":"product_tag-wo-kaufen-sie-komprimiertes-dexedrin","64":"first","65":"instock","66":"shipping-taxable","67":"purchasable","68":"product-type-variable","69":"has-default-attributes"},"_links":{"self":[{"href":"https:\/\/www.medsconsulting.com\/de\/wp-json\/wp\/v2\/product\/1473","targetHints":{"allow":["GET"]}}],"collection":[{"href":"https:\/\/www.medsconsulting.com\/de\/wp-json\/wp\/v2\/product"}],"about":[{"href":"https:\/\/www.medsconsulting.com\/de\/wp-json\/wp\/v2\/types\/product"}],"replies":[{"embeddable":true,"href":"https:\/\/www.medsconsulting.com\/de\/wp-json\/wp\/v2\/comments?post=1473"}],"wp:featuredmedia":[{"embeddable":true,"href":"https:\/\/www.medsconsulting.com\/de\/wp-json\/wp\/v2\/media\/1474"}],"wp:attachment":[{"href":"https:\/\/www.medsconsulting.com\/de\/wp-json\/wp\/v2\/media?parent=1473"}],"wp:term":[{"taxonomy":"product_cat","embeddable":true,"href":"https:\/\/www.medsconsulting.com\/de\/wp-json\/wp\/v2\/product_cat?post=1473"},{"taxonomy":"product_tag","embeddable":true,"href":"https:\/\/www.medsconsulting.com\/de\/wp-json\/wp\/v2\/product_tag?post=1473"}],"curies":[{"name":"wp","href":"https:\/\/api.w.org\/{rel}","templated":true}]}}