{"id":1463,"date":"2020-10-23T00:07:22","date_gmt":"2020-10-23T00:07:22","guid":{"rendered":"https:\/\/www.medsconsulting.com\/de\/?post_type=product&#038;p=1463"},"modified":"2023-06-19T14:01:23","modified_gmt":"2023-06-19T14:01:23","slug":"kaufen-adderall","status":"publish","type":"product","link":"https:\/\/www.medsconsulting.com\/de\/product\/stimulanzien\/adhd\/kaufen-adderall\/","title":{"rendered":"Kaufen Adderall"},"content":{"rendered":"<h2>Kaufen Adderall online<\/h2>\n<p>Kaufen Adderall gegen Narkolepsie oder Aufmerksamkeitsdefizit-Hyperaktivit\u00e4tsst\u00f6rung (ADHS), vielleicht kennen Sie das Medikament \u201eAdderall\u201c. Es wird normalerweise verwendet, um den Gehalt an Chemikalien in unserem Gehirn zu kontrollieren; das ist Noradrenalin und Dopamin. Unser K\u00f6rper produziert jedoch auf nat\u00fcrliche Weise Dopamin, aber bestimmte <a href=\"https:\/\/www.medsconsulting.com\/de\/product-category\/stimulanzien\/\">Medikamente<\/a> wie Addezunehmen sein Niveau, indem es es auf unnat\u00fcrliche Weise erzeugt, was den Patienten schlie\u00dflich gl\u00fccklich und weniger impulsiv macht.<\/p>\n<p>&nbsp;<\/p>\n<h2>adderall ohne rezept<\/h2>\n<p>Dar\u00fcber hinaus behandelt Adderall 30 mg auch Narkolepsie mit Schlafst\u00f6rungen, die dazu beitragen k\u00f6nnen, dass der Patient den ganzen Tag \u00fcber wach bleibt, und ADHS (Aufmerksamkeitsdefizit-Hyperaktivit\u00e4tsst\u00f6rung) als Bestandteil eines vollst\u00e4ndigen Behandlungsplans zusammen mit anderen sozialen und psychologischen Behandlungen.<\/p>\n<p>&nbsp;<\/p>\n<h3>Verwendung von Adderall 30mg<\/h3>\n<p>Nehmen Sie Adderall so ein, wie es von Ihrem Arzt verschrieben wurde. Normalerweise wird es 1-3 Mal pro Tag eingenommen. Die erste Dosis ist f\u00fcr den Morgen, wenn der Patient aufwacht. Wenn Ihr Arzt Ihnen mehr als drei Dosen verschrieben hat, halten Sie sich unbedingt an die Anweisungen Ihres Arztes und lassen Sie zwischen jeder Dosis einen Abstand von etwa 4-6 Stunden ein.<\/p>\n<p>&nbsp;<\/p>\n<h4>Adderall online kaufen<\/h4>\n<p>Wenn Sie das Medikament mitten am Tag einnehmen, kann es zu Schlafst\u00f6rungen oder Schlaflosigkeit kommen. Die Dosierung variiert je nach Gesundheitszustand des Patienten und wie der K\u00f6rper auf die Behandlung und Dosierung reagiert.<\/p>\n<p>&nbsp;<\/p>\n<h4>Adderall kaufen deutschland<\/h4>\n<p>Z\u00f6gern Sie nicht, medizinische Hilfe in Anspruch zu nehmen, wenn Ihr K\u00f6rper Anzeichen einer Allergie gegen Adderalle30mg. Wie Gesichtsschwellungen, Nesselsucht, Atembeschwerden und Schwellungen im Rachen, an den Lippen oder an der Zunge. Konsultieren Sie zuerst Ihren Arzt, wenn Sie Anzeichen von Brustschmerzen, Bluthochdruck oder Herzproblemen zeigen. Sie sollten auch sehr wachsam gegen\u00fcber den Anzeichen einer Psychose sein, einschlie\u00dflich Halluzinationen, Aggression, Feindseligkeit und so weiter.<\/p>\n<h4>Kaufen Adderall online<\/h4>\n<p>Viele Patienten zeigen auch Anzeichen von Durchblutungsst\u00f6rungen, wie Taubheitsgef\u00fchl, K\u00e4ltegef\u00fchl und Ver\u00e4nderungen der Hautfarbe an Fingern\/Zehen. Sie k\u00f6nnen auch Muskelzuckungen und Ver\u00e4nderungen der Visionen erleben.<\/p>\n<h4>kaufen sie am n\u00e4chsten tag,<\/h4>\n<p>sie am n\u00e4chsten tag online,<\/p>\n<p>adderall zu verkaufen kaufen sie,<\/p>\n<p>verkaufen kaufen sie am n\u00e4chsten<\/p>\n<p>&nbsp;<\/p>\n","protected":false},"excerpt":{"rendered":"<p>Wenn Sie an Narkolepsie oder Aufmerksamkeitsdefizit-Hyperaktivit\u00e4tsst\u00f6rung (ADHS) leiden, kennen Sie m\u00f6glicherweise das Medikament \u201eAdderall\u201c. Es wird normalerweise verwendet, um den Gehalt an Chemikalien in unserem Gehirn zu kontrollieren; das ist Noradrenalin und Dopamin.<\/p>\n","protected":false},"featured_media":1464,"comment_status":"open","ping_status":"closed","template":"","meta":[],"product_cat":[213],"product_tag":[2876,2889,1592,1606,2870,2899,1623,2887,2867,2869,2911,1591,2866,2883,2884,2877,2885,1610,2878,2879,2880,2881,2886,1604,2888,2868,1609,1594,1628,1616,1632,2890,1631,2891,1626,1627,1635,1633,2892,1629,1622,1634,2865,1630,1595,2910,1611,1498,2894,2912,1608,1618,2895,2896,2897,2914,1621,1490,1601,1602,1638,2893,1637,1639,1636,1613,1643,2898,1641,1642,217,2813,1349,1612,214,1593,1619,1617,1505,1487,2871,2872,2873,2874,2875,2901,2902,2903,2904,2909,2905,2906,2907,2908,2900,1486,1597,1598,2915,1499,2882,1603,1491,1495,1341,2921,1545,2926,2913,1615,1599,2919,2916,2918,2925,2920,1620,2922,2924,2923,2917,1624,1605,1607,1614],"class_list":{"0":"post-1463","1":"product","2":"type-product","3":"status-publish","4":"has-post-thumbnail","6":"product_brand-others","7":"product_cat-adhd","8":"product_tag-adde-rall-kaufen-irland","9":"product_tag-adder-all-online-kaufen-huwaii","10":"product_tag-adderall-30mg-kaufen","11":"product_tag-adderall-bestellen","12":"product_tag-adderall-for-kaufen-factory-use","13":"product_tag-adderall-fuer-den-einsatz-in-der-fabrik-kaufen","14":"product_tag-adderall-fur-den-gebrauch-kaufen-fabrik","15":"product_tag-adderall-fuer-verkauf-italian","16":"product_tag-adderall-generisch-kaufen","17":"product_tag-adderall-guenstig-online-kaufen","18":"product_tag-adderall-guenstig-online-kaufen-vereinigte-arabische-emirate","19":"product_tag-adderall-kaufen","20":"product_tag-adderall-kaufen-adderall-online-kaufen-indien","21":"product_tag-adderall-kaufen-belgien","22":"product_tag-adderall-kaufen-irland","23":"product_tag-adderall-kaufen-isreal","24":"product_tag-adderall-kaufen-italien","25":"product_tag-adderall-kaufen-online","26":"product_tag-adderall-kaufen-polen","27":"product_tag-adderall-kaufen-portugal","28":"product_tag-adderall-kaufen-rumaenien","29":"product_tag-adderall-kaufen-schweden","30":"product_tag-adderall-kaufen-spanien","31":"product_tag-adderall-komprimiert-online-kaufen","32":"product_tag-adderall-legal-for-sale-in-online","33":"product_tag-adderall-legal-online-kaufen","34":"product_tag-adderall-lieferanten","35":"product_tag-adderall-online-kaufen","36":"product_tag-adderall-online-kaufen-danemark","37":"product_tag-adderall-online-kaufen-deutschland","38":"product_tag-adderall-online-kaufen-huwaii","39":"product_tag-adderall-online-kaufen-indian","40":"product_tag-adderall-online-kaufen-kalifornien","41":"product_tag-adderall-online-kaufen-netherlands","42":"product_tag-adderall-online-kaufen-niederlande","43":"product_tag-adderall-online-kaufen-norwegen","44":"product_tag-adderall-online-kaufen-polen","45":"product_tag-adderall-online-kaufen-portugal","46":"product_tag-adderall-online-kaufen-russia","47":"product_tag-adderall-online-kaufen-russland","48":"product_tag-adderall-online-kaufen-schweden","49":"product_tag-adderall-online-kaufen-tschechisch","50":"product_tag-adderall-online-kaufen-usa","51":"product_tag-adderall-online-kaufen-vereinigte-staaten","52":"product_tag-adderall-osterreich-kaufen","53":"product_tag-adderall-pillen-online-kaufen-spanien","54":"product_tag-adderall-pills-uk-kaufen","55":"product_tag-adderall-suppliers","56":"product_tag-adderall-tablets-zu-verkaufen","57":"product_tag-adderall-tabletten-guenstig-online-kaufen","58":"product_tag-adderall-tabletten-kaufen","59":"product_tag-adderall-tabletten-online-kaufen-spanien","60":"product_tag-adderall-tabletten-online-zu-verkaufen-kanada","61":"product_tag-adderall-tabletten-zu-kaufen","62":"product_tag-adderall-tabletten-zum-verkauf","63":"product_tag-adderall-tabletten-zum-verkauf-online-canad-a","64":"product_tag-adderall-tabletten-zum-verkauf-online-kanada","65":"product_tag-adderall-to-sell","66":"product_tag-adderall-verkaufen","67":"product_tag-adderall-zu-verkaufen","68":"product_tag-adderall-zu-verkaufen-belgien","69":"product_tag-adderall-zu-verkaufen-italien","70":"product_tag-adderall-zu-verkaufen-portugal","71":"product_tag-adderall-zu-verkaufen-schweden","72":"product_tag-adderall-zu-verkaufen-spanien","73":"product_tag-adderall-zum-verkauf","74":"product_tag-adderall-zum-verkauf-irland","75":"product_tag-adderall-zum-verkauf-israel","76":"product_tag-adderall-zum-verkauf-polen","77":"product_tag-adderall-zum-verkauf-rumanien","78":"product_tag-adhd","79":"product_tag-amphetamin","80":"product_tag-dexedrin-kaufen","81":"product_tag-dexedrine-kaufen","82":"product_tag-dextroamphetamine","83":"product_tag-generisches-adderall-kaufen","84":"product_tag-gunstig-adderall-online-kaufen-vereinigte-arabische-emirate","85":"product_tag-gunstig-adderall-tabletten-online-kaufen","86":"product_tag-how-to-buy-adderall-tablet-online","87":"product_tag-how-to-buy-cheap-adderall","88":"product_tag-kaufen-adderall-pillen","89":"product_tag-kaufen-adderall-pillen-online-spanien","90":"product_tag-kaufen-billig-adderall-pillen-online","91":"product_tag-kaufen-billig-adderall-pillen-online-vereinigte-arabische-emirate","92":"product_tag-kaufen-dexedrin","93":"product_tag-kaufen-sie-adderall-online-daenemark","94":"product_tag-kaufen-sie-adderall-online-deutschland","95":"product_tag-kaufen-sie-adderall-online-huwaii","96":"product_tag-kaufen-sie-adderall-online-indien","97":"product_tag-kaufen-sie-adderall-online-niederlande","98":"product_tag-kaufen-sie-adderall-online-norwegen","99":"product_tag-kaufen-sie-adderall-online-polen","100":"product_tag-kaufen-sie-adderall-online-portugal","101":"product_tag-kaufen-sie-adderall-online-russland","102":"product_tag-kaufen-sie-adderall-online-tschechien","103":"product_tag-legal-adderall-for-sale-online","104":"product_tag-legal-adderall-online-kaufen","105":"product_tag-legal-adderall-online-zum-verkauf","106":"product_tag-narkolepsie","107":"product_tag-pure-adderall-online","108":"product_tag-qualitaet-adderall-kaufen","109":"product_tag-qualitat-adderallzu-verkaufen","110":"product_tag-quality-adderallto-sell","111":"product_tag-sell-adderall","112":"product_tag-uberall-lexoamphetamin-online-kaufen","113":"product_tag-ueberall-lexoamphetamine-online-kaufen","114":"product_tag-vendre-adderall","115":"product_tag-wie-m-an-adderall-tablet-online-kauft","116":"product_tag-wie-man-adderall-billig-kauft","117":"product_tag-wie-man-adderall-tablet-online-kauft","118":"product_tag-wie-man-billig-adderall-kauft","119":"product_tag-wo-adderall-fuer-den-persoenlichen-gebrauch-kaufen-italien","120":"product_tag-wo-adderall-kaufen","121":"product_tag-wo-adderall-online-kaufen-usa","122":"product_tag-wo-adderall-tabletten-guenstig-online-kaufen-frankreich","123":"product_tag-wo-guenstig-adderall-kaufen-tabletten-online-frankreich","124":"product_tag-wo-gunstig-adderall-tabletten-online-kaufen-frankreich","125":"product_tag-wo-kaufen-adderall","126":"product_tag-wo-kaufen-adderall-fuer-den-persoenlichen-gebrauch-italien","127":"product_tag-wo-kaufen-adderall-tablet","128":"product_tag-wo-komprimiertes-adderall-kaufen","129":"product_tag-wo-man-adderall-fur-den-personlichen-gebrauch-kaufen-kann-italien","130":"product_tag-wo-man-adderall-kaufen-kann","131":"product_tag-wo-man-adderall-komprimiert-kaufen-kann","132":"product_tag-wo-man-adderall-online-kaufen-kann-usa","134":"first","135":"instock","136":"shipping-taxable","137":"purchasable","138":"product-type-variable","139":"has-default-attributes"},"_links":{"self":[{"href":"https:\/\/www.medsconsulting.com\/de\/wp-json\/wp\/v2\/product\/1463","targetHints":{"allow":["GET"]}}],"collection":[{"href":"https:\/\/www.medsconsulting.com\/de\/wp-json\/wp\/v2\/product"}],"about":[{"href":"https:\/\/www.medsconsulting.com\/de\/wp-json\/wp\/v2\/types\/product"}],"replies":[{"embeddable":true,"href":"https:\/\/www.medsconsulting.com\/de\/wp-json\/wp\/v2\/comments?post=1463"}],"wp:featuredmedia":[{"embeddable":true,"href":"https:\/\/www.medsconsulting.com\/de\/wp-json\/wp\/v2\/media\/1464"}],"wp:attachment":[{"href":"https:\/\/www.medsconsulting.com\/de\/wp-json\/wp\/v2\/media?parent=1463"}],"wp:term":[{"taxonomy":"product_cat","embeddable":true,"href":"https:\/\/www.medsconsulting.com\/de\/wp-json\/wp\/v2\/product_cat?post=1463"},{"taxonomy":"product_tag","embeddable":true,"href":"https:\/\/www.medsconsulting.com\/de\/wp-json\/wp\/v2\/product_tag?post=1463"}],"curies":[{"name":"wp","href":"https:\/\/api.w.org\/{rel}","templated":true}]}}