{"id":1457,"date":"2020-10-22T23:34:11","date_gmt":"2020-10-22T23:34:11","guid":{"rendered":"https:\/\/www.medsconsulting.com\/de\/?post_type=product&#038;p=1457"},"modified":"2023-05-29T19:32:07","modified_gmt":"2023-05-29T19:32:07","slug":"kaufen-sie-xanax-online","status":"publish","type":"product","link":"https:\/\/www.medsconsulting.com\/de\/product\/angst\/kaufen-sie-xanax-online\/","title":{"rendered":"Kaufen Sie Xanax online"},"content":{"rendered":"<h1>Kaufen Sie Xanax online<\/h1>\n<p>Kaufen Sie Xanax online. Xanax ist das am h\u00e4ufigsten verschriebene Psychopharmaka in den Vereinigten Staaten; geh\u00f6ren zur Arzneimittelgruppe der Benzodiazepine. Xanax, ein Markenname von Alprazolam, wird im Allgemeinen bei Angstzust\u00e4nden im Zusammenhang mit Depressionen, generalisierten Angstst\u00f6rungen und Panikst\u00f6rungen verschrieben. Das Medikament wird auch zur Behandlung von Angstst\u00f6rungen eingesetzt und ist in verschiedenen Formen erh\u00e4ltlich, darunter Retardtabletten, Tabletten, zerfallende<a href=\"https:\/\/www.medsconsulting.com\/de\/geschaeft\/\"> Tabletten<\/a> und fl\u00fcssige Formen. Alprazolam ist auch in mehreren generischen Typen erh\u00e4ltlich und die Marke Xanax wurde 1981 von der Food and Drug Administration zugelassen und wird zusammen mit den Retardtabletten von Pfizer hergestellt. Jazz Pharmaceuticals stellt die oral zerfallenden Tabletten her, w\u00e4hrend Alprazolam Intensol in fl\u00fcssiger Form von West-Ward <a href=\"https:\/\/www.euthanasiagroup.com\/de\/\" target=\"_blank\" rel=\"noopener\">Pharmaceuticals<\/a> hergestellt wird.<\/p>\n<h2>Wie man Xanax einnimmt\u00a0(Xanax kaufen)<\/h2>\n<p>Die Art und Weise, wie Xanax eingenommen wird, h\u00e4ngt von der Erkrankung, der eingenommenen Form und Ihrem Alter ab. Ihr Arzt ist in der richtigen Position, um zu entscheiden, wie es einzunehmen ist. Daher sollte Xanax gem\u00e4\u00df den Empfehlungen Ihres Arztes angewendet werden. Abh\u00e4ngig von der Verordnung Ihres Arztes wird das Medikament idealerweise ein-, zwei- bis viermal t\u00e4glich eingenommen. Auch hier sollte die Tablettenform mit Wasser eingenommen werden, w\u00e4hrend die Markierungen in der kalibrierten Pipette f\u00fcr verschiedene Dosierungen verwendet werden k\u00f6nnen und die konzentrierte orale Form mit halbfester Nahrung oder Fl\u00fcssigkeit gemischt und gem\u00e4\u00df der \u00e4rztlichen Verordnung eingenommen werden kann. Die Tablettenform sollte au\u00dferdem nicht zerbrochen, zersto\u00dfen oder gekaut, sondern im Ganzen mit Wasser geschluckt werden.<\/p>\n<h3>Mit Xanax<\/h3>\n<p>Dar\u00fcber hinaus k\u00f6nnen Sie Xanax am besten anwenden, indem Sie die Verschreibung Ihres Arztes oder Apothekers befolgen. Das Medikament wird zur Behandlung von Panikst\u00f6rungen und Angstst\u00f6rungen eingesetzt, indem es auf das Zentralnervensystem und das Gehirn einwirkt und eine beruhigende Wirkung hervorruft, die die Auswirkungen dieser Erkrankungen verringert. Es ist auch bekannt, dass Xanax Panikst\u00f6rungen behandelt, die mit Agoraphobie einhergehen, oder ohne dass es die Anzahl der auftretenden Panikattacken verringert. Panikst\u00f6rung ist eine Erkrankung, bei der eine Person h\u00e4ufig unter Panikattacken leidet. Diese Anf\u00e4lle sind oft durch kurzes Unwohlsein oder starke Angst gekennzeichnet. Stellen Sie vor der Anwendung von Xanax sicher, dass Sie \u00fcber die Nebenwirkungen gut informiert sind. Wenn Sie das Auftreten einer Reaktion bemerken, wenden Sie sich umgehend an Ihren Arzt.<\/p>\n<h3>Vorsichtsma\u00dfnahmen<\/h3>\n<p>Stellen Sie vor der Anwendung von Xanax sicher, dass Sie sich der Nebenwirkungen bewusst sind. Wenn Sie allergisch gegen Alprazolam sind oder andere Allergien haben, besprechen Sie dies mit Ihrem Arzt, bevor Sie Xanax anwenden, da das Medikament einige inaktive Inhaltsstoffe enthalten kann, die bestimmte Erkrankungen ausl\u00f6sen k\u00f6nnen.<\/p>\n","protected":false},"excerpt":{"rendered":"<p>Xanax ist das am h\u00e4ufigsten verschriebene psychiatrische Medikament in den Vereinigten Staaten; geh\u00f6ren zur Arzneimittelgruppe der Benzodiazepine. Xanax, ein Markenname von Alprazolam, wird im Allgemeinen bei Angstzust\u00e4nden im Zusammenhang mit Depressionen, generalisierter Angstst\u00f6rung und Panikst\u00f6rung verschrieben. Das Medikament wird zur Behandlung von Angstst\u00f6rungen eingesetzt und ist in verschiedenen Formen erh\u00e4ltlich, darunter Retardtabletten, Tabletten, zerfallende Tabletten und fl\u00fcssige Formen. Alprazolam ist auch in mehreren generischen Typen erh\u00e4ltlich und die Marke Xanax wurde 1981 von der Food and Drug Administration zugelassen und wird zusammen mit den Tabletten mit verl\u00e4ngerter Freisetzung von Pfizer hergestellt. Jazz Pharmaceuticals stellt die oral zerfallenden Tabletten her, w\u00e4hrend Alprazolam Intensol in fl\u00fcssiger Form von West-Ward Pharmaceuticals hergestellt wird.<\/p>\n","protected":false},"featured_media":1458,"comment_status":"open","ping_status":"closed","template":"","meta":[],"product_cat":[211],"product_tag":[212,3168,3171,3170,3174,3169,3173,3172],"class_list":{"0":"post-1457","1":"product","2":"type-product","3":"status-publish","4":"has-post-thumbnail","6":"product_brand-xanax","7":"product_brand-xanax-xr","8":"product_cat-angst","9":"product_tag-anxiety","10":"product_tag-kaufen-sie-xanax-online","11":"product_tag-kaufen-sie-xanax-online-deutschland","12":"product_tag-kaufen-sie-xanax-online-germany","13":"product_tag-kaufen-xanax","14":"product_tag-kaufen-xanax-online","15":"product_tag-kaufen-xanax-online-deutschland","16":"product_tag-kaufen-xanax-online-germany","18":"first","19":"instock","20":"featured","21":"shipping-taxable","22":"purchasable","23":"product-type-variable"},"_links":{"self":[{"href":"https:\/\/www.medsconsulting.com\/de\/wp-json\/wp\/v2\/product\/1457","targetHints":{"allow":["GET"]}}],"collection":[{"href":"https:\/\/www.medsconsulting.com\/de\/wp-json\/wp\/v2\/product"}],"about":[{"href":"https:\/\/www.medsconsulting.com\/de\/wp-json\/wp\/v2\/types\/product"}],"replies":[{"embeddable":true,"href":"https:\/\/www.medsconsulting.com\/de\/wp-json\/wp\/v2\/comments?post=1457"}],"wp:featuredmedia":[{"embeddable":true,"href":"https:\/\/www.medsconsulting.com\/de\/wp-json\/wp\/v2\/media\/1458"}],"wp:attachment":[{"href":"https:\/\/www.medsconsulting.com\/de\/wp-json\/wp\/v2\/media?parent=1457"}],"wp:term":[{"taxonomy":"product_cat","embeddable":true,"href":"https:\/\/www.medsconsulting.com\/de\/wp-json\/wp\/v2\/product_cat?post=1457"},{"taxonomy":"product_tag","embeddable":true,"href":"https:\/\/www.medsconsulting.com\/de\/wp-json\/wp\/v2\/product_tag?post=1457"}],"curies":[{"name":"wp","href":"https:\/\/api.w.org\/{rel}","templated":true}]}}