{"id":1424,"date":"2020-10-22T21:56:56","date_gmt":"2020-10-22T21:56:56","guid":{"rendered":"https:\/\/www.medsconsulting.com\/de\/?post_type=product&#038;p=1424"},"modified":"2024-03-09T03:08:00","modified_gmt":"2024-03-09T03:08:00","slug":"generic-female-viagra","status":"publish","type":"product","link":"https:\/\/www.medsconsulting.com\/de\/product\/frauengesundheit\/generic-female-viagra\/","title":{"rendered":"Generisches Viagra f\u00fcr Frauen"},"content":{"rendered":"<h2>Beschreibung<\/h2>\n<h3>Generisches Viagra f\u00fcr Frauen zum Verkauf<\/h3>\n<p>Auf dem Pharmamarkt gab es vor 10 Jahren nichts zur Steigerung des weiblichen Sexualtriebes. Es gibt viele wissenschaftliche Untersuchungen, die best\u00e4tigen, dass auch Frauen unter sexuellen St\u00f6rungen leiden. Aber dieses Problem wurde erst in den letzten Jahren betrachtet.<\/p>\n<p>Im Jahr 2015 erschien Female Viagra auf dem Markt. Es wurde von den besten indischen Apothekern entwickelt, die die Formel von Sildenafil verbessert und f\u00fcr Frauen angepasst haben. Dieses Medikament wurde im dritten Versuch von der FDA zugelassen. Die Versuche, Viagra f\u00fcr Frauen auf den Markt zu bringen, waren im Jahr 2010, aber das Medikament hatte viele Nebenwirkungen, und so erlaubte die FDA nicht, das Medikament innerhalb des Territoriums der USA zu verkaufen. Durch die Verbesserung der Formel und die Erh\u00f6hung der pharmakologischen Sicherheit erhielten die Hersteller von Viagra f\u00fcr Frauen eine Genehmigung und machten alle Frauen auf der Welt gl\u00fccklich.<\/p>\n<p>Jede Frau kann Female Viagra auf Rezept in den st\u00e4dtischen Apotheken kaufen. Jede Apotheke hat dieses Medikament genau wie m\u00e4nnliches Viagra. Aber es gibt ein Problem \u2013 nicht alle Frauen wollen einen Arzt aufsuchen und \u00fcber ihre sexuellen Probleme sprechen. Es gibt jedoch einen Ausweg.<\/p>\n<h3>Viagra f\u00fcr Frauen rezeptfrei online<\/h3>\n<p>Kein Rezept ist kein Problem. Heute gibt es die M\u00f6glichkeit, Viagra f\u00fcr Frauen online zu kaufen, ohne zum Arzt zu gehen. Stehen Sie nicht in Schlangen, verschwenden Sie keine Zeit. Alles, was Sie tun m\u00fcssen, um auf die Website zu gehen und generisches weibliches Viagra zu bestellen.<br \/>\nWohlgemerkt! Je mehr Viagra-Pillen f\u00fcr Frauen Sie online kaufen, desto mehr Geld sparen Sie. Eine einfache Formel funktioniert gut. Das Paket mit rezeptfreiem Viagra f\u00fcr Frauen wird direkt zu Ihnen nach Hause geliefert, die Lieferung dauert mehrere Tage. Es lohnt sich zu warten.<\/p>\n<h3>Einige Informationen \u00fcber Viagra f\u00fcr Frauen<\/h3>\n<p>Female Viagra wurde f\u00fcr die Behandlung der hypoaktiven St\u00f6rung des sexuellen Verlangens entwickelt. Diese St\u00f6rung wird bei Frauen mit geringem Sexualtrieb und v\u00f6llig fehlendem Interesse an Sex diagnostiziert. Frauen, die ein chemisches Ungleichgewicht im Gehirn haben, haben oft diese Diagnose.<\/p>\n<p>Female Viagra ist in der Lage, dieses Ungleichgewicht zu beseitigen und einen starken Sexualtrieb zur\u00fcckzugeben. Verwechseln Sie Viagra f\u00fcr Frauen und Viagra f\u00fcr M\u00e4nner nicht. Diese Medikamente sind v\u00f6llig unterschiedlich.<\/p>\n<p>Female Viagra ist ein starker sexueller Stimulator, dessen Wirkung auf die Wiederherstellung des sexuellen Verlangens ausgerichtet ist. Die physiologischen Abl\u00e4ufe einer Frau werden im Rahmen der Aktivierung der f\u00fcr den Sexualtrieb zust\u00e4ndigen Gehirnzentren leicht ver\u00e4ndert.<\/p>\n<p>Nur eine Pille Female Viagra hilft einer Frau, geil zu werden, die Durchblutung der Genitalien wird verbessert, die Produktion von Gleitmittel wird erh\u00f6ht und schmerzhafte Empfindungen werden reduziert. Au\u00dferdem werden alle Rezeptoren in den Genitalien empfindlich. Auch wenn Sie vergessen haben, was ein Orgasmus ist, werden Sie ihn nach der Einnahme der Pille haben.<\/p>\n<p><center>Jede Frau, die Female Viagra ausprobiert hat, hatte die ganze Kraft!<\/center>Sie nehmen Female Viagra jedes Mal, wenn Sie einen intensiven Geschlechtsverkehr haben m\u00f6chten, und Sie werden mit Sicherheit die maximale Wirkung erzielen.<\/p>\n<h3>Empfehlungen f\u00fcr die Verwendung<\/h3>\n<p>Im Falle einer intensiven hypoaktiven St\u00f6rung des Sexualtriebs wird empfohlen, Female Viagra t\u00e4glich \u00fcber mehrere Monate einzunehmen. Dieses Behandlungsschema hilft, den Sexualtrieb schneller wiederherzustellen und den Bedarf an Pillen zu reduzieren.<br \/>\nWenn eine Frau nur die Empfindungen w\u00e4hrend des Geschlechtsverkehrs steigern m\u00f6chte, ist es notwendig, Female Viagra vor dem Geschlechtsverkehr einzunehmen.<br \/>\n&#8211; Weibliche Viagra-Pillen werden eine Stunde vor dem Sex eingenommen<br \/>\n&#8211; Viagra f\u00fcr Frauen wird am besten auf n\u00fcchternen Magen mit ausreichend Wasser eingenommen<br \/>\n&#8211; Eine Pille enth\u00e4lt die maximale Dosis der Wirkstoffe \u2013 100 mg<br \/>\n&#8211; Eine Tablette Female Viagra 100 mg reicht aus, um die Energie und das sexuelle Verlangen f\u00fcr 4-6 Stunden zu garantieren.<\/p>\n<p>Weibliches Viagra kann jeden Tag eingenommen werden. Dieses Medikament hat keine Nebenwirkungen auf den K\u00f6rper und verursacht keine Sucht. Aber es ist sehr wichtig, die Dosierung zu befolgen und eine Tablette pro Tag einzunehmen. Wenn Sie mehr Pillen einnehmen, treten die Nebenwirkungen auf.<\/p>\n<p><strong>Weibliche sexuelle Dysfunktion<\/strong><\/p>\n<p>Weibliche sexuelle Dysfunktion ist ein sehr h\u00e4ufiger pathologischer Zustand, der zu den St\u00f6rungen der Libido (Sexualtrieb) geh\u00f6rt, sowie Erregungs-, Orgasmus-, Schmerzhaftigkeitsst\u00f6rungen im Zusammenhang mit der sexuellen Aktivit\u00e4t usw.<br \/>\nAll diese Symptome verursachen bei Frauen gro\u00dfe Beschwerden, wodurch die weibliche Frigidit\u00e4t auftritt, das Interesse an der Intimit\u00e4t verloren geht und sogar Abneigung gegen Sex als Folge entsteht.<br \/>\nDie weibliche sexuelle Dysfunktion kann im Gegensatz zu der Make-One v\u00f6llig ohne Symptome f\u00fcr den Sexualpartner sein, und nur die Frau wird Schmerzen beim Sex, keine sexuelle Erregung und geringe Libido empfinden. Leider wird das Problem der weiblichen sexuellen Dysfunktion aus diesem Grund in der Medizin selten ber\u00fccksichtigt.<br \/>\nWenn die erektile Dysfunktion des Mannes keinen Geschlechtsverkehr erm\u00f6glicht, verhindert die weibliche sexuelle Dysfunktion die sexuelle Aktivit\u00e4t nicht, sondern verursacht gro\u00dfe Beschwerden und sogar Schmerzen.<\/p>\n<p><strong>Gr\u00fcnde<\/strong><br \/>\nGro\u00dfe medizinische Untersuchungen haben bewiesen, dass die weibliche sexuelle Dysfunktion in 80% der F\u00e4lle eine psychogene Form hat.<br \/>\nOrgasmusst\u00f6rung und geringe Libido h\u00e4ngen mit der emotionalen Unterdr\u00fcckung der Frau zusammen. Die Ursachen f\u00fcr die geringe Erregung k\u00f6nnen psychische Erkrankungen, endokrine Pathologie, sexuelles Ungleichgewicht der Partner, Alkohol- und Drogenmissbrauch, M\u00fcdigkeit, Stress, Depressionen sein, so dass das zentrale Nervensystem gelitten wird.<br \/>\nIn seltenen F\u00e4llen umfassen etwa 20 % der F\u00e4lle weiblicher sexueller Dysfunktion Hormonst\u00f6rungen und verschiedene chronische\/akute Erkrankungen: neurologische und endokrine St\u00f6rungen, Gef\u00e4\u00dferkrankungen, Tumore der Nebennierenrinde, der Eierst\u00f6cke und des Gehirns.<\/p>\n<p><strong>Behandlung:<\/strong><br \/>\nIm Falle der hormonellen\/physischen Ursache der weiblichen sexuellen Dysfunktion l\u00e4uft die Behandlung auf die Verwendung von Medikamenten hinaus, um den \u00d6strogen-\/Testosteronspiegel wiederherzustellen und die Krankheitssymptome zu reduzieren. In diesem Fall erm\u00f6glicht die Behandlung, die sexuelle Gesundheit der Frau vollst\u00e4ndig wiederherzustellen und die Intimit\u00e4t zu verbessern.<br \/>\nAber oft brauchen Frauen eine komplexere Behandlung, weil die Ursachen der sexuellen Dysfunktion die psychischen St\u00f6rungen sind. Die medikament\u00f6se Therapie und die Hilfe des Sexologen\/Psychologen sind erforderlich.<br \/>\nEs ist notwendig herauszufinden, warum die Frau die Intimit\u00e4t nicht mag, was sie an Entspannung\/Erregung hindert. Bei der Therapie der weiblichen sexuellen Dysfunktion spielt die Selbstbefriedigung eine gro\u00dfe Rolle \u2013 eine Methode, um zu verstehen, ob Orgasmus und Entspannung erreicht werden k\u00f6nnen.<br \/>\nUm die Libido zu verbessern und die sexuelle Erregung zu steigern, k\u00f6nnen \u00c4rzte auch Viagra f\u00fcr Frauen verschreiben. Mit Hilfe dieses Medikaments kann die Frau die positive Dynamik der Symptome der sexuellen Dysfunktion sp\u00fcren und sich an der Intimit\u00e4t erfreuen. Nach l\u00e4ngerem Gebrauch von Viagra f\u00fcr Frauen wird die Empfindlichkeit des weiblichen K\u00f6rpers gegen\u00fcber der sexuellen Stimulation verbessert und die sexuelle Dysfunktion behandelt.<br \/>\n&nbsp;<\/p>\n","protected":false},"excerpt":{"rendered":"<p><strong>SILDENAFILCITRAT<\/strong><\/p>\n<p><img loading=\"lazy\" decoding=\"async\" class=\"alignnone size-full wp-image-1433\" src=\"https:\/\/www.medsconsulting.com\/de\/wp-content\/uploads\/sites\/4\/2020\/10\/female-viagra.gif\" alt=\"Generisches Viagra f\u00fcr Frauen\" width=\"80\" height=\"65\" \/><\/p>\n<p>Eine Million Frauen auf der ganzen Welt leiden aufgrund des geringen Sexualtriebs unter sexueller Not. Hauptursache sind mangelndes Selbstbewusstsein und eine eingeschr\u00e4nkte Durchblutung der Genitalien. Aber es gibt eine L\u00f6sung. Female Viagra wurde speziell f\u00fcr Frauen mit geringem Sexualtrieb entwickelt, um das Ungleichgewicht im K\u00f6rper wiederherzustellen und einen H\u00f6hepunkt der sexuellen Erregung zu erreichen.<br \/>\nViagra f\u00fcr Frauen ist im Internet erh\u00e4ltlich. Wenn Sie es auf der Website f\u00fcr medizinische Beratung kaufen, erhalten Sie einen Rabatt von bis zu 50%.<\/p>\n","protected":false},"featured_media":1434,"comment_status":"open","ping_status":"closed","template":"","meta":[],"product_cat":[147],"product_tag":[2927,2928,206,2929],"class_list":{"0":"post-1424","1":"product","2":"type-product","3":"status-publish","4":"has-post-thumbnail","6":"product_brand-sildenafil-citrate","7":"product_cat-frauengesundheit","8":"product_tag-frauen","9":"product_tag-frauengesundheit","10":"product_tag-viagra","11":"product_tag-weiblich","13":"first","14":"instock","15":"shipping-taxable","16":"purchasable","17":"product-type-variable","18":"has-default-attributes"},"_links":{"self":[{"href":"https:\/\/www.medsconsulting.com\/de\/wp-json\/wp\/v2\/product\/1424","targetHints":{"allow":["GET"]}}],"collection":[{"href":"https:\/\/www.medsconsulting.com\/de\/wp-json\/wp\/v2\/product"}],"about":[{"href":"https:\/\/www.medsconsulting.com\/de\/wp-json\/wp\/v2\/types\/product"}],"replies":[{"embeddable":true,"href":"https:\/\/www.medsconsulting.com\/de\/wp-json\/wp\/v2\/comments?post=1424"}],"wp:featuredmedia":[{"embeddable":true,"href":"https:\/\/www.medsconsulting.com\/de\/wp-json\/wp\/v2\/media\/1434"}],"wp:attachment":[{"href":"https:\/\/www.medsconsulting.com\/de\/wp-json\/wp\/v2\/media?parent=1424"}],"wp:term":[{"taxonomy":"product_cat","embeddable":true,"href":"https:\/\/www.medsconsulting.com\/de\/wp-json\/wp\/v2\/product_cat?post=1424"},{"taxonomy":"product_tag","embeddable":true,"href":"https:\/\/www.medsconsulting.com\/de\/wp-json\/wp\/v2\/product_tag?post=1424"}],"curies":[{"name":"wp","href":"https:\/\/api.w.org\/{rel}","templated":true}]}}