{"id":1388,"date":"2020-10-22T14:57:53","date_gmt":"2020-10-22T14:57:53","guid":{"rendered":"https:\/\/www.medsconsulting.com\/de\/?post_type=product&#038;p=1388"},"modified":"2022-04-13T23:33:09","modified_gmt":"2022-04-13T23:33:09","slug":"generisches-proscar","status":"publish","type":"product","link":"https:\/\/www.medsconsulting.com\/de\/product\/maenner-gesundheit\/generisches-proscar\/","title":{"rendered":"Generisches Proscar"},"content":{"rendered":"<h2>Beschreibung<\/h2>\n<h3>Verwendung von Proscar<\/h3>\n<p>&#8211; Proscar wird in den Tabletten zur oralen Anwendung freigesetzt<br \/>\n&#8211; Die Anfangsdosis betr\u00e4gt 5 mg einmal t\u00e4glich<br \/>\n&#8211; Wenn keine signifikanten Ergebnisse vorliegen, kann die Dosis unter Aufsicht des Facharztes f\u00fcr kurze Zeit erh\u00f6ht werden.<br \/>\n&#8211; Die Einnahme von Tabletten ist unabh\u00e4ngig von der Nahrungsaufnahme zu jeder Tageszeit m\u00f6glich<br \/>\n&#8211; \u00c4ltere M\u00e4nner und\/oder schwere Nierenerkrankungen erfordern keine Anpassung der Tagesdosis.<br \/>\n&#8211; Die Behandlung sollte bis zur vollst\u00e4ndigen Besserung der Krankheitssymptome dauern.<\/p>\n<h3>Proscar &#8211; Wirkmechanismus<\/h3>\n<p>Proscar bietet antitumorale Wirkung. In das Blut des Mannes eindringend bewirkt es die Erh\u00f6hung des Testosteronspiegels und blockiert gleichzeitig Enzyme, die Testosteron in Dihydrotestosteron umwandeln.<\/p>\n<p>Proscar reduziert die Konzentration von Dihydrotestosteron im Blut und Gewebe der Prostata innerhalb von 24 Stunden nach der Einnahme der Tablette. Die antitumorale Wirkung wird durch die Hemmung der stimulierenden Wirkung von Testosteron auf das Tumorgewebe bedingt. Als Ergebnis bewirkt die Senkung des Dihydrotestosteronspiegels und die Verhinderung der Tumorentwicklung eine Verringerung des Volumens der Prostatadr\u00fcse, eine Erh\u00f6hung der maximalen Geschwindigkeit des Urinabflusses und eine Verringerung der Prostatasymptome.<\/p>\n<p>Die sp\u00fcrbare therapeutische Wirkung tritt in 3 Monaten nach regelm\u00e4\u00dfiger Einnahme der Tabletten auf. In 3 Monaten wird das Volumen der Dr\u00fcse reduziert und der Urinabfluss beschleunigt. Normalerweise kann die maximale therapeutische Wirkung in 7-8 Monaten der Behandlung gesehen werden.<\/p>\n<h3>Proscar Widerspr\u00fcche und Nebenwirkungen<\/h3>\n<p>Proscar ist in folgenden F\u00e4llen kontraindiziert:<\/p>\n<p>&#8211; b\u00f6sartige Tumore der Prostata<br \/>\n&#8211; obstruktive Uropathie<br \/>\n&#8211; Leberversagen<br \/>\n&#8211; Intoleranz der in Proscar hinzugef\u00fcgten aktiven Komponenten<\/p>\n<p>Die Erh\u00f6hung des Testosteronspiegels kann leichte und kurze Nebenwirkungen verursachen. Bei der Verwendung von Proscar verzeichneten M\u00e4nner eine Verringerung der Potenz\/Libido, eine Verringerung des Ejakulatvolumens, schmerzhafte Empfindungen der Brust. Die Nebenwirkungen vergehen innerhalb weniger Wochen nach der Behandlung.<\/p>\n<h3>Proscar online kaufen<\/h3>\n<p>In unserer Apotheke k\u00f6nnen Sie Proscar kaufen, ohne das Haus oder den Arbeitsplatz zu verlassen. Alles, was Sie brauchen, ist das Bestellformular auszuf\u00fcllen, die Versandart des Medikaments zu w\u00e4hlen und das Medikament zu bezahlen. Anschlie\u00dfend werden Sie von den Spezialisten der Apotheke kontaktiert, um den Kaufwunsch von Proscar zu best\u00e4tigen.<\/p>\n","protected":false},"excerpt":{"rendered":"<p><strong>FINASTERID<\/strong><\/p>\n","protected":false},"featured_media":1395,"comment_status":"open","ping_status":"closed","template":"","meta":[],"product_cat":[146],"product_tag":[2967,2969,2968,2941,2942],"class_list":{"0":"post-1388","1":"product","2":"type-product","3":"status-publish","4":"has-post-thumbnail","6":"product_brand-finasteride","7":"product_brand-propecia","8":"product_brand-proscar","9":"product_cat-maenner-gesundheit","10":"product_tag-finasterid","11":"product_tag-gesundes-haar","12":"product_tag-haar","13":"product_tag-maenner","14":"product_tag-maennergesundheit","16":"first","17":"instock","18":"shipping-taxable","19":"purchasable","20":"product-type-variable","21":"has-default-attributes"},"_links":{"self":[{"href":"https:\/\/www.medsconsulting.com\/de\/wp-json\/wp\/v2\/product\/1388","targetHints":{"allow":["GET"]}}],"collection":[{"href":"https:\/\/www.medsconsulting.com\/de\/wp-json\/wp\/v2\/product"}],"about":[{"href":"https:\/\/www.medsconsulting.com\/de\/wp-json\/wp\/v2\/types\/product"}],"replies":[{"embeddable":true,"href":"https:\/\/www.medsconsulting.com\/de\/wp-json\/wp\/v2\/comments?post=1388"}],"wp:featuredmedia":[{"embeddable":true,"href":"https:\/\/www.medsconsulting.com\/de\/wp-json\/wp\/v2\/media\/1395"}],"wp:attachment":[{"href":"https:\/\/www.medsconsulting.com\/de\/wp-json\/wp\/v2\/media?parent=1388"}],"wp:term":[{"taxonomy":"product_cat","embeddable":true,"href":"https:\/\/www.medsconsulting.com\/de\/wp-json\/wp\/v2\/product_cat?post=1388"},{"taxonomy":"product_tag","embeddable":true,"href":"https:\/\/www.medsconsulting.com\/de\/wp-json\/wp\/v2\/product_tag?post=1388"}],"curies":[{"name":"wp","href":"https:\/\/api.w.org\/{rel}","templated":true}]}}