{"id":1375,"date":"2020-10-22T13:45:36","date_gmt":"2020-10-22T13:45:36","guid":{"rendered":"https:\/\/www.medsconsulting.com\/de\/?post_type=product&#038;p=1375"},"modified":"2022-04-13T23:32:42","modified_gmt":"2022-04-13T23:32:42","slug":"generisches-propecia","status":"publish","type":"product","link":"https:\/\/www.medsconsulting.com\/de\/product\/maenner-gesundheit\/generisches-propecia\/","title":{"rendered":"Generisches Propecia"},"content":{"rendered":"<h2>Beschreibung<\/h2>\n<h3>Der Kauf von Propecia gibt Ihrem Haar ein zweites Leben<\/h3>\n<p>Ist Ihnen aufgefallen, dass es viele Produkte f\u00fcr die Haarpflege auf den Theken von Gesch\u00e4ften und Apotheken gibt? Es gibt viele Produkte f\u00fcr die Behandlung von Haarausfall. Spezielle Shampoos und Masken f\u00fcr das Haar helfen Ihnen nicht, das verlorene Haar zur\u00fcckzugeben, da die Ursache der Alopezie im K\u00f6rper liegt.<\/p>\n<p>Die pharmazeutische Methode der Alopeziebehandlung gilt als wirksam und zufriedenstellend f\u00fcr M\u00e4nner. Ein Mann kann nur w\u00e4hrend der regelm\u00e4\u00dfigen und langen Behandlung mit Hilfe von Propecia gesundes und kr\u00e4ftiges Haar zur\u00fcckgeben. Um Alopezie zu behandeln, reicht der Kauf von Propecia nicht aus. Es ist notwendig, einen einj\u00e4hrigen therapeutischen Kurs zu absolvieren, der hilft, die Prozesse in Ihrem K\u00f6rper zu regulieren.<\/p>\n<p>Aber wer will schon einen hohen Preis f\u00fcr Pillen zahlen, die im Internet verg\u00fcnstigt erh\u00e4ltlich sind? Heute k\u00f6nnen Sie generisches Cialis ohne Rezept zu geringen Kosten erhalten. Generisches Cialis wird in den Online-Apotheken mit einem Rabatt zum Gro\u00dfhandelspreis des Herstellers verkauft.<\/p>\n<p>Wenn Sie also einen intensiven Haarausfall bemerken, verschwenden Sie Ihre Zeit nicht mit Shampoos. Gehen Sie so schnell wie m\u00f6glich zu einem Trichologen. Ein Arzt wird die Ursache der Alopezie herausfinden und Ihnen Propecia verschreiben.<\/p>\n<p>Der Online-Kauf von Propecia ist nicht nur etwas Besonderes f\u00fcr M\u00e4nner, die in den letzten 5 Jahren in den USA und Kanada gelebt haben. Jeder will gut aussehen. Und wenn Frauen daf\u00fcr Kosmetikprodukte haben, haben M\u00e4nner Propecia.<\/p>\n<p>Jetzt ist es nicht mehr notwendig, ein Rezept f\u00fcr Propecia zu haben, da Sie Propecia rezeptfrei online kaufen k\u00f6nnen.<\/p>\n<h3>Internet-Apotheken haben viele Vorteile:<\/h3>\n<p>&#8211; Propecia online kostet um ein Vielfaches g\u00fcnstiger<br \/>\n&#8211; Medikamente sind immer verf\u00fcgbar<br \/>\n&#8211; Keine Linien<br \/>\n&#8211; Der Kauf ohne Rezept ist eine g\u00e4ngige Sache<\/p>\n<p>Und denken Sie nicht, dass billiges Propecia gef\u00e4lscht oder unwirklich ist. Dieses Medikament wird zum Gro\u00dfhandelspreis ohne Aufpreis (wie in Stadtapotheken) in den Online-Apotheken verkauft. Denken Sie nur, was Sie f\u00fcr Medikamente in den Apotheken in der Stadt bezahlen, und jetzt denken Sie, was Sie sparen k\u00f6nnen, wenn Sie sie im Internet kaufen. Es gibt keinen Unterschied. Es gibt lizenzierte Medikamente von den zuverl\u00e4ssigen Herstellern sowohl in der regul\u00e4ren Apotheke als auch in der Online-Apotheke.<\/p>\n<h3>Einige Informationen \u00fcber Propecia<\/h3>\n<p>Propecia hat eine sehr interessante therapeutische Wirkung. Dieses Medikament wurde zur Behandlung der benignen Prostatahyperplasie entwickelt. Sein Wirkstoff Finasterid reduziert effektiv die Produktion von Dihydrotestosteron, einem Hormon, das Ver\u00e4nderungen in der Prostata hervorruft.<\/p>\n<p>Aber es stellt sich heraus, dass Dihydrotestosteron auch f\u00fcr die Zerst\u00f6rung der Haarfollikel verantwortlich ist. Die Wirkung von Propecia wurde zuf\u00e4llig gefunden. M\u00e4nner, die Finasterid einnahmen, stellten fest, dass sie Haarwuchs hatten. Und die Tests zeigten, dass die Haarfollikel wiederhergestellt wurden. Auf diese Weise hat die FDA nach langj\u00e4hrigen klinischen Studien Propecia f\u00fcr die Behandlung der androgenen Art von Alopezie zugelassen.<\/p>\n<p>Leider ist Finasterid bei anderen Arten von Alopezie unwirksam. Laut Statistik sind etwa 90 % des Haarausfalls androgen.<\/p>\n<h3>Empfehlungen f\u00fcr die Verwendung<\/h3>\n<p>Nota Bene! Propecia ist ein Medikament, und die Pillen sollten trotz des Fehlens intensiver Nebenwirkungen nur nach R\u00fccksprache mit dem Arzt eingenommen werden. Stellen Sie sicher, dass Sie die Gebrauchsanweisung sorgf\u00e4ltig gelesen haben und nehmen Sie das Medikament in der angegebenen Dosierung ein.<\/p>\n<p>&#8211; Propecia wirkt nur w\u00e4hrend einer Langzeitbehandlung \u2013 6 bis 12 Monate<br \/>\n&#8211; Ein Mann muss jeden Tag eine Pille nehmen<br \/>\n&#8211; Jede Pille enth\u00e4lt 1 mg Finasterid. Es ist eine Standard-Festdosis.<\/p>\n<p>Eine Produktion von Dihydrotestosteron wird innerhalb von 24 Stunden nach der Anwendung von Propecia 1 mg um mehr als 60 % reduziert. Die Wirkung w\u00e4chst bei weiterer Anwendung.<\/p>\n<p>&#8211; Der Haarausfall wird innerhalb der ersten 3 Monate reduziert<br \/>\n&#8211; Die Wiederherstellung der Haarfollikelfunktion erfolgt innerhalb von 3 bis 6 Monaten<br \/>\n&#8211; Neues Haar w\u00e4chst innerhalb von 6 bis 9 Monaten<br \/>\n&#8211; Die Verwendung von Propecia wird das Ergebnis innerhalb von 9 bis 12 Monaten beheben<\/p>\n<p>Sie sollten auf eine Langzeitbehandlung vorbereitet sein und die Einnahme der Pillen bis zur vollst\u00e4ndigen Erholung der Haare nicht abbrechen. Wenn die Behandlung zu fr\u00fch beendet wird, bricht Dihydrotestosteron die Haarfollikel und der Haarausfall beginnt erneut.<\/p>\n<h2>Zus\u00e4tzliche Informationen<\/h2>\n<h3>Innovative Methoden zur Behandlung von Alopezie<\/h3>\n<p>Nach Angaben der Statistik leiden etwa 60-65% der M\u00e4nner \u00fcber 35 Jahren an Alopezie. Es gibt verschiedene Formen der Alopezie, die unterschiedlich entwickelt sind und unterschiedliche Symptome und Besonderheiten aufweisen. Alopezie beeinflusst den psychologischen und emotionalen Zustand des Mannes unterschiedlich, und deshalb wird diesem Problem gro\u00dfe Aufmerksamkeit geschenkt.<br \/>\nFinasterid (Propecia) wurde in den letzten Jahren aktiv zur Behandlung von Alopezie eingesetzt. Dieses Medikament erh\u00f6ht effektiv und sicher das Haarwachstum, verlangsamt den Haarausfall und hilft, die normale Arbeit der Haarfollikel durch die Regulierung der Konzentration der m\u00e4nnlichen Sexualhormone wiederherzustellen. Aber Propecia wirkt nicht in allen F\u00e4llen, sondern nur bei androgener Alopezie.<br \/>\nIm Laufe der vergangenen klinischen Studien ist es den Wissenschaftlern gelungen, eine universelle Methode zur Behandlung von Alopezie zu finden, die in der Umwandlung der Zellen des erwachsenen Menschen in Stammzellen f\u00fcr das Haarwachstum besteht.<br \/>\nDie Studien auf diesem Gebiet wurden lange Zeit durchgef\u00fchrt, aber in der Regel war es auf dem Niveau der klinischen Studien und niemand schaffte es, die ausreichende Menge an Stammzellen zu produzieren.<\/p>\n<p>Wie l\u00e4uft der Mechanismus der Produktion von Stammzellen ab?<br \/>\nDie Stammzellen werden durch Transformation der Hautzellen unter Hinzuf\u00fcgung von drei Genen synthetisiert. Die menschliche Haut, d. h. ihre Zellstruktur, kann mittels chemischer molekularer Transformationen in beliebige Arten von Zellen umgewandelt werden, einschlie\u00dflich epithelialer Stammzellen.<br \/>\nDie epithelialen Stammzellen bilden die Grundlage der Haarfollikel, so dass durch die Herstellung des Hauptmaterials der Haarfollikel ihre Anzahl erh\u00f6ht und ihre Arbeit verbessert werden kann. Die regenerierten Zellen werden in die Haarfollikel implantiert, wodurch der Prozess des Haarausfalls gestoppt wird und das Wachstum neuer, dichter Haare m\u00f6glich wird.<br \/>\nDie Bildung der epithelialen Stammzellen ist jedoch kein Allheilmittel f\u00fcr Alopezie. Es ist nur eine der Phasen der Behandlung dieser Krankheit. Es gibt mehrere Faktoren, an denen gearbeitet werden sollte, um den Prozess des Haarausfalls vollst\u00e4ndig zu stoppen und die Arbeit der Haarfollikel zu regulieren. Die H\u00e4lfte des Weges ist bereits zur\u00fcckgelegt, aber ein weiterer Weg steht der vollst\u00e4ndigen Genesung von M\u00e4nnern und Frauen mit Alopezie noch bevor.<\/p>\n<h3>Propecia (Finasterid) Risiko einer dauerhaften sexuellen Dysfunktion<\/h3>\n<p>Propecia, das als erstes wirksames Medikament gegen Alopezie auf dem Markt positioniert ist, hat schwerwiegende Nebenwirkungen, die die sexuelle Funktion des Mannes beeintr\u00e4chtigen und eine erektile Dysfunktion verursachen k\u00f6nnen. Zuvor wurde festgestellt, dass Finasterid der Basiswirkstoff von Propecia ist und bei M\u00e4nnern keine Nebenwirkungen verursacht und auch bei l\u00e4ngerer Anwendung gut vertr\u00e4glich ist.<br \/>\nJ\u00fcngste klinische Studien zu diesem Medikament haben gezeigt, dass die hormonellen Ver\u00e4nderungen des Testosteronspiegels, die unter dem Einfluss von Finasterid auftreten, zur Hauptursache der erektilen Dysfunktion werden k\u00f6nnen. Trotz der Tatsache, dass die Ver\u00e4nderung der Potenz w\u00e4hrend der Einnahme dieses Arzneimittels ein vor\u00fcbergehender Zustand ist, kann dies zus\u00e4tzliche Beschwerden mit sich bringen und das Leben des Mannes verschlechtern. Bei der Jagd nach sch\u00f6nen Haaren k\u00f6nnen Sie Ihr pers\u00f6nliches Leben und Ihre geliebte Frau verlieren, und deshalb ist es notwendig, vor Beginn der Behandlung die Vor- und Nachteile dieses Medikaments zu erkennen.<br \/>\nNach den durchgef\u00fchrten Studien hat die FDA begonnen, dieses Problem eingehender zu pr\u00fcfen, und die Hersteller aufgefordert, die Nebenwirkungen dieses Medikaments im Zusammenhang mit der Verschlechterung der Erektion in der Anweisung anzugeben. Auch nach den Beschwerden einiger M\u00e4nner verursachte dieses Medikament eine St\u00f6rung der Ejakulation, jedoch f\u00fcr einen bestimmten Zeitraum. Nach Beendigung der Behandlung ist die Funktion der Ejakulation vollst\u00e4ndig wiederhergestellt.<br \/>\nDie endokrinen Ursachen der erektilen Dysfunktion w\u00e4hrend der Einnahme von Finasterid sind schwer zu behandeln. Stellt sich die Potenz des Mannes nach Beendigung der Medikamenteneinnahme gegen Alopezie nicht wieder, ist es notwendig, sofort zum Facharzt zu gehen. Die Sache ist, dass, wenn der psychologische oder organische Typ der erektilen Dysfunktion in ein paar Monaten wiederhergestellt wird, die endokrine Etymologie der Krankheit eine kompliziertere Behandlung und einen langen Komplex von Ma\u00dfnahmen erfordert.<br \/>\nAus diesem Grund bef\u00fcrchten \u00c4rzte, dass M\u00e4nner w\u00e4hrend des Auftretens dieser Art von Impotenz ihre Fortpflanzungsfunktion nicht schnell wiederherstellen k\u00f6nnen und zus\u00e4tzliche Ma\u00dfnahmen zur Regulierung des Hormonhaushalts ergriffen werden m\u00fcssen. Gem\u00e4\u00df dem Angebot der FDA eine neue Anmerkung f\u00fcr Propecia vertreten und es hei\u00dft, dass sexuelle St\u00f6rungen durch das Medikament l\u00e4nger anhalten k\u00f6nnen als zuvor erw\u00e4hnt, obwohl solch lange Manifestationen eher selten sind.<br \/>\nVielleicht kann dies den Verkauf von Finasterid beeintr\u00e4chtigen, aber fast alle Medikamente haben die eine oder andere Nebenwirkung und dies hindert die Menschen nicht daran, es zu verwenden. Jetzt werden M\u00e4nner die Behandlung im Detail betrachten und auf die Sicherheit der Verwendung von Propecia achten. Aber wenn Sie dieses Medikament nicht missbrauchen und sich st\u00e4ndig \u00e4rztlich untersuchen lassen, wird das Risiko der Entwicklung von Nebenwirkungen reduziert.<\/p>\n","protected":false},"excerpt":{"rendered":"<p><strong>FINASTERID<\/strong><\/p>\n<p><img loading=\"lazy\" decoding=\"async\" class=\"alignnone size-full wp-image-1385\" src=\"https:\/\/www.medsconsulting.com\/de\/wp-content\/uploads\/sites\/4\/2020\/10\/propecia.gif\" alt= \"propecia\" width=\"80\" height=\"65\" \/><\/p>\n<p>Haben Sie jemals daran gedacht, dass Sie fr\u00fcher oder sp\u00e4ter Alopezie haben k\u00f6nnten? Bist du bereit f\u00fcr diese Ver\u00e4nderungen und wirst du auf deine dicken Haare verzichten?<br \/>\nViele M\u00e4nner verstehen, dass Alopezie eine Tatsache des Lebens mit dem Alter ist. Dies bedeutet jedoch nicht, dass es notwendig ist, Haarausfall in Kauf zu nehmen. Wenn Sie Propecia kaufen, vergessen Sie die Alopezie und haben auch im Alter sch\u00f6ne und gesunde Haare. Heute ist Propecia das einzige Medikament gegen Alopezie, das ohne Nebenwirkungen wirkt, von der FDA zugelassen ist und bei allen M\u00e4nnern wirkt.<\/p>\n","protected":false},"featured_media":1386,"comment_status":"open","ping_status":"closed","template":"","meta":[],"product_cat":[146],"product_tag":[2967,2969,2968,2941,2942],"class_list":{"0":"post-1375","1":"product","2":"type-product","3":"status-publish","4":"has-post-thumbnail","6":"product_brand-propecia","7":"product_brand-proscar","8":"product_cat-maenner-gesundheit","9":"product_tag-finasterid","10":"product_tag-gesundes-haar","11":"product_tag-haar","12":"product_tag-maenner","13":"product_tag-maennergesundheit","15":"first","16":"instock","17":"shipping-taxable","18":"purchasable","19":"product-type-variable","20":"has-default-attributes"},"_links":{"self":[{"href":"https:\/\/www.medsconsulting.com\/de\/wp-json\/wp\/v2\/product\/1375","targetHints":{"allow":["GET"]}}],"collection":[{"href":"https:\/\/www.medsconsulting.com\/de\/wp-json\/wp\/v2\/product"}],"about":[{"href":"https:\/\/www.medsconsulting.com\/de\/wp-json\/wp\/v2\/types\/product"}],"replies":[{"embeddable":true,"href":"https:\/\/www.medsconsulting.com\/de\/wp-json\/wp\/v2\/comments?post=1375"}],"wp:featuredmedia":[{"embeddable":true,"href":"https:\/\/www.medsconsulting.com\/de\/wp-json\/wp\/v2\/media\/1386"}],"wp:attachment":[{"href":"https:\/\/www.medsconsulting.com\/de\/wp-json\/wp\/v2\/media?parent=1375"}],"wp:term":[{"taxonomy":"product_cat","embeddable":true,"href":"https:\/\/www.medsconsulting.com\/de\/wp-json\/wp\/v2\/product_cat?post=1375"},{"taxonomy":"product_tag","embeddable":true,"href":"https:\/\/www.medsconsulting.com\/de\/wp-json\/wp\/v2\/product_tag?post=1375"}],"curies":[{"name":"wp","href":"https:\/\/api.w.org\/{rel}","templated":true}]}}