{"id":224,"date":"2016-04-07T03:34:19","date_gmt":"2016-04-07T03:34:19","guid":{"rendered":"https:\/\/demo.wpthemego.com\/themes\/sw_himarket\/?page_id=224"},"modified":"2022-04-13T20:47:50","modified_gmt":"2022-04-13T20:47:50","slug":"ueber-uns","status":"publish","type":"page","link":"https:\/\/www.medsconsulting.com\/de\/ueber-uns\/","title":{"rendered":"\u00dcber uns"},"content":{"rendered":"<div class=\"wpb-content-wrapper\"><p>[vc_section][vc_row][vc_column][vc_row_inner][vc_column_inner][vc_custom_heading text=&#8220;\u00dcBER UNS&#8220; font_container=&#8220;tag:h2|text_align:left|color:%23000000&#8243; use_theme_fonts=&#8220;yes&#8220;][vc_empty_space][\/vc_column_inner][\/vc_row_inner][vc_row_inner][vc_column_inner][vc_column_text]MedsConsulting hat sich voll und ganz der Qualit\u00e4t Ihrer verschreibungspflichtigen Medikamente verschrieben. Unsere Patienten suchen nach einer vertrauensw\u00fcrdigen Online-Apotheke, die sich verpflichtet hat, die RX-Preise f\u00fcr alle Menschen zu senken.[\/vc_column_text][vc_column_text]MedsConsulting ist offizieller Lieferant der Medizinprodukte. Wir arbeiten mit den internationalen Pharmaunternehmen zusammen, die lizenzierte Medikamente in die ganze Welt liefern. Wir haben die Gro\u00dfhandelspreise f\u00fcr Medikamente durch die direkte Zusammenarbeit mit den Herstellern erreicht und es hat unseren Kunden geholfen, Geld zu sparen (mehr als 100 % der Anschaffungskosten der Medikamente).<\/p>\n<p>Unser junges, aber ehrgeiziges Team hat eine gro\u00dfe Erfahrung in der pharmazeutischen Industrie. Wir haben nur qualifizierte Apotheker, die wissen, wie man Menschen hilft und welche Medikamente zu empfehlen sind.<\/p>\n<p>Unsere Mission ist es, allen Menschen g\u00fcnstige Medikamente f\u00fcr alle Krankheiten zur Verf\u00fcgung zu stellen.<\/p>\n<p>Unser Ziel ist es, sichere Lieferanten zu finden, die bew\u00e4hrte Medikamente herstellen. Wir glauben, dass jeder ein Recht auf rechtzeitige und qualifizierte Behandlung hat. Leider ist es im wirklichen Leben nicht immer m\u00f6glich. Aber unser kleines Team versucht, einen Arzneimittelmarkt f\u00fcr jeden Menschen unabh\u00e4ngig von Einkommensniveau, sozialem Status und Wohnsitz \u00fcbersichtlicher und erschwinglicher zu machen.[\/vc_column_text][\/vc_column_inner][\/vc_row_inner][\/vc_column][\/vc_row][\/vc_section]<\/p>\n<\/div>","protected":false},"excerpt":{"rendered":"<p>[vc_section][vc_row][vc_column][vc_row_inner][vc_column_inner][vc_custom_heading text=&#8220;\u00dcBER UNS&#8220; font_container=&#8220;tag:h2|text_align:left|color:%23000000&#8243; use_theme_fonts=&#8220;yes&#8220;][vc_empty_space][\/vc_column_inner][\/vc_row_inner][vc_row_inner][vc_column_inner][vc_column_text]MedsConsulting hat sich voll und ganz der Qualit\u00e4t Ihrer verschreibungspflichtigen Medikamente verschrieben. Unsere Patienten suchen nach einer vertrauensw\u00fcrdigen Online-Apotheke, die sich verpflichtet hat, die RX-Preise f\u00fcr alle Menschen zu senken.[\/vc_column_text][vc_column_text]MedsConsulting ist offizieller Lieferant der Medizinprodukte. Wir &hellip; <a href=\"https:\/\/www.medsconsulting.com\/de\/ueber-uns\/\">Readmore<\/a><\/p>\n","protected":false},"author":1,"featured_media":0,"parent":0,"menu_order":0,"comment_status":"closed","ping_status":"closed","template":"","meta":{"footnotes":""},"class_list":["post-224","page","type-page","status-publish","hentry"],"_links":{"self":[{"href":"https:\/\/www.medsconsulting.com\/de\/wp-json\/wp\/v2\/pages\/224","targetHints":{"allow":["GET"]}}],"collection":[{"href":"https:\/\/www.medsconsulting.com\/de\/wp-json\/wp\/v2\/pages"}],"about":[{"href":"https:\/\/www.medsconsulting.com\/de\/wp-json\/wp\/v2\/types\/page"}],"author":[{"embeddable":true,"href":"https:\/\/www.medsconsulting.com\/de\/wp-json\/wp\/v2\/users\/1"}],"replies":[{"embeddable":true,"href":"https:\/\/www.medsconsulting.com\/de\/wp-json\/wp\/v2\/comments?post=224"}],"version-history":[{"count":5,"href":"https:\/\/www.medsconsulting.com\/de\/wp-json\/wp\/v2\/pages\/224\/revisions"}],"predecessor-version":[{"id":10188,"href":"https:\/\/www.medsconsulting.com\/de\/wp-json\/wp\/v2\/pages\/224\/revisions\/10188"}],"wp:attachment":[{"href":"https:\/\/www.medsconsulting.com\/de\/wp-json\/wp\/v2\/media?parent=224"}],"curies":[{"name":"wp","href":"https:\/\/api.w.org\/{rel}","templated":true}]}}