{"id":1535,"date":"2020-10-23T12:21:12","date_gmt":"2020-10-23T12:21:12","guid":{"rendered":"https:\/\/www.medsconsulting.com\/de\/?page_id=1535"},"modified":"2022-04-13T20:55:37","modified_gmt":"2022-04-13T20:55:37","slug":"politik","status":"publish","type":"page","link":"https:\/\/www.medsconsulting.com\/de\/politik\/","title":{"rendered":"Politik"},"content":{"rendered":"<div class=\"wpb-content-wrapper\"><p>[vc_section][vc_row][vc_column][vc_row_inner][vc_column_inner][vc_custom_heading text=&#8220;Unsere Bestimmungen&#8220; font_container=&#8220;tag:h1|text_align:left&#8220; use_theme_fonts=&#8220;yes&#8220;][vc_separator align=&#8220;align_left&#8220; border_width=&#8220;2&#8243; el_width=&#8220;10&#8243;][\/vc_column_inner][\/vc_row_inner][\/vc_column][\/vc_row][vc_row][vc_column][vc_row_inner][vc_column_inner][vc_empty_space][vc_custom_heading text=&#8220;Eine Frage haben?&#8220; use_theme_fonts=&#8220;yes&#8220;][\/vc_column_inner][\/vc_row_inner][vc_row_inner][vc_column_inner][vc_column_text]Werfen Sie unten einen Blick auf die am h\u00e4ufigsten gestellten Fragen zur medizinischen Beratung.<\/p>\n<p>Wenn Sie eine Frage suchen, aber nicht finden k\u00f6nnen, k\u00f6nnen Sie sich gerne <strong>mit uns in Verbindung setzen<\/strong>.[\/vc_column_text][\/vc_column_inner][\/vc_row_inner][vc_row_inner][vc_column_inner][vc_btn title=&#8220;In Kontakt kommen&#8220; link=&#8220;url:%2Fde%2Fkontaktiere-uns%2F|||&#8220;][\/vc_column_inner][\/vc_row_inner][\/vc_column][\/vc_row][\/vc_section][vc_section][vc_row][vc_column][vc_row_inner][vc_column_inner][vc_empty_space height=&#8220;75px&#8220;][\/vc_column_inner][\/vc_row_inner][vc_row_inner][vc_column_inner][vc_column_text]<\/p>\n<ul>\n<li><a href=\"#shipping\">Versandrichtlinien<\/a><\/li>\n<li><a href=\"#cancellation\">Bestellstornierungsrichtlinie<\/a><\/li>\n<li><a href=\"#refund\">Erstattungsrichtlinie<\/a><\/li>\n<li><a href=\"#privacy\">Datenschutzerkl\u00e4rung<\/a><\/li>\n<li><a href=\"#disclaimer\">Haftungsausschluss<\/a><\/li>\n<\/ul>\n<p>[\/vc_column_text][\/vc_column_inner][\/vc_row_inner][\/vc_column][\/vc_row][\/vc_section][vc_section el_id=&#8220;shipping&#8220;][vc_row][vc_column][vc_row_inner][vc_column_inner][vc_empty_space height=&#8220;75px&#8220;][vc_custom_heading text=&#8220;Versandbedingungen&#8220; use_theme_fonts=&#8220;yes&#8220;][\/vc_column_inner][\/vc_row_inner][vc_row_inner][vc_column_inner][vc_column_text]Die von uns angebotenen Medikamente werden aus Indien hergestellt und versendet. Es ist ein langer Weg, daher dauert die Lieferung einige Zeit. Normalerweise werden die Sendungen innerhalb von 10-17 Tagen geliefert, aber in einigen F\u00e4llen kann es zu einer Verz\u00f6gerung von 5 weiteren Tagen kommen.<\/p>\n<p>Bei Nichtlieferung nach Ablauf der Frist kontaktieren Sie uns bitte, um die Angelegenheit zu benachrichtigen. Wir werden unser Bestes tun, um Ihnen die L\u00f6sung anzubieten, die Ihren Interessen voll und ganz entspricht. Klicken Sie\u00a0<a href=\"\/faq#shipping\" rel=\"nofollow\">hier<\/a>,\u00a0um mehr \u00fcber den Versand zu erfahren.[\/vc_column_text][\/vc_column_inner][\/vc_row_inner][\/vc_column][\/vc_row][\/vc_section][vc_section el_id=&#8220;cancellation&#8220;][vc_row][vc_column][vc_row_inner][vc_column_inner][vc_empty_space height=&#8220;75px&#8220;][vc_custom_heading text=&#8220;Stornierungsbedingungen f\u00fcr Bestellungen&#8220; use_theme_fonts=&#8220;yes&#8220;][\/vc_column_inner][\/vc_row_inner][vc_row_inner][vc_column_inner][vc_column_text]Bitte beachten Sie, dass wir Stornierungen von Bestellungen NUR innerhalb von 24 Stunden nach dem Absenden der Bestellung akzeptieren. Wenn Sie die Bestellung stornieren m\u00f6chten, m\u00fcssen Sie sich telefonisch oder per E-Mail an unser Support-Team wenden (\u00a0<a href=\"\/de\/kontaktiere-uns\/\" rel=\"nofollow\">Kontaktieren Sie uns<\/a>\u00a0) und es dar\u00fcber informieren deine Entscheidung. Falls Sie uns nach 24 Stunden kontaktieren, wird keine Auftragsstornierung bearbeitet.<\/p>\n<p>Stellen Sie sicher, dass Sie eine g\u00fcltige Lieferadresse in das Bestellformular eingeben, wir empfehlen Ihnen, die Notizen zu \u00fcberpr\u00fcfen, bevor Sie die Bestellung absenden. Jeder Fehler kann dazu f\u00fchren, dass bestellte Produkte nicht geliefert werden. Wenn Sie bemerkt haben, dass die Adressnotizen falsch angegeben wurden, kontaktieren Sie uns so bald wie m\u00f6glich, um die Angelegenheit zu melden ( <a href=\"\/de\/kontaktiere-uns\/\" rel=\"nofollow\">Kontaktieren Sie uns<\/a>\u00a0).[\/vc_column_text][\/vc_column_inner][\/vc_row_inner][\/vc_column][\/vc_row][\/vc_section][vc_section el_id=&#8220;refund&#8220;][vc_row][vc_column][vc_row_inner][vc_column_inner][vc_empty_space height=&#8220;75px&#8220;][vc_custom_heading text=&#8220;R\u00fcckgaberecht&#8220; use_theme_fonts=&#8220;yes&#8220;][\/vc_column_inner][\/vc_row_inner][vc_row_inner][vc_column_inner][vc_column_text]Die von uns angebotenen Medikamente entsprechen im Allgemeinen ihren Markengegenst\u00fccken. Wir garantieren, dass sie chemisch gleich sind und die gleiche medizinische Wirkung haben.<\/p>\n<p>Falls Sie mit der Wirkung unserer Medikamente nicht zufrieden sind, kontaktieren Sie uns bitte\u00a0\u00a0um uns \u00fcber das Problem zu informieren. Wir teilen Ihnen die R\u00fccksendeadresse mit und sobald das Produkt bei unserer R\u00fccksendeabteilung eingegangen ist, leiten wir das R\u00fcckerstattungsverfahren ein.<\/p>\n<p>Bevor Sie uns kontaktieren, vergewissern Sie sich bitte, dass Sie die Produkte richtig dosieren und die Gebrauchsanweisung befolgen. Beachten Sie, dass die Wirkung durch fetthaltige Speisen und Alkohol, die Sie vor der Einnahme zu sich nehmen, verlangsamt werden kann.<\/p>\n<p>Im Falle einer\u00a0<strong>Nichtlieferung des Produkts<\/strong> innerhalb der Frist (die Lieferung dauert 10-17 Tage, es kann zu einer zus\u00e4tzlichen Verz\u00f6gerung von 5 Tagen f\u00fcr die Zollkontrolle kommen) k\u00f6nnen Sie sich an unser Support-Team wenden (\u00a0&lt; a href=&#8220;\/de\/kontaktiere-uns\/&#8220; rel=&#8220;nofollow&#8220;&gt;Kontaktieren Sie uns\u00a0), um sich f\u00fcr eine R\u00fcckerstattung zu qualifizieren. Ihre Zahlung wird vollst\u00e4ndig auf Ihre Kreditkarte zur\u00fcckerstattet. Das R\u00fcckerstattungsverfahren dauert normalerweise 5-7 Werktage. Nach diesem Zeitraum wird die R\u00fcckerstattung auf Ihrer Kreditkartenabrechnung ausgewiesen.<\/p>\n<p>Aufgrund der Besonderheiten der von uns angebotenen Produkte akzeptieren wir keine R\u00fccksendungen. Niemand kann garantieren, dass die Lagerbedingungen w\u00e4hrend des Transports der Bestellung eingehalten werden, daher k\u00f6nnen wir sie nicht akzeptieren, selbst wenn das Paket unge\u00f6ffnet bleibt.[\/vc_column_text][\/vc_column_inner][\/vc_row_inner][\/vc_column][\/vc_row][\/vc_section][vc_section el_id=&#8220;privacy&#8220;][vc_row][vc_column][vc_row_inner][vc_column_inner][vc_empty_space height=&#8220;75px&#8220;][vc_custom_heading text=&#8220;Datenschutz-Bestimmungen&#8220; use_theme_fonts=&#8220;yes&#8220;][\/vc_column_inner][\/vc_row_inner][vc_row_inner][vc_column_inner][vc_column_text]Wir verstehen, dass die Vertraulichkeit aller von Ihnen bereitgestellten Informationen von gr\u00f6\u00dfter Bedeutung ist. Deshalb setzen wir alles daran, sie sorgsam und sinnvoll einzusetzen. Diese Informationen werden niemals an andere Unternehmen oder Drittanbieter weitergegeben.<\/p>\n<p>Alle Transaktionen auf unserer Checkout-Seite sind 100 % sicher. Wir sch\u00fctzen die Sicherheit Ihrer Informationen durch die Verwendung von 256-Bit Secure Sockets Layer (SSL)-Software, die alle von Ihnen eingegebenen Informationen verschl\u00fcsselt. Dar\u00fcber hinaus sind unsere Abrechnungsserver von unabh\u00e4ngigen und angesehenen Agenturen zertifiziert, die sicherstellen, dass wir Ihre Informationen sicher und vertraulich behandeln.<\/p>\n<p>Nur die letzten 4 Ziffern Ihrer Kreditkarte werden in unserer Datenbank widergespiegelt, daher haben selbst unsere Kundendienstmitarbeiter keinen Zugriff auf die Kreditkarteninformationen.[\/vc_column_text][\/vc_column_inner][\/vc_row_inner][\/vc_column][\/vc_row][\/vc_section][vc_section el_id=&#8220;disclaimer&#8220;][vc_row][vc_column][vc_row_inner][vc_column_inner][vc_empty_space height=&#8220;75px&#8220;][vc_custom_heading text=&#8220;Haftungsausschluss&#8220; use_theme_fonts=&#8220;yes&#8220;][\/vc_column_inner][\/vc_row_inner][vc_row_inner][vc_column_inner][vc_column_text]Unser Unternehmen ist nicht verantwortlich und lehnt ausdr\u00fccklich jegliche Haftung f\u00fcr Lieferverz\u00f6gerungen ab, die 10 Tage nach dem angegebenen voraussichtlichen Liefertermin nicht \u00fcberschreiten. Als Frist gilt 10 (zehn) Tage nach dem angegebenen voraussichtlichen Liefertermin oder der n\u00e4chste Werktag im Falle eines \u00f6rtlichen Feiertags.<\/p>\n<p>Unser Unternehmen ist nicht verantwortlich f\u00fcr eine fehlgeschlagene Lieferung, falls der Kunde eine unzureichende Adresse, eine falsche Adresse oder eine Adresse angegeben hat, die auf andere Weise nicht zu einer erfolgreichen Lieferung f\u00fchrt.<br \/>\nUnser Unternehmen ist nicht verantwortlich f\u00fcr eine fehlgeschlagene Lieferung, falls der Kunde das Paket nicht anfordert, es verweigert oder auf andere Weise eine erfolgreiche Lieferung verhindert. Alle R\u00fccksendungen in solchen F\u00e4llen erfolgen nur per International Regular Mail.<\/p>\n<p>Unser Unternehmen ist nicht verantwortlich und lehnt ausdr\u00fccklich jegliche Haftung f\u00fcr die Lieferung von Generika ab, die die Erwartungen des Kunden in Bezug auf Kriterien wie \u2013 Farbe, Form und Gr\u00f6\u00dfe der Pille, Vorhandensein einer aufgedruckten oder gebrandeten Markierung auf der Pille, einen Handelsnamen tragen oder von einem anderen Hersteller hergestellt werden als dem, den der Kunde erwartet.<br \/>\nF\u00fcr jedes generische Produkt dienen alle auf der Website pr\u00e4sentierten Produktinformationen, wie z. B., aber nicht beschr\u00e4nkt auf \u2013 Miniaturansichten, Produktbilder, Herstellernamen und Marketingnamen, ausschlie\u00dflich zu Informationszwecken.<\/p>\n<p>Unser Unternehmen ist nicht verantwortlich und lehnt ausdr\u00fccklich jegliche Haftung f\u00fcr mangelnde Wirksamkeit des erhaltenen Produkts ab, falls das Produkt f\u00fcr den Off-Label-Gebrauch gekauft wurde.<\/p>\n<p>Indem Sie eine Bestellung bei unserem Unternehmen aufgeben, best\u00e4tigen Sie, dass Sie diesen Haftungsausschluss gelesen, verstanden und akzeptiert haben. Jede Aktion, die unternommen wird, um Ihre Zahlung aus einem der oben aufgef\u00fchrten Gr\u00fcnde zur\u00fcckzufordern, wird als betr\u00fcgerische Aktion angesehen und kann zu rechtlichen Schritten und einem Ausschluss aus unserem System f\u00fchren.[\/vc_column_text][\/vc_column_inner][\/vc_row_inner][\/vc_column][\/vc_row][\/vc_section]<\/p>\n<\/div>","protected":false},"excerpt":{"rendered":"<p>[vc_section][vc_row][vc_column][vc_row_inner][vc_column_inner][vc_custom_heading text=&#8220;Unsere Bestimmungen&#8220; font_container=&#8220;tag:h1|text_align:left&#8220; use_theme_fonts=&#8220;yes&#8220;][vc_separator align=&#8220;align_left&#8220; border_width=&#8220;2&#8243; el_width=&#8220;10&#8243;][\/vc_column_inner][\/vc_row_inner][\/vc_column][\/vc_row][vc_row][vc_column][vc_row_inner][vc_column_inner][vc_empty_space][vc_custom_heading text=&#8220;Eine Frage haben?&#8220; use_theme_fonts=&#8220;yes&#8220;][\/vc_column_inner][\/vc_row_inner][vc_row_inner][vc_column_inner][vc_column_text]Werfen Sie unten einen Blick auf die am h\u00e4ufigsten gestellten Fragen zur medizinischen Beratung. Wenn Sie eine Frage suchen, aber nicht finden k\u00f6nnen, k\u00f6nnen Sie sich gerne mit uns &hellip; <a href=\"https:\/\/www.medsconsulting.com\/de\/politik\/\">Readmore<\/a><\/p>\n","protected":false},"author":1,"featured_media":0,"parent":0,"menu_order":0,"comment_status":"closed","ping_status":"closed","template":"","meta":{"footnotes":""},"class_list":["post-1535","page","type-page","status-publish","hentry"],"_links":{"self":[{"href":"https:\/\/www.medsconsulting.com\/de\/wp-json\/wp\/v2\/pages\/1535","targetHints":{"allow":["GET"]}}],"collection":[{"href":"https:\/\/www.medsconsulting.com\/de\/wp-json\/wp\/v2\/pages"}],"about":[{"href":"https:\/\/www.medsconsulting.com\/de\/wp-json\/wp\/v2\/types\/page"}],"author":[{"embeddable":true,"href":"https:\/\/www.medsconsulting.com\/de\/wp-json\/wp\/v2\/users\/1"}],"replies":[{"embeddable":true,"href":"https:\/\/www.medsconsulting.com\/de\/wp-json\/wp\/v2\/comments?post=1535"}],"version-history":[{"count":10,"href":"https:\/\/www.medsconsulting.com\/de\/wp-json\/wp\/v2\/pages\/1535\/revisions"}],"predecessor-version":[{"id":10189,"href":"https:\/\/www.medsconsulting.com\/de\/wp-json\/wp\/v2\/pages\/1535\/revisions\/10189"}],"wp:attachment":[{"href":"https:\/\/www.medsconsulting.com\/de\/wp-json\/wp\/v2\/media?parent=1535"}],"curies":[{"name":"wp","href":"https:\/\/api.w.org\/{rel}","templated":true}]}}